{"id":10501,"date":"2021-12-30T15:05:39","date_gmt":"2021-12-30T12:05:39","guid":{"rendered":"http:\/\/birimler.atauni.edu.tr\/eczacilik-fakultesi\/?page_id=10501"},"modified":"2021-12-30T15:45:17","modified_gmt":"2021-12-30T12:45:17","slug":"2020-yilinda-alinan-oduller","status":"publish","type":"page","link":"https:\/\/atauni.edu.tr\/eczacilik-fakultesi\/2020-yilinda-alinan-oduller\/","title":{"rendered":"2020 Y\u0131l\u0131nda Al\u0131nan \u00d6d\u00fcller"},"content":{"rendered":"\t\t<div data-elementor-type=\"wp-page\" data-elementor-id=\"10501\" class=\"elementor elementor-10501\" data-elementor-post-type=\"page\">\n\t\t\t\t\t\t<section class=\"elementor-section elementor-top-section elementor-element elementor-element-2d322b0 elementor-section-boxed elementor-section-height-default elementor-section-height-default\" data-id=\"2d322b0\" data-element_type=\"section\">\n\t\t\t\t\t\t<div class=\"elementor-container elementor-column-gap-default\">\n\t\t\t\t\t<div class=\"elementor-column elementor-col-100 elementor-top-column elementor-element elementor-element-542f89e\" data-id=\"542f89e\" data-element_type=\"column\">\n\t\t\t<div class=\"elementor-widget-wrap elementor-element-populated\">\n\t\t\t\t\t\t<div class=\"elementor-element elementor-element-e456bd4 elementor-widget elementor-widget-text-editor\" data-id=\"e456bd4\" data-element_type=\"widget\" data-widget_type=\"text-editor.default\">\n\t\t\t\t<div class=\"elementor-widget-container\">\n\t\t\t\t\t\t\t\t\t<p>Dekan\u0131m\u0131z Prof. Dr. Y\u00fccel Kad\u0131o\u011flu, Atat\u00fcrk \u00dcniversitesi&#8217;nin 7 ayr\u0131 Akademik performans \u00f6l\u00e7\u00fctlerine g\u00f6re birim baz\u0131nda 2020 y\u0131l\u0131 i\u00e7inde t\u00fcm kategorilerin toplam\u0131nda, Ara\u015ft\u0131ma ve \u00c7arpan Katk\u0131 kategorilerinde \u00fc\u00e7\u00fcnc\u00fc olarak \u00fc\u00e7 \u00f6d\u00fcl ald\u0131.&nbsp;<\/p>\t\t\t\t\t\t\t\t<\/div>\n\t\t\t\t<\/div>\n\t\t\t\t<div class=\"elementor-element elementor-element-ad208ba elementor-widget elementor-widget-image\" data-id=\"ad208ba\" data-element_type=\"widget\" data-widget_type=\"image.default\">\n\t\t\t\t<div class=\"elementor-widget-container\">\n\t\t\t\t\t\t\t\t\t\t\t\t\t\t\t<img fetchpriority=\"high\" decoding=\"async\" width=\"768\" height=\"538\" src=\"https:\/\/atauni.edu.tr\/eczacilik-fakultesi\/wp-content\/uploads\/sites\/58\/2020\/07\/WhatsApp-Image-2021-12-30-at-15.27.21-768x538.jpeg\" class=\"attachment-medium_large size-medium_large wp-image-10523\" alt=\"\" srcset=\"https:\/\/atauni.edu.tr\/eczacilik-fakultesi\/wp-content\/uploads\/sites\/58\/2020\/07\/WhatsApp-Image-2021-12-30-at-15.27.21-768x538.jpeg 768w, https:\/\/atauni.edu.tr\/eczacilik-fakultesi\/wp-content\/uploads\/sites\/58\/2020\/07\/WhatsApp-Image-2021-12-30-at-15.27.21-300x210.jpeg 300w, https:\/\/atauni.edu.tr\/eczacilik-fakultesi\/wp-content\/uploads\/sites\/58\/2020\/07\/WhatsApp-Image-2021-12-30-at-15.27.21-1024x717.jpeg 1024w, https:\/\/atauni.edu.tr\/eczacilik-fakultesi\/wp-content\/uploads\/sites\/58\/2020\/07\/WhatsApp-Image-2021-12-30-at-15.27.21-1536x1075.jpeg 1536w, https:\/\/atauni.edu.tr\/eczacilik-fakultesi\/wp-content\/uploads\/sites\/58\/2020\/07\/WhatsApp-Image-2021-12-30-at-15.27.21-600x420.jpeg 600w, https:\/\/atauni.edu.tr\/eczacilik-fakultesi\/wp-content\/uploads\/sites\/58\/2020\/07\/WhatsApp-Image-2021-12-30-at-15.27.21-560x392.jpeg 560w, https:\/\/atauni.edu.tr\/eczacilik-fakultesi\/wp-content\/uploads\/sites\/58\/2020\/07\/WhatsApp-Image-2021-12-30-at-15.27.21.jpeg 1551w\" sizes=\"(max-width: 768px) 100vw, 768px\" \/>\t\t\t\t\t\t\t\t\t\t\t\t\t\t\t<\/div>\n\t\t\t\t<\/div>\n\t\t\t\t\t<\/div>\n\t\t<\/div>\n\t\t\t\t\t<\/div>\n\t\t<\/section>\n\t\t\t\t<section class=\"elementor-section elementor-top-section elementor-element elementor-element-294d047 elementor-section-boxed elementor-section-height-default elementor-section-height-default\" data-id=\"294d047\" data-element_type=\"section\">\n\t\t\t\t\t\t<div class=\"elementor-container elementor-column-gap-default\">\n\t\t\t\t\t<div class=\"elementor-column elementor-col-100 elementor-top-column elementor-element elementor-element-fea0739\" data-id=\"fea0739\" data-element_type=\"column\">\n\t\t\t<div class=\"elementor-widget-wrap elementor-element-populated\">\n\t\t\t\t\t\t<div class=\"elementor-element elementor-element-6d60ae3 elementor-widget elementor-widget-image\" data-id=\"6d60ae3\" data-element_type=\"widget\" data-widget_type=\"image.default\">\n\t\t\t\t<div class=\"elementor-widget-container\">\n\t\t\t\t\t\t\t\t\t\t\t\t\t\t\t<img decoding=\"async\" width=\"715\" height=\"1024\" src=\"https:\/\/atauni.edu.tr\/eczacilik-fakultesi\/wp-content\/uploads\/sites\/58\/2020\/07\/WhatsApp-Image-2021-12-30-at-15.27.21-1-715x1024.jpeg\" class=\"attachment-large size-large wp-image-10522\" alt=\"\" srcset=\"https:\/\/atauni.edu.tr\/eczacilik-fakultesi\/wp-content\/uploads\/sites\/58\/2020\/07\/WhatsApp-Image-2021-12-30-at-15.27.21-1-715x1024.jpeg 715w, https:\/\/atauni.edu.tr\/eczacilik-fakultesi\/wp-content\/uploads\/sites\/58\/2020\/07\/WhatsApp-Image-2021-12-30-at-15.27.21-1-210x300.jpeg 210w, https:\/\/atauni.edu.tr\/eczacilik-fakultesi\/wp-content\/uploads\/sites\/58\/2020\/07\/WhatsApp-Image-2021-12-30-at-15.27.21-1-768x1100.jpeg 768w, https:\/\/atauni.edu.tr\/eczacilik-fakultesi\/wp-content\/uploads\/sites\/58\/2020\/07\/WhatsApp-Image-2021-12-30-at-15.27.21-1-1073x1536.jpeg 1073w, https:\/\/atauni.edu.tr\/eczacilik-fakultesi\/wp-content\/uploads\/sites\/58\/2020\/07\/WhatsApp-Image-2021-12-30-at-15.27.21-1-419x600.jpeg 419w, https:\/\/atauni.edu.tr\/eczacilik-fakultesi\/wp-content\/uploads\/sites\/58\/2020\/07\/WhatsApp-Image-2021-12-30-at-15.27.21-1-391x560.jpeg 391w, https:\/\/atauni.edu.tr\/eczacilik-fakultesi\/wp-content\/uploads\/sites\/58\/2020\/07\/WhatsApp-Image-2021-12-30-at-15.27.21-1.jpeg 1084w\" sizes=\"(max-width: 715px) 100vw, 715px\" \/>\t\t\t\t\t\t\t\t\t\t\t\t\t\t\t<\/div>\n\t\t\t\t<\/div>\n\t\t\t\t\t<\/div>\n\t\t<\/div>\n\t\t\t\t\t<\/div>\n\t\t<\/section>\n\t\t\t\t<\/div>\n\t\t","protected":false},"excerpt":{"rendered":"<p>Dekan\u0131m\u0131z Prof. Dr. Y\u00fccel Kad\u0131o\u011flu, Atat\u00fcrk \u00dcniversitesi&#8217;nin 7 ayr\u0131 Akademik performans \u00f6l\u00e7\u00fctlerine g\u00f6re birim baz\u0131nda 2020 y\u0131l\u0131 i\u00e7inde t\u00fcm kategorilerin toplam\u0131nda, Ara\u015ft\u0131ma ve \u00c7arpan Katk\u0131 kategorilerinde \u00fc\u00e7\u00fcnc\u00fc olarak \u00fc\u00e7 \u00f6d\u00fcl ald\u0131.&nbsp;<\/p>\n","protected":false},"author":47,"featured_media":0,"parent":0,"menu_order":0,"comment_status":"closed","ping_status":"closed","template":"","meta":{"footnotes":""},"class_list":["post-10501","page","type-page","status-publish","hentry"],"_links":{"self":[{"href":"https:\/\/atauni.edu.tr\/eczacilik-fakultesi\/wp-json\/wp\/v2\/pages\/10501","targetHints":{"allow":["GET"]}}],"collection":[{"href":"https:\/\/atauni.edu.tr\/eczacilik-fakultesi\/wp-json\/wp\/v2\/pages"}],"about":[{"href":"https:\/\/atauni.edu.tr\/eczacilik-fakultesi\/wp-json\/wp\/v2\/types\/page"}],"author":[{"embeddable":true,"href":"https:\/\/atauni.edu.tr\/eczacilik-fakultesi\/wp-json\/wp\/v2\/users\/47"}],"replies":[{"embeddable":true,"href":"https:\/\/atauni.edu.tr\/eczacilik-fakultesi\/wp-json\/wp\/v2\/comments?post=10501"}],"version-history":[{"count":10,"href":"https:\/\/atauni.edu.tr\/eczacilik-fakultesi\/wp-json\/wp\/v2\/pages\/10501\/revisions"}],"predecessor-version":[{"id":10531,"href":"https:\/\/atauni.edu.tr\/eczacilik-fakultesi\/wp-json\/wp\/v2\/pages\/10501\/revisions\/10531"}],"wp:attachment":[{"href":"https:\/\/atauni.edu.tr\/eczacilik-fakultesi\/wp-json\/wp\/v2\/media?parent=10501"}],"curies":[{"name":"wp","href":"https:\/\/api.w.org\/{rel}","templated":true}]}}