{"id":10953,"date":"2022-02-23T13:20:07","date_gmt":"2022-02-23T10:20:07","guid":{"rendered":"http:\/\/birimler.atauni.edu.tr\/eczacilik-fakultesi\/?page_id=10953"},"modified":"2022-02-23T13:20:07","modified_gmt":"2022-02-23T10:20:07","slug":"international-congress-of-multidisciplinary-studies-in-health-sciences","status":"publish","type":"page","link":"https:\/\/atauni.edu.tr\/eczacilik-fakultesi\/international-congress-of-multidisciplinary-studies-in-health-sciences\/","title":{"rendered":"International Congress of Multidisciplinary Studies in Health Sciences"},"content":{"rendered":"\n<p>Fak\u00fcltemizde 18-19 \u015eubat 2022 tarihlerinde <strong>International Congress of Multidisciplinary Studies in Health Sciences<\/strong> kongresi \u00e7evrimi\u00e7i olarak d\u00fczenlenmi\u015ftir. Uluslararas\u0131 ve ulusal d\u00fczeyde y\u00fcksek d\u00fczeyde kat\u0131l\u0131m ger\u00e7ekle\u015fmi\u015ftir. D\u00fcnyada oldu\u011fu gibi \u00fclkemizde de sa\u011fl\u0131k bilimleri, temel ya\u015fam bilimleri ba\u015fta olmak \u00fczere t\u00fcm bilim dallar\u0131yla s\u0131k\u0131 bir ili\u015fki i\u00e7inde olmas\u0131ndan hareketle sa\u011fl\u0131k bilimlerinde \u00e7ok disiplinli \u00e7al\u0131\u015fmalar\u0131 bir kongrede de\u011ferlendirmek amac\u0131yla bu kongrenin d\u00fczenlendi\u011fini ifade eden Kongre Ba\u015fkan\u0131 ve Fak\u00fcltemiz Dekan\u0131 Prof.Dr. Y\u00fccel KADIO\u011eLU kongrenin ba\u015far\u0131l\u0131 bir \u015fekilde tamamland\u0131\u011f\u0131n\u0131 belirtti. &nbsp;Prof.Dr. Y\u00fccel KADIO\u011eLU \u201cKongremizde \u0130talya, Kanada, \u0130ngiltere, Amerika Birle\u015fik Devletleri, Bulgaristan, \u0130ran, Yunanistan ve&nbsp; Hollanda olmak \u00fczere 8 \u00fclkeden 12 uluslararas\u0131 bilim kurulu \u00fcyesi yer almaktad\u0131r. Kongremizde T\u0131p Bilimleri, Di\u015f Hekimli\u011fi, Eczac\u0131l\u0131k, Veterinerlik, Hem\u015firelik,&nbsp; Sa\u011fl\u0131k Bilimleri, Sosyal Hizmetler, Halk Sa\u011fl\u0131\u011f\u0131 ve Epidemiyoloji, Biyom\u00fchendislik ve di\u011fer Multidisipliner Sa\u011fl\u0131k ve Ya\u015fam Bilimleri alanlar\u0131nda \u00e7al\u0131\u015fmalar\u0131n\u0131 s\u00fcrd\u00fcren de\u011ferli akademisyenlerin 10 oturumda 39 kongre konu\u015fmas\u0131 ve 9 oturumda 102 s\u00f6zl\u00fc sunumu yer alm\u0131\u015ft\u0131r. Sa\u011fl\u0131k bilimleri ve ya\u015fam alanlar\u0131nda \u00e7al\u0131\u015fan bilim insanlar\u0131n\u0131 ve akademiye g\u00f6n\u00fcl vermi\u015f t\u00fcm kat\u0131l\u0131mc\u0131lar\u0131m\u0131z\u0131 kongremizde a\u011f\u0131rlamaktan b\u00fcy\u00fck mutluluk duyduk \u201d \u015feklinde konu\u015ftu.&nbsp;<\/p>\n\n\n\n<p>Kongre Ba\u015fkan\u0131 ve Fak\u00fcltemiz Dekan Yard\u0131mc\u0131s\u0131 Do\u00e7.Dr. Nurcan KILI\u00c7 BAYGUTALP ise\u00a0 \u201cKongremizin d\u00fczenlenmesinde b\u00fcy\u00fck destekleri olan Atat\u00fcrk \u00dcniversitesi Rekt\u00f6r\u00fc Say\u0131n Prof.Dr. \u00d6mer \u00c7OMAKLI\u2019ya, Atat\u00fcrk \u00dcniversitesi Rekt\u00f6r yard\u0131mc\u0131s\u0131 Say\u0131n Prof.Dr. Selahattin \u00c7ELEB\u0130\u2019ye ve \u00dcniversitemiz Rekt\u00f6rl\u00fc\u011f\u00fc\u2019ne , Atat\u00fcrk \u00dcniversitesi Eczac\u0131l\u0131k Fak\u00fcltesi Dekan\u0131 Say\u0131n Prof.Dr. Y\u00fccel KADIO\u011eLU\u2019na \u015f\u00fckranlar\u0131m\u0131z\u0131 sunar\u0131z. Kongremizi destekleyen Atat\u00fcrk \u00dcniversitesi Bilimsel Ara\u015ft\u0131rma Projeleri Koordinat\u00f6rl\u00fc\u011f\u00fc\u2019ne, \u00fcniversitemiz kurumsal ileti\u015fim direkt\u00f6rl\u00fc\u011f\u00fcne, \u00fcniversitemiz Bilgisayar Bilimleri Ara\u015ft\u0131rma ve Uygulama Merkezi M\u00fcd\u00fcrl\u00fc\u011f\u00fc\u2019ne ve \u00dcniversitemiz Yay\u0131nevi M\u00fcd\u00fcrl\u00fc\u011f\u00fc\u2019ne te\u015fekk\u00fcrlerimizi sunar\u0131z. Kongremizin d\u00fczenlenmesine katk\u0131 sa\u011flayan t\u00fcm uluslararas\u0131 ve ulusal d\u00fczenleme kurulu ve bilim kurulu \u00fcyelerine, sekreteryay\u0131 y\u00fcr\u00fcten Atat\u00fcrk \u00dcniversitesi Eczac\u0131l\u0131k Fak\u00fcltesi \u00f6\u011frencilerine \u00e7ok te\u015fekk\u00fcr ederiz\u201d \u015feklinde konu\u015ftu.\u00a0 \u00a0<\/p>\n\n\n\n<figure class=\"wp-block-gallery has-nested-images columns-default is-cropped wp-block-gallery-1 is-layout-flex wp-block-gallery-is-layout-flex\">\n<figure class=\"wp-block-image size-large\"><img fetchpriority=\"high\" decoding=\"async\" width=\"510\" height=\"706\" data-id=\"10961\" src=\"http:\/\/birimler.atauni.edu.tr\/eczacilik-fakultesi\/wp-content\/uploads\/sites\/58\/2022\/02\/WhatsApp-Image-2022-02-23-at-11.03.17-2.jpeg\" alt=\"\" class=\"wp-image-10961\" srcset=\"https:\/\/atauni.edu.tr\/eczacilik-fakultesi\/wp-content\/uploads\/sites\/58\/2022\/02\/WhatsApp-Image-2022-02-23-at-11.03.17-2.jpeg 510w, https:\/\/atauni.edu.tr\/eczacilik-fakultesi\/wp-content\/uploads\/sites\/58\/2022\/02\/WhatsApp-Image-2022-02-23-at-11.03.17-2-217x300.jpeg 217w, https:\/\/atauni.edu.tr\/eczacilik-fakultesi\/wp-content\/uploads\/sites\/58\/2022\/02\/WhatsApp-Image-2022-02-23-at-11.03.17-2-433x600.jpeg 433w, https:\/\/atauni.edu.tr\/eczacilik-fakultesi\/wp-content\/uploads\/sites\/58\/2022\/02\/WhatsApp-Image-2022-02-23-at-11.03.17-2-405x560.jpeg 405w\" sizes=\"(max-width: 510px) 100vw, 510px\" \/><\/figure>\n\n\n\n<figure class=\"wp-block-image size-large\"><img decoding=\"async\" width=\"897\" height=\"793\" data-id=\"10959\" src=\"http:\/\/birimler.atauni.edu.tr\/eczacilik-fakultesi\/wp-content\/uploads\/sites\/58\/2022\/02\/WhatsApp-Image-2022-02-23-at-11.04.11-1.jpeg\" alt=\"\" class=\"wp-image-10959\" srcset=\"https:\/\/atauni.edu.tr\/eczacilik-fakultesi\/wp-content\/uploads\/sites\/58\/2022\/02\/WhatsApp-Image-2022-02-23-at-11.04.11-1.jpeg 897w, https:\/\/atauni.edu.tr\/eczacilik-fakultesi\/wp-content\/uploads\/sites\/58\/2022\/02\/WhatsApp-Image-2022-02-23-at-11.04.11-1-300x265.jpeg 300w, https:\/\/atauni.edu.tr\/eczacilik-fakultesi\/wp-content\/uploads\/sites\/58\/2022\/02\/WhatsApp-Image-2022-02-23-at-11.04.11-1-768x679.jpeg 768w, https:\/\/atauni.edu.tr\/eczacilik-fakultesi\/wp-content\/uploads\/sites\/58\/2022\/02\/WhatsApp-Image-2022-02-23-at-11.04.11-1-600x530.jpeg 600w, https:\/\/atauni.edu.tr\/eczacilik-fakultesi\/wp-content\/uploads\/sites\/58\/2022\/02\/WhatsApp-Image-2022-02-23-at-11.04.11-1-560x495.jpeg 560w\" sizes=\"(max-width: 897px) 100vw, 897px\" \/><\/figure>\n\n\n\n<figure class=\"wp-block-image size-large\"><img decoding=\"async\" width=\"1027\" height=\"573\" data-id=\"10960\" src=\"http:\/\/birimler.atauni.edu.tr\/eczacilik-fakultesi\/wp-content\/uploads\/sites\/58\/2022\/02\/WhatsApp-Image-2022-02-23-at-11.03.37-1.jpeg\" alt=\"\" class=\"wp-image-10960\" srcset=\"https:\/\/atauni.edu.tr\/eczacilik-fakultesi\/wp-content\/uploads\/sites\/58\/2022\/02\/WhatsApp-Image-2022-02-23-at-11.03.37-1.jpeg 1027w, https:\/\/atauni.edu.tr\/eczacilik-fakultesi\/wp-content\/uploads\/sites\/58\/2022\/02\/WhatsApp-Image-2022-02-23-at-11.03.37-1-300x167.jpeg 300w, https:\/\/atauni.edu.tr\/eczacilik-fakultesi\/wp-content\/uploads\/sites\/58\/2022\/02\/WhatsApp-Image-2022-02-23-at-11.03.37-1-1024x571.jpeg 1024w, https:\/\/atauni.edu.tr\/eczacilik-fakultesi\/wp-content\/uploads\/sites\/58\/2022\/02\/WhatsApp-Image-2022-02-23-at-11.03.37-1-768x428.jpeg 768w, https:\/\/atauni.edu.tr\/eczacilik-fakultesi\/wp-content\/uploads\/sites\/58\/2022\/02\/WhatsApp-Image-2022-02-23-at-11.03.37-1-600x335.jpeg 600w, https:\/\/atauni.edu.tr\/eczacilik-fakultesi\/wp-content\/uploads\/sites\/58\/2022\/02\/WhatsApp-Image-2022-02-23-at-11.03.37-1-560x312.jpeg 560w\" sizes=\"(max-width: 1027px) 100vw, 1027px\" \/><\/figure>\n<\/figure>\n","protected":false},"excerpt":{"rendered":"<p>Fak\u00fcltemizde 18-19 \u015eubat 2022 tarihlerinde International Congress of Multidisciplinary Studies in Health Sciences kongresi \u00e7evrimi\u00e7i olarak d\u00fczenlenmi\u015ftir. Uluslararas\u0131 ve ulusal d\u00fczeyde y\u00fcksek d\u00fczeyde kat\u0131l\u0131m ger\u00e7ekle\u015fmi\u015ftir. D\u00fcnyada oldu\u011fu gibi \u00fclkemizde de sa\u011fl\u0131k bilimleri, temel ya\u015fam bilimleri ba\u015fta olmak \u00fczere t\u00fcm bilim dallar\u0131yla s\u0131k\u0131 bir ili\u015fki i\u00e7inde olmas\u0131ndan hareketle sa\u011fl\u0131k bilimlerinde \u00e7ok disiplinli \u00e7al\u0131\u015fmalar\u0131 bir kongrede de\u011ferlendirmek [&hellip;]<\/p>\n","protected":false},"author":47,"featured_media":0,"parent":0,"menu_order":0,"comment_status":"closed","ping_status":"closed","template":"","meta":{"footnotes":""},"class_list":["post-10953","page","type-page","status-publish","hentry"],"_links":{"self":[{"href":"https:\/\/atauni.edu.tr\/eczacilik-fakultesi\/wp-json\/wp\/v2\/pages\/10953","targetHints":{"allow":["GET"]}}],"collection":[{"href":"https:\/\/atauni.edu.tr\/eczacilik-fakultesi\/wp-json\/wp\/v2\/pages"}],"about":[{"href":"https:\/\/atauni.edu.tr\/eczacilik-fakultesi\/wp-json\/wp\/v2\/types\/page"}],"author":[{"embeddable":true,"href":"https:\/\/atauni.edu.tr\/eczacilik-fakultesi\/wp-json\/wp\/v2\/users\/47"}],"replies":[{"embeddable":true,"href":"https:\/\/atauni.edu.tr\/eczacilik-fakultesi\/wp-json\/wp\/v2\/comments?post=10953"}],"version-history":[{"count":1,"href":"https:\/\/atauni.edu.tr\/eczacilik-fakultesi\/wp-json\/wp\/v2\/pages\/10953\/revisions"}],"predecessor-version":[{"id":10962,"href":"https:\/\/atauni.edu.tr\/eczacilik-fakultesi\/wp-json\/wp\/v2\/pages\/10953\/revisions\/10962"}],"wp:attachment":[{"href":"https:\/\/atauni.edu.tr\/eczacilik-fakultesi\/wp-json\/wp\/v2\/media?parent=10953"}],"curies":[{"name":"wp","href":"https:\/\/api.w.org\/{rel}","templated":true}]}}