{"id":10979,"date":"2022-02-28T10:12:26","date_gmt":"2022-02-28T07:12:26","guid":{"rendered":"https:\/\/birimler.atauni.edu.tr\/eczacilik-fakultesi\/?page_id=10979"},"modified":"2025-10-08T14:50:04","modified_gmt":"2025-10-08T11:50:04","slug":"arastirma-projesi-tez-yazim-kilavuzu","status":"publish","type":"page","link":"https:\/\/atauni.edu.tr\/eczacilik-fakultesi\/arastirma-projesi-tez-yazim-kilavuzu\/","title":{"rendered":"MEZUN\u0130YET PROJES\u0130 TEZ YAZIM KILAVUZU"},"content":{"rendered":"\t\t<div data-elementor-type=\"wp-page\" data-elementor-id=\"10979\" class=\"elementor elementor-10979\" data-elementor-post-type=\"page\">\n\t\t\t\t\t\t<section class=\"elementor-section elementor-top-section elementor-element elementor-element-5cb1327 elementor-section-boxed elementor-section-height-default elementor-section-height-default\" data-id=\"5cb1327\" data-element_type=\"section\">\n\t\t\t\t\t\t<div class=\"elementor-container elementor-column-gap-default\">\n\t\t\t\t\t<div class=\"elementor-column elementor-col-100 elementor-top-column elementor-element elementor-element-1066bf8\" data-id=\"1066bf8\" data-element_type=\"column\">\n\t\t\t<div class=\"elementor-widget-wrap elementor-element-populated\">\n\t\t\t\t\t\t<div class=\"elementor-element elementor-element-a42e5ab elementor-widget elementor-widget-button\" data-id=\"a42e5ab\" data-element_type=\"widget\" data-widget_type=\"button.default\">\n\t\t\t\t<div class=\"elementor-widget-container\">\n\t\t\t\t\t\t\t\t\t<div class=\"elementor-button-wrapper\">\n\t\t\t\t\t<a class=\"elementor-button elementor-button-link elementor-size-sm\" href=\"http:\/\/birimler.atauni.edu.tr\/eczacilik-fakultesi\/wp-content\/uploads\/sites\/58\/2020\/07\/18.6.2021-Duzenlenen-Mezuniyet-Proje-Dersi-Uygulama-Esaslari.pdf\">\n\t\t\t\t\t\t<span class=\"elementor-button-content-wrapper\">\n\t\t\t\t\t\t\t\t\t<span class=\"elementor-button-text\">Mezuniyet Projesi Dersi Uygulama Esaslar\u0131<\/span>\n\t\t\t\t\t<\/span>\n\t\t\t\t\t<\/a>\n\t\t\t\t<\/div>\n\t\t\t\t\t\t\t\t<\/div>\n\t\t\t\t<\/div>\n\t\t\t\t<div class=\"elementor-element elementor-element-efeb9f4 elementor-widget elementor-widget-text-editor\" data-id=\"efeb9f4\" data-element_type=\"widget\" data-widget_type=\"text-editor.default\">\n\t\t\t\t<div class=\"elementor-widget-container\">\n\t\t\t\t\t\t\t\t\t<div style=\"width: 855px;color: #63646b;background-color: #fafafa\"><div><div><span style=\"font-weight: bolder\">Atat\u00fcrk \u00dcniversitesi Eczac\u0131l\u0131k Fak\u00fcltesi Mezuniyet Projesi Tez Yaz\u0131m K\u0131lavuzuna g\u00f6re haz\u0131rlanacakt\u0131r. <\/span><a href=\"http:\/\/birimler.atauni.edu.tr\/eczacilik-fakultesi\/wp-content\/uploads\/sites\/58\/2020\/07\/tez-yazim-kilavuzu.pdf\">Tez yaz\u0131m K\u0131lavuzu.pdf<\/a>\u00a0<span style=\"font-weight: bolder\"><br \/>\u00a0<\/span><\/div><p style=\"margin-bottom: 1rem\">Fak\u00fctemizin Tez Yaz\u0131m K\u0131lavuzuna g\u00f6re kaynaklar\u0131n metin i\u00e7inde g\u00f6sterilmesi ve kaynaklar dizininin olu\u015fturulmas\u0131 amac\u0131yla EndNote stil dosyas\u0131 olu\u015fturulmu\u015ftur. Bu ama\u00e7la stil dosyas\u0131n\u0131 a\u015fa\u011f\u0131daki gibi bilgisayar\u0131n\u0131za aktar\u0131p kullanabilirsiniz: Ayn\u0131 zamanda \u00f6rnek tez \u015fablonu a\u015fa\u011f\u0131da verilmi\u015ftir.<\/p><p style=\"margin-bottom: 1rem\">\u00a01- EndNote Stil Doyas\u0131 \u00a0linkinden stil dosyas\u0131n\u0131 bilgisayar\u0131n\u0131za indirip kaydedin ve zip`li dosyay\u0131 a\u00e7\u0131n.\u00a0<span style=\"font-weight: bolder\">\u201cEczacilik\u201d<\/span>\u00a0isimli stil dosyas\u0131n\u0131 a\u015fa\u011f\u0131da anlat\u0131lan \u015fekilde bilgisayar\u0131n\u0131zdaki ilgili klas\u00f6r i\u00e7ine kopyalay\u0131n\u0131z.<\/p><p>\u00a02- Bilgisayar\u0131n\u0131zdaki C: Program Files (Program Dosyalar\u0131) \/ EndNote \/ Styles klas\u00f6r\u00fcn\u00fc a\u00e7\u0131n. Bu klas\u00f6r\u00fcn i\u00e7ine <span style=\"font-weight: bolder\">\u201cEczacilik\u201d<\/span>\u00a0isimli stil dosyas\u0131n\u0131 kopyalay\u0131n.<\/p><p style=\"margin-bottom: 1rem\">3- EndNote program\u0131n\u0131 yeniden ba\u015flatt\u0131ktan sonra Eczac\u0131l\u0131k Fak\u00fcltesine ait kaynak yazma stil dosyas\u0131n\u0131 kullanabilirsiniz.<\/p><p>\u00a04- EndNote Program\u0131na ait kurulum ve gerekli di\u011fer bilgilere internetten arayarak ula\u015fabilirsiniz.<\/p><p>\u00a05- Fak\u00fcltemiz EndNote Stil Dosyas\u0131 <a href=\"https:\/\/www.atauni.edu.tr\/yuklemeler\/4ccdec92f84584e9e66018bb3bb192fe.rar\">zip<\/a><\/p><\/div><\/div><div style=\"color: #63646b;font-size: 14px;background-color: #fafafa\"><p><a style=\"letter-spacing: 0px\" href=\"http:\/\/birimler.atauni.edu.tr\/eczacilik-fakultesi\/wp-content\/uploads\/sites\/58\/2025\/06\/Eczacilik-Mezuniyet-Projesi-sablon-2025.docx.docx\" target=\"_blank\" rel=\"noopener\">\u00d6rnek word \u015fablonu 2025.docx<\/a>\u00a0(Dosyay\u0131 indirebilmek i\u00e7in yeni pencerede a\u00e7\u0131p ba\u011flant\u0131 adresine t\u0131klay\u0131p enter tu\u015funa bas\u0131n\u0131n\u0131z.)<\/p><p><a style=\"letter-spacing: 0px\" href=\"http:\/\/birimler.atauni.edu.tr\/eczacilik-fakultesi\/wp-content\/uploads\/sites\/58\/2025\/06\/Mezuniyet-Projesi-Tutanag\u0306i-2025.docx\" target=\"_blank\" rel=\"noopener\">Mezuniyet Projesi Savunma Tutana\u011f\u0131<\/a>\u00a0(Dosyay\u0131 indirebilmek i\u00e7in yeni pencerede a\u00e7\u0131p ba\u011flant\u0131 adresine t\u0131klay\u0131p enter tu\u015funa bas\u0131n\u0131z.)<br \/><a href=\"http:\/\/(Dosyay\u0131 indirebilmek i\u00e7in yeni pencerede a\u00e7\u0131p ba\u011flant\u0131 adresine t\u0131klay\u0131p enter tu\u015funa bas\u0131n\u0131n\u0131z.)\" target=\"_blank\" rel=\"noopener\">\u00a0<\/a><br \/><a href=\"https:\/\/atauni.edu.tr\/yuklemeler\/b6a569a43e0da0a29e844615b5280094.rar\" target=\"_blank\" rel=\"noopener\">Endnote stili.rar<\/a><\/p><p>T<a href=\"http:\/\/birimler.atauni.edu.tr\/eczacilik-fakultesi\/wp-content\/uploads\/sites\/58\/2020\/07\/tez-yazim-kilavuzu.pdf\">ez yaz\u0131m k\u0131lavuzu.pdf<\/a><\/p><\/div>\t\t\t\t\t\t\t\t<\/div>\n\t\t\t\t<\/div>\n\t\t\t\t\t<\/div>\n\t\t<\/div>\n\t\t\t\t\t<\/div>\n\t\t<\/section>\n\t\t\t\t<\/div>\n\t\t","protected":false},"excerpt":{"rendered":"<p>Mezuniyet Projesi Dersi Uygulama Esaslar\u0131 Atat\u00fcrk \u00dcniversitesi Eczac\u0131l\u0131k Fak\u00fcltesi Mezuniyet Projesi Tez Yaz\u0131m K\u0131lavuzuna g\u00f6re haz\u0131rlanacakt\u0131r. Tez yaz\u0131m K\u0131lavuzu.pdf\u00a0\u00a0 Fak\u00fctemizin Tez Yaz\u0131m K\u0131lavuzuna g\u00f6re kaynaklar\u0131n metin i\u00e7inde g\u00f6sterilmesi ve kaynaklar dizininin olu\u015fturulmas\u0131 amac\u0131yla EndNote stil dosyas\u0131 olu\u015fturulmu\u015ftur. Bu ama\u00e7la stil dosyas\u0131n\u0131 a\u015fa\u011f\u0131daki gibi bilgisayar\u0131n\u0131za aktar\u0131p kullanabilirsiniz: Ayn\u0131 zamanda \u00f6rnek tez \u015fablonu a\u015fa\u011f\u0131da verilmi\u015ftir. \u00a01- EndNote [&hellip;]<\/p>\n","protected":false},"author":47,"featured_media":0,"parent":0,"menu_order":0,"comment_status":"closed","ping_status":"closed","template":"","meta":{"footnotes":""},"class_list":["post-10979","page","type-page","status-publish","hentry"],"_links":{"self":[{"href":"https:\/\/atauni.edu.tr\/eczacilik-fakultesi\/wp-json\/wp\/v2\/pages\/10979","targetHints":{"allow":["GET"]}}],"collection":[{"href":"https:\/\/atauni.edu.tr\/eczacilik-fakultesi\/wp-json\/wp\/v2\/pages"}],"about":[{"href":"https:\/\/atauni.edu.tr\/eczacilik-fakultesi\/wp-json\/wp\/v2\/types\/page"}],"author":[{"embeddable":true,"href":"https:\/\/atauni.edu.tr\/eczacilik-fakultesi\/wp-json\/wp\/v2\/users\/47"}],"replies":[{"embeddable":true,"href":"https:\/\/atauni.edu.tr\/eczacilik-fakultesi\/wp-json\/wp\/v2\/comments?post=10979"}],"version-history":[{"count":35,"href":"https:\/\/atauni.edu.tr\/eczacilik-fakultesi\/wp-json\/wp\/v2\/pages\/10979\/revisions"}],"predecessor-version":[{"id":13960,"href":"https:\/\/atauni.edu.tr\/eczacilik-fakultesi\/wp-json\/wp\/v2\/pages\/10979\/revisions\/13960"}],"wp:attachment":[{"href":"https:\/\/atauni.edu.tr\/eczacilik-fakultesi\/wp-json\/wp\/v2\/media?parent=10979"}],"curies":[{"name":"wp","href":"https:\/\/api.w.org\/{rel}","templated":true}]}}