{"id":11835,"date":"2022-11-22T13:56:59","date_gmt":"2022-11-22T10:56:59","guid":{"rendered":"http:\/\/birimler.atauni.edu.tr\/eczacilik-fakultesi\/?page_id=11835"},"modified":"2025-10-28T12:22:52","modified_gmt":"2025-10-28T09:22:52","slug":"birim-kalite-komisyonu","status":"publish","type":"page","link":"https:\/\/atauni.edu.tr\/eczacilik-fakultesi\/birim-kalite-komisyonu\/","title":{"rendered":"Birim Kalite Komisyonu"},"content":{"rendered":"\n<figure class=\"wp-block-table\"><table><tbody><tr><td>Prof. Dr. Beyzag\u00fcl ERKAYMAN (Dekan)<\/td><\/tr><tr><td>Prof. Dr. Z\u00fchal G\u00dcVENALP<\/td><\/tr><tr><td>Prof. Dr. Nurcan K. BAYGUTALP<\/td><\/tr><tr><td>Do\u00e7. Dr. Elif ULUTA\u015e DEN\u0130Z (Dekan Yard\u0131mc\u0131s\u0131)<\/td><\/tr><tr><td>Fak. Sek. Mustafa CO\u015eKUN<\/td><\/tr><tr><td>\u00d6\u011fr. Ceyda YAZGAN<\/td><\/tr><\/tbody><\/table><\/figure>\n","protected":false},"excerpt":{"rendered":"<p>Prof. Dr. Beyzag\u00fcl ERKAYMAN (Dekan) Prof. Dr. Z\u00fchal G\u00dcVENALP Prof. Dr. Nurcan K. BAYGUTALP Do\u00e7. Dr. Elif ULUTA\u015e DEN\u0130Z (Dekan Yard\u0131mc\u0131s\u0131) Fak. Sek. Mustafa CO\u015eKUN \u00d6\u011fr. Ceyda YAZGAN<\/p>\n","protected":false},"author":47,"featured_media":0,"parent":0,"menu_order":0,"comment_status":"closed","ping_status":"closed","template":"","meta":{"footnotes":""},"class_list":["post-11835","page","type-page","status-publish","hentry"],"_links":{"self":[{"href":"https:\/\/atauni.edu.tr\/eczacilik-fakultesi\/wp-json\/wp\/v2\/pages\/11835","targetHints":{"allow":["GET"]}}],"collection":[{"href":"https:\/\/atauni.edu.tr\/eczacilik-fakultesi\/wp-json\/wp\/v2\/pages"}],"about":[{"href":"https:\/\/atauni.edu.tr\/eczacilik-fakultesi\/wp-json\/wp\/v2\/types\/page"}],"author":[{"embeddable":true,"href":"https:\/\/atauni.edu.tr\/eczacilik-fakultesi\/wp-json\/wp\/v2\/users\/47"}],"replies":[{"embeddable":true,"href":"https:\/\/atauni.edu.tr\/eczacilik-fakultesi\/wp-json\/wp\/v2\/comments?post=11835"}],"version-history":[{"count":4,"href":"https:\/\/atauni.edu.tr\/eczacilik-fakultesi\/wp-json\/wp\/v2\/pages\/11835\/revisions"}],"predecessor-version":[{"id":13963,"href":"https:\/\/atauni.edu.tr\/eczacilik-fakultesi\/wp-json\/wp\/v2\/pages\/11835\/revisions\/13963"}],"wp:attachment":[{"href":"https:\/\/atauni.edu.tr\/eczacilik-fakultesi\/wp-json\/wp\/v2\/media?parent=11835"}],"curies":[{"name":"wp","href":"https:\/\/api.w.org\/{rel}","templated":true}]}}