{"id":11841,"date":"2022-11-22T13:59:43","date_gmt":"2022-11-22T10:59:43","guid":{"rendered":"http:\/\/birimler.atauni.edu.tr\/eczacilik-fakultesi\/?page_id=11841"},"modified":"2025-10-28T12:48:03","modified_gmt":"2025-10-28T09:48:03","slug":"strateji-gelistirme-komisyonu","status":"publish","type":"page","link":"https:\/\/atauni.edu.tr\/eczacilik-fakultesi\/strateji-gelistirme-komisyonu\/","title":{"rendered":"Strateji Geli\u015ftirme Komisyonu"},"content":{"rendered":"\n<figure class=\"wp-block-table\"><table><tbody><tr><td>Prof. Dr. Beyzag\u00fcl ERKAYMAN &#8211; Dekan<\/td><\/tr><tr><td>Do\u00e7. Dr. Elif ULUTA\u015e DEN\u0130Z &#8211; Dekan Yard\u0131mc\u0131s\u0131<\/td><\/tr><tr><td>Do\u00e7. Dr. R\u00fcstem An\u0131l UGAN &#8211; Dekan Yard\u0131mc\u0131s\u0131<\/td><\/tr><tr><td>Ecz. Fak. Sek. Mustafa CO\u015eKUN<\/td><\/tr><tr><td>Prof. Dr. Z\u00fchal G\u00dcVENALP &#8211;&nbsp; Farmakognozi AD<\/td><\/tr><tr><td>Prof. Dr. Meltem \u00c7ET\u0130N \u2013 Farmas\u00f6tik Teknoloji AD<\/td><\/tr><tr><td>Prof. Dr. Bilal YILMAZ &#8211; Analitik Kimya AD<\/td><\/tr><tr><td>Prof. Dr. Yasin BAYIR &#8211; Biyokimya AD<\/td><\/tr><tr><td>Prof. Dr. Song\u00fcl KARAKAYA &#8211; Farmas\u00f6tik Botanik AD<\/td><\/tr><tr><td>Do\u00e7. Dr. Esen SEZEN KARAO\u011eLAN &#8211; Farmas\u00f6tik Botanik AD<\/td><\/tr><tr><td>Do\u00e7. Dr. Mehmet KOCA &#8211; Farmas\u00f6tik Kimya AD<\/td><\/tr><tr><td>\u00d6\u011fr. Ceyda YAZGAN<\/td><\/tr><\/tbody><\/table><\/figure>\n","protected":false},"excerpt":{"rendered":"<p>Prof. Dr. Beyzag\u00fcl ERKAYMAN &#8211; Dekan Do\u00e7. Dr. Elif ULUTA\u015e DEN\u0130Z &#8211; Dekan Yard\u0131mc\u0131s\u0131 Do\u00e7. Dr. R\u00fcstem An\u0131l UGAN &#8211; Dekan Yard\u0131mc\u0131s\u0131 Ecz. Fak. Sek. Mustafa CO\u015eKUN Prof. Dr. Z\u00fchal G\u00dcVENALP &#8211;&nbsp; Farmakognozi AD Prof. Dr. Meltem \u00c7ET\u0130N \u2013 Farmas\u00f6tik Teknoloji AD Prof. Dr. Bilal YILMAZ &#8211; Analitik Kimya AD Prof. Dr. Yasin BAYIR &#8211; [&hellip;]<\/p>\n","protected":false},"author":47,"featured_media":0,"parent":0,"menu_order":0,"comment_status":"closed","ping_status":"closed","template":"","meta":{"footnotes":""},"class_list":["post-11841","page","type-page","status-publish","hentry"],"_links":{"self":[{"href":"https:\/\/atauni.edu.tr\/eczacilik-fakultesi\/wp-json\/wp\/v2\/pages\/11841","targetHints":{"allow":["GET"]}}],"collection":[{"href":"https:\/\/atauni.edu.tr\/eczacilik-fakultesi\/wp-json\/wp\/v2\/pages"}],"about":[{"href":"https:\/\/atauni.edu.tr\/eczacilik-fakultesi\/wp-json\/wp\/v2\/types\/page"}],"author":[{"embeddable":true,"href":"https:\/\/atauni.edu.tr\/eczacilik-fakultesi\/wp-json\/wp\/v2\/users\/47"}],"replies":[{"embeddable":true,"href":"https:\/\/atauni.edu.tr\/eczacilik-fakultesi\/wp-json\/wp\/v2\/comments?post=11841"}],"version-history":[{"count":4,"href":"https:\/\/atauni.edu.tr\/eczacilik-fakultesi\/wp-json\/wp\/v2\/pages\/11841\/revisions"}],"predecessor-version":[{"id":13965,"href":"https:\/\/atauni.edu.tr\/eczacilik-fakultesi\/wp-json\/wp\/v2\/pages\/11841\/revisions\/13965"}],"wp:attachment":[{"href":"https:\/\/atauni.edu.tr\/eczacilik-fakultesi\/wp-json\/wp\/v2\/media?parent=11841"}],"curies":[{"name":"wp","href":"https:\/\/api.w.org\/{rel}","templated":true}]}}