{"id":11843,"date":"2022-11-22T14:00:28","date_gmt":"2022-11-22T11:00:28","guid":{"rendered":"http:\/\/birimler.atauni.edu.tr\/eczacilik-fakultesi\/?page_id=11843"},"modified":"2025-05-25T12:41:40","modified_gmt":"2025-05-25T09:41:40","slug":"fakulte-birim-etik-kurulu","status":"publish","type":"page","link":"https:\/\/atauni.edu.tr\/eczacilik-fakultesi\/fakulte-birim-etik-kurulu\/","title":{"rendered":"Fak\u00fclte Birim Etik Kurulu"},"content":{"rendered":"\n<figure class=\"wp-block-table\"><table><tbody><tr><td>Prof. Dr. Z\u00fchal G\u00dcVENALP &#8211; Ba\u015fkan<\/td><\/tr><tr><td>Prof. Dr. Bilal YILMAZ<\/td><\/tr><tr><td>Prof. Dr. Fatma DEM\u0130RKAYA M\u0130LO\u011eLU<\/td><\/tr><tr><td>Prof. Dr.  Nurcan KILI\u00c7 BAYGUTALP<\/td><\/tr><tr><td>Do\u00e7. Dr. Hafize YUCA<\/td><\/tr><\/tbody><\/table><\/figure>\n","protected":false},"excerpt":{"rendered":"<p>Prof. Dr. Z\u00fchal G\u00dcVENALP &#8211; Ba\u015fkan Prof. Dr. Bilal YILMAZ Prof. Dr. Fatma DEM\u0130RKAYA M\u0130LO\u011eLU Prof. Dr. Nurcan KILI\u00c7 BAYGUTALP Do\u00e7. Dr. Hafize YUCA<\/p>\n","protected":false},"author":47,"featured_media":0,"parent":0,"menu_order":0,"comment_status":"closed","ping_status":"closed","template":"","meta":{"footnotes":""},"class_list":["post-11843","page","type-page","status-publish","hentry"],"_links":{"self":[{"href":"https:\/\/atauni.edu.tr\/eczacilik-fakultesi\/wp-json\/wp\/v2\/pages\/11843","targetHints":{"allow":["GET"]}}],"collection":[{"href":"https:\/\/atauni.edu.tr\/eczacilik-fakultesi\/wp-json\/wp\/v2\/pages"}],"about":[{"href":"https:\/\/atauni.edu.tr\/eczacilik-fakultesi\/wp-json\/wp\/v2\/types\/page"}],"author":[{"embeddable":true,"href":"https:\/\/atauni.edu.tr\/eczacilik-fakultesi\/wp-json\/wp\/v2\/users\/47"}],"replies":[{"embeddable":true,"href":"https:\/\/atauni.edu.tr\/eczacilik-fakultesi\/wp-json\/wp\/v2\/comments?post=11843"}],"version-history":[{"count":4,"href":"https:\/\/atauni.edu.tr\/eczacilik-fakultesi\/wp-json\/wp\/v2\/pages\/11843\/revisions"}],"predecessor-version":[{"id":13777,"href":"https:\/\/atauni.edu.tr\/eczacilik-fakultesi\/wp-json\/wp\/v2\/pages\/11843\/revisions\/13777"}],"wp:attachment":[{"href":"https:\/\/atauni.edu.tr\/eczacilik-fakultesi\/wp-json\/wp\/v2\/media?parent=11843"}],"curies":[{"name":"wp","href":"https:\/\/api.w.org\/{rel}","templated":true}]}}