{"id":11845,"date":"2022-11-22T14:02:56","date_gmt":"2022-11-22T11:02:56","guid":{"rendered":"http:\/\/birimler.atauni.edu.tr\/eczacilik-fakultesi\/?page_id=11845"},"modified":"2025-10-28T17:53:24","modified_gmt":"2025-10-28T14:53:24","slug":"eczacilik-fakultesi-oz-degerlendirme-komisyonu","status":"publish","type":"page","link":"https:\/\/atauni.edu.tr\/eczacilik-fakultesi\/eczacilik-fakultesi-oz-degerlendirme-komisyonu\/","title":{"rendered":"2024 Eczac\u0131l\u0131k Fak\u00fcltesi \u00d6z De\u011ferlendirme Komitesi \u00dcyeleri ve Sorumlu Olduklar\u0131 Standart Listesi"},"content":{"rendered":"\n<figure class=\"wp-block-table\"><table class=\"has-fixed-layout\"><tbody><tr><td><strong>Standart No<\/strong><\/td><td><strong>Standart Ad\u0131<\/strong><\/td><td><strong>Standart Sorumlusu<\/strong> <strong>(F\u00d6DEK \u00dcYES\u0130)<\/strong><\/td><td><strong>Yard\u0131mc\u0131<\/strong><\/td><\/tr><tr><td>&nbsp;<\/td><td>&nbsp;<\/td><td>&nbsp;<\/td><td>&nbsp;<\/td><\/tr><tr><td><strong>A<\/strong><\/td><td>Fak\u00fcltenin genel tan\u0131t\u0131m\u0131<\/td><td>Prof. Dr. Bilal YILMAZ &nbsp;<\/td><td>&nbsp;<\/td><\/tr><tr><td><strong>B<\/strong><\/td><td>\u00dc\u00e7 y\u0131ldaki de\u011fi\u015fikliklerin \u00f6zeti<\/td><td>Prof. Dr. Y\u00fccel KADIO\u011eLU <br>Prof. Dr. Beyzag\u00fcl ERKAYMAN<\/td><td>&nbsp;<\/td><\/tr><tr><td><strong>C<\/strong><\/td><td>&nbsp; \u00d6nceki rapor d\u0131\u015f\u0131ndaki geli\u015fmelerin a\u00e7\u0131klanmas\u0131<\/td><td>F\u00d6DEK \u00dcYELER\u0130 KEND\u0130 STANDARTI \u0130\u00c7\u0130N YAPACAK<\/td><td>&nbsp;<\/td><\/tr><tr><td><strong>D<\/strong><\/td><td>&nbsp; \u00d6nceki rapordaki \u00f6neriler do\u011frultusunda ger\u00e7ekle\u015ftirilen \u00e7al\u0131\u015fmalar<\/td><td>F\u00d6DEK \u00dcYELER\u0130 KEND\u0130 STANDARTI \u0130\u00c7\u0130N YAPACAK<\/td><td>&nbsp;<\/td><\/tr><tr><td><strong>1<\/strong><\/td><td>Kurumsal Ama\u00e7 ve Hedefler<\/td><td>Prof. Dr. Bilal YILMAZ<\/td><td>&nbsp;<\/td><\/tr><tr><td><strong>2<\/strong><\/td><td>E\u011fitim Program\u0131n\u0131n Ama\u00e7 ve Hedefleri<\/td><td>Prof. Dr. Nurcan KILI\u00c7 BAYGUTALP<\/td><td>Do\u00e7. Dr. R\u00fcstem An\u0131l U\u011eAN &nbsp; &nbsp;<\/td><\/tr><tr><td><strong>3<\/strong> <strong>&nbsp;<\/strong><\/td><td>Performans De\u011ferlendirmesi<\/td><td>Prof. Dr. Z\u00fchal G\u00dcVENALP<\/td><td>Do\u00e7. Dr. Hafize YUCA <br>Ar\u015f. G\u00f6r. Ay\u015fe Cemre KARARENK <br>Ar\u015f. G\u00f6r. Enes TEKMAN<\/td><\/tr><tr><td><strong>4<\/strong><\/td><td>Fak\u00fclte ve \u00dcniversite Aras\u0131ndaki \u0130li\u015fkiler<\/td><td>Do\u00e7. Dr. Zerrin KUTLU <strong>&nbsp;<\/strong><\/td><td>Ar\u015f. G\u00f6r. Satuk Bu\u011fra ALKUYRUK<\/td><\/tr><tr><td><strong>5<\/strong><\/td><td>Fak\u00fclte ve Sa\u011fl\u0131k Hizmet Kurulu\u015flar\u0131 Aras\u0131ndaki \u0130li\u015fkiler<\/td><td>Prof. Dr. Mine G\u00dcLABO\u011eLU<\/td><td>Dr. \u00d6\u011fr. \u00dcyesi Lale DUYSAK<\/td><\/tr><tr><td><strong>6<\/strong><\/td><td>Fak\u00fcltenin \u00d6rg\u00fctlenmesi ve Y\u00f6netimi<\/td><td>Prof. Dr. Beyzag\u00fcl ERKAYMAN<\/td><td>Ar\u015f. G\u00f6r. Aylin AYDIN<\/td><\/tr><tr><td><strong>7<\/strong><\/td><td>Lisans E\u011fitim Program\u0131<\/td><td>Prof. Dr. Hilal \u00d6ZBEK <strong>&nbsp;<\/strong><\/td><td>Do\u00e7. Dr. R\u00fcstem An\u0131l U\u011eAN &nbsp;<\/td><\/tr><tr><td><strong>8<\/strong><\/td><td>Stajlar&nbsp;<\/td><td>Do\u00e7. Dr. Hafize YUCA <strong>&nbsp;<\/strong><\/td><td>Do\u00e7. Dr. Leyla G\u00dcVEN <br>Ar\u015f. G\u00f6r. Dr. Nagihan DEM\u0130RTA\u015e&nbsp;<\/td><\/tr><tr><td><strong>9<\/strong><\/td><td>Mezuniyet projesi<\/td><td>Do\u00e7. Dr. Leyla G\u00dcVEN <strong>&nbsp;<\/strong><\/td><td>Do\u00e7. Dr. Mehmet KOCA <br>Ar\u015f. G\u00f6r. Halime Devrim K\u00dc\u00c7\u00dcK<\/td><\/tr><tr><td><strong>10<\/strong><\/td><td>\u00d6\u011fretim ve \u00d6\u011frenim S\u00fcre\u00e7leri<\/td><td>Prof. Dr. Song\u00fcl KARAKAYA<\/td><td>Prof. Dr. Onur \u015eENOL<\/td><\/tr><tr><td><strong>11<\/strong><\/td><td>\u00d6\u011frenme Durumunun De\u011ferlendirilmesi<\/td><td>Do\u00e7. Dr. Elif ULUTA\u015e DEN\u0130Z<\/td><td>Ar\u015f. G\u00f6r. Rumeysa EREN <br>Ar\u015f. G\u00f6r. \u015eeyma ASAN<\/td><\/tr><tr><td><strong>12<\/strong><\/td><td>S\u00fcrekli \u0130yile\u015ftirme<\/td><td><\/td><td>Do\u00e7. Dr. Esen SEZEN&nbsp; KARAO\u011eLAN<\/td><\/tr><tr><td><strong>13<\/strong><\/td><td>\u00d6\u011frenci Hizmetleri<\/td><td><\/td><td>Prof. Dr. Alptu\u011f AT\u0130LA<\/td><\/tr><tr><td><strong>14<\/strong><\/td><td>\u00d6\u011frenci Temsili<\/td><td>Ar\u015f. G\u00f6r. Dr. Amine Sena AYDIN<\/td><td>Prof. Dr. H. \u0130nci G\u00dcL <br>Ar\u015f. G\u00f6r. Emir Enis YURDG\u00dcL\u00dc<\/td><\/tr><tr><td><strong>15<\/strong><\/td><td>\u00d6\u011frenci\/\u00d6\u011fretim Eleman\u0131 \u0130li\u015fkileri <strong>&nbsp;<\/strong><\/td><td>Do\u00e7. Dr. Mehmet Emrah YAMAN<\/td><td>Ar\u015f. G\u00f6r. Ferhat G\u00dcNE\u015e<\/td><\/tr><tr><td><strong>16<\/strong><\/td><td>\u00d6\u011fretim Eleman\u0131<\/td><td>Do\u00e7. Dr. Hayrunisa HANCI<\/td><td>Ar\u015f. G\u00f6r. Dr. Fatma Bet\u00fcl YOLADI <br>Ar\u015f. G\u00f6r. Dr. B\u00fc\u015fra Y\u00dcKSEL<\/td><\/tr><tr><td><strong>17<\/strong><\/td><td>\u00d6\u011fretim Elemanlar\u0131n\u0131n De\u011ferlendirilmesi<\/td><td>Prof. Dr. Meltem \u00c7ET\u0130N<\/td><td>Do\u00e7. Dr. A. B\u00fc\u015fra U\u011eUR KAPLAN<\/td><\/tr><tr><td><strong>18<\/strong><\/td><td>\u00d6\u011frenme Kaynaklar\u0131<\/td><td>Do\u00e7. Dr. Emrah \u00d6ZAKAR<\/td><td>Do\u00e7. Dr. Rukiye SEV\u0130N\u00c7 \u00d6ZAKAR<\/td><\/tr><tr><td><strong>19<\/strong><\/td><td>Fiziksel Tesis ve Olanaklar<\/td><td>Prof. Dr. Fatma DEM\u0130RKAYA M\u0130LO\u011eLU<\/td><td>Ar\u015f. G\u00f6r. Dr. Burak BAYRAK<\/td><\/tr><tr><td><strong>20<\/strong><\/td><td>Mali Kaynaklar<\/td><td>Prof. Dr. Yasin BAYIR<\/td><td>Fak. Sek. Mustafa CO\u015eKUN<\/td><\/tr><tr><td><strong>&nbsp;<\/strong><\/td><td><strong>Genel ve Teknik d\u00fczenleme<\/strong><\/td><td>Prof. Dr. Bilal YILMAZ<\/td><td>&nbsp;<\/td><\/tr><tr><td><strong>&nbsp;<\/strong><\/td><td><strong>&nbsp;<\/strong><\/td><td>Emrah SEYRET<\/td><td>Mezun Eczac\u0131<\/td><\/tr><tr><td><strong>&nbsp;<\/strong><\/td><td><strong>&nbsp;<\/strong><\/td><td>Elif Nur Arslan<\/td><td>2.S\u0131n\u0131f \u00d6\u011frencisi<\/td><\/tr><tr><td><strong>&nbsp;<\/strong><\/td><td><strong>&nbsp;<\/strong><\/td><td>Fatmanur \u00c7al\u0131k\u0131ran<\/td><td>3. S\u0131n\u0131f \u00d6\u011frencisi<\/td><\/tr><tr><td><strong>&nbsp;<\/strong><\/td><td><strong>&nbsp;<\/strong><\/td><td>Ceyda Yazgan<\/td><td>4. S\u0131n\u0131f \u00d6\u011frencisi<\/td><\/tr><tr><td colspan=\"4\"><strong>NOT:<\/strong> &nbsp;Standartlar\u0131n, \u00d6z De\u011ferlendirme Ara Raporu Haz\u0131rlama K\u0131lavuzu <strong>S\u00fcr\u00fcm 3 de<\/strong> yer alan a\u00e7\u0131klay\u0131c\u0131 bilgiler ve kan\u0131tlar dikkate al\u0131narak haz\u0131rlanmas\u0131 gerekmektedir.<\/td><\/tr><\/tbody><\/table><\/figure>\n","protected":false},"excerpt":{"rendered":"<p>Standart No Standart Ad\u0131 Standart Sorumlusu (F\u00d6DEK \u00dcYES\u0130) Yard\u0131mc\u0131 &nbsp; &nbsp; &nbsp; &nbsp; A Fak\u00fcltenin genel tan\u0131t\u0131m\u0131 Prof. Dr. Bilal YILMAZ &nbsp; &nbsp; B \u00dc\u00e7 y\u0131ldaki de\u011fi\u015fikliklerin \u00f6zeti Prof. Dr. Y\u00fccel KADIO\u011eLU Prof. Dr. Beyzag\u00fcl ERKAYMAN &nbsp; C &nbsp; \u00d6nceki rapor d\u0131\u015f\u0131ndaki geli\u015fmelerin a\u00e7\u0131klanmas\u0131 F\u00d6DEK \u00dcYELER\u0130 KEND\u0130 STANDARTI \u0130\u00c7\u0130N YAPACAK &nbsp; D &nbsp; \u00d6nceki rapordaki [&hellip;]<\/p>\n","protected":false},"author":47,"featured_media":0,"parent":0,"menu_order":0,"comment_status":"closed","ping_status":"closed","template":"","meta":{"footnotes":""},"class_list":["post-11845","page","type-page","status-publish","hentry"],"_links":{"self":[{"href":"https:\/\/atauni.edu.tr\/eczacilik-fakultesi\/wp-json\/wp\/v2\/pages\/11845","targetHints":{"allow":["GET"]}}],"collection":[{"href":"https:\/\/atauni.edu.tr\/eczacilik-fakultesi\/wp-json\/wp\/v2\/pages"}],"about":[{"href":"https:\/\/atauni.edu.tr\/eczacilik-fakultesi\/wp-json\/wp\/v2\/types\/page"}],"author":[{"embeddable":true,"href":"https:\/\/atauni.edu.tr\/eczacilik-fakultesi\/wp-json\/wp\/v2\/users\/47"}],"replies":[{"embeddable":true,"href":"https:\/\/atauni.edu.tr\/eczacilik-fakultesi\/wp-json\/wp\/v2\/comments?post=11845"}],"version-history":[{"count":8,"href":"https:\/\/atauni.edu.tr\/eczacilik-fakultesi\/wp-json\/wp\/v2\/pages\/11845\/revisions"}],"predecessor-version":[{"id":14029,"href":"https:\/\/atauni.edu.tr\/eczacilik-fakultesi\/wp-json\/wp\/v2\/pages\/11845\/revisions\/14029"}],"wp:attachment":[{"href":"https:\/\/atauni.edu.tr\/eczacilik-fakultesi\/wp-json\/wp\/v2\/media?parent=11845"}],"curies":[{"name":"wp","href":"https:\/\/api.w.org\/{rel}","templated":true}]}}