{"id":11850,"date":"2022-11-22T14:07:28","date_gmt":"2022-11-22T11:07:28","guid":{"rendered":"http:\/\/birimler.atauni.edu.tr\/eczacilik-fakultesi\/?page_id=11850"},"modified":"2024-08-14T19:57:37","modified_gmt":"2024-08-14T16:57:37","slug":"egitim-komisyonlari","status":"publish","type":"page","link":"https:\/\/atauni.edu.tr\/eczacilik-fakultesi\/egitim-komisyonlari\/","title":{"rendered":"E\u011fitim Komisyonlar\u0131"},"content":{"rendered":"\n<p><a href=\"https:\/\/birimler.atauni.edu.tr\/eczacilik-fakultesi\/egitim-komisyonu\/\">E\u011fitim Komisyonu<\/a><\/p>\n\n\n\n<p><a href=\"http:\/\/birimler.atauni.edu.tr\/eczacilik-fakultesi\/egitim-komisyonu-ve-rehberlik-danismanlik-burs-komisyonu\/\">Rehberlik Dan\u0131\u015fmanl\u0131k-Burs Komisyonu<\/a><\/p>\n\n\n\n<p><a href=\"http:\/\/birimler.atauni.edu.tr\/eczacilik-fakultesi\/staj-komisyonu\/\">Staj Komisyonu<\/a><\/p>\n\n\n\n<p><a href=\"http:\/\/birimler.atauni.edu.tr\/eczacilik-fakultesi\/anabilim-dallari-kriter-komisyon-uyeleri\/\">Anabilim Dallar\u0131 Kriter Komisyon \u00dcyeleri<\/a><\/p>\n\n\n\n<p><a href=\"http:\/\/birimler.atauni.edu.tr\/eczacilik-fakultesi\/fakulte-kriter-komisyon-uyeleri\/\">Fak\u00fclte Kriter Komisyon \u00dcyeleri<\/a><\/p>\n\n\n\n<p><a href=\"http:\/\/birimler.atauni.edu.tr\/eczacilik-fakultesi\/ogrenci-degisim-programlari\/\">\u00d6\u011frenci De\u011fi\u015fim Programlar\u0131 Komisyonu<\/a><\/p>\n\n\n\n<p><a href=\"http:\/\/birimler.atauni.edu.tr\/eczacilik-fakultesi\/ders-basari-durumu-degerlendirme-komisyonu\/\">Ders Ba\u015far\u0131 Durumu De\u011ferlendirme Komisyonu<\/a><\/p>\n\n\n\n<p><a href=\"http:\/\/birimler.atauni.edu.tr\/eczacilik-fakultesi\/insan-kaynaklari-komisyonu\/\">\u0130nsan Kaynaklar\u0131 Komisyonu<\/a><\/p>\n\n\n\n<p><a href=\"http:\/\/birimler.atauni.edu.tr\/eczacilik-fakultesi\/yatay-gecis-ve-diploma-denklik-degerlendirme-komisyonu\/\">Yatay Ge\u00e7i\u015f ve Diploma Denklik De\u011ferlendirme Komisyonu<\/a><\/p>\n","protected":false},"excerpt":{"rendered":"<p>E\u011fitim Komisyonu Rehberlik Dan\u0131\u015fmanl\u0131k-Burs Komisyonu Staj Komisyonu Anabilim Dallar\u0131 Kriter Komisyon \u00dcyeleri Fak\u00fclte Kriter Komisyon \u00dcyeleri \u00d6\u011frenci De\u011fi\u015fim Programlar\u0131 Komisyonu Ders Ba\u015far\u0131 Durumu De\u011ferlendirme Komisyonu \u0130nsan Kaynaklar\u0131 Komisyonu Yatay Ge\u00e7i\u015f ve Diploma Denklik De\u011ferlendirme Komisyonu<\/p>\n","protected":false},"author":47,"featured_media":0,"parent":0,"menu_order":0,"comment_status":"closed","ping_status":"closed","template":"","meta":{"footnotes":""},"class_list":["post-11850","page","type-page","status-publish","hentry"],"_links":{"self":[{"href":"https:\/\/atauni.edu.tr\/eczacilik-fakultesi\/wp-json\/wp\/v2\/pages\/11850","targetHints":{"allow":["GET"]}}],"collection":[{"href":"https:\/\/atauni.edu.tr\/eczacilik-fakultesi\/wp-json\/wp\/v2\/pages"}],"about":[{"href":"https:\/\/atauni.edu.tr\/eczacilik-fakultesi\/wp-json\/wp\/v2\/types\/page"}],"author":[{"embeddable":true,"href":"https:\/\/atauni.edu.tr\/eczacilik-fakultesi\/wp-json\/wp\/v2\/users\/47"}],"replies":[{"embeddable":true,"href":"https:\/\/atauni.edu.tr\/eczacilik-fakultesi\/wp-json\/wp\/v2\/comments?post=11850"}],"version-history":[{"count":5,"href":"https:\/\/atauni.edu.tr\/eczacilik-fakultesi\/wp-json\/wp\/v2\/pages\/11850\/revisions"}],"predecessor-version":[{"id":13571,"href":"https:\/\/atauni.edu.tr\/eczacilik-fakultesi\/wp-json\/wp\/v2\/pages\/11850\/revisions\/13571"}],"wp:attachment":[{"href":"https:\/\/atauni.edu.tr\/eczacilik-fakultesi\/wp-json\/wp\/v2\/media?parent=11850"}],"curies":[{"name":"wp","href":"https:\/\/api.w.org\/{rel}","templated":true}]}}