{"id":11853,"date":"2022-11-22T14:08:40","date_gmt":"2022-11-22T11:08:40","guid":{"rendered":"http:\/\/birimler.atauni.edu.tr\/eczacilik-fakultesi\/?page_id=11853"},"modified":"2025-10-28T13:24:55","modified_gmt":"2025-10-28T10:24:55","slug":"egitim-komisyonu-ve-rehberlik-danismanlik-burs-komisyonu","status":"publish","type":"page","link":"https:\/\/atauni.edu.tr\/eczacilik-fakultesi\/egitim-komisyonu-ve-rehberlik-danismanlik-burs-komisyonu\/","title":{"rendered":"Rehberlik Dan\u0131\u015fmanl\u0131k-Burs Komisyonu"},"content":{"rendered":"\n<figure class=\"wp-block-table\"><table><tbody><tr><td>Prof. Dr. Beyzag\u00fcl ERKAYMAN &#8211; Dekan<\/td><\/tr><tr><td>Do\u00e7. Dr. Elif U. DEN\u0130Z \u2013 Dekan Yard\u0131mc\u0131s\u0131<\/td><\/tr><tr><td>Do\u00e7. Dr. R\u00fcstem An\u0131l UGAN \u2013 Dekan Yard\u0131mc\u0131s\u0131<\/td><\/tr><tr><td>Prof. Dr. Bilal YILMAZ \u2013Analitik Kimya AD<\/td><\/tr><tr><td>Prof. Dr. Nurcan KILI\u00c7 BAYGUTALP \u2013 Biyokimya AD<\/td><\/tr><tr><td>Prof. Dr. Song\u00fcl KARAKAYA \u2013 Farmas\u00f6tik Botanik AD<\/td><\/tr><tr><td>Do\u00e7. Dr. Mehmet KOCA \u2013 Farmas\u00f6tik Kimya AD<\/td><\/tr><tr><td>Do\u00e7. Dr. Hayrunisa HANCI \u2013 Farmas\u00f6tik Mikrobiyoloji AD<\/td><\/tr><tr><td>Do\u00e7. Dr. Hafize YUCA \u2013 Farmakognozi AD<\/td><\/tr><tr><td>Do\u00e7. Dr. Afife B\u00fc\u015fra U. KAPLAN- Farmas\u00f6tik Teknoloji AD<\/td><\/tr><\/tbody><\/table><\/figure>\n","protected":false},"excerpt":{"rendered":"<p>Prof. Dr. Beyzag\u00fcl ERKAYMAN &#8211; Dekan Do\u00e7. Dr. Elif U. DEN\u0130Z \u2013 Dekan Yard\u0131mc\u0131s\u0131 Do\u00e7. Dr. R\u00fcstem An\u0131l UGAN \u2013 Dekan Yard\u0131mc\u0131s\u0131 Prof. Dr. Bilal YILMAZ \u2013Analitik Kimya AD Prof. Dr. Nurcan KILI\u00c7 BAYGUTALP \u2013 Biyokimya AD Prof. Dr. Song\u00fcl KARAKAYA \u2013 Farmas\u00f6tik Botanik AD Do\u00e7. Dr. Mehmet KOCA \u2013 Farmas\u00f6tik Kimya AD Do\u00e7. Dr. [&hellip;]<\/p>\n","protected":false},"author":47,"featured_media":0,"parent":0,"menu_order":0,"comment_status":"closed","ping_status":"closed","template":"","meta":{"footnotes":""},"class_list":["post-11853","page","type-page","status-publish","hentry"],"_links":{"self":[{"href":"https:\/\/atauni.edu.tr\/eczacilik-fakultesi\/wp-json\/wp\/v2\/pages\/11853","targetHints":{"allow":["GET"]}}],"collection":[{"href":"https:\/\/atauni.edu.tr\/eczacilik-fakultesi\/wp-json\/wp\/v2\/pages"}],"about":[{"href":"https:\/\/atauni.edu.tr\/eczacilik-fakultesi\/wp-json\/wp\/v2\/types\/page"}],"author":[{"embeddable":true,"href":"https:\/\/atauni.edu.tr\/eczacilik-fakultesi\/wp-json\/wp\/v2\/users\/47"}],"replies":[{"embeddable":true,"href":"https:\/\/atauni.edu.tr\/eczacilik-fakultesi\/wp-json\/wp\/v2\/comments?post=11853"}],"version-history":[{"count":4,"href":"https:\/\/atauni.edu.tr\/eczacilik-fakultesi\/wp-json\/wp\/v2\/pages\/11853\/revisions"}],"predecessor-version":[{"id":13971,"href":"https:\/\/atauni.edu.tr\/eczacilik-fakultesi\/wp-json\/wp\/v2\/pages\/11853\/revisions\/13971"}],"wp:attachment":[{"href":"https:\/\/atauni.edu.tr\/eczacilik-fakultesi\/wp-json\/wp\/v2\/media?parent=11853"}],"curies":[{"name":"wp","href":"https:\/\/api.w.org\/{rel}","templated":true}]}}