{"id":11855,"date":"2022-11-22T14:09:19","date_gmt":"2022-11-22T11:09:19","guid":{"rendered":"http:\/\/birimler.atauni.edu.tr\/eczacilik-fakultesi\/?page_id=11855"},"modified":"2025-10-28T17:56:58","modified_gmt":"2025-10-28T14:56:58","slug":"staj-komisyonu","status":"publish","type":"page","link":"https:\/\/atauni.edu.tr\/eczacilik-fakultesi\/staj-komisyonu\/","title":{"rendered":"Staj Komisyonu"},"content":{"rendered":"\n<figure class=\"wp-block-table\"><table><tbody><tr><td><strong>\u0130S\u0130M-SOY\u0130S\u0130M<\/strong><\/td><td><strong>Anabilim Dal\u0131<\/strong><\/td><\/tr><tr><td>Ar\u015f. G\u00f6r. Dr. Fatma Bet\u00fcl YOLADI \u2013 <strong>Staj Komisyonu Ba\u015fkan\u0131<\/strong><\/td><td>Farmas\u00f6tik Toksikoloji AD<\/td><\/tr><tr><td>Ar\u015f. G\u00f6r. Dr. Nagihan DEM\u0130RTA\u015e- <strong>Staj Komisyonu Ba\u015fkan<\/strong> <strong>Yard\u0131mc\u0131s\u0131<\/strong><\/td><td>Farmas\u00f6tik Toksikoloji AD<\/td><\/tr><tr><td>Prof. Dr. Nurcan K. BAYGUTALP- Staj Komisyonu \u00dcyesi<\/td><td>Biyokimya AD<\/td><\/tr><tr><td>Prof. Dr. Hilal \u00d6ZBEK- Staj Komisyonu \u00dcyesi<\/td><td>Farmakognozi AD<\/td><\/tr><tr><td>Prof. Dr. Song\u00fcl KARAKAYA- Staj Komisyonu \u00dcyesi<\/td><td>Farmas\u00f6tik Botanik AD<\/td><\/tr><tr><td>Do\u00e7. Dr. Esen S. KARAO\u011eLAN- Staj Komisyonu \u00dcyesi<\/td><td>Farmas\u00f6tik Botanik AD<\/td><\/tr><tr><td>Do\u00e7. Dr. R\u00fcstem An\u0131l U\u011eAN- Staj Komisyonu \u00dcyesi<\/td><td>Farmakoloji AD<\/td><\/tr><tr><td>Do\u00e7. Dr. Mehmet KOCA- Staj Komisyonu \u00dcyesi<\/td><td>Farmas\u00f6tik Kimya AD<\/td><\/tr><tr><td>Do\u00e7. Dr. Emrah \u00d6ZAKAR- Staj Komisyonu \u00dcyesi<\/td><td>Farmas\u00f6tik Teknoloji AD<\/td><\/tr><tr><td>Do\u00e7. Dr. Leyla G\u00dcVEN- Staj Komisyonu \u00dcyesi<\/td><td>Farmas\u00f6tik Botanik AD<\/td><\/tr><tr><td>Do\u00e7. Dr. Afife B\u00fc\u015fra U. KAPLAN- Staj Komisyonu \u00dcyesi<\/td><td>Farmas\u00f6tik Teknoloji AD<\/td><\/tr><tr><td>Ar\u015f. G\u00f6r. Dr. Amine Sena AYDIN- Staj Komisyonu \u00dcyesi<\/td><td>Farmas\u00f6tik Kimya AD<\/td><\/tr><tr><td>Ar\u015f. G\u00f6r. Ferhat G\u00dcNE\u015e- Staj Komisyonu \u00dcyesi<\/td><td>Farmas\u00f6tik Kimya AD<\/td><\/tr><tr><td>Ar\u015f. G\u00f6r. Dr. Burak BAYRAK- Staj Komisyonu \u00dcyesi<\/td><td>Analitik Kimya AD<\/td><\/tr><tr><td>Ar\u015f. G\u00f6r. Dr. B\u00fc\u015fra Y\u00fcksel- Staj Komisyonu \u00dcyesi<\/td><td>Analitik Kimya AD<\/td><\/tr><tr><td>Ar\u015f. G\u00f6r. Aylin AYDIN- Staj Komisyonu \u00dcyesi<\/td><td>Farmakoloji AD<\/td><\/tr><tr><td>Ar\u015f. G\u00f6r. Satuk Bu\u011fra ALKUYRUK- Staj Komisyonu \u00dcyesi<\/td><td>Farmas\u00f6tik Mikrobiyoloji AD<\/td><\/tr><tr><td>Ar\u015f. G\u00f6r. Ay\u015fe Cemre KARARENK- Staj Komisyonu \u00dcyesi<\/td><td>Farmakognozi AD<\/td><\/tr><tr><td>Ar\u015f. G\u00f6r. Rumeysa Eren- Staj Komisyonu \u00dcyesi<\/td><td>Eczac\u0131l\u0131k \u0130\u015fletmecili\u011fi AD<\/td><\/tr><tr><td>Ar\u015f. G\u00f6r. \u015eeyma ASAN- Staj Komisyonu \u00dcyesi<\/td><td>Farmas\u00f6tik Teknoloji AD<\/td><\/tr><tr><td>Ar\u015f. G\u00f6r. Emir Enis YURDG\u00dcL\u00dc- Staj Komisyonu \u00dcyesi<\/td><td>Biyokimya AD<\/td><\/tr><tr><td>Ar\u015f. G\u00f6r. Enes TEKMAN- Staj Komisyonu \u00dcyesi<\/td><td>Farmas\u00f6tik Botanik AD<\/td><\/tr><tr><td>Ar\u015f. G\u00f6r. Halime Devrim K\u00dc\u00c7\u00dcK- Staj Komisyonu \u00dcyesi<\/td><td>Klinik Eczac\u0131l\u0131k AD<\/td><\/tr><\/tbody><\/table><\/figure>\n","protected":false},"excerpt":{"rendered":"<p>\u0130S\u0130M-SOY\u0130S\u0130M Anabilim Dal\u0131 Ar\u015f. G\u00f6r. Dr. Fatma Bet\u00fcl YOLADI \u2013 Staj Komisyonu Ba\u015fkan\u0131 Farmas\u00f6tik Toksikoloji AD Ar\u015f. G\u00f6r. Dr. Nagihan DEM\u0130RTA\u015e- Staj Komisyonu Ba\u015fkan Yard\u0131mc\u0131s\u0131 Farmas\u00f6tik Toksikoloji AD Prof. Dr. Nurcan K. BAYGUTALP- Staj Komisyonu \u00dcyesi Biyokimya AD Prof. Dr. Hilal \u00d6ZBEK- Staj Komisyonu \u00dcyesi Farmakognozi AD Prof. Dr. Song\u00fcl KARAKAYA- Staj Komisyonu \u00dcyesi Farmas\u00f6tik [&hellip;]<\/p>\n","protected":false},"author":47,"featured_media":0,"parent":0,"menu_order":0,"comment_status":"closed","ping_status":"closed","template":"","meta":{"footnotes":""},"class_list":["post-11855","page","type-page","status-publish","hentry"],"_links":{"self":[{"href":"https:\/\/atauni.edu.tr\/eczacilik-fakultesi\/wp-json\/wp\/v2\/pages\/11855","targetHints":{"allow":["GET"]}}],"collection":[{"href":"https:\/\/atauni.edu.tr\/eczacilik-fakultesi\/wp-json\/wp\/v2\/pages"}],"about":[{"href":"https:\/\/atauni.edu.tr\/eczacilik-fakultesi\/wp-json\/wp\/v2\/types\/page"}],"author":[{"embeddable":true,"href":"https:\/\/atauni.edu.tr\/eczacilik-fakultesi\/wp-json\/wp\/v2\/users\/47"}],"replies":[{"embeddable":true,"href":"https:\/\/atauni.edu.tr\/eczacilik-fakultesi\/wp-json\/wp\/v2\/comments?post=11855"}],"version-history":[{"count":6,"href":"https:\/\/atauni.edu.tr\/eczacilik-fakultesi\/wp-json\/wp\/v2\/pages\/11855\/revisions"}],"predecessor-version":[{"id":14030,"href":"https:\/\/atauni.edu.tr\/eczacilik-fakultesi\/wp-json\/wp\/v2\/pages\/11855\/revisions\/14030"}],"wp:attachment":[{"href":"https:\/\/atauni.edu.tr\/eczacilik-fakultesi\/wp-json\/wp\/v2\/media?parent=11855"}],"curies":[{"name":"wp","href":"https:\/\/api.w.org\/{rel}","templated":true}]}}