{"id":11861,"date":"2022-11-22T14:11:12","date_gmt":"2022-11-22T11:11:12","guid":{"rendered":"http:\/\/birimler.atauni.edu.tr\/eczacilik-fakultesi\/?page_id=11861"},"modified":"2025-10-28T13:40:53","modified_gmt":"2025-10-28T10:40:53","slug":"ogrenci-degisim-programlari","status":"publish","type":"page","link":"https:\/\/atauni.edu.tr\/eczacilik-fakultesi\/ogrenci-degisim-programlari\/","title":{"rendered":"\u00d6\u011frenci De\u011fi\u015fim Programlar\u0131 Komisyonu"},"content":{"rendered":"\n<figure class=\"wp-block-table\"><table><tbody><tr><td>Mevlana Koordinnat\u00f6r\u00fc<\/td><td>Prof. Dr. Bilal YILMAZ<\/td><\/tr><tr><td>Erasmus Koordinat\u00f6r\u00fc<\/td><td>Prof. Dr. Fatma D. M\u0130LO\u011eLU<\/td><\/tr><tr><td>Farabi Koordinat\u00f6r\u00fc<\/td><td>Prof. Dr. Hilal \u00d6ZBEK<\/td><\/tr><tr><td>Bologna Koordinat\u00f6r\u00fc<\/td><td>Prof. Dr. Fatma D. M\u0130LO\u011eLU<\/td><\/tr><\/tbody><\/table><\/figure>\n","protected":false},"excerpt":{"rendered":"<p>Mevlana Koordinnat\u00f6r\u00fc Prof. Dr. Bilal YILMAZ Erasmus Koordinat\u00f6r\u00fc Prof. Dr. Fatma D. M\u0130LO\u011eLU Farabi Koordinat\u00f6r\u00fc Prof. Dr. Hilal \u00d6ZBEK Bologna Koordinat\u00f6r\u00fc Prof. Dr. Fatma D. M\u0130LO\u011eLU<\/p>\n","protected":false},"author":47,"featured_media":0,"parent":0,"menu_order":0,"comment_status":"closed","ping_status":"closed","template":"","meta":{"footnotes":""},"class_list":["post-11861","page","type-page","status-publish","hentry"],"_links":{"self":[{"href":"https:\/\/atauni.edu.tr\/eczacilik-fakultesi\/wp-json\/wp\/v2\/pages\/11861","targetHints":{"allow":["GET"]}}],"collection":[{"href":"https:\/\/atauni.edu.tr\/eczacilik-fakultesi\/wp-json\/wp\/v2\/pages"}],"about":[{"href":"https:\/\/atauni.edu.tr\/eczacilik-fakultesi\/wp-json\/wp\/v2\/types\/page"}],"author":[{"embeddable":true,"href":"https:\/\/atauni.edu.tr\/eczacilik-fakultesi\/wp-json\/wp\/v2\/users\/47"}],"replies":[{"embeddable":true,"href":"https:\/\/atauni.edu.tr\/eczacilik-fakultesi\/wp-json\/wp\/v2\/comments?post=11861"}],"version-history":[{"count":5,"href":"https:\/\/atauni.edu.tr\/eczacilik-fakultesi\/wp-json\/wp\/v2\/pages\/11861\/revisions"}],"predecessor-version":[{"id":13976,"href":"https:\/\/atauni.edu.tr\/eczacilik-fakultesi\/wp-json\/wp\/v2\/pages\/11861\/revisions\/13976"}],"wp:attachment":[{"href":"https:\/\/atauni.edu.tr\/eczacilik-fakultesi\/wp-json\/wp\/v2\/media?parent=11861"}],"curies":[{"name":"wp","href":"https:\/\/api.w.org\/{rel}","templated":true}]}}