{"id":11863,"date":"2022-11-22T14:11:42","date_gmt":"2022-11-22T11:11:42","guid":{"rendered":"http:\/\/birimler.atauni.edu.tr\/eczacilik-fakultesi\/?page_id=11863"},"modified":"2025-10-28T13:42:56","modified_gmt":"2025-10-28T10:42:56","slug":"ders-basari-durumu-degerlendirme-komisyonu","status":"publish","type":"page","link":"https:\/\/atauni.edu.tr\/eczacilik-fakultesi\/ders-basari-durumu-degerlendirme-komisyonu\/","title":{"rendered":"Ders Ba\u015far\u0131 Durumu De\u011ferlendirme Komisyonu"},"content":{"rendered":"\n<figure class=\"wp-block-table\"><table><tbody><tr><td>Prof. Dr. Beyzag\u00fcl ERKAYMAN &#8211; Dekan<\/td><\/tr><tr><td>Prof. Dr. Z\u00fchal G\u00dcVENALP<\/td><\/tr><tr><td>Prof. Dr. Alptu\u011f AT\u0130LA<\/td><\/tr><tr><td>Do\u00e7. Dr. Hayrunisa HANCI<\/td><\/tr><tr><td>Do\u00e7. Dr. Emrah \u00d6ZAKAR<\/td><\/tr><tr><td>Do\u00e7. Dr. Zerrin KUTLU<\/td><\/tr><tr><td>Do\u00e7. Dr. Leyla G\u00dcVEN<\/td><\/tr><tr><td>Do\u00e7. Dr. Afife B\u00fc\u015fra U. KAPLAN<\/td><\/tr><tr><td>Do\u00e7. Dr. Elif U. DEN\u0130Z- Dekan Yard\u0131mc\u0131s\u0131<\/td><\/tr><tr><td>Ar\u015f. G\u00f6r. Dr. Elif A. AT\u0130K<\/td><\/tr><\/tbody><\/table><\/figure>\n","protected":false},"excerpt":{"rendered":"<p>Prof. Dr. Beyzag\u00fcl ERKAYMAN &#8211; Dekan Prof. Dr. Z\u00fchal G\u00dcVENALP Prof. Dr. Alptu\u011f AT\u0130LA Do\u00e7. Dr. Hayrunisa HANCI Do\u00e7. Dr. Emrah \u00d6ZAKAR Do\u00e7. Dr. Zerrin KUTLU Do\u00e7. Dr. Leyla G\u00dcVEN Do\u00e7. Dr. Afife B\u00fc\u015fra U. KAPLAN Do\u00e7. Dr. Elif U. DEN\u0130Z- Dekan Yard\u0131mc\u0131s\u0131 Ar\u015f. G\u00f6r. Dr. Elif A. AT\u0130K<\/p>\n","protected":false},"author":47,"featured_media":0,"parent":0,"menu_order":0,"comment_status":"closed","ping_status":"closed","template":"","meta":{"footnotes":""},"class_list":["post-11863","page","type-page","status-publish","hentry"],"_links":{"self":[{"href":"https:\/\/atauni.edu.tr\/eczacilik-fakultesi\/wp-json\/wp\/v2\/pages\/11863","targetHints":{"allow":["GET"]}}],"collection":[{"href":"https:\/\/atauni.edu.tr\/eczacilik-fakultesi\/wp-json\/wp\/v2\/pages"}],"about":[{"href":"https:\/\/atauni.edu.tr\/eczacilik-fakultesi\/wp-json\/wp\/v2\/types\/page"}],"author":[{"embeddable":true,"href":"https:\/\/atauni.edu.tr\/eczacilik-fakultesi\/wp-json\/wp\/v2\/users\/47"}],"replies":[{"embeddable":true,"href":"https:\/\/atauni.edu.tr\/eczacilik-fakultesi\/wp-json\/wp\/v2\/comments?post=11863"}],"version-history":[{"count":4,"href":"https:\/\/atauni.edu.tr\/eczacilik-fakultesi\/wp-json\/wp\/v2\/pages\/11863\/revisions"}],"predecessor-version":[{"id":13978,"href":"https:\/\/atauni.edu.tr\/eczacilik-fakultesi\/wp-json\/wp\/v2\/pages\/11863\/revisions\/13978"}],"wp:attachment":[{"href":"https:\/\/atauni.edu.tr\/eczacilik-fakultesi\/wp-json\/wp\/v2\/media?parent=11863"}],"curies":[{"name":"wp","href":"https:\/\/api.w.org\/{rel}","templated":true}]}}