{"id":11865,"date":"2022-11-22T14:12:12","date_gmt":"2022-11-22T11:12:12","guid":{"rendered":"http:\/\/birimler.atauni.edu.tr\/eczacilik-fakultesi\/?page_id=11865"},"modified":"2025-10-28T13:44:56","modified_gmt":"2025-10-28T10:44:56","slug":"insan-kaynaklari-komisyonu","status":"publish","type":"page","link":"https:\/\/atauni.edu.tr\/eczacilik-fakultesi\/insan-kaynaklari-komisyonu\/","title":{"rendered":"\u0130nsan Kaynaklar\u0131 Komisyonu"},"content":{"rendered":"\n<figure class=\"wp-block-table\"><table><tbody><tr><td>Do\u00e7. Dr. R\u00fcstem An\u0131l U\u011eAN- Dekan Yard\u0131mc\u0131s\u0131<\/td><\/tr><tr><td>Do\u00e7. Dr. Esen S. KARAO\u011eLAN<\/td><\/tr><tr><td>Ecz. Fak. Sek. Mustafa CO\u015eKUN<\/td><\/tr><tr><td>\u0130dari Personel \u015eakir KARS<\/td><\/tr><\/tbody><\/table><\/figure>\n","protected":false},"excerpt":{"rendered":"<p>Do\u00e7. Dr. R\u00fcstem An\u0131l U\u011eAN- Dekan Yard\u0131mc\u0131s\u0131 Do\u00e7. Dr. Esen S. KARAO\u011eLAN Ecz. Fak. Sek. Mustafa CO\u015eKUN \u0130dari Personel \u015eakir KARS<\/p>\n","protected":false},"author":47,"featured_media":0,"parent":0,"menu_order":0,"comment_status":"closed","ping_status":"closed","template":"","meta":{"footnotes":""},"class_list":["post-11865","page","type-page","status-publish","hentry"],"_links":{"self":[{"href":"https:\/\/atauni.edu.tr\/eczacilik-fakultesi\/wp-json\/wp\/v2\/pages\/11865","targetHints":{"allow":["GET"]}}],"collection":[{"href":"https:\/\/atauni.edu.tr\/eczacilik-fakultesi\/wp-json\/wp\/v2\/pages"}],"about":[{"href":"https:\/\/atauni.edu.tr\/eczacilik-fakultesi\/wp-json\/wp\/v2\/types\/page"}],"author":[{"embeddable":true,"href":"https:\/\/atauni.edu.tr\/eczacilik-fakultesi\/wp-json\/wp\/v2\/users\/47"}],"replies":[{"embeddable":true,"href":"https:\/\/atauni.edu.tr\/eczacilik-fakultesi\/wp-json\/wp\/v2\/comments?post=11865"}],"version-history":[{"count":4,"href":"https:\/\/atauni.edu.tr\/eczacilik-fakultesi\/wp-json\/wp\/v2\/pages\/11865\/revisions"}],"predecessor-version":[{"id":13979,"href":"https:\/\/atauni.edu.tr\/eczacilik-fakultesi\/wp-json\/wp\/v2\/pages\/11865\/revisions\/13979"}],"wp:attachment":[{"href":"https:\/\/atauni.edu.tr\/eczacilik-fakultesi\/wp-json\/wp\/v2\/media?parent=11865"}],"curies":[{"name":"wp","href":"https:\/\/api.w.org\/{rel}","templated":true}]}}