{"id":11867,"date":"2022-11-22T14:12:37","date_gmt":"2022-11-22T11:12:37","guid":{"rendered":"http:\/\/birimler.atauni.edu.tr\/eczacilik-fakultesi\/?page_id=11867"},"modified":"2025-10-28T13:46:52","modified_gmt":"2025-10-28T10:46:52","slug":"yatay-gecis-ve-diploma-denklik-degerlendirme-komisyonu","status":"publish","type":"page","link":"https:\/\/atauni.edu.tr\/eczacilik-fakultesi\/yatay-gecis-ve-diploma-denklik-degerlendirme-komisyonu\/","title":{"rendered":"Yatay Ge\u00e7i\u015f ve Diploma Denklik De\u011ferlendirme Komisyonu"},"content":{"rendered":"\n<figure class=\"wp-block-table\"><table><tbody><tr><td>Prof. Dr. Hilal \u00d6ZBEK<\/td><\/tr><tr><td>Prof. Dr. Song\u00fcl KARAKAYA<\/td><\/tr><tr><td>Do\u00e7. Dr. R\u00fcstem An\u0131l U\u011eAN \u2013 Dekan Yard\u0131mc\u0131s\u0131<\/td><\/tr><tr><td>Do\u00e7. Dr. Rukiye S. \u00d6ZAKAR<\/td><\/tr><tr><td>Do\u00e7. Dr. Elif U. DEN\u0130Z \u2013 Dekan Yard\u0131mc\u0131s\u0131<\/td><\/tr><\/tbody><\/table><\/figure>\n","protected":false},"excerpt":{"rendered":"<p>Prof. Dr. Hilal \u00d6ZBEK Prof. Dr. Song\u00fcl KARAKAYA Do\u00e7. Dr. R\u00fcstem An\u0131l U\u011eAN \u2013 Dekan Yard\u0131mc\u0131s\u0131 Do\u00e7. Dr. Rukiye S. \u00d6ZAKAR Do\u00e7. Dr. Elif U. DEN\u0130Z \u2013 Dekan Yard\u0131mc\u0131s\u0131<\/p>\n","protected":false},"author":47,"featured_media":0,"parent":0,"menu_order":0,"comment_status":"closed","ping_status":"closed","template":"","meta":{"footnotes":""},"class_list":["post-11867","page","type-page","status-publish","hentry"],"_links":{"self":[{"href":"https:\/\/atauni.edu.tr\/eczacilik-fakultesi\/wp-json\/wp\/v2\/pages\/11867","targetHints":{"allow":["GET"]}}],"collection":[{"href":"https:\/\/atauni.edu.tr\/eczacilik-fakultesi\/wp-json\/wp\/v2\/pages"}],"about":[{"href":"https:\/\/atauni.edu.tr\/eczacilik-fakultesi\/wp-json\/wp\/v2\/types\/page"}],"author":[{"embeddable":true,"href":"https:\/\/atauni.edu.tr\/eczacilik-fakultesi\/wp-json\/wp\/v2\/users\/47"}],"replies":[{"embeddable":true,"href":"https:\/\/atauni.edu.tr\/eczacilik-fakultesi\/wp-json\/wp\/v2\/comments?post=11867"}],"version-history":[{"count":5,"href":"https:\/\/atauni.edu.tr\/eczacilik-fakultesi\/wp-json\/wp\/v2\/pages\/11867\/revisions"}],"predecessor-version":[{"id":13980,"href":"https:\/\/atauni.edu.tr\/eczacilik-fakultesi\/wp-json\/wp\/v2\/pages\/11867\/revisions\/13980"}],"wp:attachment":[{"href":"https:\/\/atauni.edu.tr\/eczacilik-fakultesi\/wp-json\/wp\/v2\/media?parent=11867"}],"curies":[{"name":"wp","href":"https:\/\/api.w.org\/{rel}","templated":true}]}}