{"id":11887,"date":"2022-11-22T14:28:12","date_gmt":"2022-11-22T11:28:12","guid":{"rendered":"http:\/\/birimler.atauni.edu.tr\/eczacilik-fakultesi\/?page_id=11887"},"modified":"2025-10-28T13:58:28","modified_gmt":"2025-10-28T10:58:28","slug":"fakulte-proje-gelistirme-ve-koordinasyon-komisyonu","status":"publish","type":"page","link":"https:\/\/atauni.edu.tr\/eczacilik-fakultesi\/fakulte-proje-gelistirme-ve-koordinasyon-komisyonu\/","title":{"rendered":"Fak\u00fclte Proje Geli\u015ftirme ve Koordinasyon Komisyonu"},"content":{"rendered":"\n<figure class=\"wp-block-table\"><table><tbody><tr><td>Do\u00e7. Dr. Elif ULUTA\u015e DEN\u0130Z &#8211; Dekan Yard\u0131mc\u0131s\u0131<\/td><\/tr><tr><td>Prof. Dr. Halise \u0130nci G\u00dcL<\/td><\/tr><tr><td>Prof. Dr. Zuhal G\u00dcVENALP<\/td><\/tr><tr><td>Prof. Dr. Meltem \u00c7ET\u0130N<\/td><\/tr><tr><td>Prof. Dr. Song\u00fcl KARAKAYA<\/td><\/tr><tr><td>Do\u00e7. Dr. M. Emrah YAMAN<\/td><\/tr><tr><td>Do\u00e7. Dr. Hafize YUCA<\/td><\/tr><tr><td>Do\u00e7. Dr. Zerrin KUTLU<\/td><\/tr><\/tbody><\/table><\/figure>\n","protected":false},"excerpt":{"rendered":"<p>Do\u00e7. Dr. Elif ULUTA\u015e DEN\u0130Z &#8211; Dekan Yard\u0131mc\u0131s\u0131 Prof. Dr. Halise \u0130nci G\u00dcL Prof. Dr. Zuhal G\u00dcVENALP Prof. Dr. Meltem \u00c7ET\u0130N Prof. Dr. Song\u00fcl KARAKAYA Do\u00e7. Dr. M. Emrah YAMAN Do\u00e7. Dr. Hafize YUCA Do\u00e7. Dr. Zerrin KUTLU<\/p>\n","protected":false},"author":47,"featured_media":0,"parent":0,"menu_order":0,"comment_status":"closed","ping_status":"closed","template":"","meta":{"footnotes":""},"class_list":["post-11887","page","type-page","status-publish","hentry"],"_links":{"self":[{"href":"https:\/\/atauni.edu.tr\/eczacilik-fakultesi\/wp-json\/wp\/v2\/pages\/11887","targetHints":{"allow":["GET"]}}],"collection":[{"href":"https:\/\/atauni.edu.tr\/eczacilik-fakultesi\/wp-json\/wp\/v2\/pages"}],"about":[{"href":"https:\/\/atauni.edu.tr\/eczacilik-fakultesi\/wp-json\/wp\/v2\/types\/page"}],"author":[{"embeddable":true,"href":"https:\/\/atauni.edu.tr\/eczacilik-fakultesi\/wp-json\/wp\/v2\/users\/47"}],"replies":[{"embeddable":true,"href":"https:\/\/atauni.edu.tr\/eczacilik-fakultesi\/wp-json\/wp\/v2\/comments?post=11887"}],"version-history":[{"count":4,"href":"https:\/\/atauni.edu.tr\/eczacilik-fakultesi\/wp-json\/wp\/v2\/pages\/11887\/revisions"}],"predecessor-version":[{"id":13982,"href":"https:\/\/atauni.edu.tr\/eczacilik-fakultesi\/wp-json\/wp\/v2\/pages\/11887\/revisions\/13982"}],"wp:attachment":[{"href":"https:\/\/atauni.edu.tr\/eczacilik-fakultesi\/wp-json\/wp\/v2\/media?parent=11887"}],"curies":[{"name":"wp","href":"https:\/\/api.w.org\/{rel}","templated":true}]}}