{"id":11889,"date":"2022-11-22T14:28:30","date_gmt":"2022-11-22T11:28:30","guid":{"rendered":"http:\/\/birimler.atauni.edu.tr\/eczacilik-fakultesi\/?page_id=11889"},"modified":"2025-10-28T17:58:47","modified_gmt":"2025-10-28T14:58:47","slug":"dijitallesme-komisyonu","status":"publish","type":"page","link":"https:\/\/atauni.edu.tr\/eczacilik-fakultesi\/dijitallesme-komisyonu\/","title":{"rendered":"Dijitalle\u015fme Komisyonu"},"content":{"rendered":"\n<figure class=\"wp-block-table\"><table><tbody><tr><td>Do\u00e7. Dr. Elif ULUTA\u015e DEN\u0130Z \u2013 Dekan Yard\u0131mc\u0131s\u0131<\/td><\/tr><tr><td>Prof. Dr. Yasin BAYIR<\/td><\/tr><tr><td>Prof. Dr. Onur \u015eENOL<\/td><\/tr><tr><td>Ar\u015f. G\u00f6r. Enes TEKMAN<\/td><\/tr><tr><td>Ar\u015f. G\u00f6r. Dr. Burak BAYRAK<\/td><\/tr><tr><td>Ar\u015f. G\u00f6r. Dr. Amine Sena AYDIN<\/td><\/tr><\/tbody><\/table><\/figure>\n","protected":false},"excerpt":{"rendered":"<p>Do\u00e7. Dr. Elif ULUTA\u015e DEN\u0130Z \u2013 Dekan Yard\u0131mc\u0131s\u0131 Prof. Dr. Yasin BAYIR Prof. Dr. Onur \u015eENOL Ar\u015f. G\u00f6r. Enes TEKMAN Ar\u015f. G\u00f6r. Dr. Burak BAYRAK Ar\u015f. G\u00f6r. Dr. Amine Sena AYDIN<\/p>\n","protected":false},"author":47,"featured_media":0,"parent":0,"menu_order":0,"comment_status":"closed","ping_status":"closed","template":"","meta":{"footnotes":""},"class_list":["post-11889","page","type-page","status-publish","hentry"],"_links":{"self":[{"href":"https:\/\/atauni.edu.tr\/eczacilik-fakultesi\/wp-json\/wp\/v2\/pages\/11889","targetHints":{"allow":["GET"]}}],"collection":[{"href":"https:\/\/atauni.edu.tr\/eczacilik-fakultesi\/wp-json\/wp\/v2\/pages"}],"about":[{"href":"https:\/\/atauni.edu.tr\/eczacilik-fakultesi\/wp-json\/wp\/v2\/types\/page"}],"author":[{"embeddable":true,"href":"https:\/\/atauni.edu.tr\/eczacilik-fakultesi\/wp-json\/wp\/v2\/users\/47"}],"replies":[{"embeddable":true,"href":"https:\/\/atauni.edu.tr\/eczacilik-fakultesi\/wp-json\/wp\/v2\/comments?post=11889"}],"version-history":[{"count":4,"href":"https:\/\/atauni.edu.tr\/eczacilik-fakultesi\/wp-json\/wp\/v2\/pages\/11889\/revisions"}],"predecessor-version":[{"id":14031,"href":"https:\/\/atauni.edu.tr\/eczacilik-fakultesi\/wp-json\/wp\/v2\/pages\/11889\/revisions\/14031"}],"wp:attachment":[{"href":"https:\/\/atauni.edu.tr\/eczacilik-fakultesi\/wp-json\/wp\/v2\/media?parent=11889"}],"curies":[{"name":"wp","href":"https:\/\/api.w.org\/{rel}","templated":true}]}}