{"id":11891,"date":"2022-11-22T14:29:09","date_gmt":"2022-11-22T11:29:09","guid":{"rendered":"http:\/\/birimler.atauni.edu.tr\/eczacilik-fakultesi\/?page_id=11891"},"modified":"2025-10-28T17:59:26","modified_gmt":"2025-10-28T14:59:26","slug":"muayene-komisyonu","status":"publish","type":"page","link":"https:\/\/atauni.edu.tr\/eczacilik-fakultesi\/muayene-komisyonu\/","title":{"rendered":"Muayene Komisyonu"},"content":{"rendered":"\n<figure class=\"wp-block-table\"><table><tbody><tr><td>Do\u00e7. Dr. R\u00fcstem An\u0131l U\u011eAN<\/td><\/tr><tr><td>Do\u00e7. Dr. Mehmet Emrah YAMAN<\/td><\/tr><tr><td>\u0130dari \u0130\u015fler Memuru Dursun Ali HATTATO\u011eLU<\/td><\/tr><tr><td>Yedek \u00dcye Ar\u015f. G\u00f6r. Dr. Burak BAYRAK<\/td><\/tr><\/tbody><\/table><\/figure>\n","protected":false},"excerpt":{"rendered":"<p>Do\u00e7. Dr. R\u00fcstem An\u0131l U\u011eAN Do\u00e7. Dr. Mehmet Emrah YAMAN \u0130dari \u0130\u015fler Memuru Dursun Ali HATTATO\u011eLU Yedek \u00dcye Ar\u015f. G\u00f6r. Dr. Burak BAYRAK<\/p>\n","protected":false},"author":47,"featured_media":0,"parent":0,"menu_order":0,"comment_status":"closed","ping_status":"closed","template":"","meta":{"footnotes":""},"class_list":["post-11891","page","type-page","status-publish","hentry"],"_links":{"self":[{"href":"https:\/\/atauni.edu.tr\/eczacilik-fakultesi\/wp-json\/wp\/v2\/pages\/11891","targetHints":{"allow":["GET"]}}],"collection":[{"href":"https:\/\/atauni.edu.tr\/eczacilik-fakultesi\/wp-json\/wp\/v2\/pages"}],"about":[{"href":"https:\/\/atauni.edu.tr\/eczacilik-fakultesi\/wp-json\/wp\/v2\/types\/page"}],"author":[{"embeddable":true,"href":"https:\/\/atauni.edu.tr\/eczacilik-fakultesi\/wp-json\/wp\/v2\/users\/47"}],"replies":[{"embeddable":true,"href":"https:\/\/atauni.edu.tr\/eczacilik-fakultesi\/wp-json\/wp\/v2\/comments?post=11891"}],"version-history":[{"count":4,"href":"https:\/\/atauni.edu.tr\/eczacilik-fakultesi\/wp-json\/wp\/v2\/pages\/11891\/revisions"}],"predecessor-version":[{"id":14032,"href":"https:\/\/atauni.edu.tr\/eczacilik-fakultesi\/wp-json\/wp\/v2\/pages\/11891\/revisions\/14032"}],"wp:attachment":[{"href":"https:\/\/atauni.edu.tr\/eczacilik-fakultesi\/wp-json\/wp\/v2\/media?parent=11891"}],"curies":[{"name":"wp","href":"https:\/\/api.w.org\/{rel}","templated":true}]}}