{"id":11893,"date":"2022-11-22T14:29:32","date_gmt":"2022-11-22T11:29:32","guid":{"rendered":"http:\/\/birimler.atauni.edu.tr\/eczacilik-fakultesi\/?page_id=11893"},"modified":"2025-10-28T14:16:19","modified_gmt":"2025-10-28T11:16:19","slug":"etkinlikleri-takip-komisyonu","status":"publish","type":"page","link":"https:\/\/atauni.edu.tr\/eczacilik-fakultesi\/etkinlikleri-takip-komisyonu\/","title":{"rendered":"Etkinlikleri Takip Komisyonu"},"content":{"rendered":"\n<figure class=\"wp-block-table\"><table><tbody><tr><td>Prof. Dr. Beyzag\u00fcl ERKAYMAN (Dekan)<\/td><\/tr><tr><td>Do\u00e7. Dr. R\u00fcstem An\u0131l U\u011eAN (Dekan Yard\u0131mc\u0131s\u0131)<\/td><\/tr><tr><td>Do\u00e7. Dr. Elif ULUTA\u015e DEN\u0130Z (Dekan Yard\u0131mc\u0131s\u0131)<\/td><\/tr><tr><td>Ar\u015f. G\u00f6r. Enes TEKMAN<\/td><\/tr><\/tbody><\/table><\/figure>\n","protected":false},"excerpt":{"rendered":"<p>Prof. Dr. Beyzag\u00fcl ERKAYMAN (Dekan) Do\u00e7. Dr. R\u00fcstem An\u0131l U\u011eAN (Dekan Yard\u0131mc\u0131s\u0131) Do\u00e7. Dr. Elif ULUTA\u015e DEN\u0130Z (Dekan Yard\u0131mc\u0131s\u0131) Ar\u015f. G\u00f6r. Enes TEKMAN<\/p>\n","protected":false},"author":47,"featured_media":0,"parent":0,"menu_order":0,"comment_status":"closed","ping_status":"closed","template":"","meta":{"footnotes":""},"class_list":["post-11893","page","type-page","status-publish","hentry"],"_links":{"self":[{"href":"https:\/\/atauni.edu.tr\/eczacilik-fakultesi\/wp-json\/wp\/v2\/pages\/11893","targetHints":{"allow":["GET"]}}],"collection":[{"href":"https:\/\/atauni.edu.tr\/eczacilik-fakultesi\/wp-json\/wp\/v2\/pages"}],"about":[{"href":"https:\/\/atauni.edu.tr\/eczacilik-fakultesi\/wp-json\/wp\/v2\/types\/page"}],"author":[{"embeddable":true,"href":"https:\/\/atauni.edu.tr\/eczacilik-fakultesi\/wp-json\/wp\/v2\/users\/47"}],"replies":[{"embeddable":true,"href":"https:\/\/atauni.edu.tr\/eczacilik-fakultesi\/wp-json\/wp\/v2\/comments?post=11893"}],"version-history":[{"count":3,"href":"https:\/\/atauni.edu.tr\/eczacilik-fakultesi\/wp-json\/wp\/v2\/pages\/11893\/revisions"}],"predecessor-version":[{"id":13985,"href":"https:\/\/atauni.edu.tr\/eczacilik-fakultesi\/wp-json\/wp\/v2\/pages\/11893\/revisions\/13985"}],"wp:attachment":[{"href":"https:\/\/atauni.edu.tr\/eczacilik-fakultesi\/wp-json\/wp\/v2\/media?parent=11893"}],"curies":[{"name":"wp","href":"https:\/\/api.w.org\/{rel}","templated":true}]}}