{"id":11895,"date":"2022-11-22T14:29:58","date_gmt":"2022-11-22T11:29:58","guid":{"rendered":"http:\/\/birimler.atauni.edu.tr\/eczacilik-fakultesi\/?page_id=11895"},"modified":"2025-10-28T14:18:28","modified_gmt":"2025-10-28T11:18:28","slug":"arastirma-isbirlikleri-gelistirme-komisyonu","status":"publish","type":"page","link":"https:\/\/atauni.edu.tr\/eczacilik-fakultesi\/arastirma-isbirlikleri-gelistirme-komisyonu\/","title":{"rendered":"Ara\u015ft\u0131rma \u0130\u015fbirlikleri Geli\u015ftirme Komisyonu"},"content":{"rendered":"\n<figure class=\"wp-block-table\"><table><tbody><tr><td>Prof. Dr. Song\u00fcl KARAKAYA<\/td><\/tr><tr><td>Do\u00e7. Dr. R\u00fcstem An\u0131l UGAN (Dekan Yard\u0131mc\u0131s\u0131)<\/td><\/tr><tr><td>Do\u00e7. Dr. \u00dcyesi Elif ULUTA\u015e DEN\u0130Z (Dekan Yard\u0131mc\u0131s\u0131)<\/td><\/tr><tr><td>Do\u00e7. Dr. Leyla G\u00dcVEN<\/td><\/tr><tr><td>Do\u00e7. Dr. Afife B\u00fc\u015fra U\u011eUR<\/td><\/tr><\/tbody><\/table><\/figure>\n","protected":false},"excerpt":{"rendered":"<p>Prof. Dr. Song\u00fcl KARAKAYA Do\u00e7. Dr. R\u00fcstem An\u0131l UGAN (Dekan Yard\u0131mc\u0131s\u0131) Do\u00e7. Dr. \u00dcyesi Elif ULUTA\u015e DEN\u0130Z (Dekan Yard\u0131mc\u0131s\u0131) Do\u00e7. Dr. Leyla G\u00dcVEN Do\u00e7. Dr. Afife B\u00fc\u015fra U\u011eUR<\/p>\n","protected":false},"author":47,"featured_media":0,"parent":0,"menu_order":0,"comment_status":"closed","ping_status":"closed","template":"","meta":{"footnotes":""},"class_list":["post-11895","page","type-page","status-publish","hentry"],"_links":{"self":[{"href":"https:\/\/atauni.edu.tr\/eczacilik-fakultesi\/wp-json\/wp\/v2\/pages\/11895","targetHints":{"allow":["GET"]}}],"collection":[{"href":"https:\/\/atauni.edu.tr\/eczacilik-fakultesi\/wp-json\/wp\/v2\/pages"}],"about":[{"href":"https:\/\/atauni.edu.tr\/eczacilik-fakultesi\/wp-json\/wp\/v2\/types\/page"}],"author":[{"embeddable":true,"href":"https:\/\/atauni.edu.tr\/eczacilik-fakultesi\/wp-json\/wp\/v2\/users\/47"}],"replies":[{"embeddable":true,"href":"https:\/\/atauni.edu.tr\/eczacilik-fakultesi\/wp-json\/wp\/v2\/comments?post=11895"}],"version-history":[{"count":3,"href":"https:\/\/atauni.edu.tr\/eczacilik-fakultesi\/wp-json\/wp\/v2\/pages\/11895\/revisions"}],"predecessor-version":[{"id":13986,"href":"https:\/\/atauni.edu.tr\/eczacilik-fakultesi\/wp-json\/wp\/v2\/pages\/11895\/revisions\/13986"}],"wp:attachment":[{"href":"https:\/\/atauni.edu.tr\/eczacilik-fakultesi\/wp-json\/wp\/v2\/media?parent=11895"}],"curies":[{"name":"wp","href":"https:\/\/api.w.org\/{rel}","templated":true}]}}