{"id":11897,"date":"2022-11-22T14:30:19","date_gmt":"2022-11-22T11:30:19","guid":{"rendered":"http:\/\/birimler.atauni.edu.tr\/eczacilik-fakultesi\/?page_id=11897"},"modified":"2025-10-28T18:00:15","modified_gmt":"2025-10-28T15:00:15","slug":"labsis-komisyonu","status":"publish","type":"page","link":"https:\/\/atauni.edu.tr\/eczacilik-fakultesi\/labsis-komisyonu\/","title":{"rendered":"Labsis Komisyonu"},"content":{"rendered":"\n<figure class=\"wp-block-table\"><table><tbody><tr><td>Prof. Dr. Beyzag\u00fcl ERKAYMAN &#8211; Dekan<\/td><\/tr><tr><td>Do\u00e7. Dr. R\u00fcstem An\u0131l U\u011eAN \u2013 Dekan Yard\u0131mc\u0131s\u0131<\/td><\/tr><tr><td>Do\u00e7. Dr. Elif ULUTA\u015e DEN\u0130Z \u2013 Dekan Yard\u0131mc\u0131s\u0131<\/td><\/tr><tr><td>Ecz. Fak. Sek. Mustafa CO\u015eKUN<\/td><\/tr><tr><td>Prof. Dr. Z\u00fchal G\u00dcVENALP \u2013 B\u00f6l\u00fcm Ba\u015fkan\u0131<\/td><\/tr><tr><td>Prof. Dr. Meltem \u00c7ET\u0130N \u2013 B\u00f6l\u00fcm Ba\u015fkan\u0131<\/td><\/tr><tr><td>Prof. Dr. Bilal YILMAZ \u2013 B\u00f6l\u00fcm Ba\u015fkan\u0131<\/td><\/tr><tr><td>Prof. Dr. Mine G\u00dcLABO\u011eLU- Biyokimya AD Ba\u015fkan\u0131<\/td><\/tr><tr><td>Prof. Dr. Y\u00fccel KADIO\u011eLU \u2013 Analitik Kimya AD<\/td><\/tr><tr><td>Do\u00e7. Dr. Esen S. KARAO\u011eLAN \u2013 Farmas\u00f6tik Botanik AD Ba\u015fkan\u0131<\/td><\/tr><tr><td>Do\u00e7. Dr. Mehmet KOCA \u2013 Farmas\u00f6tik Kimya AD Ba\u015fkan\u0131<\/td><\/tr><tr><td>Do\u00e7. Dr. Hayrunisa HANCI \u2013 Farmas\u00f6tik Mikrobiyoloji AD Ba\u015fkan\u0131<\/td><\/tr><tr><td>Ar\u015f. G\u00f6r. Dr. Fatma Bet\u00fcl YOLADI \u2013 Farmas\u00f6tik Toksikoloji AD<\/td><\/tr><tr><td>Ar\u015f. G\u00f6r. Dr. Burak BAYRAK \u2013 Analitik Kimya AD<\/td><\/tr><tr><td>Ar\u015f. G\u00f6r. Enes TEKMAN \u2013 Farmas\u00f6tik Botanik AD<\/td><\/tr><\/tbody><\/table><\/figure>\n","protected":false},"excerpt":{"rendered":"<p>Prof. Dr. Beyzag\u00fcl ERKAYMAN &#8211; Dekan Do\u00e7. Dr. R\u00fcstem An\u0131l U\u011eAN \u2013 Dekan Yard\u0131mc\u0131s\u0131 Do\u00e7. Dr. Elif ULUTA\u015e DEN\u0130Z \u2013 Dekan Yard\u0131mc\u0131s\u0131 Ecz. Fak. Sek. Mustafa CO\u015eKUN Prof. Dr. Z\u00fchal G\u00dcVENALP \u2013 B\u00f6l\u00fcm Ba\u015fkan\u0131 Prof. Dr. Meltem \u00c7ET\u0130N \u2013 B\u00f6l\u00fcm Ba\u015fkan\u0131 Prof. Dr. Bilal YILMAZ \u2013 B\u00f6l\u00fcm Ba\u015fkan\u0131 Prof. Dr. Mine G\u00dcLABO\u011eLU- Biyokimya AD Ba\u015fkan\u0131 [&hellip;]<\/p>\n","protected":false},"author":47,"featured_media":0,"parent":0,"menu_order":0,"comment_status":"closed","ping_status":"closed","template":"","meta":{"footnotes":""},"class_list":["post-11897","page","type-page","status-publish","hentry"],"_links":{"self":[{"href":"https:\/\/atauni.edu.tr\/eczacilik-fakultesi\/wp-json\/wp\/v2\/pages\/11897","targetHints":{"allow":["GET"]}}],"collection":[{"href":"https:\/\/atauni.edu.tr\/eczacilik-fakultesi\/wp-json\/wp\/v2\/pages"}],"about":[{"href":"https:\/\/atauni.edu.tr\/eczacilik-fakultesi\/wp-json\/wp\/v2\/types\/page"}],"author":[{"embeddable":true,"href":"https:\/\/atauni.edu.tr\/eczacilik-fakultesi\/wp-json\/wp\/v2\/users\/47"}],"replies":[{"embeddable":true,"href":"https:\/\/atauni.edu.tr\/eczacilik-fakultesi\/wp-json\/wp\/v2\/comments?post=11897"}],"version-history":[{"count":5,"href":"https:\/\/atauni.edu.tr\/eczacilik-fakultesi\/wp-json\/wp\/v2\/pages\/11897\/revisions"}],"predecessor-version":[{"id":14033,"href":"https:\/\/atauni.edu.tr\/eczacilik-fakultesi\/wp-json\/wp\/v2\/pages\/11897\/revisions\/14033"}],"wp:attachment":[{"href":"https:\/\/atauni.edu.tr\/eczacilik-fakultesi\/wp-json\/wp\/v2\/media?parent=11897"}],"curies":[{"name":"wp","href":"https:\/\/api.w.org\/{rel}","templated":true}]}}