{"id":11899,"date":"2022-11-22T14:30:41","date_gmt":"2022-11-22T11:30:41","guid":{"rendered":"http:\/\/birimler.atauni.edu.tr\/eczacilik-fakultesi\/?page_id=11899"},"modified":"2025-10-28T16:52:52","modified_gmt":"2025-10-28T13:52:52","slug":"is-sagligi-ve-guvenligi-kurulu","status":"publish","type":"page","link":"https:\/\/atauni.edu.tr\/eczacilik-fakultesi\/is-sagligi-ve-guvenligi-kurulu\/","title":{"rendered":"\u0130\u015f Sa\u011fl\u0131\u011f\u0131 ve G\u00fcvenli\u011fi Kurulu"},"content":{"rendered":"\t\t<div data-elementor-type=\"wp-page\" data-elementor-id=\"11899\" class=\"elementor elementor-11899\" data-elementor-post-type=\"page\">\n\t\t\t\t\t\t<section class=\"elementor-section elementor-top-section elementor-element elementor-element-328499b elementor-section-boxed elementor-section-height-default elementor-section-height-default\" data-id=\"328499b\" data-element_type=\"section\">\n\t\t\t\t\t\t<div class=\"elementor-container elementor-column-gap-default\">\n\t\t\t\t\t<div class=\"elementor-column elementor-col-100 elementor-top-column elementor-element elementor-element-cc7434b\" data-id=\"cc7434b\" data-element_type=\"column\">\n\t\t\t<div class=\"elementor-widget-wrap elementor-element-populated\">\n\t\t\t\t\t\t<div class=\"elementor-element elementor-element-43dc677 elementor-widget elementor-widget-text-editor\" data-id=\"43dc677\" data-element_type=\"widget\" data-widget_type=\"text-editor.default\">\n\t\t\t\t<div class=\"elementor-widget-container\">\n\t\t\t\t\t\t\t\t\t<h5><span style=\"font-size: 9.0pt;line-height: 115%\">\u0130\u015f Sa\u011fl\u0131\u011f\u0131 ve G\u00fcvenli\u011fi Kurullar\u0131 Hakk\u0131nda Y\u00f6netmeli\u011finin 6. Maddesi \u00e7er\u00e7evesinde fak\u00fcltemizde olu\u015fturulan kurul \u00fcyeleri.<\/span><\/h5><table style=\"width: 448.2pt;margin-left: -1.9pt;border: initial none initial\" border=\"1\" width=\"747\" cellspacing=\"0\" cellpadding=\"0\"><tbody><tr style=\"height: 15.0pt\"><td style=\"width: 200.1pt;border-width: 1pt;border-color: windowtext;padding: 0cm 3.5pt;height: 15pt\" valign=\"top\" width=\"334\"><p style=\"margin-bottom: .0001pt;text-align: center;line-height: normal\" align=\"center\"><b>\u0130\u015f Sa\u011fl\u0131\u011f\u0131 ve G\u00fcvenli\u011fi<\/b><\/p><\/td><td style=\"width: 248.1pt;border-top-width: 1pt;border-right-width: 1pt;border-bottom-width: 1pt;border-top-color: windowtext;border-right-color: windowtext;border-bottom-color: windowtext;border-left: none;padding: 0cm 3.5pt;height: 15pt\" valign=\"top\" width=\"414\"><p style=\"margin-bottom: .0001pt;text-align: center;line-height: normal\" align=\"center\"><b>Ad\u0131 ve Soyad\u0131<\/b><\/p><\/td><\/tr><tr><td style=\"width: 200.1pt;border-right-width: 1pt;border-bottom-width: 1pt;border-left-width: 1pt;border-right-color: windowtext;border-bottom-color: windowtext;border-left-color: windowtext;border-top: none;padding: 0cm 5.4pt\" valign=\"top\" width=\"334\"><p style=\"margin-bottom: .0001pt;line-height: normal\">\u0130\u015fveren Vekili<\/p><\/td><td style=\"width: 248.1pt;border-top: none;border-left: none;border-bottom-width: 1pt;border-bottom-color: windowtext;border-right-width: 1pt;border-right-color: windowtext;padding: 0cm 5.4pt\" valign=\"top\" width=\"414\"><p style=\"margin-bottom: .0001pt;line-height: normal\">Do\u00e7. Dr. Elif ULUTA\u015e DEN\u0130Z <span style=\"color: var( --e-global-color-text );letter-spacing: 0px\">(Dekan Yard\u0131mc\u0131s\u0131)<\/span><\/p><p style=\"margin-bottom: .0001pt;line-height: normal\">Do\u00e7. Dr. R\u00fcstem An\u0131l U\u011eAN (Dekan Yard\u0131mc\u0131s\u0131)<\/p><\/td><\/tr><tr><td style=\"width: 200.1pt;border-right-width: 1pt;border-bottom-width: 1pt;border-left-width: 1pt;border-right-color: windowtext;border-bottom-color: windowtext;border-left-color: windowtext;border-top: none;padding: 0cm 5.4pt\" valign=\"top\" width=\"334\"><p style=\"margin-bottom: .0001pt;line-height: normal\">\u0130\u015f Sa\u011fl\u0131\u011f\u0131 ve \u00a0G\u00fcvenli\u011fi Uzman\u0131<\/p><\/td><td style=\"width: 248.1pt;border-top: none;border-left: none;border-bottom-width: 1pt;border-bottom-color: windowtext;border-right-width: 1pt;border-right-color: windowtext;padding: 0cm 5.4pt\" valign=\"top\" width=\"414\"><p style=\"margin-bottom: .0001pt;line-height: normal\">\u00d6\u011fr. G\u00f6r. Fatma YIDIRIM<\/p><\/td><\/tr><tr><td style=\"width: 200.1pt;border-right-width: 1pt;border-bottom-width: 1pt;border-left-width: 1pt;border-right-color: windowtext;border-bottom-color: windowtext;border-left-color: windowtext;border-top: none;padding: 0cm 5.4pt\" valign=\"top\" width=\"334\"><p style=\"margin-bottom: .0001pt;line-height: normal\">\u0130\u015fyeri Hekimi<\/p><\/td><td style=\"width: 248.1pt;border-top: none;border-left: none;border-bottom-width: 1pt;border-bottom-color: windowtext;border-right-width: 1pt;border-right-color: windowtext;padding: 0cm 5.4pt\" valign=\"top\" width=\"414\"><p style=\"margin-bottom: .0001pt;line-height: normal\">Do\u00e7.Dr. Z\u00fclk\u00fcf KAYA<\/p><\/td><\/tr><tr style=\"height: 23.25pt\"><td style=\"width: 200.1pt;border-right-width: 1pt;border-bottom-width: 1pt;border-left-width: 1pt;border-right-color: windowtext;border-bottom-color: windowtext;border-left-color: windowtext;border-top: none;padding: 0cm 5.4pt;height: 23.25pt\" rowspan=\"2\" valign=\"top\" width=\"334\"><p style=\"margin-bottom: .0001pt;line-height: normal\">\u0130nsan Kaynaklar\u0131,<br \/>personel, sosyal i\u015fler veya idari ve mali i\u015fleri y\u00fcr\u00fctmekle g\u00f6revli personel<\/p><\/td><td style=\"width: 248.1pt;border-top: none;border-left: none;border-bottom-width: 1pt;border-bottom-color: windowtext;border-right-width: 1pt;border-right-color: windowtext;padding: 0cm 5.4pt;height: 23.25pt\" valign=\"top\" width=\"414\"><p style=\"margin-bottom: .0001pt;line-height: normal\">Mustafa CO\u015eKUN\u00a0<span style=\"color: var( --e-global-color-text );letter-spacing: 0px\">Fak\u00fclte Sekreteri <\/span><span style=\"color: var( --e-global-color-text );letter-spacing: 0px\">V.<\/span><\/p><\/td><\/tr><tr style=\"height: 31.5pt\"><td style=\"width: 248.1pt;border-top: none;border-left: none;border-bottom-width: 1pt;border-bottom-color: windowtext;border-right-width: 1pt;border-right-color: windowtext;padding: 0cm 5.4pt;height: 31.5pt\" valign=\"top\" width=\"414\"><p style=\"margin-bottom: .0001pt;line-height: normal\">\u015eakir KARS\u00a0<span style=\"color: var( --e-global-color-text );letter-spacing: 0px\">Personel \u0130\u015fleri<\/span><\/p><\/td><\/tr><tr><td style=\"width: 200.1pt;border-right-width: 1pt;border-bottom-width: 1pt;border-left-width: 1pt;border-right-color: windowtext;border-bottom-color: windowtext;border-left-color: windowtext;border-top: none;padding: 0cm 5.4pt\" valign=\"top\" width=\"334\"><p style=\"margin-bottom: .0001pt;line-height: normal\">Bulunmas\u0131 halinde<br \/>sivil savunma uzman\u0131<\/p><\/td><td style=\"width: 248.1pt;border-top: none;border-left: none;border-bottom-width: 1pt;border-bottom-color: windowtext;border-right-width: 1pt;border-right-color: windowtext;padding: 0cm 5.4pt\" valign=\"top\" width=\"414\"><p style=\"margin-bottom: .0001pt;line-height: normal\">\u00a0<\/p><\/td><\/tr><tr><td style=\"width: 200.1pt;border-right-width: 1pt;border-bottom-width: 1pt;border-left-width: 1pt;border-right-color: windowtext;border-bottom-color: windowtext;border-left-color: windowtext;border-top: none;padding: 0cm 5.4pt\" valign=\"top\" width=\"334\"><p style=\"margin-bottom: .0001pt;line-height: normal\">Bulunmas\u0131 halinde<br \/>formen, ustaba\u015f\u0131 veya usta<\/p><\/td><td style=\"width: 248.1pt;border-top: none;border-left: none;border-bottom-width: 1pt;border-bottom-color: windowtext;border-right-width: 1pt;border-right-color: windowtext;padding: 0cm 5.4pt\" valign=\"top\" width=\"414\"><p style=\"margin-bottom: .0001pt;line-height: normal\">\u00a0<\/p><\/td><\/tr><tr style=\"height: 12.75pt\"><td style=\"width: 200.1pt;border-right-width: 1pt;border-bottom-width: 1pt;border-left-width: 1pt;border-right-color: windowtext;border-bottom-color: windowtext;border-left-color: windowtext;border-top: none;padding: 0cm 5.4pt;height: 12.75pt\" rowspan=\"2\" valign=\"top\" width=\"334\"><p style=\"margin-bottom: .0001pt;line-height: normal\">\u00c7al\u0131\u015fan temsilcisi<\/p><\/td><td style=\"width: 248.1pt;border-top: none;border-left: none;border-bottom-width: 1pt;border-bottom-color: windowtext;border-right-width: 1pt;border-right-color: windowtext;padding: 0cm 5.4pt;height: 12.75pt\" valign=\"top\" width=\"414\"><p style=\"margin-bottom: .0001pt;line-height: normal\">Erhan \u00c7\u0130L\u00a0<span style=\"color: var( --e-global-color-text );letter-spacing: 0px\">Bilgisayar\u00a0<\/span><span style=\"color: var( --e-global-color-text );letter-spacing: 0px\">\u0130\u015fletmeni<\/span><\/p><\/td><\/tr><tr style=\"height: 15.0pt\"><td style=\"width: 248.1pt;border-top: none;border-left: none;border-bottom-width: 1pt;border-bottom-color: windowtext;border-right-width: 1pt;border-right-color: windowtext;padding: 0cm 5.4pt;height: 15pt\" valign=\"top\" width=\"414\"><p style=\"margin-bottom: .0001pt;line-height: normal\">Re\u015fat SOSLU\u00a0<span style=\"color: var( --e-global-color-text );letter-spacing: 0px\">Veri Haz\u0131rlama ve\u00a0<\/span><span style=\"color: var( --e-global-color-text );letter-spacing: 0px\">Kontrol \u0130\u015fletmeni<\/span><\/p><\/td><\/tr><\/tbody><\/table><p>E\u011fitim-\u00d6\u011fretim Ara\u015ft\u0131rma ve Uygulama \u00c7al\u0131\u015fmalar\u0131 i\u00e7in tahsis edilen Ara\u015ft\u0131rma ve \u00d6\u011frenci Laboratuvar\u0131 Temsilcileri.<\/p><table style=\"width: 446.3pt;border: initial none initial\" border=\"1\" width=\"744\" cellspacing=\"0\" cellpadding=\"0\"><tbody><tr><td style=\"width: 198.2pt;border-width: 1pt;border-color: windowtext;padding: 0cm 5.4pt\" valign=\"top\" width=\"330\"><p style=\"margin-bottom: .0001pt;line-height: normal\">Farmas\u00f6tik<br \/>Teknoloji Laboratuvar\u0131- \u00d6\u011frenci Laboratuvar\u0131 1<\/p><\/td><td style=\"width: 248.1pt;border-top-width: 1pt;border-right-width: 1pt;border-bottom-width: 1pt;border-top-color: windowtext;border-right-color: windowtext;border-bottom-color: windowtext;border-left: none;padding: 0cm 5.4pt\" valign=\"top\" width=\"414\"><p style=\"margin-bottom: .0001pt;line-height: normal\">Do\u00e7. Dr.\u00a0Rukiye SEV\u0130N\u00c7 \u00d6ZAKAR<\/p><\/td><\/tr><tr><td style=\"width: 198.2pt;border-right-width: 1pt;border-bottom-width: 1pt;border-left-width: 1pt;border-right-color: windowtext;border-bottom-color: windowtext;border-left-color: windowtext;border-top: none;padding: 0cm 5.4pt\" valign=\"top\" width=\"330\"><p style=\"margin-bottom: .0001pt;line-height: normal\">Farmakognozi<br \/>Laboratuvar\u0131- \u00d6\u011frenci Laboratuvar\u0131 2- Mikroskop Laboratuvar\u0131<\/p><\/td><td style=\"width: 248.1pt;border-top: none;border-left: none;border-bottom-width: 1pt;border-bottom-color: windowtext;border-right-width: 1pt;border-right-color: windowtext;padding: 0cm 5.4pt\" valign=\"top\" width=\"414\"><p style=\"margin-bottom: .0001pt;line-height: normal\">\u00a0Do\u00e7. Dr.\u00a0Hafize YUCA<\/p><\/td><\/tr><tr><td style=\"width: 198.2pt;border-right-width: 1pt;border-bottom-width: 1pt;border-left-width: 1pt;border-right-color: windowtext;border-bottom-color: windowtext;border-left-color: windowtext;border-top: none;padding: 0cm 5.4pt\" valign=\"top\" width=\"330\"><p style=\"margin-bottom: .0001pt;line-height: normal\">Analitik Kimya<br \/>Laboratuvar\u0131- Enstr\u00fcmental Analiz Laboratuvar\u0131- \u00d6\u011frenci Laboratuvar\u0131 2<\/p><\/td><td style=\"width: 248.1pt;border-top: none;border-left: none;border-bottom-width: 1pt;border-bottom-color: windowtext;border-right-width: 1pt;border-right-color: windowtext;padding: 0cm 5.4pt\" valign=\"top\" width=\"414\"><p style=\"margin-bottom: .0001pt;line-height: normal\">Prof. Dr. Onur \u015eENOL<\/p><\/td><\/tr><tr><td style=\"width: 198.2pt;border-right-width: 1pt;border-bottom-width: 1pt;border-left-width: 1pt;border-right-color: windowtext;border-bottom-color: windowtext;border-left-color: windowtext;border-top: none;padding: 0cm 5.4pt\" valign=\"top\" width=\"330\"><p style=\"margin-bottom: .0001pt;line-height: normal\">Biyokimya<br \/>Laboratuvar\u0131- \u00d6\u011frenci Laboratuvar\u0131 1<\/p><\/td><td style=\"width: 248.1pt;border-top: none;border-left: none;border-bottom-width: 1pt;border-bottom-color: windowtext;border-right-width: 1pt;border-right-color: windowtext;padding: 0cm 5.4pt\" valign=\"top\" width=\"414\"><p style=\"margin-bottom: .0001pt;line-height: normal\">Do\u00e7. Dr.\u00a0Zerrin KUTLU<\/p><p style=\"margin-bottom: .0001pt;line-height: normal\">\u00a0<\/p><\/td><\/tr><tr><td style=\"width: 198.2pt;border-right-width: 1pt;border-bottom-width: 1pt;border-left-width: 1pt;border-right-color: windowtext;border-bottom-color: windowtext;border-left-color: windowtext;border-top: none;padding: 0cm 5.4pt\" valign=\"top\" width=\"330\"><p style=\"margin-bottom: .0001pt;line-height: normal\">Farmas\u00f6tik Kimya Laboratuvar\u0131-<br \/>\u00d6\u011frenci Laboratuvar\u0131 2<\/p><\/td><td style=\"width: 248.1pt;border-top: none;border-left: none;border-bottom-width: 1pt;border-bottom-color: windowtext;border-right-width: 1pt;border-right-color: windowtext;padding: 0cm 5.4pt\" valign=\"top\" width=\"414\"><p style=\"margin-bottom: .0001pt;line-height: normal\">Do\u00e7. Dr.\u00a0Mehmet KOCA<\/p><\/td><\/tr><tr><td style=\"width: 198.2pt;border-right-width: 1pt;border-bottom-width: 1pt;border-left-width: 1pt;border-right-color: windowtext;border-bottom-color: windowtext;border-left-color: windowtext;border-top: none;padding: 0cm 5.4pt\" valign=\"top\" width=\"330\"><p style=\"margin-bottom: .0001pt;line-height: normal\">Farmas\u00f6tik<br \/>Toksikoloji Laboratuvar\u0131- Sitotoksiside Laboratuvar\u0131- \u00d6\u011frenci Laboratuvar\u0131 1<\/p><\/td><td style=\"width: 248.1pt;border-top: none;border-left: none;border-bottom-width: 1pt;border-bottom-color: windowtext;border-right-width: 1pt;border-right-color: windowtext;padding: 0cm 5.4pt\" valign=\"top\" width=\"414\"><p style=\"margin-bottom: .0001pt;line-height: normal\">Ar\u015f. G\u00f6r. Dr. Fatma Bet\u00fcl \u0130SP\u0130R YOLADI<\/p><\/td><\/tr><tr><td style=\"width: 198.2pt;border-right-width: 1pt;border-bottom-width: 1pt;border-left-width: 1pt;border-right-color: windowtext;border-bottom-color: windowtext;border-left-color: windowtext;border-top: none;padding: 0cm 5.4pt\" valign=\"top\" width=\"330\"><p style=\"margin-bottom: .0001pt;line-height: normal\">Farmas\u00f6tik Botanik<br \/>Laboratuvar\u0131- Herbaryum \u00dcnitesi- \u00d6\u011frenci Laboratuvar\u0131 2<\/p><\/td><td style=\"width: 248.1pt;border-top: none;border-left: none;border-bottom-width: 1pt;border-bottom-color: windowtext;border-right-width: 1pt;border-right-color: windowtext;padding: 0cm 5.4pt\" valign=\"top\" width=\"414\"><p style=\"margin-bottom: .0001pt;line-height: normal\">Do\u00e7. Dr. Esen SEZEN KARAO\u011eLAN<\/p><\/td><\/tr><tr><td style=\"width: 198.2pt;border-right-width: 1pt;border-bottom-width: 1pt;border-left-width: 1pt;border-right-color: windowtext;border-bottom-color: windowtext;border-left-color: windowtext;border-top: none;padding: 0cm 5.4pt\" valign=\"top\" width=\"330\"><p style=\"margin-bottom: .0001pt;line-height: normal\">Farmakoloji<br \/>Laboratuvar\u0131<\/p><\/td><td style=\"width: 248.1pt;border-top: none;border-left: none;border-bottom-width: 1pt;border-bottom-color: windowtext;border-right-width: 1pt;border-right-color: windowtext;padding: 0cm 5.4pt\" valign=\"top\" width=\"414\"><p style=\"margin-bottom: .0001pt;line-height: normal\">Do\u00e7. Dr. R\u00fcstem An\u0131l U\u011eAN<\/p><\/td><\/tr><tr><td style=\"width: 198.2pt;border-right-width: 1pt;border-bottom-width: 1pt;border-left-width: 1pt;border-right-color: windowtext;border-bottom-color: windowtext;border-left-color: windowtext;border-top: none;padding: 0cm 5.4pt\" valign=\"top\" width=\"330\"><p style=\"margin-bottom: .0001pt;line-height: normal\">Farmas\u00f6tik<br \/>Mikrobiyoloji Laboratuvar\u0131<\/p><\/td><td style=\"width: 248.1pt;border-top: none;border-left: none;border-bottom-width: 1pt;border-bottom-color: windowtext;border-right-width: 1pt;border-right-color: windowtext;padding: 0cm 5.4pt\" valign=\"top\" width=\"414\"><p style=\"margin-bottom: .0001pt;line-height: normal\">Do\u00e7. Dr.\u00a0Hayrunisa HANCI<\/p><\/td><\/tr><\/tbody><\/table>\t\t\t\t\t\t\t\t<\/div>\n\t\t\t\t<\/div>\n\t\t\t\t\t<\/div>\n\t\t<\/div>\n\t\t\t\t\t<\/div>\n\t\t<\/section>\n\t\t\t\t<\/div>\n\t\t","protected":false},"excerpt":{"rendered":"<p>\u0130\u015f Sa\u011fl\u0131\u011f\u0131 ve G\u00fcvenli\u011fi Kurullar\u0131 Hakk\u0131nda Y\u00f6netmeli\u011finin 6. Maddesi \u00e7er\u00e7evesinde fak\u00fcltemizde olu\u015fturulan kurul \u00fcyeleri. \u0130\u015f Sa\u011fl\u0131\u011f\u0131 ve G\u00fcvenli\u011fi Ad\u0131 ve Soyad\u0131 \u0130\u015fveren Vekili Do\u00e7. Dr. Elif ULUTA\u015e DEN\u0130Z (Dekan Yard\u0131mc\u0131s\u0131) Do\u00e7. Dr. R\u00fcstem An\u0131l U\u011eAN (Dekan Yard\u0131mc\u0131s\u0131) \u0130\u015f Sa\u011fl\u0131\u011f\u0131 ve \u00a0G\u00fcvenli\u011fi Uzman\u0131 \u00d6\u011fr. G\u00f6r. Fatma YIDIRIM \u0130\u015fyeri Hekimi Do\u00e7.Dr. Z\u00fclk\u00fcf KAYA \u0130nsan Kaynaklar\u0131,personel, sosyal i\u015fler [&hellip;]<\/p>\n","protected":false},"author":47,"featured_media":0,"parent":0,"menu_order":0,"comment_status":"closed","ping_status":"closed","template":"","meta":{"footnotes":""},"class_list":["post-11899","page","type-page","status-publish","hentry"],"_links":{"self":[{"href":"https:\/\/atauni.edu.tr\/eczacilik-fakultesi\/wp-json\/wp\/v2\/pages\/11899","targetHints":{"allow":["GET"]}}],"collection":[{"href":"https:\/\/atauni.edu.tr\/eczacilik-fakultesi\/wp-json\/wp\/v2\/pages"}],"about":[{"href":"https:\/\/atauni.edu.tr\/eczacilik-fakultesi\/wp-json\/wp\/v2\/types\/page"}],"author":[{"embeddable":true,"href":"https:\/\/atauni.edu.tr\/eczacilik-fakultesi\/wp-json\/wp\/v2\/users\/47"}],"replies":[{"embeddable":true,"href":"https:\/\/atauni.edu.tr\/eczacilik-fakultesi\/wp-json\/wp\/v2\/comments?post=11899"}],"version-history":[{"count":21,"href":"https:\/\/atauni.edu.tr\/eczacilik-fakultesi\/wp-json\/wp\/v2\/pages\/11899\/revisions"}],"predecessor-version":[{"id":13994,"href":"https:\/\/atauni.edu.tr\/eczacilik-fakultesi\/wp-json\/wp\/v2\/pages\/11899\/revisions\/13994"}],"wp:attachment":[{"href":"https:\/\/atauni.edu.tr\/eczacilik-fakultesi\/wp-json\/wp\/v2\/media?parent=11899"}],"curies":[{"name":"wp","href":"https:\/\/api.w.org\/{rel}","templated":true}]}}