{"id":11913,"date":"2022-11-22T15:02:09","date_gmt":"2022-11-22T12:02:09","guid":{"rendered":"http:\/\/birimler.atauni.edu.tr\/eczacilik-fakultesi\/?page_id=11913"},"modified":"2022-11-22T15:15:20","modified_gmt":"2022-11-22T12:15:20","slug":"topluma-katki-komisyonlari","status":"publish","type":"page","link":"https:\/\/atauni.edu.tr\/eczacilik-fakultesi\/topluma-katki-komisyonlari\/","title":{"rendered":"Topluma Katk\u0131 Komisyonlar\u0131"},"content":{"rendered":"\n<p><a href=\"http:\/\/birimler.atauni.edu.tr\/eczacilik-fakultesi\/toplumsal-duyarlilik-proje-komisyonu\/\">Toplumsal Duyarl\u0131l\u0131k Proje Komisyonu<\/a><\/p>\n\n\n\n<p><a href=\"http:\/\/birimler.atauni.edu.tr\/eczacilik-fakultesi\/spor-etkinlikler-komisyonu\/\">Spor Etkinlikleri Komisyonu<\/a><\/p>\n\n\n\n<p><a href=\"http:\/\/birimler.atauni.edu.tr\/eczacilik-fakultesi\/sosyal-etkinlikler-komisyonu\/\">Sosyal Etkinlikler Komisyonu<\/a><\/p>\n\n\n\n<p><a href=\"http:\/\/birimler.atauni.edu.tr\/eczacilik-fakultesi\/kati-ve-tehlikeli-atik-yonetimi-koordinatorlugu\/\">Kat\u0131 ve Tehlikeli At\u0131k Y\u00f6netimi Koordinat\u00f6rl\u00fc\u011f\u00fc<\/a><\/p>\n\n\n\n<p><a href=\"http:\/\/birimler.atauni.edu.tr\/eczacilik-fakultesi\/eczacilik-fakultesi-sifir-atik-yonetim-planindan-sorumlu-olan-kisiler\/\">Eczac\u0131l\u0131k Fak\u00fcltesi S\u0131f\u0131r At\u0131k Y\u00f6netim Plan\u0131ndan Sorumlu Olan Ki\u015filer<\/a><\/p>\n\n\n\n<p><a href=\"http:\/\/birimler.atauni.edu.tr\/eczacilik-fakultesi\/birlesmis-milletler-surdurulebilir-kalkinma\/\">Birle\u015fmi\u015f Milletler S\u00fcrd\u00fcr\u00fclebilir Kalk\u0131nma<\/a><\/p>\n\n\n\n<p><a href=\"http:\/\/birimler.atauni.edu.tr\/eczacilik-fakultesi\/enerji-yonetim-koordinatorlugu\/\" data-type=\"page\" data-id=\"11928\">Enerji Y\u00f6netim Koordinat\u00f6rl\u00fc\u011f\u00fc<\/a><\/p>\n\n\n\n<p><a href=\"http:\/\/birimler.atauni.edu.tr\/eczacilik-fakultesi\/engelli-ogrenci-temsilcisi\/\" data-type=\"page\" data-id=\"11930\">Engelli \u00d6\u011frenci Temsilcisi<\/a><\/p>\n","protected":false},"excerpt":{"rendered":"<p>Toplumsal Duyarl\u0131l\u0131k Proje Komisyonu Spor Etkinlikleri Komisyonu Sosyal Etkinlikler Komisyonu Kat\u0131 ve Tehlikeli At\u0131k Y\u00f6netimi Koordinat\u00f6rl\u00fc\u011f\u00fc Eczac\u0131l\u0131k Fak\u00fcltesi S\u0131f\u0131r At\u0131k Y\u00f6netim Plan\u0131ndan Sorumlu Olan Ki\u015filer Birle\u015fmi\u015f Milletler S\u00fcrd\u00fcr\u00fclebilir Kalk\u0131nma Enerji Y\u00f6netim Koordinat\u00f6rl\u00fc\u011f\u00fc Engelli \u00d6\u011frenci Temsilcisi<\/p>\n","protected":false},"author":47,"featured_media":0,"parent":0,"menu_order":0,"comment_status":"closed","ping_status":"closed","template":"","meta":{"footnotes":""},"class_list":["post-11913","page","type-page","status-publish","hentry"],"_links":{"self":[{"href":"https:\/\/atauni.edu.tr\/eczacilik-fakultesi\/wp-json\/wp\/v2\/pages\/11913","targetHints":{"allow":["GET"]}}],"collection":[{"href":"https:\/\/atauni.edu.tr\/eczacilik-fakultesi\/wp-json\/wp\/v2\/pages"}],"about":[{"href":"https:\/\/atauni.edu.tr\/eczacilik-fakultesi\/wp-json\/wp\/v2\/types\/page"}],"author":[{"embeddable":true,"href":"https:\/\/atauni.edu.tr\/eczacilik-fakultesi\/wp-json\/wp\/v2\/users\/47"}],"replies":[{"embeddable":true,"href":"https:\/\/atauni.edu.tr\/eczacilik-fakultesi\/wp-json\/wp\/v2\/comments?post=11913"}],"version-history":[{"count":2,"href":"https:\/\/atauni.edu.tr\/eczacilik-fakultesi\/wp-json\/wp\/v2\/pages\/11913\/revisions"}],"predecessor-version":[{"id":11933,"href":"https:\/\/atauni.edu.tr\/eczacilik-fakultesi\/wp-json\/wp\/v2\/pages\/11913\/revisions\/11933"}],"wp:attachment":[{"href":"https:\/\/atauni.edu.tr\/eczacilik-fakultesi\/wp-json\/wp\/v2\/media?parent=11913"}],"curies":[{"name":"wp","href":"https:\/\/api.w.org\/{rel}","templated":true}]}}