{"id":11971,"date":"2022-12-01T14:50:31","date_gmt":"2022-12-01T11:50:31","guid":{"rendered":"http:\/\/birimler.atauni.edu.tr\/eczacilik-fakultesi\/?page_id=11971"},"modified":"2025-10-28T13:22:55","modified_gmt":"2025-10-28T10:22:55","slug":"egitim-komisyonu","status":"publish","type":"page","link":"https:\/\/atauni.edu.tr\/eczacilik-fakultesi\/egitim-komisyonu\/","title":{"rendered":"E\u011fitim Komisyonu"},"content":{"rendered":"\n<figure class=\"wp-block-table\"><table><tbody><tr><td>Prof. Dr. Beyzag\u00fcl ERKAYMAN &#8211; Dekan<\/td><\/tr><tr><td>Do\u00e7. Dr. R\u00fcstem An\u0131l U\u011eAN \u2013 Dekan Yard\u0131mc\u0131s\u0131<\/td><\/tr><tr><td>Do\u00e7. Dr. Elif U. DEN\u0130Z \u2013 Dekan Yard\u0131mc\u0131s\u0131<\/td><\/tr><tr><td>Prof. Dr. Z\u00fchal G\u00dcVENALP \u2013 Farmakognozi AD<\/td><\/tr><tr><td>Prof. Dr. Halise \u0130nci G\u00dcL \u2013 Farmas\u00f6tik Kimya AD<\/td><\/tr><tr><td>Prof. Dr. Meltem \u00c7ET\u0130N \u2013 Farmas\u00f6tik Teknoloji AD<\/td><\/tr><tr><td>Prof. Dr. Bilal YILMAZ \u2013Analitik Kimya AD<\/td><\/tr><tr><td>Prof. Dr. Mine G\u00dcLABO\u011eLU \u2013 Biyokimya AD<\/td><\/tr><tr><td>Do\u00e7. Dr. Esen S. KARAO\u011eLAN \u2013 Farmas\u00f6tik Botanik AD<\/td><\/tr><tr><td>Do\u00e7. Dr. Hayrunisa HANCI \u2013 Farmas\u00f6tik Mikrobiyoloji AD<\/td><\/tr><tr><td>\u00d6\u011fr. Ceyda YAZGAN<\/td><\/tr><\/tbody><\/table><\/figure>\n","protected":false},"excerpt":{"rendered":"<p>Prof. Dr. Beyzag\u00fcl ERKAYMAN &#8211; Dekan Do\u00e7. Dr. R\u00fcstem An\u0131l U\u011eAN \u2013 Dekan Yard\u0131mc\u0131s\u0131 Do\u00e7. Dr. Elif U. DEN\u0130Z \u2013 Dekan Yard\u0131mc\u0131s\u0131 Prof. Dr. Z\u00fchal G\u00dcVENALP \u2013 Farmakognozi AD Prof. Dr. Halise \u0130nci G\u00dcL \u2013 Farmas\u00f6tik Kimya AD Prof. Dr. Meltem \u00c7ET\u0130N \u2013 Farmas\u00f6tik Teknoloji AD Prof. Dr. Bilal YILMAZ \u2013Analitik Kimya AD Prof. Dr. [&hellip;]<\/p>\n","protected":false},"author":47,"featured_media":0,"parent":0,"menu_order":0,"comment_status":"closed","ping_status":"closed","template":"","meta":{"footnotes":""},"class_list":["post-11971","page","type-page","status-publish","hentry"],"_links":{"self":[{"href":"https:\/\/atauni.edu.tr\/eczacilik-fakultesi\/wp-json\/wp\/v2\/pages\/11971","targetHints":{"allow":["GET"]}}],"collection":[{"href":"https:\/\/atauni.edu.tr\/eczacilik-fakultesi\/wp-json\/wp\/v2\/pages"}],"about":[{"href":"https:\/\/atauni.edu.tr\/eczacilik-fakultesi\/wp-json\/wp\/v2\/types\/page"}],"author":[{"embeddable":true,"href":"https:\/\/atauni.edu.tr\/eczacilik-fakultesi\/wp-json\/wp\/v2\/users\/47"}],"replies":[{"embeddable":true,"href":"https:\/\/atauni.edu.tr\/eczacilik-fakultesi\/wp-json\/wp\/v2\/comments?post=11971"}],"version-history":[{"count":3,"href":"https:\/\/atauni.edu.tr\/eczacilik-fakultesi\/wp-json\/wp\/v2\/pages\/11971\/revisions"}],"predecessor-version":[{"id":13970,"href":"https:\/\/atauni.edu.tr\/eczacilik-fakultesi\/wp-json\/wp\/v2\/pages\/11971\/revisions\/13970"}],"wp:attachment":[{"href":"https:\/\/atauni.edu.tr\/eczacilik-fakultesi\/wp-json\/wp\/v2\/media?parent=11971"}],"curies":[{"name":"wp","href":"https:\/\/api.w.org\/{rel}","templated":true}]}}