{"id":12286,"date":"2023-05-24T15:12:16","date_gmt":"2023-05-24T12:12:16","guid":{"rendered":"http:\/\/birimler.atauni.edu.tr\/eczacilik-fakultesi\/?page_id=12286"},"modified":"2023-11-29T16:51:28","modified_gmt":"2023-11-29T13:51:28","slug":"2023-yili-etkinlikleri","status":"publish","type":"page","link":"https:\/\/atauni.edu.tr\/eczacilik-fakultesi\/2023-yili-etkinlikleri\/","title":{"rendered":"2023 Y\u0131l\u0131 Etkinlikleri"},"content":{"rendered":"\t\t<div data-elementor-type=\"wp-page\" data-elementor-id=\"12286\" class=\"elementor elementor-12286\" data-elementor-post-type=\"page\">\n\t\t\t\t\t\t<section class=\"elementor-section elementor-top-section elementor-element elementor-element-9681a7f elementor-section-boxed elementor-section-height-default elementor-section-height-default\" data-id=\"9681a7f\" data-element_type=\"section\">\n\t\t\t\t\t\t<div class=\"elementor-container elementor-column-gap-default\">\n\t\t\t\t\t<div class=\"elementor-column elementor-col-100 elementor-top-column elementor-element elementor-element-70093d4\" data-id=\"70093d4\" data-element_type=\"column\">\n\t\t\t<div class=\"elementor-widget-wrap elementor-element-populated\">\n\t\t\t\t\t\t<div class=\"elementor-element elementor-element-06dcdd3 elementor-widget elementor-widget-heading\" data-id=\"06dcdd3\" data-element_type=\"widget\" data-widget_type=\"heading.default\">\n\t\t\t\t<div class=\"elementor-widget-container\">\n\t\t\t\t\t<h2 class=\"elementor-heading-title elementor-size-default\"><a href=\"http:\/\/birimler.atauni.edu.tr\/eczacilik-fakultesi\/oryantasyon-programi-2\/\">Oryantasyon Program\u0131<\/a><\/h2>\t\t\t\t<\/div>\n\t\t\t\t<\/div>\n\t\t\t\t<div class=\"elementor-element elementor-element-21e4e78 elementor-widget elementor-widget-heading\" data-id=\"21e4e78\" data-element_type=\"widget\" data-widget_type=\"heading.default\">\n\t\t\t\t<div class=\"elementor-widget-container\">\n\t\t\t\t\t<h2 class=\"elementor-heading-title elementor-size-default\"><a href=\"http:\/\/birimler.atauni.edu.tr\/eczacilik-fakultesi\/arastirma-universitesi-ve-patent-interaksiyonu\/\">Ara\u015ft\u0131rma \u00dcniversitesi ve Patent \u0130nteraksiyonu<\/a><\/h2>\t\t\t\t<\/div>\n\t\t\t\t<\/div>\n\t\t\t\t\t<\/div>\n\t\t<\/div>\n\t\t\t\t\t<\/div>\n\t\t<\/section>\n\t\t\t\t<section class=\"elementor-section elementor-top-section elementor-element elementor-element-2ab2d68 elementor-section-boxed elementor-section-height-default elementor-section-height-default\" data-id=\"2ab2d68\" data-element_type=\"section\">\n\t\t\t\t\t\t<div class=\"elementor-container elementor-column-gap-default\">\n\t\t\t\t\t<div class=\"elementor-column elementor-col-100 elementor-top-column elementor-element elementor-element-bfae71b\" data-id=\"bfae71b\" data-element_type=\"column\">\n\t\t\t<div class=\"elementor-widget-wrap elementor-element-populated\">\n\t\t\t\t\t\t<div class=\"elementor-element elementor-element-951f5c0 elementor-widget elementor-widget-heading\" data-id=\"951f5c0\" data-element_type=\"widget\" data-widget_type=\"heading.default\">\n\t\t\t\t<div class=\"elementor-widget-container\">\n\t\t\t\t\t<h2 class=\"elementor-heading-title elementor-size-default\"><a href=\"http:\/\/birimler.atauni.edu.tr\/eczacilik-fakultesi\/rektor-ziyareti\/\">Rekt\u00f6r Ziyareti<\/a><\/h2>\t\t\t\t<\/div>\n\t\t\t\t<\/div>\n\t\t\t\t<div class=\"elementor-element elementor-element-e7c4ac6 elementor-widget elementor-widget-heading\" data-id=\"e7c4ac6\" data-element_type=\"widget\" data-widget_type=\"heading.default\">\n\t\t\t\t<div class=\"elementor-widget-container\">\n\t\t\t\t\t<h2 class=\"elementor-heading-title elementor-size-default\"><a href=\"https:\/\/birimler.atauni.edu.tr\/eczacilik-fakultesi\/2023-2024-yili-mezuniyet-toreni\/\" target=\"_blank\">2023-2024 Y\u0131l\u0131 Mezuniyet T\u00f6reni<\/a><\/h2>\t\t\t\t<\/div>\n\t\t\t\t<\/div>\n\t\t\t\t<div class=\"elementor-element elementor-element-fd68331 elementor-widget elementor-widget-heading\" data-id=\"fd68331\" data-element_type=\"widget\" data-widget_type=\"heading.default\">\n\t\t\t\t<div class=\"elementor-widget-container\">\n\t\t\t\t\t<h2 class=\"elementor-heading-title elementor-size-default\"><a href=\"https:\/\/birimler.atauni.edu.tr\/eczacilik-fakultesi\/portekiz-porto-universitesi-eczacilik-fakultesi-ogretim-uyeleri-sunumu\/\">Portekiz Porto \u00dcniversitesi Eczac\u0131l\u0131k Fak\u00fcltesi \u00d6\u011fretim \u00dcyeleri Sunumu<\/a><\/h2>\t\t\t\t<\/div>\n\t\t\t\t<\/div>\n\t\t\t\t<div class=\"elementor-element elementor-element-81ecd42 elementor-widget elementor-widget-heading\" data-id=\"81ecd42\" data-element_type=\"widget\" data-widget_type=\"heading.default\">\n\t\t\t\t<div class=\"elementor-widget-container\">\n\t\t\t\t\t<h2 class=\"elementor-heading-title elementor-size-default\"><a href=\"http:\/\/birimler.atauni.edu.tr\/eczacilik-fakultesi\/ataturk-universitesi-eczacilik-fakultesi-akreditasyon-belgesi-takdim-toreni\/\">Atat\u00fcrk \u00dcniversitesi Eczac\u0131l\u0131k Fak\u00fcltesi Akreditasyon Belgesi Takdim T\u00f6reni<\/a><\/h2>\t\t\t\t<\/div>\n\t\t\t\t<\/div>\n\t\t\t\t\t<\/div>\n\t\t<\/div>\n\t\t\t\t\t<\/div>\n\t\t<\/section>\n\t\t\t\t<section class=\"elementor-section elementor-top-section elementor-element elementor-element-993e6d9 elementor-section-boxed elementor-section-height-default elementor-section-height-default\" data-id=\"993e6d9\" data-element_type=\"section\">\n\t\t\t\t\t\t<div class=\"elementor-container elementor-column-gap-default\">\n\t\t\t\t\t<div class=\"elementor-column elementor-col-100 elementor-top-column elementor-element elementor-element-f788335\" data-id=\"f788335\" data-element_type=\"column\">\n\t\t\t<div class=\"elementor-widget-wrap elementor-element-populated\">\n\t\t\t\t\t\t<div class=\"elementor-element elementor-element-5945ee6 elementor-widget elementor-widget-heading\" data-id=\"5945ee6\" data-element_type=\"widget\" data-widget_type=\"heading.default\">\n\t\t\t\t<div class=\"elementor-widget-container\">\n\t\t\t\t\t<h2 class=\"elementor-heading-title elementor-size-default\"><a href=\"http:\/\/birimler.atauni.edu.tr\/eczacilik-fakultesi\/tubitak-projeleri-icin-akademisyenler-ve-ogrenciler-bulusuyor\/\">T\u00dcB\u0130TAK Projeleri i\u00e7in Akademisyenler ve \u00d6\u011frenciler Bulu\u015fuyor<\/a><\/h2>\t\t\t\t<\/div>\n\t\t\t\t<\/div>\n\t\t\t\t<div class=\"elementor-element elementor-element-4abf17f elementor-widget elementor-widget-heading\" data-id=\"4abf17f\" data-element_type=\"widget\" data-widget_type=\"heading.default\">\n\t\t\t\t<div class=\"elementor-widget-container\">\n\t\t\t\t\t<h2 class=\"elementor-heading-title elementor-size-default\"><a href=\"http:\/\/birimler.atauni.edu.tr\/eczacilik-fakultesi\/afet-ve-acil-durum-eczaciligi-egitimi\/\">Afet ve Acil Durum Eczac\u0131l\u0131\u011f\u0131 E\u011fitimi<\/a><\/h2>\t\t\t\t<\/div>\n\t\t\t\t<\/div>\n\t\t\t\t<div class=\"elementor-element elementor-element-58cdc27 elementor-widget elementor-widget-heading\" data-id=\"58cdc27\" data-element_type=\"widget\" data-widget_type=\"heading.default\">\n\t\t\t\t<div class=\"elementor-widget-container\">\n\t\t\t\t\t<h2 class=\"elementor-heading-title elementor-size-default\"><a href=\"http:\/\/birimler.atauni.edu.tr\/eczacilik-fakultesi\/2023\/09\/01\/staj-programi\/\">Staj Program\u0131<\/a><\/h2>\t\t\t\t<\/div>\n\t\t\t\t<\/div>\n\t\t\t\t<div class=\"elementor-element elementor-element-7efad00 elementor-widget elementor-widget-heading\" data-id=\"7efad00\" data-element_type=\"widget\" data-widget_type=\"heading.default\">\n\t\t\t\t<div class=\"elementor-widget-container\">\n\t\t\t\t\t<h2 class=\"elementor-heading-title elementor-size-default\"><a href=\"http:\/\/birimler.atauni.edu.tr\/eczacilik-fakultesi\/ataturk-universitesi-oryantasyon-programi\/\">2023-2024 Atat\u00fcrk \u00dcniversitesi Oryantasyon Program\u0131<\/a><\/h2>\t\t\t\t<\/div>\n\t\t\t\t<\/div>\n\t\t\t\t<div class=\"elementor-element elementor-element-6d1a8d8 elementor-widget elementor-widget-heading\" data-id=\"6d1a8d8\" data-element_type=\"widget\" data-widget_type=\"heading.default\">\n\t\t\t\t<div class=\"elementor-widget-container\">\n\t\t\t\t\t<h2 class=\"elementor-heading-title elementor-size-default\"><a href=\"http:\/\/birimler.atauni.edu.tr\/eczacilik-fakultesi\/eczacilik-fakultesi-oryantasyon-programi\/\">2023-2024 Eczac\u0131l\u0131k Fak\u00fcltesi Oryantasyon Program\u0131<\/a><\/h2>\t\t\t\t<\/div>\n\t\t\t\t<\/div>\n\t\t\t\t<div class=\"elementor-element elementor-element-288bfec elementor-widget elementor-widget-heading\" data-id=\"288bfec\" data-element_type=\"widget\" data-widget_type=\"heading.default\">\n\t\t\t\t<div class=\"elementor-widget-container\">\n\t\t\t\t\t<h2 class=\"elementor-heading-title elementor-size-default\"><a href=\"https:\/\/birimler.atauni.edu.tr\/eczacilik-fakultesi\/farmakon-2023\/\" target=\"_blank\">FARMAKON 2023<\/a><\/h2>\t\t\t\t<\/div>\n\t\t\t\t<\/div>\n\t\t\t\t\t<\/div>\n\t\t<\/div>\n\t\t\t\t\t<\/div>\n\t\t<\/section>\n\t\t\t\t<\/div>\n\t\t","protected":false},"excerpt":{"rendered":"<p>Oryantasyon Program\u0131 Ara\u015ft\u0131rma \u00dcniversitesi ve Patent \u0130nteraksiyonu Rekt\u00f6r Ziyareti 2023-2024 Y\u0131l\u0131 Mezuniyet T\u00f6reni Portekiz Porto \u00dcniversitesi Eczac\u0131l\u0131k Fak\u00fcltesi \u00d6\u011fretim \u00dcyeleri Sunumu Atat\u00fcrk \u00dcniversitesi Eczac\u0131l\u0131k Fak\u00fcltesi Akreditasyon Belgesi Takdim T\u00f6reni T\u00dcB\u0130TAK Projeleri i\u00e7in Akademisyenler ve \u00d6\u011frenciler Bulu\u015fuyor Afet ve Acil Durum Eczac\u0131l\u0131\u011f\u0131 E\u011fitimi Staj Program\u0131 2023-2024 Atat\u00fcrk \u00dcniversitesi Oryantasyon Program\u0131 2023-2024 Eczac\u0131l\u0131k Fak\u00fcltesi Oryantasyon Program\u0131 FARMAKON [&hellip;]<\/p>\n","protected":false},"author":47,"featured_media":0,"parent":0,"menu_order":0,"comment_status":"closed","ping_status":"closed","template":"","meta":{"footnotes":""},"class_list":["post-12286","page","type-page","status-publish","hentry"],"_links":{"self":[{"href":"https:\/\/atauni.edu.tr\/eczacilik-fakultesi\/wp-json\/wp\/v2\/pages\/12286","targetHints":{"allow":["GET"]}}],"collection":[{"href":"https:\/\/atauni.edu.tr\/eczacilik-fakultesi\/wp-json\/wp\/v2\/pages"}],"about":[{"href":"https:\/\/atauni.edu.tr\/eczacilik-fakultesi\/wp-json\/wp\/v2\/types\/page"}],"author":[{"embeddable":true,"href":"https:\/\/atauni.edu.tr\/eczacilik-fakultesi\/wp-json\/wp\/v2\/users\/47"}],"replies":[{"embeddable":true,"href":"https:\/\/atauni.edu.tr\/eczacilik-fakultesi\/wp-json\/wp\/v2\/comments?post=12286"}],"version-history":[{"count":49,"href":"https:\/\/atauni.edu.tr\/eczacilik-fakultesi\/wp-json\/wp\/v2\/pages\/12286\/revisions"}],"predecessor-version":[{"id":12888,"href":"https:\/\/atauni.edu.tr\/eczacilik-fakultesi\/wp-json\/wp\/v2\/pages\/12286\/revisions\/12888"}],"wp:attachment":[{"href":"https:\/\/atauni.edu.tr\/eczacilik-fakultesi\/wp-json\/wp\/v2\/media?parent=12286"}],"curies":[{"name":"wp","href":"https:\/\/api.w.org\/{rel}","templated":true}]}}