{"id":12304,"date":"2023-05-24T15:23:05","date_gmt":"2023-05-24T12:23:05","guid":{"rendered":"http:\/\/birimler.atauni.edu.tr\/eczacilik-fakultesi\/?page_id=12304"},"modified":"2023-05-24T15:23:06","modified_gmt":"2023-05-24T12:23:06","slug":"tubitak-projeleri-icin-akademisyenler-ve-ogrenciler-bulusuyor","status":"publish","type":"page","link":"https:\/\/atauni.edu.tr\/eczacilik-fakultesi\/tubitak-projeleri-icin-akademisyenler-ve-ogrenciler-bulusuyor\/","title":{"rendered":"T\u00dcB\u0130TAK Projeleri i\u00e7in Akademisyenler ve \u00d6\u011frenciler Bulu\u015fuyor\u200b"},"content":{"rendered":"\n<figure class=\"wp-block-gallery has-nested-images columns-default is-cropped wp-block-gallery-1 is-layout-flex wp-block-gallery-is-layout-flex\">\n<figure class=\"wp-block-image size-large\"><img fetchpriority=\"high\" decoding=\"async\" width=\"1024\" height=\"473\" data-id=\"12305\" src=\"http:\/\/birimler.atauni.edu.tr\/eczacilik-fakultesi\/wp-content\/uploads\/sites\/58\/2023\/05\/WhatsApp-Image-2023-05-23-at-16.25.11-1024x473.jpeg\" alt=\"\" class=\"wp-image-12305\" srcset=\"https:\/\/atauni.edu.tr\/eczacilik-fakultesi\/wp-content\/uploads\/sites\/58\/2023\/05\/WhatsApp-Image-2023-05-23-at-16.25.11-1024x473.jpeg 1024w, https:\/\/atauni.edu.tr\/eczacilik-fakultesi\/wp-content\/uploads\/sites\/58\/2023\/05\/WhatsApp-Image-2023-05-23-at-16.25.11-300x139.jpeg 300w, https:\/\/atauni.edu.tr\/eczacilik-fakultesi\/wp-content\/uploads\/sites\/58\/2023\/05\/WhatsApp-Image-2023-05-23-at-16.25.11-768x355.jpeg 768w, https:\/\/atauni.edu.tr\/eczacilik-fakultesi\/wp-content\/uploads\/sites\/58\/2023\/05\/WhatsApp-Image-2023-05-23-at-16.25.11-1536x710.jpeg 1536w, https:\/\/atauni.edu.tr\/eczacilik-fakultesi\/wp-content\/uploads\/sites\/58\/2023\/05\/WhatsApp-Image-2023-05-23-at-16.25.11-600x277.jpeg 600w, https:\/\/atauni.edu.tr\/eczacilik-fakultesi\/wp-content\/uploads\/sites\/58\/2023\/05\/WhatsApp-Image-2023-05-23-at-16.25.11-560x259.jpeg 560w, https:\/\/atauni.edu.tr\/eczacilik-fakultesi\/wp-content\/uploads\/sites\/58\/2023\/05\/WhatsApp-Image-2023-05-23-at-16.25.11.jpeg 2000w\" sizes=\"(max-width: 1024px) 100vw, 1024px\" \/><\/figure>\n\n\n\n<figure class=\"wp-block-image size-large\"><img decoding=\"async\" width=\"768\" height=\"1024\" data-id=\"12306\" src=\"http:\/\/birimler.atauni.edu.tr\/eczacilik-fakultesi\/wp-content\/uploads\/sites\/58\/2023\/05\/WhatsApp-Image-2023-05-23-at-16.25.10-2.jpeg\" alt=\"\" class=\"wp-image-12306\" srcset=\"https:\/\/atauni.edu.tr\/eczacilik-fakultesi\/wp-content\/uploads\/sites\/58\/2023\/05\/WhatsApp-Image-2023-05-23-at-16.25.10-2.jpeg 768w, https:\/\/atauni.edu.tr\/eczacilik-fakultesi\/wp-content\/uploads\/sites\/58\/2023\/05\/WhatsApp-Image-2023-05-23-at-16.25.10-2-225x300.jpeg 225w, https:\/\/atauni.edu.tr\/eczacilik-fakultesi\/wp-content\/uploads\/sites\/58\/2023\/05\/WhatsApp-Image-2023-05-23-at-16.25.10-2-450x600.jpeg 450w, https:\/\/atauni.edu.tr\/eczacilik-fakultesi\/wp-content\/uploads\/sites\/58\/2023\/05\/WhatsApp-Image-2023-05-23-at-16.25.10-2-420x560.jpeg 420w\" sizes=\"(max-width: 768px) 100vw, 768px\" \/><\/figure>\n\n\n\n<figure class=\"wp-block-image size-large\"><img decoding=\"async\" width=\"768\" height=\"1024\" data-id=\"12307\" src=\"http:\/\/birimler.atauni.edu.tr\/eczacilik-fakultesi\/wp-content\/uploads\/sites\/58\/2023\/05\/WhatsApp-Image-2023-05-23-at-16.25.10-1.jpeg\" alt=\"\" class=\"wp-image-12307\" srcset=\"https:\/\/atauni.edu.tr\/eczacilik-fakultesi\/wp-content\/uploads\/sites\/58\/2023\/05\/WhatsApp-Image-2023-05-23-at-16.25.10-1.jpeg 768w, https:\/\/atauni.edu.tr\/eczacilik-fakultesi\/wp-content\/uploads\/sites\/58\/2023\/05\/WhatsApp-Image-2023-05-23-at-16.25.10-1-225x300.jpeg 225w, https:\/\/atauni.edu.tr\/eczacilik-fakultesi\/wp-content\/uploads\/sites\/58\/2023\/05\/WhatsApp-Image-2023-05-23-at-16.25.10-1-450x600.jpeg 450w, https:\/\/atauni.edu.tr\/eczacilik-fakultesi\/wp-content\/uploads\/sites\/58\/2023\/05\/WhatsApp-Image-2023-05-23-at-16.25.10-1-420x560.jpeg 420w\" sizes=\"(max-width: 768px) 100vw, 768px\" \/><\/figure>\n\n\n\n<figure class=\"wp-block-image size-large\"><img loading=\"lazy\" decoding=\"async\" width=\"768\" height=\"1024\" data-id=\"12308\" src=\"http:\/\/birimler.atauni.edu.tr\/eczacilik-fakultesi\/wp-content\/uploads\/sites\/58\/2023\/05\/WhatsApp-Image-2023-05-23-at-16.25.10.jpeg\" alt=\"\" class=\"wp-image-12308\" srcset=\"https:\/\/atauni.edu.tr\/eczacilik-fakultesi\/wp-content\/uploads\/sites\/58\/2023\/05\/WhatsApp-Image-2023-05-23-at-16.25.10.jpeg 768w, https:\/\/atauni.edu.tr\/eczacilik-fakultesi\/wp-content\/uploads\/sites\/58\/2023\/05\/WhatsApp-Image-2023-05-23-at-16.25.10-225x300.jpeg 225w, https:\/\/atauni.edu.tr\/eczacilik-fakultesi\/wp-content\/uploads\/sites\/58\/2023\/05\/WhatsApp-Image-2023-05-23-at-16.25.10-450x600.jpeg 450w, https:\/\/atauni.edu.tr\/eczacilik-fakultesi\/wp-content\/uploads\/sites\/58\/2023\/05\/WhatsApp-Image-2023-05-23-at-16.25.10-420x560.jpeg 420w\" sizes=\"(max-width: 768px) 100vw, 768px\" \/><\/figure>\n\n\n\n<figure class=\"wp-block-image size-large\"><img loading=\"lazy\" decoding=\"async\" width=\"1024\" height=\"473\" data-id=\"12309\" src=\"http:\/\/birimler.atauni.edu.tr\/eczacilik-fakultesi\/wp-content\/uploads\/sites\/58\/2023\/05\/WhatsApp-Image-2023-05-23-at-16.25.09-2-1024x473.jpeg\" alt=\"\" class=\"wp-image-12309\" srcset=\"https:\/\/atauni.edu.tr\/eczacilik-fakultesi\/wp-content\/uploads\/sites\/58\/2023\/05\/WhatsApp-Image-2023-05-23-at-16.25.09-2-1024x473.jpeg 1024w, https:\/\/atauni.edu.tr\/eczacilik-fakultesi\/wp-content\/uploads\/sites\/58\/2023\/05\/WhatsApp-Image-2023-05-23-at-16.25.09-2-300x139.jpeg 300w, https:\/\/atauni.edu.tr\/eczacilik-fakultesi\/wp-content\/uploads\/sites\/58\/2023\/05\/WhatsApp-Image-2023-05-23-at-16.25.09-2-768x355.jpeg 768w, https:\/\/atauni.edu.tr\/eczacilik-fakultesi\/wp-content\/uploads\/sites\/58\/2023\/05\/WhatsApp-Image-2023-05-23-at-16.25.09-2-1536x710.jpeg 1536w, https:\/\/atauni.edu.tr\/eczacilik-fakultesi\/wp-content\/uploads\/sites\/58\/2023\/05\/WhatsApp-Image-2023-05-23-at-16.25.09-2-600x277.jpeg 600w, https:\/\/atauni.edu.tr\/eczacilik-fakultesi\/wp-content\/uploads\/sites\/58\/2023\/05\/WhatsApp-Image-2023-05-23-at-16.25.09-2-560x259.jpeg 560w, https:\/\/atauni.edu.tr\/eczacilik-fakultesi\/wp-content\/uploads\/sites\/58\/2023\/05\/WhatsApp-Image-2023-05-23-at-16.25.09-2.jpeg 2000w\" sizes=\"(max-width: 1024px) 100vw, 1024px\" \/><\/figure>\n\n\n\n<figure class=\"wp-block-image size-large\"><img loading=\"lazy\" decoding=\"async\" width=\"1024\" height=\"473\" data-id=\"12310\" src=\"http:\/\/birimler.atauni.edu.tr\/eczacilik-fakultesi\/wp-content\/uploads\/sites\/58\/2023\/05\/WhatsApp-Image-2023-05-23-at-16.25.09-1-1024x473.jpeg\" alt=\"\" class=\"wp-image-12310\" srcset=\"https:\/\/atauni.edu.tr\/eczacilik-fakultesi\/wp-content\/uploads\/sites\/58\/2023\/05\/WhatsApp-Image-2023-05-23-at-16.25.09-1-1024x473.jpeg 1024w, https:\/\/atauni.edu.tr\/eczacilik-fakultesi\/wp-content\/uploads\/sites\/58\/2023\/05\/WhatsApp-Image-2023-05-23-at-16.25.09-1-300x139.jpeg 300w, https:\/\/atauni.edu.tr\/eczacilik-fakultesi\/wp-content\/uploads\/sites\/58\/2023\/05\/WhatsApp-Image-2023-05-23-at-16.25.09-1-768x355.jpeg 768w, https:\/\/atauni.edu.tr\/eczacilik-fakultesi\/wp-content\/uploads\/sites\/58\/2023\/05\/WhatsApp-Image-2023-05-23-at-16.25.09-1-1536x710.jpeg 1536w, https:\/\/atauni.edu.tr\/eczacilik-fakultesi\/wp-content\/uploads\/sites\/58\/2023\/05\/WhatsApp-Image-2023-05-23-at-16.25.09-1-600x277.jpeg 600w, https:\/\/atauni.edu.tr\/eczacilik-fakultesi\/wp-content\/uploads\/sites\/58\/2023\/05\/WhatsApp-Image-2023-05-23-at-16.25.09-1-560x259.jpeg 560w, https:\/\/atauni.edu.tr\/eczacilik-fakultesi\/wp-content\/uploads\/sites\/58\/2023\/05\/WhatsApp-Image-2023-05-23-at-16.25.09-1.jpeg 2000w\" sizes=\"(max-width: 1024px) 100vw, 1024px\" \/><\/figure>\n<\/figure>\n","protected":false},"excerpt":{"rendered":"","protected":false},"author":47,"featured_media":0,"parent":0,"menu_order":0,"comment_status":"closed","ping_status":"closed","template":"","meta":{"footnotes":""},"class_list":["post-12304","page","type-page","status-publish","hentry"],"_links":{"self":[{"href":"https:\/\/atauni.edu.tr\/eczacilik-fakultesi\/wp-json\/wp\/v2\/pages\/12304","targetHints":{"allow":["GET"]}}],"collection":[{"href":"https:\/\/atauni.edu.tr\/eczacilik-fakultesi\/wp-json\/wp\/v2\/pages"}],"about":[{"href":"https:\/\/atauni.edu.tr\/eczacilik-fakultesi\/wp-json\/wp\/v2\/types\/page"}],"author":[{"embeddable":true,"href":"https:\/\/atauni.edu.tr\/eczacilik-fakultesi\/wp-json\/wp\/v2\/users\/47"}],"replies":[{"embeddable":true,"href":"https:\/\/atauni.edu.tr\/eczacilik-fakultesi\/wp-json\/wp\/v2\/comments?post=12304"}],"version-history":[{"count":1,"href":"https:\/\/atauni.edu.tr\/eczacilik-fakultesi\/wp-json\/wp\/v2\/pages\/12304\/revisions"}],"predecessor-version":[{"id":12311,"href":"https:\/\/atauni.edu.tr\/eczacilik-fakultesi\/wp-json\/wp\/v2\/pages\/12304\/revisions\/12311"}],"wp:attachment":[{"href":"https:\/\/atauni.edu.tr\/eczacilik-fakultesi\/wp-json\/wp\/v2\/media?parent=12304"}],"curies":[{"name":"wp","href":"https:\/\/api.w.org\/{rel}","templated":true}]}}