{"id":12430,"date":"2023-08-10T10:13:48","date_gmt":"2023-08-10T07:13:48","guid":{"rendered":"http:\/\/birimler.atauni.edu.tr\/eczacilik-fakultesi\/?page_id=12430"},"modified":"2023-08-12T18:43:38","modified_gmt":"2023-08-12T15:43:38","slug":"afet-ve-acil-durum-eczaciligi-egitimi","status":"publish","type":"page","link":"https:\/\/atauni.edu.tr\/eczacilik-fakultesi\/afet-ve-acil-durum-eczaciligi-egitimi\/","title":{"rendered":"Afet ve Acil Durum Eczac\u0131l\u0131\u011f\u0131 E\u011fitimi"},"content":{"rendered":"\t\t<div data-elementor-type=\"wp-page\" data-elementor-id=\"12430\" class=\"elementor elementor-12430\" data-elementor-post-type=\"page\">\n\t\t\t\t\t\t<section class=\"elementor-section elementor-top-section elementor-element elementor-element-f2caac7 elementor-section-boxed elementor-section-height-default elementor-section-height-default\" data-id=\"f2caac7\" data-element_type=\"section\">\n\t\t\t\t\t\t<div class=\"elementor-container elementor-column-gap-default\">\n\t\t\t\t\t<div class=\"elementor-column elementor-col-100 elementor-top-column elementor-element elementor-element-e3d066d\" data-id=\"e3d066d\" data-element_type=\"column\">\n\t\t\t<div class=\"elementor-widget-wrap elementor-element-populated\">\n\t\t\t\t\t\t<div class=\"elementor-element elementor-element-940df29 elementor-widget elementor-widget-text-editor\" data-id=\"940df29\" data-element_type=\"widget\" data-widget_type=\"text-editor.default\">\n\t\t\t\t<div class=\"elementor-widget-container\">\n\t\t\t\t\t\t\t\t\t<p style=\"text-align: justify\"><span style=\"font-size: 12.0pt;line-height: 107%;font-family: 'Times New Roman',serif\">T\u00dcB\u0130TAK deste\u011fi <\/span><span style=\"font-family: 'Times New Roman', serif;font-size: 12pt\">ile Erzurum Atat\u00fcrk \u00dcniversitesi Eczac\u0131l\u0131k Fak\u00fcltesi, 13. B\u00f6lge Erzurum Eczac\u0131 <\/span><span style=\"font-family: 'Times New Roman', serif;font-size: 12pt\">Odas\u0131 ve Erzincan Binali Y\u0131ld\u0131r\u0131m \u00dcniversitesi Eczac\u0131l\u0131k Fak\u00fcltesi i\u015fbirli\u011fi ve Sn. Ecz. \u0130lhan DURGUT&#8217;un kat\u0131l\u0131mlar\u0131 ile 17.06.2023 tarihinde y\u00fcz y\u00fcze ve \u00e7evrim i\u00e7i (hibrit) ola<\/span><span style=\"font-family: 'Times New Roman', serif;font-size: 12pt\">rak 10 saatlik \u2018\u2019Afet ve Acil Durum Eczac\u0131l\u0131\u011f\u0131 E\u011fitimi\u2018\u2019 d\u00fczenlenmi\u015ftir.<\/span><\/p><p style=\"text-align: justify\"><span style=\"font-size: 12.0pt;line-height: 107%;font-family: 'Times New Roman',serif\">13. B\u00f6lge Erzurum Eczac\u0131 Odas\u0131n\u0131n ev sahipli\u011finde, Atat\u00fcrk \u00dcniversitesi Eczac\u0131l\u0131k Fak\u00fcltesi, Erzincan Binali Y\u0131ld\u0131r\u0131m \u00dcniversitesi Eczac\u0131l\u0131k<\/span><span style=\"font-family: 'Times New Roman', serif;font-size: 12pt\"> Fak\u00fcltesi taraf\u0131ndan ortakla\u015fa d\u00fczenlenen T\u00dcB\u0130TAK destekli projede, 13. B\u00f6lge Erzurum Eczac\u0131 Odas\u0131 Ba\u015fkan\u0131 Uz. Ecz. Abdullah Caner G\u00fcven taraf\u0131ndan Afetlerde Malzeme<\/span><span style=\"font-family: 'Times New Roman', serif;font-size: 12pt\"> Tedarik S\u00fcreci, Dr. \u00d6\u011fr. \u00dcyesi Esra Pezik taraf\u0131ndan\u00a0<\/span><span style=\"font-family: 'Times New Roman', serif;font-size: 12pt\">Afet Durumlar\u0131nda Majistral \u0130la\u00e7 Hizmeti, Ecz. Yusuf Uz<\/span><span style=\"font-family: 'Times New Roman', serif;font-size: 12pt\">uno\u011flu taraf\u0131ndan 6 \u015eubat 2023 Depremi Ard\u0131ndan Afet Eczac\u0131l\u0131\u011f\u0131 Deneyimlerimiz ve E\u011fitmen ADEC \u0130lhan Durgut taraf\u0131ndan Afet ve Acil Durum Eczac\u0131l\u0131\u011f\u0131 (ADEC) saha pratikleri e\u011fitimi kapsam\u0131nda, Afet ve Acil Durun Eczac\u0131l\u0131\u011f\u0131 Projesi, \u0130lkyard\u0131m, Triyaj ve uygulamalar\u0131, Harita ve Pusula Bilgisi, Telsiz Haberle\u015fme, Yang\u0131n Bilgisi konular\u0131 teorik ve pratik olarak kat\u0131l\u0131mc\u0131lara aktar\u0131lm\u0131\u015ft\u0131r.<\/span><\/p><p style=\"text-align: justify\"><span style=\"font-size: 12.0pt;line-height: 107%;font-family: 'Times New Roman',serif\"><span style=\"text-decoration: underline\">Etkinli\u011fin Amac\u0131:<\/span> \u00dclkemizde yak\u0131n zamanda kullan\u0131lmaya ba\u015flanan afet ve acil durum eczac\u0131l\u0131\u011f\u0131 kavram\u0131n\u0131n, afet ve acil durum eczac\u0131s\u0131n\u0131n g\u00f6rev ve sorumluluklar\u0131n\u0131n eczac\u0131lar taraf\u0131ndan anla\u015f\u0131lmas\u0131, bu konudaki fark\u0131ndal\u0131\u011f\u0131n artmas\u0131na ve olas\u0131 afet\/acil durumlarda halk sa\u011fl\u0131\u011f\u0131n\u0131n korunmas\u0131na yard\u0131mc\u0131 olacakt\u0131r. Ayr\u0131ca bu kavram\u0131n geni\u015f kitlelerle de\u011ferlendirilmesi ve uygulama \u00f6rneklerinin ortaya konmas\u0131 ile afet ve acil durum eczac\u0131l\u0131\u011f\u0131n\u0131n resmi stat\u00fc kazanmas\u0131 ama\u00e7lanmaktad\u0131r.<\/span><\/p><p style=\"text-align: justify\"><span style=\"font-size: 12.0pt;line-height: 107%;font-family: 'Times New Roman',serif\"><span style=\"text-decoration: underline\">Etkinli\u011fin Kapsam\u0131:<\/span> Bu ama\u00e7la Atat\u00fcrk \u00dcniversitesi Eczac\u0131l\u0131k Fak\u00fcltesi, Erzincan Binali Y\u0131ld\u0131r\u0131m \u00dcniversitesi Eczac\u0131l\u0131k Fak\u00fcltesi ve 13.B\u00f6lge Erzurum Eczac\u0131 Odas\u0131 i\u015fbirli\u011fi ile 13.B\u00f6lge Erzurum Eczac\u0131 Odas\u0131\u2019na ba\u011fl\u0131 eczac\u0131lara ve eczac\u0131l\u0131k fak\u00fcltesi \u00f6\u011frencilerine afet ve acil durum eczac\u0131l\u0131\u011f\u0131 alan\u0131nda \u00e7al\u0131\u015fmalar\u0131 ve tecr\u00fcbesi bulunan eczac\u0131lar taraf\u0131ndan afet ve acil durum eczac\u0131l\u0131\u011f\u0131 e\u011fitimi verilecektir. Etkinlik sonunda geri bildirim al\u0131nacak ve kat\u0131l\u0131mc\u0131lara kat\u0131l\u0131m belgesi verilecektir.<\/span><\/p>\t\t\t\t\t\t\t\t<\/div>\n\t\t\t\t<\/div>\n\t\t\t\t<div class=\"elementor-element elementor-element-b859246 elementor-widget elementor-widget-image\" data-id=\"b859246\" data-element_type=\"widget\" data-widget_type=\"image.default\">\n\t\t\t\t<div class=\"elementor-widget-container\">\n\t\t\t\t\t\t\t\t\t\t\t\t\t\t\t<img fetchpriority=\"high\" decoding=\"async\" width=\"768\" height=\"461\" src=\"https:\/\/atauni.edu.tr\/eczacilik-fakultesi\/wp-content\/uploads\/sites\/58\/2020\/07\/WhatsApp-Image-2023-08-12-at-18.35.02-1-768x461.jpeg\" class=\"attachment-medium_large size-medium_large wp-image-12453\" alt=\"\" srcset=\"https:\/\/atauni.edu.tr\/eczacilik-fakultesi\/wp-content\/uploads\/sites\/58\/2020\/07\/WhatsApp-Image-2023-08-12-at-18.35.02-1-768x461.jpeg 768w, https:\/\/atauni.edu.tr\/eczacilik-fakultesi\/wp-content\/uploads\/sites\/58\/2020\/07\/WhatsApp-Image-2023-08-12-at-18.35.02-1-300x180.jpeg 300w, https:\/\/atauni.edu.tr\/eczacilik-fakultesi\/wp-content\/uploads\/sites\/58\/2020\/07\/WhatsApp-Image-2023-08-12-at-18.35.02-1-1024x614.jpeg 1024w, https:\/\/atauni.edu.tr\/eczacilik-fakultesi\/wp-content\/uploads\/sites\/58\/2020\/07\/WhatsApp-Image-2023-08-12-at-18.35.02-1-1536x922.jpeg 1536w, https:\/\/atauni.edu.tr\/eczacilik-fakultesi\/wp-content\/uploads\/sites\/58\/2020\/07\/WhatsApp-Image-2023-08-12-at-18.35.02-1-600x360.jpeg 600w, https:\/\/atauni.edu.tr\/eczacilik-fakultesi\/wp-content\/uploads\/sites\/58\/2020\/07\/WhatsApp-Image-2023-08-12-at-18.35.02-1-560x336.jpeg 560w, https:\/\/atauni.edu.tr\/eczacilik-fakultesi\/wp-content\/uploads\/sites\/58\/2020\/07\/WhatsApp-Image-2023-08-12-at-18.35.02-1.jpeg 1600w\" sizes=\"(max-width: 768px) 100vw, 768px\" \/>\t\t\t\t\t\t\t\t\t\t\t\t\t\t\t<\/div>\n\t\t\t\t<\/div>\n\t\t\t\t<div class=\"elementor-element elementor-element-61c16a3 elementor-arrows-position-inside elementor-pagination-position-outside elementor-widget elementor-widget-image-carousel\" data-id=\"61c16a3\" data-element_type=\"widget\" data-settings=\"{&quot;slides_to_show&quot;:&quot;1&quot;,&quot;navigation&quot;:&quot;both&quot;,&quot;autoplay&quot;:&quot;yes&quot;,&quot;pause_on_hover&quot;:&quot;yes&quot;,&quot;pause_on_interaction&quot;:&quot;yes&quot;,&quot;autoplay_speed&quot;:5000,&quot;infinite&quot;:&quot;yes&quot;,&quot;effect&quot;:&quot;slide&quot;,&quot;speed&quot;:500}\" data-widget_type=\"image-carousel.default\">\n\t\t\t\t<div class=\"elementor-widget-container\">\n\t\t\t\t\t\t\t<div class=\"elementor-image-carousel-wrapper swiper\" role=\"region\" aria-roledescription=\"carousel\" aria-label=\"Resim D\u00f6ng\u00fcs\u00fc\" dir=\"ltr\">\n\t\t\t<div class=\"elementor-image-carousel swiper-wrapper\" aria-live=\"off\">\n\t\t\t\t\t\t\t\t<div class=\"swiper-slide\" role=\"group\" aria-roledescription=\"slide\" aria-label=\"1 \/ 8\"><figure class=\"swiper-slide-inner\"><img decoding=\"async\" class=\"swiper-slide-image\" src=\"https:\/\/atauni.edu.tr\/eczacilik-fakultesi\/wp-content\/uploads\/sites\/58\/2020\/07\/WhatsApp-Image-2023-08-08-at-14.14.38-1-1.jpeg\" alt=\"WhatsApp Image 2023-08-08 at 14.14.38 (1)\" \/><\/figure><\/div><div class=\"swiper-slide\" role=\"group\" aria-roledescription=\"slide\" aria-label=\"2 \/ 8\"><figure class=\"swiper-slide-inner\"><img decoding=\"async\" class=\"swiper-slide-image\" src=\"https:\/\/atauni.edu.tr\/eczacilik-fakultesi\/wp-content\/uploads\/sites\/58\/2020\/07\/DCIM_107APPLE_IMG_7878-scaled-1-768x432.jpg\" alt=\"DCIM_107APPLE_IMG_7878-scaled\" \/><\/figure><\/div><div class=\"swiper-slide\" role=\"group\" aria-roledescription=\"slide\" aria-label=\"3 \/ 8\"><figure class=\"swiper-slide-inner\"><img decoding=\"async\" class=\"swiper-slide-image\" src=\"https:\/\/atauni.edu.tr\/eczacilik-fakultesi\/wp-content\/uploads\/sites\/58\/2020\/07\/d589015b-79cf-4ad1-8b8f-b93ae8c9b2e0-768x355.jpg\" alt=\"d589015b-79cf-4ad1-8b8f-b93ae8c9b2e0\" \/><\/figure><\/div><div class=\"swiper-slide\" role=\"group\" aria-roledescription=\"slide\" aria-label=\"4 \/ 8\"><figure class=\"swiper-slide-inner\"><img decoding=\"async\" class=\"swiper-slide-image\" src=\"https:\/\/atauni.edu.tr\/eczacilik-fakultesi\/wp-content\/uploads\/sites\/58\/2020\/07\/0ea4c27c-f3f9-4761-8e8b-a18dda96b406-768x355.jpg\" alt=\"0ea4c27c-f3f9-4761-8e8b-a18dda96b406\" \/><\/figure><\/div><div class=\"swiper-slide\" role=\"group\" aria-roledescription=\"slide\" aria-label=\"5 \/ 8\"><figure class=\"swiper-slide-inner\"><img decoding=\"async\" class=\"swiper-slide-image\" src=\"https:\/\/atauni.edu.tr\/eczacilik-fakultesi\/wp-content\/uploads\/sites\/58\/2023\/08\/WhatsApp-Image-2023-08-08-at-14.14.38-9-768x355.jpeg\" alt=\"WhatsApp Image 2023-08-08 at 14.14.38\" \/><\/figure><\/div><div class=\"swiper-slide\" role=\"group\" aria-roledescription=\"slide\" aria-label=\"6 \/ 8\"><figure class=\"swiper-slide-inner\"><img decoding=\"async\" class=\"swiper-slide-image\" src=\"https:\/\/atauni.edu.tr\/eczacilik-fakultesi\/wp-content\/uploads\/sites\/58\/2023\/08\/WhatsApp-Image-2023-08-08-at-14.14.38-2-3-768x355.jpeg\" alt=\"WhatsApp Image 2023-08-08 at 14.14.38 (2)\" \/><\/figure><\/div><div class=\"swiper-slide\" role=\"group\" aria-roledescription=\"slide\" aria-label=\"7 \/ 8\"><figure class=\"swiper-slide-inner\"><img decoding=\"async\" class=\"swiper-slide-image\" src=\"https:\/\/atauni.edu.tr\/eczacilik-fakultesi\/wp-content\/uploads\/sites\/58\/2023\/08\/WhatsApp-Image-2023-08-08-at-14.14.38-3-3-768x355.jpeg\" alt=\"WhatsApp Image 2023-08-08 at 14.14.38 (3)\" \/><\/figure><\/div><div class=\"swiper-slide\" role=\"group\" aria-roledescription=\"slide\" aria-label=\"8 \/ 8\"><figure class=\"swiper-slide-inner\"><img decoding=\"async\" class=\"swiper-slide-image\" src=\"https:\/\/atauni.edu.tr\/eczacilik-fakultesi\/wp-content\/uploads\/sites\/58\/2023\/08\/WhatsApp-Image-2023-08-08-at-14.14.38-4-3-768x355.jpeg\" alt=\"WhatsApp Image 2023-08-08 at 14.14.38 (4)\" \/><\/figure><\/div>\t\t\t<\/div>\n\t\t\t\t\t\t\t\t\t\t\t\t<div class=\"elementor-swiper-button elementor-swiper-button-prev\" role=\"button\" tabindex=\"0\">\n\t\t\t\t\t\t<i aria-hidden=\"true\" class=\"eicon-chevron-left\"><\/i>\t\t\t\t\t<\/div>\n\t\t\t\t\t<div class=\"elementor-swiper-button elementor-swiper-button-next\" role=\"button\" tabindex=\"0\">\n\t\t\t\t\t\t<i aria-hidden=\"true\" class=\"eicon-chevron-right\"><\/i>\t\t\t\t\t<\/div>\n\t\t\t\t\n\t\t\t\t\t\t\t\t\t<div class=\"swiper-pagination\"><\/div>\n\t\t\t\t\t\t\t\t\t<\/div>\n\t\t\t\t\t\t<\/div>\n\t\t\t\t<\/div>\n\t\t\t\t\t<\/div>\n\t\t<\/div>\n\t\t\t\t\t<\/div>\n\t\t<\/section>\n\t\t\t\t<\/div>\n\t\t","protected":false},"excerpt":{"rendered":"<p>T\u00dcB\u0130TAK deste\u011fi ile Erzurum Atat\u00fcrk \u00dcniversitesi Eczac\u0131l\u0131k Fak\u00fcltesi, 13. B\u00f6lge Erzurum Eczac\u0131 Odas\u0131 ve Erzincan Binali Y\u0131ld\u0131r\u0131m \u00dcniversitesi Eczac\u0131l\u0131k Fak\u00fcltesi i\u015fbirli\u011fi ve Sn. Ecz. \u0130lhan DURGUT&#8217;un kat\u0131l\u0131mlar\u0131 ile 17.06.2023 tarihinde y\u00fcz y\u00fcze ve \u00e7evrim i\u00e7i (hibrit) olarak 10 saatlik \u2018\u2019Afet ve Acil Durum Eczac\u0131l\u0131\u011f\u0131 E\u011fitimi\u2018\u2019 d\u00fczenlenmi\u015ftir. 13. B\u00f6lge Erzurum Eczac\u0131 Odas\u0131n\u0131n ev sahipli\u011finde, Atat\u00fcrk \u00dcniversitesi [&hellip;]<\/p>\n","protected":false},"author":47,"featured_media":0,"parent":0,"menu_order":0,"comment_status":"closed","ping_status":"closed","template":"","meta":{"footnotes":""},"class_list":["post-12430","page","type-page","status-publish","hentry"],"_links":{"self":[{"href":"https:\/\/atauni.edu.tr\/eczacilik-fakultesi\/wp-json\/wp\/v2\/pages\/12430","targetHints":{"allow":["GET"]}}],"collection":[{"href":"https:\/\/atauni.edu.tr\/eczacilik-fakultesi\/wp-json\/wp\/v2\/pages"}],"about":[{"href":"https:\/\/atauni.edu.tr\/eczacilik-fakultesi\/wp-json\/wp\/v2\/types\/page"}],"author":[{"embeddable":true,"href":"https:\/\/atauni.edu.tr\/eczacilik-fakultesi\/wp-json\/wp\/v2\/users\/47"}],"replies":[{"embeddable":true,"href":"https:\/\/atauni.edu.tr\/eczacilik-fakultesi\/wp-json\/wp\/v2\/comments?post=12430"}],"version-history":[{"count":7,"href":"https:\/\/atauni.edu.tr\/eczacilik-fakultesi\/wp-json\/wp\/v2\/pages\/12430\/revisions"}],"predecessor-version":[{"id":12456,"href":"https:\/\/atauni.edu.tr\/eczacilik-fakultesi\/wp-json\/wp\/v2\/pages\/12430\/revisions\/12456"}],"wp:attachment":[{"href":"https:\/\/atauni.edu.tr\/eczacilik-fakultesi\/wp-json\/wp\/v2\/media?parent=12430"}],"curies":[{"name":"wp","href":"https:\/\/api.w.org\/{rel}","templated":true}]}}