{"id":12467,"date":"2023-08-14T10:59:30","date_gmt":"2023-08-14T07:59:30","guid":{"rendered":"http:\/\/birimler.atauni.edu.tr\/eczacilik-fakultesi\/?page_id=12467"},"modified":"2023-08-14T11:23:02","modified_gmt":"2023-08-14T08:23:02","slug":"oryantasyon-programi-2","status":"publish","type":"page","link":"https:\/\/atauni.edu.tr\/eczacilik-fakultesi\/oryantasyon-programi-2\/","title":{"rendered":"Oryantasyon Program\u0131"},"content":{"rendered":"\t\t<div data-elementor-type=\"wp-page\" data-elementor-id=\"12467\" class=\"elementor elementor-12467\" data-elementor-post-type=\"page\">\n\t\t\t\t\t\t<section class=\"elementor-section elementor-top-section elementor-element elementor-element-193fe5a elementor-section-boxed elementor-section-height-default elementor-section-height-default\" data-id=\"193fe5a\" data-element_type=\"section\">\n\t\t\t\t\t\t<div class=\"elementor-container elementor-column-gap-default\">\n\t\t\t\t\t<div class=\"elementor-column elementor-col-100 elementor-top-column elementor-element elementor-element-48104bd\" data-id=\"48104bd\" data-element_type=\"column\">\n\t\t\t<div class=\"elementor-widget-wrap elementor-element-populated\">\n\t\t\t\t\t\t<div class=\"elementor-element elementor-element-0c3bf60 elementor-widget elementor-widget-text-editor\" data-id=\"0c3bf60\" data-element_type=\"widget\" data-widget_type=\"text-editor.default\">\n\t\t\t\t<div class=\"elementor-widget-container\">\n\t\t\t\t\t\t\t\t\t<p>13. B\u00f6lge Erzurum Eczac\u0131 Odas\u0131 Ba\u015fkan\u0131m\u0131z Ecz. Caner G\u00fcven, TEB Merkez Heyet \u00dcyesi Ecz. Ali Demir, Sel\u00e7uk Ecza Deposu Erzurum \u015eube M\u00fcd\u00fcr\u00fc Kamer \u0130ncesu ve akademik personelin kat\u0131l\u0131m\u0131 ile Atat\u00fcrk \u00dcniversitesi Eczac\u0131l\u0131k Fak\u00fcltesi&#8217;ne kay\u0131t yapt\u0131ran yeni d\u00f6nem \u00f6\u011frencilerimize \u015fehrimizin, \u00fcniversitemizin ve fak\u00fcltemizin tan\u0131t\u0131m\u0131n\u0131n yap\u0131ld\u0131\u011f\u0131 oryantasyon t\u00f6renimizi ger\u00e7ekle\u015ftirdik. Yeni akademik y\u0131l\u0131m\u0131z\u0131n \u00f6\u011frencilerimize ve \u00f6\u011fretim \u00fcyelerimize hay\u0131rl\u0131 olmas\u0131n\u0131 diliyoruz.\u00a0<\/p>\t\t\t\t\t\t\t\t<\/div>\n\t\t\t\t<\/div>\n\t\t\t\t<div class=\"elementor-element elementor-element-733a7a5 gallery-spacing-custom elementor-widget elementor-widget-image-gallery\" data-id=\"733a7a5\" data-element_type=\"widget\" data-widget_type=\"image-gallery.default\">\n\t\t\t\t<div class=\"elementor-widget-container\">\n\t\t\t\t\t\t\t<div class=\"elementor-image-gallery\">\n\t\t\t\n\t\t<style type=\"text\/css\">\n\t\t\t#gallery-1 {\n\t\t\t\tmargin: auto;\n\t\t\t}\n\t\t\t#gallery-1 .gallery-item {\n\t\t\t\tfloat: left;\n\t\t\t\tmargin-top: 10px;\n\t\t\t\ttext-align: center;\n\t\t\t\twidth: 50%;\n\t\t\t}\n\t\t\t#gallery-1 img {\n\t\t\t\tborder: 2px solid #cfcfcf;\n\t\t\t}\n\t\t\t#gallery-1 .gallery-caption {\n\t\t\t\tmargin-left: 0;\n\t\t\t}\n\t\t\t\/* see gallery_shortcode() in wp-includes\/media.php *\/\n\t\t<\/style>\n\t\t<div id='gallery-1' class='gallery galleryid-12467 gallery-columns-2 gallery-size-medium_large'><dl class='gallery-item'>\n\t\t\t<dt class='gallery-icon landscape'>\n\t\t\t\t<a data-elementor-open-lightbox=\"yes\" data-elementor-lightbox-slideshow=\"733a7a5\" data-elementor-lightbox-title=\"310706086_10222702057045373_959870724814381572_n\" data-e-action-hash=\"#elementor-action%3Aaction%3Dlightbox%26settings%3DeyJpZCI6MTI0NzAsInVybCI6Imh0dHBzOlwvXC9hdGF1bmkuZWR1LnRyXC9lY3phY2lsaWstZmFrdWx0ZXNpXC93cC1jb250ZW50XC91cGxvYWRzXC9zaXRlc1wvNThcLzIwMjBcLzA3XC8zMTA3MDYwODZfMTAyMjI3MDIwNTcwNDUzNzNfOTU5ODcwNzI0ODE0MzgxNTcyX24uanBnIiwic2xpZGVzaG93IjoiNzMzYTdhNSJ9\" href='https:\/\/atauni.edu.tr\/eczacilik-fakultesi\/wp-content\/uploads\/sites\/58\/2020\/07\/310706086_10222702057045373_959870724814381572_n.jpg'><img fetchpriority=\"high\" decoding=\"async\" width=\"768\" height=\"576\" src=\"https:\/\/atauni.edu.tr\/eczacilik-fakultesi\/wp-content\/uploads\/sites\/58\/2020\/07\/310706086_10222702057045373_959870724814381572_n-768x576.jpg\" class=\"attachment-medium_large size-medium_large\" alt=\"\" srcset=\"https:\/\/atauni.edu.tr\/eczacilik-fakultesi\/wp-content\/uploads\/sites\/58\/2020\/07\/310706086_10222702057045373_959870724814381572_n-768x576.jpg 768w, https:\/\/atauni.edu.tr\/eczacilik-fakultesi\/wp-content\/uploads\/sites\/58\/2020\/07\/310706086_10222702057045373_959870724814381572_n-300x225.jpg 300w, https:\/\/atauni.edu.tr\/eczacilik-fakultesi\/wp-content\/uploads\/sites\/58\/2020\/07\/310706086_10222702057045373_959870724814381572_n-1024x768.jpg 1024w, https:\/\/atauni.edu.tr\/eczacilik-fakultesi\/wp-content\/uploads\/sites\/58\/2020\/07\/310706086_10222702057045373_959870724814381572_n-1536x1152.jpg 1536w, https:\/\/atauni.edu.tr\/eczacilik-fakultesi\/wp-content\/uploads\/sites\/58\/2020\/07\/310706086_10222702057045373_959870724814381572_n-600x450.jpg 600w, https:\/\/atauni.edu.tr\/eczacilik-fakultesi\/wp-content\/uploads\/sites\/58\/2020\/07\/310706086_10222702057045373_959870724814381572_n-560x420.jpg 560w, https:\/\/atauni.edu.tr\/eczacilik-fakultesi\/wp-content\/uploads\/sites\/58\/2020\/07\/310706086_10222702057045373_959870724814381572_n.jpg 2048w\" sizes=\"(max-width: 768px) 100vw, 768px\" \/><\/a>\n\t\t\t<\/dt><\/dl><dl class='gallery-item'>\n\t\t\t<dt class='gallery-icon landscape'>\n\t\t\t\t<a data-elementor-open-lightbox=\"yes\" data-elementor-lightbox-slideshow=\"733a7a5\" data-elementor-lightbox-title=\"310977755_10222702056245353_3201441507841903563_n\" data-e-action-hash=\"#elementor-action%3Aaction%3Dlightbox%26settings%3DeyJpZCI6MTI0NzIsInVybCI6Imh0dHBzOlwvXC9hdGF1bmkuZWR1LnRyXC9lY3phY2lsaWstZmFrdWx0ZXNpXC93cC1jb250ZW50XC91cGxvYWRzXC9zaXRlc1wvNThcLzIwMjBcLzA3XC8zMTA5Nzc3NTVfMTAyMjI3MDIwNTYyNDUzNTNfMzIwMTQ0MTUwNzg0MTkwMzU2M19uLmpwZyIsInNsaWRlc2hvdyI6IjczM2E3YTUifQ%3D%3D\" href='https:\/\/atauni.edu.tr\/eczacilik-fakultesi\/wp-content\/uploads\/sites\/58\/2020\/07\/310977755_10222702056245353_3201441507841903563_n.jpg'><img decoding=\"async\" width=\"768\" height=\"576\" src=\"https:\/\/atauni.edu.tr\/eczacilik-fakultesi\/wp-content\/uploads\/sites\/58\/2020\/07\/310977755_10222702056245353_3201441507841903563_n-768x576.jpg\" class=\"attachment-medium_large size-medium_large\" alt=\"\" srcset=\"https:\/\/atauni.edu.tr\/eczacilik-fakultesi\/wp-content\/uploads\/sites\/58\/2020\/07\/310977755_10222702056245353_3201441507841903563_n-768x576.jpg 768w, https:\/\/atauni.edu.tr\/eczacilik-fakultesi\/wp-content\/uploads\/sites\/58\/2020\/07\/310977755_10222702056245353_3201441507841903563_n-300x225.jpg 300w, https:\/\/atauni.edu.tr\/eczacilik-fakultesi\/wp-content\/uploads\/sites\/58\/2020\/07\/310977755_10222702056245353_3201441507841903563_n-1024x768.jpg 1024w, https:\/\/atauni.edu.tr\/eczacilik-fakultesi\/wp-content\/uploads\/sites\/58\/2020\/07\/310977755_10222702056245353_3201441507841903563_n-1536x1152.jpg 1536w, https:\/\/atauni.edu.tr\/eczacilik-fakultesi\/wp-content\/uploads\/sites\/58\/2020\/07\/310977755_10222702056245353_3201441507841903563_n-600x450.jpg 600w, https:\/\/atauni.edu.tr\/eczacilik-fakultesi\/wp-content\/uploads\/sites\/58\/2020\/07\/310977755_10222702056245353_3201441507841903563_n-560x420.jpg 560w, https:\/\/atauni.edu.tr\/eczacilik-fakultesi\/wp-content\/uploads\/sites\/58\/2020\/07\/310977755_10222702056245353_3201441507841903563_n.jpg 2048w\" sizes=\"(max-width: 768px) 100vw, 768px\" \/><\/a>\n\t\t\t<\/dt><\/dl><br style=\"clear: both\" \/>\n\t\t<\/div>\n\t\t<\/div>\n\t\t\t\t\t\t<\/div>\n\t\t\t\t<\/div>\n\t\t\t\t<div class=\"elementor-element elementor-element-a833bfb elementor-widget elementor-widget-image-gallery\" data-id=\"a833bfb\" data-element_type=\"widget\" data-widget_type=\"image-gallery.default\">\n\t\t\t\t<div class=\"elementor-widget-container\">\n\t\t\t\t\t\t\t<div class=\"elementor-image-gallery\">\n\t\t\t\n\t\t<style type=\"text\/css\">\n\t\t\t#gallery-2 {\n\t\t\t\tmargin: auto;\n\t\t\t}\n\t\t\t#gallery-2 .gallery-item {\n\t\t\t\tfloat: left;\n\t\t\t\tmargin-top: 10px;\n\t\t\t\ttext-align: center;\n\t\t\t\twidth: 25%;\n\t\t\t}\n\t\t\t#gallery-2 img {\n\t\t\t\tborder: 2px solid #cfcfcf;\n\t\t\t}\n\t\t\t#gallery-2 .gallery-caption {\n\t\t\t\tmargin-left: 0;\n\t\t\t}\n\t\t\t\/* see gallery_shortcode() in wp-includes\/media.php *\/\n\t\t<\/style>\n\t\t<div id='gallery-2' class='gallery galleryid-12467 gallery-columns-4 gallery-size-medium'><dl class='gallery-item'>\n\t\t\t<dt class='gallery-icon portrait'>\n\t\t\t\t<a data-elementor-open-lightbox=\"yes\" data-elementor-lightbox-slideshow=\"a833bfb\" data-elementor-lightbox-title=\"311170098_10222702056165351_1440639569193776167_n (1)\" data-e-action-hash=\"#elementor-action%3Aaction%3Dlightbox%26settings%3DeyJpZCI6MTI0NzksInVybCI6Imh0dHBzOlwvXC9hdGF1bmkuZWR1LnRyXC9lY3phY2lsaWstZmFrdWx0ZXNpXC93cC1jb250ZW50XC91cGxvYWRzXC9zaXRlc1wvNThcLzIwMjBcLzA3XC8zMTExNzAwOThfMTAyMjI3MDIwNTYxNjUzNTFfMTQ0MDYzOTU2OTE5Mzc3NjE2N19uLTEuanBnIiwic2xpZGVzaG93IjoiYTgzM2JmYiJ9\" href='https:\/\/atauni.edu.tr\/eczacilik-fakultesi\/wp-content\/uploads\/sites\/58\/2020\/07\/311170098_10222702056165351_1440639569193776167_n-1.jpg'><img decoding=\"async\" width=\"225\" height=\"300\" src=\"https:\/\/atauni.edu.tr\/eczacilik-fakultesi\/wp-content\/uploads\/sites\/58\/2020\/07\/311170098_10222702056165351_1440639569193776167_n-1-225x300.jpg\" class=\"attachment-medium size-medium\" alt=\"\" srcset=\"https:\/\/atauni.edu.tr\/eczacilik-fakultesi\/wp-content\/uploads\/sites\/58\/2020\/07\/311170098_10222702056165351_1440639569193776167_n-1-225x300.jpg 225w, https:\/\/atauni.edu.tr\/eczacilik-fakultesi\/wp-content\/uploads\/sites\/58\/2020\/07\/311170098_10222702056165351_1440639569193776167_n-1-768x1024.jpg 768w, https:\/\/atauni.edu.tr\/eczacilik-fakultesi\/wp-content\/uploads\/sites\/58\/2020\/07\/311170098_10222702056165351_1440639569193776167_n-1-1152x1536.jpg 1152w, https:\/\/atauni.edu.tr\/eczacilik-fakultesi\/wp-content\/uploads\/sites\/58\/2020\/07\/311170098_10222702056165351_1440639569193776167_n-1-450x600.jpg 450w, https:\/\/atauni.edu.tr\/eczacilik-fakultesi\/wp-content\/uploads\/sites\/58\/2020\/07\/311170098_10222702056165351_1440639569193776167_n-1-420x560.jpg 420w, https:\/\/atauni.edu.tr\/eczacilik-fakultesi\/wp-content\/uploads\/sites\/58\/2020\/07\/311170098_10222702056165351_1440639569193776167_n-1.jpg 1536w\" sizes=\"(max-width: 225px) 100vw, 225px\" \/><\/a>\n\t\t\t<\/dt><\/dl><dl class='gallery-item'>\n\t\t\t<dt class='gallery-icon portrait'>\n\t\t\t\t<a data-elementor-open-lightbox=\"yes\" data-elementor-lightbox-slideshow=\"a833bfb\" data-elementor-lightbox-title=\"311104162_10222702056485359_5306928669830095036_n\" data-e-action-hash=\"#elementor-action%3Aaction%3Dlightbox%26settings%3DeyJpZCI6MTI0NzgsInVybCI6Imh0dHBzOlwvXC9hdGF1bmkuZWR1LnRyXC9lY3phY2lsaWstZmFrdWx0ZXNpXC93cC1jb250ZW50XC91cGxvYWRzXC9zaXRlc1wvNThcLzIwMjBcLzA3XC8zMTExMDQxNjJfMTAyMjI3MDIwNTY0ODUzNTlfNTMwNjkyODY2OTgzMDA5NTAzNl9uLmpwZyIsInNsaWRlc2hvdyI6ImE4MzNiZmIifQ%3D%3D\" href='https:\/\/atauni.edu.tr\/eczacilik-fakultesi\/wp-content\/uploads\/sites\/58\/2020\/07\/311104162_10222702056485359_5306928669830095036_n.jpg'><img loading=\"lazy\" decoding=\"async\" width=\"225\" height=\"300\" src=\"https:\/\/atauni.edu.tr\/eczacilik-fakultesi\/wp-content\/uploads\/sites\/58\/2020\/07\/311104162_10222702056485359_5306928669830095036_n-225x300.jpg\" class=\"attachment-medium size-medium\" alt=\"\" srcset=\"https:\/\/atauni.edu.tr\/eczacilik-fakultesi\/wp-content\/uploads\/sites\/58\/2020\/07\/311104162_10222702056485359_5306928669830095036_n-225x300.jpg 225w, https:\/\/atauni.edu.tr\/eczacilik-fakultesi\/wp-content\/uploads\/sites\/58\/2020\/07\/311104162_10222702056485359_5306928669830095036_n-768x1024.jpg 768w, https:\/\/atauni.edu.tr\/eczacilik-fakultesi\/wp-content\/uploads\/sites\/58\/2020\/07\/311104162_10222702056485359_5306928669830095036_n-1152x1536.jpg 1152w, https:\/\/atauni.edu.tr\/eczacilik-fakultesi\/wp-content\/uploads\/sites\/58\/2020\/07\/311104162_10222702056485359_5306928669830095036_n-450x600.jpg 450w, https:\/\/atauni.edu.tr\/eczacilik-fakultesi\/wp-content\/uploads\/sites\/58\/2020\/07\/311104162_10222702056485359_5306928669830095036_n-420x560.jpg 420w, https:\/\/atauni.edu.tr\/eczacilik-fakultesi\/wp-content\/uploads\/sites\/58\/2020\/07\/311104162_10222702056485359_5306928669830095036_n.jpg 1536w\" sizes=\"(max-width: 225px) 100vw, 225px\" \/><\/a>\n\t\t\t<\/dt><\/dl><dl class='gallery-item'>\n\t\t\t<dt class='gallery-icon portrait'>\n\t\t\t\t<a data-elementor-open-lightbox=\"yes\" data-elementor-lightbox-slideshow=\"a833bfb\" data-elementor-lightbox-title=\"311043734_10222702056725365_4699776798176816378_n\" data-e-action-hash=\"#elementor-action%3Aaction%3Dlightbox%26settings%3DeyJpZCI6MTI0NzYsInVybCI6Imh0dHBzOlwvXC9hdGF1bmkuZWR1LnRyXC9lY3phY2lsaWstZmFrdWx0ZXNpXC93cC1jb250ZW50XC91cGxvYWRzXC9zaXRlc1wvNThcLzIwMjBcLzA3XC8zMTEwNDM3MzRfMTAyMjI3MDIwNTY3MjUzNjVfNDY5OTc3Njc5ODE3NjgxNjM3OF9uLmpwZyIsInNsaWRlc2hvdyI6ImE4MzNiZmIifQ%3D%3D\" href='https:\/\/atauni.edu.tr\/eczacilik-fakultesi\/wp-content\/uploads\/sites\/58\/2020\/07\/311043734_10222702056725365_4699776798176816378_n.jpg'><img loading=\"lazy\" decoding=\"async\" width=\"225\" height=\"300\" src=\"https:\/\/atauni.edu.tr\/eczacilik-fakultesi\/wp-content\/uploads\/sites\/58\/2020\/07\/311043734_10222702056725365_4699776798176816378_n-225x300.jpg\" class=\"attachment-medium size-medium\" alt=\"\" srcset=\"https:\/\/atauni.edu.tr\/eczacilik-fakultesi\/wp-content\/uploads\/sites\/58\/2020\/07\/311043734_10222702056725365_4699776798176816378_n-225x300.jpg 225w, https:\/\/atauni.edu.tr\/eczacilik-fakultesi\/wp-content\/uploads\/sites\/58\/2020\/07\/311043734_10222702056725365_4699776798176816378_n-768x1024.jpg 768w, https:\/\/atauni.edu.tr\/eczacilik-fakultesi\/wp-content\/uploads\/sites\/58\/2020\/07\/311043734_10222702056725365_4699776798176816378_n-1152x1536.jpg 1152w, https:\/\/atauni.edu.tr\/eczacilik-fakultesi\/wp-content\/uploads\/sites\/58\/2020\/07\/311043734_10222702056725365_4699776798176816378_n-450x600.jpg 450w, https:\/\/atauni.edu.tr\/eczacilik-fakultesi\/wp-content\/uploads\/sites\/58\/2020\/07\/311043734_10222702056725365_4699776798176816378_n-420x560.jpg 420w, https:\/\/atauni.edu.tr\/eczacilik-fakultesi\/wp-content\/uploads\/sites\/58\/2020\/07\/311043734_10222702056725365_4699776798176816378_n.jpg 1536w\" sizes=\"(max-width: 225px) 100vw, 225px\" \/><\/a>\n\t\t\t<\/dt><\/dl><dl class='gallery-item'>\n\t\t\t<dt class='gallery-icon portrait'>\n\t\t\t\t<a data-elementor-open-lightbox=\"yes\" data-elementor-lightbox-slideshow=\"a833bfb\" data-elementor-lightbox-title=\"311022112_10222702057245378_2519189048343689555_n\" data-e-action-hash=\"#elementor-action%3Aaction%3Dlightbox%26settings%3DeyJpZCI6MTI0NzUsInVybCI6Imh0dHBzOlwvXC9hdGF1bmkuZWR1LnRyXC9lY3phY2lsaWstZmFrdWx0ZXNpXC93cC1jb250ZW50XC91cGxvYWRzXC9zaXRlc1wvNThcLzIwMjBcLzA3XC8zMTEwMjIxMTJfMTAyMjI3MDIwNTcyNDUzNzhfMjUxOTE4OTA0ODM0MzY4OTU1NV9uLmpwZyIsInNsaWRlc2hvdyI6ImE4MzNiZmIifQ%3D%3D\" href='https:\/\/atauni.edu.tr\/eczacilik-fakultesi\/wp-content\/uploads\/sites\/58\/2020\/07\/311022112_10222702057245378_2519189048343689555_n.jpg'><img loading=\"lazy\" decoding=\"async\" width=\"225\" height=\"300\" src=\"https:\/\/atauni.edu.tr\/eczacilik-fakultesi\/wp-content\/uploads\/sites\/58\/2020\/07\/311022112_10222702057245378_2519189048343689555_n-225x300.jpg\" class=\"attachment-medium size-medium\" alt=\"\" srcset=\"https:\/\/atauni.edu.tr\/eczacilik-fakultesi\/wp-content\/uploads\/sites\/58\/2020\/07\/311022112_10222702057245378_2519189048343689555_n-225x300.jpg 225w, https:\/\/atauni.edu.tr\/eczacilik-fakultesi\/wp-content\/uploads\/sites\/58\/2020\/07\/311022112_10222702057245378_2519189048343689555_n-768x1024.jpg 768w, https:\/\/atauni.edu.tr\/eczacilik-fakultesi\/wp-content\/uploads\/sites\/58\/2020\/07\/311022112_10222702057245378_2519189048343689555_n-1152x1536.jpg 1152w, https:\/\/atauni.edu.tr\/eczacilik-fakultesi\/wp-content\/uploads\/sites\/58\/2020\/07\/311022112_10222702057245378_2519189048343689555_n-450x600.jpg 450w, https:\/\/atauni.edu.tr\/eczacilik-fakultesi\/wp-content\/uploads\/sites\/58\/2020\/07\/311022112_10222702057245378_2519189048343689555_n-420x560.jpg 420w, https:\/\/atauni.edu.tr\/eczacilik-fakultesi\/wp-content\/uploads\/sites\/58\/2020\/07\/311022112_10222702057245378_2519189048343689555_n.jpg 1536w\" sizes=\"(max-width: 225px) 100vw, 225px\" \/><\/a>\n\t\t\t<\/dt><\/dl><br style=\"clear: both\" \/><dl class='gallery-item'>\n\t\t\t<dt class='gallery-icon portrait'>\n\t\t\t\t<a data-elementor-open-lightbox=\"yes\" data-elementor-lightbox-slideshow=\"a833bfb\" data-elementor-lightbox-title=\"311051478_10222702056645363_3215180596467879106_n\" data-e-action-hash=\"#elementor-action%3Aaction%3Dlightbox%26settings%3DeyJpZCI6MTI0NzcsInVybCI6Imh0dHBzOlwvXC9hdGF1bmkuZWR1LnRyXC9lY3phY2lsaWstZmFrdWx0ZXNpXC93cC1jb250ZW50XC91cGxvYWRzXC9zaXRlc1wvNThcLzIwMjBcLzA3XC8zMTEwNTE0NzhfMTAyMjI3MDIwNTY2NDUzNjNfMzIxNTE4MDU5NjQ2Nzg3OTEwNl9uLmpwZyIsInNsaWRlc2hvdyI6ImE4MzNiZmIifQ%3D%3D\" href='https:\/\/atauni.edu.tr\/eczacilik-fakultesi\/wp-content\/uploads\/sites\/58\/2020\/07\/311051478_10222702056645363_3215180596467879106_n.jpg'><img loading=\"lazy\" decoding=\"async\" width=\"225\" height=\"300\" src=\"https:\/\/atauni.edu.tr\/eczacilik-fakultesi\/wp-content\/uploads\/sites\/58\/2020\/07\/311051478_10222702056645363_3215180596467879106_n-225x300.jpg\" class=\"attachment-medium size-medium\" alt=\"\" srcset=\"https:\/\/atauni.edu.tr\/eczacilik-fakultesi\/wp-content\/uploads\/sites\/58\/2020\/07\/311051478_10222702056645363_3215180596467879106_n-225x300.jpg 225w, https:\/\/atauni.edu.tr\/eczacilik-fakultesi\/wp-content\/uploads\/sites\/58\/2020\/07\/311051478_10222702056645363_3215180596467879106_n-768x1024.jpg 768w, https:\/\/atauni.edu.tr\/eczacilik-fakultesi\/wp-content\/uploads\/sites\/58\/2020\/07\/311051478_10222702056645363_3215180596467879106_n-1152x1536.jpg 1152w, https:\/\/atauni.edu.tr\/eczacilik-fakultesi\/wp-content\/uploads\/sites\/58\/2020\/07\/311051478_10222702056645363_3215180596467879106_n-450x600.jpg 450w, https:\/\/atauni.edu.tr\/eczacilik-fakultesi\/wp-content\/uploads\/sites\/58\/2020\/07\/311051478_10222702056645363_3215180596467879106_n-420x560.jpg 420w, https:\/\/atauni.edu.tr\/eczacilik-fakultesi\/wp-content\/uploads\/sites\/58\/2020\/07\/311051478_10222702056645363_3215180596467879106_n.jpg 1536w\" sizes=\"(max-width: 225px) 100vw, 225px\" \/><\/a>\n\t\t\t<\/dt><\/dl><dl class='gallery-item'>\n\t\t\t<dt class='gallery-icon portrait'>\n\t\t\t\t<a data-elementor-open-lightbox=\"yes\" data-elementor-lightbox-slideshow=\"a833bfb\" data-elementor-lightbox-title=\"310734596_10222702057805392_5503925314258827175_n\" data-e-action-hash=\"#elementor-action%3Aaction%3Dlightbox%26settings%3DeyJpZCI6MTI0NzEsInVybCI6Imh0dHBzOlwvXC9hdGF1bmkuZWR1LnRyXC9lY3phY2lsaWstZmFrdWx0ZXNpXC93cC1jb250ZW50XC91cGxvYWRzXC9zaXRlc1wvNThcLzIwMjBcLzA3XC8zMTA3MzQ1OTZfMTAyMjI3MDIwNTc4MDUzOTJfNTUwMzkyNTMxNDI1ODgyNzE3NV9uLmpwZyIsInNsaWRlc2hvdyI6ImE4MzNiZmIifQ%3D%3D\" href='https:\/\/atauni.edu.tr\/eczacilik-fakultesi\/wp-content\/uploads\/sites\/58\/2020\/07\/310734596_10222702057805392_5503925314258827175_n.jpg'><img loading=\"lazy\" decoding=\"async\" width=\"225\" height=\"300\" src=\"https:\/\/atauni.edu.tr\/eczacilik-fakultesi\/wp-content\/uploads\/sites\/58\/2020\/07\/310734596_10222702057805392_5503925314258827175_n-225x300.jpg\" class=\"attachment-medium size-medium\" alt=\"\" srcset=\"https:\/\/atauni.edu.tr\/eczacilik-fakultesi\/wp-content\/uploads\/sites\/58\/2020\/07\/310734596_10222702057805392_5503925314258827175_n-225x300.jpg 225w, https:\/\/atauni.edu.tr\/eczacilik-fakultesi\/wp-content\/uploads\/sites\/58\/2020\/07\/310734596_10222702057805392_5503925314258827175_n-768x1024.jpg 768w, https:\/\/atauni.edu.tr\/eczacilik-fakultesi\/wp-content\/uploads\/sites\/58\/2020\/07\/310734596_10222702057805392_5503925314258827175_n-1152x1536.jpg 1152w, https:\/\/atauni.edu.tr\/eczacilik-fakultesi\/wp-content\/uploads\/sites\/58\/2020\/07\/310734596_10222702057805392_5503925314258827175_n-450x600.jpg 450w, https:\/\/atauni.edu.tr\/eczacilik-fakultesi\/wp-content\/uploads\/sites\/58\/2020\/07\/310734596_10222702057805392_5503925314258827175_n-420x560.jpg 420w, https:\/\/atauni.edu.tr\/eczacilik-fakultesi\/wp-content\/uploads\/sites\/58\/2020\/07\/310734596_10222702057805392_5503925314258827175_n.jpg 1536w\" sizes=\"(max-width: 225px) 100vw, 225px\" \/><\/a>\n\t\t\t<\/dt><\/dl><dl class='gallery-item'>\n\t\t\t<dt class='gallery-icon portrait'>\n\t\t\t\t<a data-elementor-open-lightbox=\"yes\" data-elementor-lightbox-slideshow=\"a833bfb\" data-elementor-lightbox-title=\"311013661_10222702057565386_3085753463355969741_n\" data-e-action-hash=\"#elementor-action%3Aaction%3Dlightbox%26settings%3DeyJpZCI6MTI0NzQsInVybCI6Imh0dHBzOlwvXC9hdGF1bmkuZWR1LnRyXC9lY3phY2lsaWstZmFrdWx0ZXNpXC93cC1jb250ZW50XC91cGxvYWRzXC9zaXRlc1wvNThcLzIwMjBcLzA3XC8zMTEwMTM2NjFfMTAyMjI3MDIwNTc1NjUzODZfMzA4NTc1MzQ2MzM1NTk2OTc0MV9uLmpwZyIsInNsaWRlc2hvdyI6ImE4MzNiZmIifQ%3D%3D\" href='https:\/\/atauni.edu.tr\/eczacilik-fakultesi\/wp-content\/uploads\/sites\/58\/2020\/07\/311013661_10222702057565386_3085753463355969741_n.jpg'><img loading=\"lazy\" decoding=\"async\" width=\"225\" height=\"300\" src=\"https:\/\/atauni.edu.tr\/eczacilik-fakultesi\/wp-content\/uploads\/sites\/58\/2020\/07\/311013661_10222702057565386_3085753463355969741_n-225x300.jpg\" class=\"attachment-medium size-medium\" alt=\"\" srcset=\"https:\/\/atauni.edu.tr\/eczacilik-fakultesi\/wp-content\/uploads\/sites\/58\/2020\/07\/311013661_10222702057565386_3085753463355969741_n-225x300.jpg 225w, https:\/\/atauni.edu.tr\/eczacilik-fakultesi\/wp-content\/uploads\/sites\/58\/2020\/07\/311013661_10222702057565386_3085753463355969741_n-768x1024.jpg 768w, https:\/\/atauni.edu.tr\/eczacilik-fakultesi\/wp-content\/uploads\/sites\/58\/2020\/07\/311013661_10222702057565386_3085753463355969741_n-1152x1536.jpg 1152w, https:\/\/atauni.edu.tr\/eczacilik-fakultesi\/wp-content\/uploads\/sites\/58\/2020\/07\/311013661_10222702057565386_3085753463355969741_n-450x600.jpg 450w, https:\/\/atauni.edu.tr\/eczacilik-fakultesi\/wp-content\/uploads\/sites\/58\/2020\/07\/311013661_10222702057565386_3085753463355969741_n-420x560.jpg 420w, https:\/\/atauni.edu.tr\/eczacilik-fakultesi\/wp-content\/uploads\/sites\/58\/2020\/07\/311013661_10222702057565386_3085753463355969741_n.jpg 1536w\" sizes=\"(max-width: 225px) 100vw, 225px\" \/><\/a>\n\t\t\t<\/dt><\/dl><dl class='gallery-item'>\n\t\t\t<dt class='gallery-icon portrait'>\n\t\t\t\t<a data-elementor-open-lightbox=\"yes\" data-elementor-lightbox-slideshow=\"a833bfb\" data-elementor-lightbox-title=\"310987584_10222702057405382_4704101502059614026_n\" data-e-action-hash=\"#elementor-action%3Aaction%3Dlightbox%26settings%3DeyJpZCI6MTI0NzMsInVybCI6Imh0dHBzOlwvXC9hdGF1bmkuZWR1LnRyXC9lY3phY2lsaWstZmFrdWx0ZXNpXC93cC1jb250ZW50XC91cGxvYWRzXC9zaXRlc1wvNThcLzIwMjBcLzA3XC8zMTA5ODc1ODRfMTAyMjI3MDIwNTc0MDUzODJfNDcwNDEwMTUwMjA1OTYxNDAyNl9uLmpwZyIsInNsaWRlc2hvdyI6ImE4MzNiZmIifQ%3D%3D\" href='https:\/\/atauni.edu.tr\/eczacilik-fakultesi\/wp-content\/uploads\/sites\/58\/2020\/07\/310987584_10222702057405382_4704101502059614026_n.jpg'><img loading=\"lazy\" decoding=\"async\" width=\"225\" height=\"300\" src=\"https:\/\/atauni.edu.tr\/eczacilik-fakultesi\/wp-content\/uploads\/sites\/58\/2020\/07\/310987584_10222702057405382_4704101502059614026_n-225x300.jpg\" class=\"attachment-medium size-medium\" alt=\"\" srcset=\"https:\/\/atauni.edu.tr\/eczacilik-fakultesi\/wp-content\/uploads\/sites\/58\/2020\/07\/310987584_10222702057405382_4704101502059614026_n-225x300.jpg 225w, https:\/\/atauni.edu.tr\/eczacilik-fakultesi\/wp-content\/uploads\/sites\/58\/2020\/07\/310987584_10222702057405382_4704101502059614026_n-768x1024.jpg 768w, https:\/\/atauni.edu.tr\/eczacilik-fakultesi\/wp-content\/uploads\/sites\/58\/2020\/07\/310987584_10222702057405382_4704101502059614026_n-1152x1536.jpg 1152w, https:\/\/atauni.edu.tr\/eczacilik-fakultesi\/wp-content\/uploads\/sites\/58\/2020\/07\/310987584_10222702057405382_4704101502059614026_n-450x600.jpg 450w, https:\/\/atauni.edu.tr\/eczacilik-fakultesi\/wp-content\/uploads\/sites\/58\/2020\/07\/310987584_10222702057405382_4704101502059614026_n-420x560.jpg 420w, https:\/\/atauni.edu.tr\/eczacilik-fakultesi\/wp-content\/uploads\/sites\/58\/2020\/07\/310987584_10222702057405382_4704101502059614026_n.jpg 1536w\" sizes=\"(max-width: 225px) 100vw, 225px\" \/><\/a>\n\t\t\t<\/dt><\/dl><br style=\"clear: both\" \/>\n\t\t<\/div>\n\t\t<\/div>\n\t\t\t\t\t\t<\/div>\n\t\t\t\t<\/div>\n\t\t\t\t\t<\/div>\n\t\t<\/div>\n\t\t\t\t\t<\/div>\n\t\t<\/section>\n\t\t\t\t<\/div>\n\t\t","protected":false},"excerpt":{"rendered":"<p>13. B\u00f6lge Erzurum Eczac\u0131 Odas\u0131 Ba\u015fkan\u0131m\u0131z Ecz. Caner G\u00fcven, TEB Merkez Heyet \u00dcyesi Ecz. Ali Demir, Sel\u00e7uk Ecza Deposu Erzurum \u015eube M\u00fcd\u00fcr\u00fc Kamer \u0130ncesu ve akademik personelin kat\u0131l\u0131m\u0131 ile Atat\u00fcrk \u00dcniversitesi Eczac\u0131l\u0131k Fak\u00fcltesi&#8217;ne kay\u0131t yapt\u0131ran yeni d\u00f6nem \u00f6\u011frencilerimize \u015fehrimizin, \u00fcniversitemizin ve fak\u00fcltemizin tan\u0131t\u0131m\u0131n\u0131n yap\u0131ld\u0131\u011f\u0131 oryantasyon t\u00f6renimizi ger\u00e7ekle\u015ftirdik. Yeni akademik y\u0131l\u0131m\u0131z\u0131n \u00f6\u011frencilerimize ve \u00f6\u011fretim \u00fcyelerimize hay\u0131rl\u0131 [&hellip;]<\/p>\n","protected":false},"author":47,"featured_media":0,"parent":0,"menu_order":0,"comment_status":"closed","ping_status":"closed","template":"","meta":{"footnotes":""},"class_list":["post-12467","page","type-page","status-publish","hentry"],"_links":{"self":[{"href":"https:\/\/atauni.edu.tr\/eczacilik-fakultesi\/wp-json\/wp\/v2\/pages\/12467","targetHints":{"allow":["GET"]}}],"collection":[{"href":"https:\/\/atauni.edu.tr\/eczacilik-fakultesi\/wp-json\/wp\/v2\/pages"}],"about":[{"href":"https:\/\/atauni.edu.tr\/eczacilik-fakultesi\/wp-json\/wp\/v2\/types\/page"}],"author":[{"embeddable":true,"href":"https:\/\/atauni.edu.tr\/eczacilik-fakultesi\/wp-json\/wp\/v2\/users\/47"}],"replies":[{"embeddable":true,"href":"https:\/\/atauni.edu.tr\/eczacilik-fakultesi\/wp-json\/wp\/v2\/comments?post=12467"}],"version-history":[{"count":16,"href":"https:\/\/atauni.edu.tr\/eczacilik-fakultesi\/wp-json\/wp\/v2\/pages\/12467\/revisions"}],"predecessor-version":[{"id":12498,"href":"https:\/\/atauni.edu.tr\/eczacilik-fakultesi\/wp-json\/wp\/v2\/pages\/12467\/revisions\/12498"}],"wp:attachment":[{"href":"https:\/\/atauni.edu.tr\/eczacilik-fakultesi\/wp-json\/wp\/v2\/media?parent=12467"}],"curies":[{"name":"wp","href":"https:\/\/api.w.org\/{rel}","templated":true}]}}