{"id":12619,"date":"2023-10-10T11:00:43","date_gmt":"2023-10-10T08:00:43","guid":{"rendered":"http:\/\/birimler.atauni.edu.tr\/eczacilik-fakultesi\/?page_id=12619"},"modified":"2023-10-10T11:11:07","modified_gmt":"2023-10-10T08:11:07","slug":"ataturk-universitesi-eczacilik-fakultesi-akreditasyon-belgesi-takdim-toreni","status":"publish","type":"page","link":"https:\/\/atauni.edu.tr\/eczacilik-fakultesi\/ataturk-universitesi-eczacilik-fakultesi-akreditasyon-belgesi-takdim-toreni\/","title":{"rendered":"Atat\u00fcrk \u00dcniversitesi Eczac\u0131l\u0131k Fak\u00fcltesi Akreditasyon Belgesi Takdim T\u00f6reni"},"content":{"rendered":"\n<p>Atat\u00fcrk \u00dcniversitesi Eczac\u0131l\u0131k Fak\u00fcltesi\u2019ne akreditasyon belgesi t\u00f6renle takdim edildi.<\/p>\n\n\n\n<p>ECZAKDER taraf\u0131ndan 2022-2028 y\u0131llar\u0131 aras\u0131nda yeniden akredite edilen Atat\u00fcrk&nbsp;\u00dcniversitesi Eczac\u0131l\u0131k Fak\u00fcltesine akreditasyon belgesi 15&nbsp;Kas\u0131m&nbsp;2022 tarihinde yap\u0131lan t\u00f6renle verildi. T\u00f6ren ilk olarak Atat\u00fcrk&nbsp;\u00dcniversitesi Rekt\u00f6r\u00fc Prof. Dr. \u00d6mer \u00c7omakl\u0131&#8217;y\u0131 ziyaretle ba\u015flad\u0131. Ayn\u0131 tarihte Erzurum&#8217;da toplanan Eczac\u0131l\u0131k Dekanlar\u0131 Konseyi i\u00e7in haz\u0131r bulunan dekanlarla birlikte ger\u00e7ekle\u015ftirilen ziyaretin ard\u0131ndan Atat\u00fcrk \u00dcniversitesi 15 Temmuz Milli \u0130rade Salonunda belge takdim t\u00f6reni yap\u0131ld\u0131. Akreditasyon belgesi ECZAKDER Ba\u015fkan\u0131 Prof. Dr. M. Se\u00e7kin \u00d6zden ve ECZAKDER Genel Sekreteri Prof. Dr. Benay Can Eke&nbsp; taraf\u0131ndan Dekan Prof. Dr. Y\u00fccel Kad\u0131o\u011flu&#8217;na&nbsp; takdim edildi. T\u00f6rende&nbsp;ECZAKDER Ba\u015fkan\u0131 Prof. Dr. M. Se\u00e7kin \u00d6zden akreditasyon s\u00fcrecinin \u00f6nemini ve bu alanda y\u00fcr\u00fct\u00fclen faaliyetleri \u00f6zetleyen bir sunum ger\u00e7ekle\u015ftirdi. T\u00f6rene eczac\u0131l\u0131k&nbsp;fak\u00fcltelerinin dekanlar\u0131, 13. B\u00f6lge Eczac\u0131 Odas\u0131 Ba\u015fkan\u0131, akademik ve idari personel ve&nbsp;\u00f6\u011frenciler kat\u0131ld\u0131. T\u00f6ren&nbsp;toplu foto\u011fraf \u00e7ekimi ve \u015fehir gezisinin ard\u0131ndan sona erdi.<\/p>\n\n\n\n<figure class=\"wp-block-gallery has-nested-images columns-default is-cropped wp-block-gallery-1 is-layout-flex wp-block-gallery-is-layout-flex\">\n<figure class=\"wp-block-image size-full\"><img fetchpriority=\"high\" decoding=\"async\" width=\"960\" height=\"709\" data-id=\"12621\" src=\"http:\/\/birimler.atauni.edu.tr\/eczacilik-fakultesi\/wp-content\/uploads\/sites\/58\/2023\/10\/resim-1.jpg\" alt=\"\" class=\"wp-image-12621\" srcset=\"https:\/\/atauni.edu.tr\/eczacilik-fakultesi\/wp-content\/uploads\/sites\/58\/2023\/10\/resim-1.jpg 960w, https:\/\/atauni.edu.tr\/eczacilik-fakultesi\/wp-content\/uploads\/sites\/58\/2023\/10\/resim-1-300x222.jpg 300w, https:\/\/atauni.edu.tr\/eczacilik-fakultesi\/wp-content\/uploads\/sites\/58\/2023\/10\/resim-1-768x567.jpg 768w, https:\/\/atauni.edu.tr\/eczacilik-fakultesi\/wp-content\/uploads\/sites\/58\/2023\/10\/resim-1-600x443.jpg 600w, https:\/\/atauni.edu.tr\/eczacilik-fakultesi\/wp-content\/uploads\/sites\/58\/2023\/10\/resim-1-560x414.jpg 560w\" sizes=\"(max-width: 960px) 100vw, 960px\" \/><\/figure>\n\n\n\n<figure class=\"wp-block-image size-full\"><img decoding=\"async\" width=\"547\" height=\"375\" data-id=\"12620\" src=\"http:\/\/birimler.atauni.edu.tr\/eczacilik-fakultesi\/wp-content\/uploads\/sites\/58\/2023\/10\/resim-2.jpg\" alt=\"\" class=\"wp-image-12620\" srcset=\"https:\/\/atauni.edu.tr\/eczacilik-fakultesi\/wp-content\/uploads\/sites\/58\/2023\/10\/resim-2.jpg 547w, https:\/\/atauni.edu.tr\/eczacilik-fakultesi\/wp-content\/uploads\/sites\/58\/2023\/10\/resim-2-300x206.jpg 300w\" sizes=\"(max-width: 547px) 100vw, 547px\" \/><\/figure>\n\n\n\n<figure class=\"wp-block-image size-large\"><img decoding=\"async\" width=\"1024\" height=\"600\" data-id=\"12622\" src=\"http:\/\/birimler.atauni.edu.tr\/eczacilik-fakultesi\/wp-content\/uploads\/sites\/58\/2023\/10\/resim-3-1024x600.jpg\" alt=\"\" class=\"wp-image-12622\" srcset=\"https:\/\/atauni.edu.tr\/eczacilik-fakultesi\/wp-content\/uploads\/sites\/58\/2023\/10\/resim-3-1024x600.jpg 1024w, https:\/\/atauni.edu.tr\/eczacilik-fakultesi\/wp-content\/uploads\/sites\/58\/2023\/10\/resim-3-300x176.jpg 300w, https:\/\/atauni.edu.tr\/eczacilik-fakultesi\/wp-content\/uploads\/sites\/58\/2023\/10\/resim-3-768x450.jpg 768w, https:\/\/atauni.edu.tr\/eczacilik-fakultesi\/wp-content\/uploads\/sites\/58\/2023\/10\/resim-3-600x352.jpg 600w, https:\/\/atauni.edu.tr\/eczacilik-fakultesi\/wp-content\/uploads\/sites\/58\/2023\/10\/resim-3-560x328.jpg 560w, https:\/\/atauni.edu.tr\/eczacilik-fakultesi\/wp-content\/uploads\/sites\/58\/2023\/10\/resim-3.jpg 1080w\" sizes=\"(max-width: 1024px) 100vw, 1024px\" \/><\/figure>\n\n\n\n<figure class=\"wp-block-image size-full\"><img loading=\"lazy\" decoding=\"async\" width=\"956\" height=\"705\" data-id=\"12623\" src=\"http:\/\/birimler.atauni.edu.tr\/eczacilik-fakultesi\/wp-content\/uploads\/sites\/58\/2023\/10\/resim-4.jpg\" alt=\"\" class=\"wp-image-12623\" srcset=\"https:\/\/atauni.edu.tr\/eczacilik-fakultesi\/wp-content\/uploads\/sites\/58\/2023\/10\/resim-4.jpg 956w, https:\/\/atauni.edu.tr\/eczacilik-fakultesi\/wp-content\/uploads\/sites\/58\/2023\/10\/resim-4-300x221.jpg 300w, https:\/\/atauni.edu.tr\/eczacilik-fakultesi\/wp-content\/uploads\/sites\/58\/2023\/10\/resim-4-768x566.jpg 768w, https:\/\/atauni.edu.tr\/eczacilik-fakultesi\/wp-content\/uploads\/sites\/58\/2023\/10\/resim-4-600x442.jpg 600w, https:\/\/atauni.edu.tr\/eczacilik-fakultesi\/wp-content\/uploads\/sites\/58\/2023\/10\/resim-4-560x413.jpg 560w\" sizes=\"(max-width: 956px) 100vw, 956px\" \/><\/figure>\n\n\n\n<figure class=\"wp-block-image size-large\"><img loading=\"lazy\" decoding=\"async\" width=\"1024\" height=\"567\" data-id=\"12624\" src=\"http:\/\/birimler.atauni.edu.tr\/eczacilik-fakultesi\/wp-content\/uploads\/sites\/58\/2023\/10\/resim-5-1024x567.jpg\" alt=\"\" class=\"wp-image-12624\" srcset=\"https:\/\/atauni.edu.tr\/eczacilik-fakultesi\/wp-content\/uploads\/sites\/58\/2023\/10\/resim-5-1024x567.jpg 1024w, https:\/\/atauni.edu.tr\/eczacilik-fakultesi\/wp-content\/uploads\/sites\/58\/2023\/10\/resim-5-300x166.jpg 300w, https:\/\/atauni.edu.tr\/eczacilik-fakultesi\/wp-content\/uploads\/sites\/58\/2023\/10\/resim-5-768x425.jpg 768w, https:\/\/atauni.edu.tr\/eczacilik-fakultesi\/wp-content\/uploads\/sites\/58\/2023\/10\/resim-5-1536x850.jpg 1536w, https:\/\/atauni.edu.tr\/eczacilik-fakultesi\/wp-content\/uploads\/sites\/58\/2023\/10\/resim-5-600x332.jpg 600w, https:\/\/atauni.edu.tr\/eczacilik-fakultesi\/wp-content\/uploads\/sites\/58\/2023\/10\/resim-5-560x310.jpg 560w, https:\/\/atauni.edu.tr\/eczacilik-fakultesi\/wp-content\/uploads\/sites\/58\/2023\/10\/resim-5.jpg 1568w\" sizes=\"(max-width: 1024px) 100vw, 1024px\" \/><\/figure>\n\n\n\n<figure class=\"wp-block-image size-large\"><img loading=\"lazy\" decoding=\"async\" width=\"1024\" height=\"645\" data-id=\"12627\" src=\"http:\/\/birimler.atauni.edu.tr\/eczacilik-fakultesi\/wp-content\/uploads\/sites\/58\/2023\/10\/resim-6-1024x645.jpg\" alt=\"\" class=\"wp-image-12627\" srcset=\"https:\/\/atauni.edu.tr\/eczacilik-fakultesi\/wp-content\/uploads\/sites\/58\/2023\/10\/resim-6-1024x645.jpg 1024w, https:\/\/atauni.edu.tr\/eczacilik-fakultesi\/wp-content\/uploads\/sites\/58\/2023\/10\/resim-6-300x189.jpg 300w, https:\/\/atauni.edu.tr\/eczacilik-fakultesi\/wp-content\/uploads\/sites\/58\/2023\/10\/resim-6-768x484.jpg 768w, https:\/\/atauni.edu.tr\/eczacilik-fakultesi\/wp-content\/uploads\/sites\/58\/2023\/10\/resim-6-1536x968.jpg 1536w, https:\/\/atauni.edu.tr\/eczacilik-fakultesi\/wp-content\/uploads\/sites\/58\/2023\/10\/resim-6-600x378.jpg 600w, https:\/\/atauni.edu.tr\/eczacilik-fakultesi\/wp-content\/uploads\/sites\/58\/2023\/10\/resim-6-560x353.jpg 560w, https:\/\/atauni.edu.tr\/eczacilik-fakultesi\/wp-content\/uploads\/sites\/58\/2023\/10\/resim-6.jpg 1600w\" sizes=\"(max-width: 1024px) 100vw, 1024px\" \/><\/figure>\n\n\n<\/figure>\n","protected":false},"excerpt":{"rendered":"<p>Atat\u00fcrk \u00dcniversitesi Eczac\u0131l\u0131k Fak\u00fcltesi\u2019ne akreditasyon belgesi t\u00f6renle takdim edildi. ECZAKDER taraf\u0131ndan 2022-2028 y\u0131llar\u0131 aras\u0131nda yeniden akredite edilen Atat\u00fcrk&nbsp;\u00dcniversitesi Eczac\u0131l\u0131k Fak\u00fcltesine akreditasyon belgesi 15&nbsp;Kas\u0131m&nbsp;2022 tarihinde yap\u0131lan t\u00f6renle verildi. T\u00f6ren ilk olarak Atat\u00fcrk&nbsp;\u00dcniversitesi Rekt\u00f6r\u00fc Prof. Dr. \u00d6mer \u00c7omakl\u0131&#8217;y\u0131 ziyaretle ba\u015flad\u0131. Ayn\u0131 tarihte Erzurum&#8217;da toplanan Eczac\u0131l\u0131k Dekanlar\u0131 Konseyi i\u00e7in haz\u0131r bulunan dekanlarla birlikte ger\u00e7ekle\u015ftirilen ziyaretin ard\u0131ndan Atat\u00fcrk \u00dcniversitesi [&hellip;]<\/p>\n","protected":false},"author":47,"featured_media":0,"parent":0,"menu_order":0,"comment_status":"closed","ping_status":"closed","template":"","meta":{"footnotes":""},"class_list":["post-12619","page","type-page","status-publish","hentry"],"_links":{"self":[{"href":"https:\/\/atauni.edu.tr\/eczacilik-fakultesi\/wp-json\/wp\/v2\/pages\/12619","targetHints":{"allow":["GET"]}}],"collection":[{"href":"https:\/\/atauni.edu.tr\/eczacilik-fakultesi\/wp-json\/wp\/v2\/pages"}],"about":[{"href":"https:\/\/atauni.edu.tr\/eczacilik-fakultesi\/wp-json\/wp\/v2\/types\/page"}],"author":[{"embeddable":true,"href":"https:\/\/atauni.edu.tr\/eczacilik-fakultesi\/wp-json\/wp\/v2\/users\/47"}],"replies":[{"embeddable":true,"href":"https:\/\/atauni.edu.tr\/eczacilik-fakultesi\/wp-json\/wp\/v2\/comments?post=12619"}],"version-history":[{"count":3,"href":"https:\/\/atauni.edu.tr\/eczacilik-fakultesi\/wp-json\/wp\/v2\/pages\/12619\/revisions"}],"predecessor-version":[{"id":12629,"href":"https:\/\/atauni.edu.tr\/eczacilik-fakultesi\/wp-json\/wp\/v2\/pages\/12619\/revisions\/12629"}],"wp:attachment":[{"href":"https:\/\/atauni.edu.tr\/eczacilik-fakultesi\/wp-json\/wp\/v2\/media?parent=12619"}],"curies":[{"name":"wp","href":"https:\/\/api.w.org\/{rel}","templated":true}]}}