{"id":13018,"date":"2024-02-12T14:40:29","date_gmt":"2024-02-12T11:40:29","guid":{"rendered":"http:\/\/birimler.atauni.edu.tr\/eczacilik-fakultesi\/?page_id=13018"},"modified":"2025-09-01T13:28:02","modified_gmt":"2025-09-01T10:28:02","slug":"ogretim-plani-karteks-ve-ders-icerikleri","status":"publish","type":"page","link":"https:\/\/atauni.edu.tr\/eczacilik-fakultesi\/ogretim-plani-karteks-ve-ders-icerikleri\/","title":{"rendered":"\u00d6\u011fretim Plan\u0131 (Karteks) ve Ders \u0130\u00e7erikleri"},"content":{"rendered":"\t\t<div data-elementor-type=\"wp-page\" data-elementor-id=\"13018\" class=\"elementor elementor-13018\" data-elementor-post-type=\"page\">\n\t\t\t\t\t\t<section class=\"elementor-section elementor-top-section elementor-element elementor-element-26836ae elementor-section-boxed elementor-section-height-default elementor-section-height-default\" data-id=\"26836ae\" data-element_type=\"section\">\n\t\t\t\t\t\t<div class=\"elementor-container elementor-column-gap-default\">\n\t\t\t\t\t<div class=\"elementor-column elementor-col-100 elementor-top-column elementor-element elementor-element-26f8552\" data-id=\"26f8552\" data-element_type=\"column\">\n\t\t\t<div class=\"elementor-widget-wrap elementor-element-populated\">\n\t\t\t\t\t\t<div class=\"elementor-element elementor-element-c854278 elementor-widget elementor-widget-heading\" data-id=\"c854278\" data-element_type=\"widget\" data-widget_type=\"heading.default\">\n\t\t\t\t<div class=\"elementor-widget-container\">\n\t\t\t\t\t<h2 class=\"elementor-heading-title elementor-size-default\"><a class=\"elementor-toggle-title\" style=\"font-family: Podkova, sans-serif;font-size: 17px\">2023-2024 E\u011e\u0130T\u0130M \u00d6\u011eRET\u0130M YILI \u0130T\u0130BAR\u0130 \u0130LE T\u00dcM \u00d6\u011eRENC\u0130LERE UYGULANACAK KARTEKS<\/a><\/h2>\t\t\t\t<\/div>\n\t\t\t\t<\/div>\n\t\t\t\t\t<\/div>\n\t\t<\/div>\n\t\t\t\t\t<\/div>\n\t\t<\/section>\n\t\t\t\t<section class=\"elementor-section elementor-top-section elementor-element elementor-element-8eed51e elementor-section-boxed elementor-section-height-default elementor-section-height-default\" data-id=\"8eed51e\" data-element_type=\"section\">\n\t\t\t\t\t\t<div class=\"elementor-container elementor-column-gap-default\">\n\t\t\t\t\t<div class=\"elementor-column elementor-col-100 elementor-top-column elementor-element elementor-element-c9d1c1e\" data-id=\"c9d1c1e\" data-element_type=\"column\">\n\t\t\t<div class=\"elementor-widget-wrap elementor-element-populated\">\n\t\t\t\t\t\t<div class=\"elementor-element elementor-element-6d3488a elementor-widget elementor-widget-text-editor\" data-id=\"6d3488a\" data-element_type=\"widget\" data-widget_type=\"text-editor.default\">\n\t\t\t\t<div class=\"elementor-widget-container\">\n\t\t\t\t\t\t\t\t\t<p style=\"margin-top: 2rem;line-height: 1.5em\">Ders \u0130\u00e7erikleri:&nbsp;<a style=\"background-color: #ffffff;letter-spacing: 0px\" href=\"https:\/\/obs.atauni.edu.tr\/moduller\/dbp\/eobs\/birimDetay\/1197\/Eczac%C4%B1l%C4%B1k%20Program%C4%B1%20(1197)?\" target=\"_blank\" rel=\"noopener\">https:\/\/obs.atauni.edu.tr\/moduller\/dbp\/eobs\/birimDetay\/1197\/Eczac%C4%B1l%C4%B1k%20Program%C4%B1%20(1197)?<\/a><\/p>\n<p style=\"margin-top: 2rem;line-height: 1.5em\">\u00d6\u011fretim Plan\u0131 (Karteks) (Se\u00e7meli Derslerle Birlikte 2025):&nbsp;<a href=\"http:\/\/birimler.atauni.edu.tr\/eczacilik-fakultesi\/wp-content\/uploads\/sites\/58\/2025\/09\/ECZ_ECZACILIK-PR.-1-4-2025.pdf\" target=\"_blank\">http:\/\/birimler.atauni.edu.tr\/eczacilik-fakultesi\/wp-content\/uploads\/sites\/58\/2025\/09\/ECZ_ECZACILIK-PR.-1-4-2025.pd<\/a>f<\/p>\n<p style=\"margin-top: 2rem;line-height: 1.5em\"><span style=\"color: var( --e-global-color-text );letter-spacing: 0px\">Onayl\u0131 Karteks:&nbsp;<\/span><a style=\"letter-spacing: 0px\" href=\"http:\/\/birimler.atauni.edu.tr\/eczacilik-fakultesi\/wp-content\/uploads\/sites\/58\/2020\/07\/ECZ_2023-2024-Ogretim-Plani-Onayli.pdf\">http:\/\/birimler.atauni.edu.tr\/eczacilik-fakultesi\/wp-content\/uploads\/sites\/58\/2020\/07\/ECZ_2023-2024-Ogretim-Plani-Onayli.pdf<\/a><\/p>\n<p style=\"margin-top: 2rem;line-height: 1.5em\">4\u2019<a style=\"letter-spacing: 0px\" href=\"http:\/\/birimler.atauni.edu.tr\/eczacilik-fakultesi\/wp-content\/uploads\/sites\/58\/2020\/07\/b26a91dec3c6bc03973b56e2a26a996b.pdf\" target=\"_blank\" rel=\"noopener\">l\u00fck Sistemdeki Notlar\u0131n 100\u2019l\u00fck Sistemdeki Kar\u015f\u0131l\u0131klar\u0131.pdf<\/a><\/p>\t\t\t\t\t\t\t\t<\/div>\n\t\t\t\t<\/div>\n\t\t\t\t\t<\/div>\n\t\t<\/div>\n\t\t\t\t\t<\/div>\n\t\t<\/section>\n\t\t\t\t<\/div>\n\t\t","protected":false},"excerpt":{"rendered":"<p>2023-2024 E\u011e\u0130T\u0130M \u00d6\u011eRET\u0130M YILI \u0130T\u0130BAR\u0130 \u0130LE T\u00dcM \u00d6\u011eRENC\u0130LERE UYGULANACAK KARTEKS Ders \u0130\u00e7erikleri:&nbsp;https:\/\/obs.atauni.edu.tr\/moduller\/dbp\/eobs\/birimDetay\/1197\/Eczac%C4%B1l%C4%B1k%20Program%C4%B1%20(1197)? \u00d6\u011fretim Plan\u0131 (Karteks) (Se\u00e7meli Derslerle Birlikte 2025):&nbsp;http:\/\/birimler.atauni.edu.tr\/eczacilik-fakultesi\/wp-content\/uploads\/sites\/58\/2025\/09\/ECZ_ECZACILIK-PR.-1-4-2025.pdf Onayl\u0131 Karteks:&nbsp;http:\/\/birimler.atauni.edu.tr\/eczacilik-fakultesi\/wp-content\/uploads\/sites\/58\/2020\/07\/ECZ_2023-2024-Ogretim-Plani-Onayli.pdf 4\u2019l\u00fck Sistemdeki Notlar\u0131n 100\u2019l\u00fck Sistemdeki Kar\u015f\u0131l\u0131klar\u0131.pdf<\/p>\n","protected":false},"author":47,"featured_media":0,"parent":0,"menu_order":0,"comment_status":"closed","ping_status":"closed","template":"","meta":{"footnotes":""},"class_list":["post-13018","page","type-page","status-publish","hentry"],"_links":{"self":[{"href":"https:\/\/atauni.edu.tr\/eczacilik-fakultesi\/wp-json\/wp\/v2\/pages\/13018","targetHints":{"allow":["GET"]}}],"collection":[{"href":"https:\/\/atauni.edu.tr\/eczacilik-fakultesi\/wp-json\/wp\/v2\/pages"}],"about":[{"href":"https:\/\/atauni.edu.tr\/eczacilik-fakultesi\/wp-json\/wp\/v2\/types\/page"}],"author":[{"embeddable":true,"href":"https:\/\/atauni.edu.tr\/eczacilik-fakultesi\/wp-json\/wp\/v2\/users\/47"}],"replies":[{"embeddable":true,"href":"https:\/\/atauni.edu.tr\/eczacilik-fakultesi\/wp-json\/wp\/v2\/comments?post=13018"}],"version-history":[{"count":19,"href":"https:\/\/atauni.edu.tr\/eczacilik-fakultesi\/wp-json\/wp\/v2\/pages\/13018\/revisions"}],"predecessor-version":[{"id":13916,"href":"https:\/\/atauni.edu.tr\/eczacilik-fakultesi\/wp-json\/wp\/v2\/pages\/13018\/revisions\/13916"}],"wp:attachment":[{"href":"https:\/\/atauni.edu.tr\/eczacilik-fakultesi\/wp-json\/wp\/v2\/media?parent=13018"}],"curies":[{"name":"wp","href":"https:\/\/api.w.org\/{rel}","templated":true}]}}