{"id":13210,"date":"2024-07-30T11:58:00","date_gmt":"2024-07-30T08:58:00","guid":{"rendered":"https:\/\/birimler.atauni.edu.tr\/eczacilik-fakultesi\/?page_id=13210"},"modified":"2024-07-30T12:18:41","modified_gmt":"2024-07-30T09:18:41","slug":"akademik-personel-anketleri","status":"publish","type":"page","link":"https:\/\/atauni.edu.tr\/eczacilik-fakultesi\/akademik-personel-anketleri\/","title":{"rendered":"Akademik Personel Anketleri"},"content":{"rendered":"\t\t<div data-elementor-type=\"wp-page\" data-elementor-id=\"13210\" class=\"elementor elementor-13210\" data-elementor-post-type=\"page\">\n\t\t\t\t\t\t<section class=\"elementor-section elementor-top-section elementor-element elementor-element-2c7b2d5 elementor-section-boxed elementor-section-height-default elementor-section-height-default\" data-id=\"2c7b2d5\" data-element_type=\"section\">\n\t\t\t\t\t\t<div class=\"elementor-container elementor-column-gap-default\">\n\t\t\t\t\t<div class=\"elementor-column elementor-col-100 elementor-top-column elementor-element elementor-element-71c99c1\" data-id=\"71c99c1\" data-element_type=\"column\">\n\t\t\t<div class=\"elementor-widget-wrap elementor-element-populated\">\n\t\t\t\t\t\t<div class=\"elementor-element elementor-element-c3066b5 elementor-widget elementor-widget-text-editor\" data-id=\"c3066b5\" data-element_type=\"widget\" data-widget_type=\"text-editor.default\">\n\t\t\t\t<div class=\"elementor-widget-container\">\n\t\t\t\t\t\t\t\t\t<p><a href=\"http:\/\/birimler.atauni.edu.tr\/eczacilik-fakultesi\/wp-content\/uploads\/sites\/58\/2020\/07\/Anket_126975_Eczacilik-Fakultesi_Akademik_Personel_Memnuniyet_Anketi_2020-2021_Bahar_Yaryl.pdf\">Akademik Personel Memnuniyet Anketi 2020-2021 Bahar Yar\u0131y\u0131l<\/a><\/p><p><a href=\"http:\/\/birimler.atauni.edu.tr\/eczacilik-fakultesi\/wp-content\/uploads\/sites\/58\/2020\/07\/Anket_174594_Eczacilik-Fakultesi_Akademik_Personel_Memnuniyet_Anketi_2022-2023_Guz_Dnemi.pdf\">Akademik Personel Memnuniyet Anketi 2022-2023 G\u00fcz D\u00f6nemi<\/a><\/p><p><a href=\"http:\/\/birimler.atauni.edu.tr\/eczacilik-fakultesi\/wp-content\/uploads\/sites\/58\/2020\/07\/Anket_775391_Eczacilik-Fakultesi_Akademik_Personel_Memnuniyet_Anketi_2021-2022_Guz_Dnemi.pdf\">Akademik Personel Memnuniyet Anketi 2021-2022 G\u00fcz D\u00f6nemi<\/a><\/p><p><a href=\"http:\/\/birimler.atauni.edu.tr\/eczacilik-fakultesi\/wp-content\/uploads\/sites\/58\/2020\/07\/Anket_888732_Eczacilik-Faukultesi-_Akademik_Personel_Memnuniyet_Anketi_2023-2024_Gz_Dnemi.pdf\">Akademik Personel Memnuniyet Anketi 2023-2024 G\u00fcz D\u00f6nemi<\/a><\/p><p>\u00a0<\/p>\t\t\t\t\t\t\t\t<\/div>\n\t\t\t\t<\/div>\n\t\t\t\t\t<\/div>\n\t\t<\/div>\n\t\t\t\t\t<\/div>\n\t\t<\/section>\n\t\t\t\t<\/div>\n\t\t","protected":false},"excerpt":{"rendered":"<p>Akademik Personel Memnuniyet Anketi 2020-2021 Bahar Yar\u0131y\u0131l Akademik Personel Memnuniyet Anketi 2022-2023 G\u00fcz D\u00f6nemi Akademik Personel Memnuniyet Anketi 2021-2022 G\u00fcz D\u00f6nemi Akademik Personel Memnuniyet Anketi 2023-2024 G\u00fcz D\u00f6nemi \u00a0<\/p>\n","protected":false},"author":47,"featured_media":0,"parent":0,"menu_order":0,"comment_status":"closed","ping_status":"closed","template":"","meta":{"footnotes":""},"class_list":["post-13210","page","type-page","status-publish","hentry"],"_links":{"self":[{"href":"https:\/\/atauni.edu.tr\/eczacilik-fakultesi\/wp-json\/wp\/v2\/pages\/13210","targetHints":{"allow":["GET"]}}],"collection":[{"href":"https:\/\/atauni.edu.tr\/eczacilik-fakultesi\/wp-json\/wp\/v2\/pages"}],"about":[{"href":"https:\/\/atauni.edu.tr\/eczacilik-fakultesi\/wp-json\/wp\/v2\/types\/page"}],"author":[{"embeddable":true,"href":"https:\/\/atauni.edu.tr\/eczacilik-fakultesi\/wp-json\/wp\/v2\/users\/47"}],"replies":[{"embeddable":true,"href":"https:\/\/atauni.edu.tr\/eczacilik-fakultesi\/wp-json\/wp\/v2\/comments?post=13210"}],"version-history":[{"count":4,"href":"https:\/\/atauni.edu.tr\/eczacilik-fakultesi\/wp-json\/wp\/v2\/pages\/13210\/revisions"}],"predecessor-version":[{"id":13240,"href":"https:\/\/atauni.edu.tr\/eczacilik-fakultesi\/wp-json\/wp\/v2\/pages\/13210\/revisions\/13240"}],"wp:attachment":[{"href":"https:\/\/atauni.edu.tr\/eczacilik-fakultesi\/wp-json\/wp\/v2\/media?parent=13210"}],"curies":[{"name":"wp","href":"https:\/\/api.w.org\/{rel}","templated":true}]}}