{"id":13214,"date":"2024-07-30T11:59:13","date_gmt":"2024-07-30T08:59:13","guid":{"rendered":"https:\/\/birimler.atauni.edu.tr\/eczacilik-fakultesi\/?page_id=13214"},"modified":"2025-03-18T12:54:24","modified_gmt":"2025-03-18T09:54:24","slug":"ogrenci-anketleri","status":"publish","type":"page","link":"https:\/\/atauni.edu.tr\/eczacilik-fakultesi\/ogrenci-anketleri\/","title":{"rendered":"\u00d6\u011frenci Anketleri"},"content":{"rendered":"\t\t<div data-elementor-type=\"wp-page\" data-elementor-id=\"13214\" class=\"elementor elementor-13214\" data-elementor-post-type=\"page\">\n\t\t\t\t\t\t<section class=\"elementor-section elementor-top-section elementor-element elementor-element-06cfba9 elementor-section-boxed elementor-section-height-default elementor-section-height-default\" data-id=\"06cfba9\" data-element_type=\"section\">\n\t\t\t\t\t\t<div class=\"elementor-container elementor-column-gap-default\">\n\t\t\t\t\t<div class=\"elementor-column elementor-col-100 elementor-top-column elementor-element elementor-element-2e7d206\" data-id=\"2e7d206\" data-element_type=\"column\">\n\t\t\t<div class=\"elementor-widget-wrap elementor-element-populated\">\n\t\t\t\t\t\t<div class=\"elementor-element elementor-element-005de63 elementor-widget elementor-widget-text-editor\" data-id=\"005de63\" data-element_type=\"widget\" data-widget_type=\"text-editor.default\">\n\t\t\t\t<div class=\"elementor-widget-container\">\n\t\t\t\t\t\t\t\t\t<p><a href=\"http:\/\/birimler.atauni.edu.tr\/eczacilik-fakultesi\/wp-content\/uploads\/sites\/58\/2020\/07\/Eczacilik-Fakultesi_2021_Ogrenci-Anket-Sonuclari.pdf\">ATAT\u00dcRK \u00dcN\u0130VERS\u0130TES\u0130 \u00d6\u011eRENC\u0130 MEMNUN\u0130YET ANKET SONU\u00c7LARI _ 2021<\/a><\/p><p><a href=\"http:\/\/birimler.atauni.edu.tr\/eczacilik-fakultesi\/wp-content\/uploads\/sites\/58\/2020\/07\/Eczacilik-Fakultesi_2022_Ogrenci-Anket-Sonuclari.pdf\">ATAT\u00dcRK \u00dcN\u0130VERS\u0130TES\u0130 \u00d6\u011eRENC\u0130 MEMNUN\u0130YET ANKET SONU\u00c7LARI _ 2022<\/a><\/p><p><a href=\"http:\/\/birimler.atauni.edu.tr\/eczacilik-fakultesi\/wp-content\/uploads\/sites\/58\/2020\/07\/Eczacilik-Fakultesi_Ogrenci-Anketi-Sonuclari_2023.pdf\">ATAT\u00dcRK \u00dcN\u0130VERS\u0130TES\u0130 \u00d6\u011eRENC\u0130 MEMNUN\u0130YET ANKET SONU\u00c7LARI _ 2023<\/a><\/p><p><a href=\"http:\/\/birimler.atauni.edu.tr\/eczacilik-fakultesi\/wp-content\/uploads\/sites\/58\/2020\/07\/Eczacilik-Fakultesi_Ogrenci_2024_Anket-Sonuclari.pdf\">ATAT\u00dcRK \u00dcN\u0130VERS\u0130TES\u0130 \u00d6\u011eRENC\u0130 MEMNUN\u0130YET ANKET SONU\u00c7LARI _ 2024<\/a><\/p><p><a href=\"http:\/\/birimler.atauni.edu.tr\/eczacilik-fakultesi\/wp-content\/uploads\/sites\/58\/2025\/03\/ATATU\u0308RK-U\u0308NI\u0307VERSI\u0307TESI\u0307-ECZACILIK-FAKU\u0308LTESI\u0307-2024-2025-GU\u0308Z-DO\u0308NEMI\u0307-O\u0308G\u0306RENCI\u0307-MEMNUNI\u0307YET-ANKETI\u0307.pdf\">ATATU\u0308RK U\u0308NI\u0307VERSI\u0307TESI\u0307 ECZACILIK FAKU\u0308LTESI\u0307 2024-2025 GU\u0308Z DO\u0308NEMI\u0307 O\u0308G\u0306RENCI\u0307 MEMNUNI\u0307YET ANKETI\u0307<\/a><\/p>\t\t\t\t\t\t\t\t<\/div>\n\t\t\t\t<\/div>\n\t\t\t\t\t<\/div>\n\t\t<\/div>\n\t\t\t\t\t<\/div>\n\t\t<\/section>\n\t\t\t\t<\/div>\n\t\t","protected":false},"excerpt":{"rendered":"<p>ATAT\u00dcRK \u00dcN\u0130VERS\u0130TES\u0130 \u00d6\u011eRENC\u0130 MEMNUN\u0130YET ANKET SONU\u00c7LARI _ 2021 ATAT\u00dcRK \u00dcN\u0130VERS\u0130TES\u0130 \u00d6\u011eRENC\u0130 MEMNUN\u0130YET ANKET SONU\u00c7LARI _ 2022 ATAT\u00dcRK \u00dcN\u0130VERS\u0130TES\u0130 \u00d6\u011eRENC\u0130 MEMNUN\u0130YET ANKET SONU\u00c7LARI _ 2023 ATAT\u00dcRK \u00dcN\u0130VERS\u0130TES\u0130 \u00d6\u011eRENC\u0130 MEMNUN\u0130YET ANKET SONU\u00c7LARI _ 2024 ATATU\u0308RK U\u0308NI\u0307VERSI\u0307TESI\u0307 ECZACILIK FAKU\u0308LTESI\u0307 2024-2025 GU\u0308Z DO\u0308NEMI\u0307 O\u0308G\u0306RENCI\u0307 MEMNUNI\u0307YET ANKETI\u0307<\/p>\n","protected":false},"author":47,"featured_media":0,"parent":0,"menu_order":0,"comment_status":"closed","ping_status":"closed","template":"","meta":{"footnotes":""},"class_list":["post-13214","page","type-page","status-publish","hentry"],"_links":{"self":[{"href":"https:\/\/atauni.edu.tr\/eczacilik-fakultesi\/wp-json\/wp\/v2\/pages\/13214","targetHints":{"allow":["GET"]}}],"collection":[{"href":"https:\/\/atauni.edu.tr\/eczacilik-fakultesi\/wp-json\/wp\/v2\/pages"}],"about":[{"href":"https:\/\/atauni.edu.tr\/eczacilik-fakultesi\/wp-json\/wp\/v2\/types\/page"}],"author":[{"embeddable":true,"href":"https:\/\/atauni.edu.tr\/eczacilik-fakultesi\/wp-json\/wp\/v2\/users\/47"}],"replies":[{"embeddable":true,"href":"https:\/\/atauni.edu.tr\/eczacilik-fakultesi\/wp-json\/wp\/v2\/comments?post=13214"}],"version-history":[{"count":7,"href":"https:\/\/atauni.edu.tr\/eczacilik-fakultesi\/wp-json\/wp\/v2\/pages\/13214\/revisions"}],"predecessor-version":[{"id":13736,"href":"https:\/\/atauni.edu.tr\/eczacilik-fakultesi\/wp-json\/wp\/v2\/pages\/13214\/revisions\/13736"}],"wp:attachment":[{"href":"https:\/\/atauni.edu.tr\/eczacilik-fakultesi\/wp-json\/wp\/v2\/media?parent=13214"}],"curies":[{"name":"wp","href":"https:\/\/api.w.org\/{rel}","templated":true}]}}