{"id":13892,"date":"2025-07-29T15:13:20","date_gmt":"2025-07-29T12:13:20","guid":{"rendered":"https:\/\/birimler.atauni.edu.tr\/eczacilik-fakultesi\/?page_id=13892"},"modified":"2025-07-29T15:13:26","modified_gmt":"2025-07-29T12:13:26","slug":"haberler","status":"publish","type":"page","link":"https:\/\/atauni.edu.tr\/eczacilik-fakultesi\/haberler\/","title":{"rendered":"Haberler"},"content":{"rendered":"<form method=\"get\" class=\"row g-3\" style=\"margin-bottom: 20px;\"><div class=\"col-md-3\"><input type=\"text\" name=\"haber_ara\" class=\"form-control\" placeholder=\"Haber ara...\" value=\"\"><\/div><div class=\"col-md-3\"><input type=\"date\" name=\"baslangic_tarihi\" class=\"form-control\" value=\"\"><\/div><div class=\"col-md-3\"><input type=\"date\" name=\"bitis_tarihi\" class=\"form-control\" value=\"\"><\/div><div class=\"col-md-3\"><button type=\"submit\" class=\"btn btn-secondary w-50\">Filtrele<\/button><\/div><\/form><ul class=\"kategori-yazilari-liste\"><li style=\"display: flex; margin-bottom: 10px; align-items: center;\"><div class=\"post-content\" style=\"flex-grow: 1;\"><span class=\"post-date habertarih\" style=\"display: block; font-weight: bold; margin-bottom: 5px;\">29 Temmuz 2025<\/span><a class=\"haberbaslik\" href=\"https:\/\/atauni.edu.tr\/eczacilik-fakultesi\/2025\/07\/29\/bilim-ve-basarinin-yukselen-yildizi-ataturk-universitesi-dunya-siralamalarinda-one-cikiyor\/\">Bilim ve Ba\u015far\u0131n\u0131n Y\u00fckselen Y\u0131ld\u0131z\u0131: Atat\u00fcrk \u00dcniversitesi D\u00fcnya S\u0131ralamalar\u0131nda \u00d6ne \u00c7\u0131k\u0131yor<\/a><\/div><\/li><li style=\"display: flex; margin-bottom: 10px; align-items: center;\"><div class=\"post-thumbnail\" style=\"margin-right: 15px;\"><a href=\"https:\/\/atauni.edu.tr\/eczacilik-fakultesi\/2022\/03\/11\/eczakderden-eczacilik-fakultesine-tam-akreditasyon\/\"><img decoding=\"async\" width=\"150\" height=\"150\" src=\"https:\/\/atauni.edu.tr\/eczacilik-fakultesi\/wp-content\/uploads\/sites\/58\/2020\/07\/Duyuru-560x431-1-150x150.jpg\" class=\"attachment-thumbnail size-thumbnail wp-post-image\" alt=\"\" \/><\/a><\/div><div class=\"post-content\" style=\"flex-grow: 1;\"><span class=\"post-date habertarih\" style=\"display: block; font-weight: bold; margin-bottom: 5px;\">11 Mart 2022<\/span><a class=\"haberbaslik\" href=\"https:\/\/atauni.edu.tr\/eczacilik-fakultesi\/2022\/03\/11\/eczakderden-eczacilik-fakultesine-tam-akreditasyon\/\">ECZAKDER\u2019DEN ECZACILIK FAK\u00dcLTES\u0130NE TAM AKRED\u0130TASYON<\/a><\/div><\/li><\/ul>\n\n\n\n<p><\/p>\n","protected":false},"excerpt":{"rendered":"","protected":false},"author":1,"featured_media":0,"parent":0,"menu_order":0,"comment_status":"closed","ping_status":"closed","template":"","meta":{"footnotes":""},"class_list":["post-13892","page","type-page","status-publish","hentry"],"_links":{"self":[{"href":"https:\/\/atauni.edu.tr\/eczacilik-fakultesi\/wp-json\/wp\/v2\/pages\/13892","targetHints":{"allow":["GET"]}}],"collection":[{"href":"https:\/\/atauni.edu.tr\/eczacilik-fakultesi\/wp-json\/wp\/v2\/pages"}],"about":[{"href":"https:\/\/atauni.edu.tr\/eczacilik-fakultesi\/wp-json\/wp\/v2\/types\/page"}],"author":[{"embeddable":true,"href":"https:\/\/atauni.edu.tr\/eczacilik-fakultesi\/wp-json\/wp\/v2\/users\/1"}],"replies":[{"embeddable":true,"href":"https:\/\/atauni.edu.tr\/eczacilik-fakultesi\/wp-json\/wp\/v2\/comments?post=13892"}],"version-history":[{"count":1,"href":"https:\/\/atauni.edu.tr\/eczacilik-fakultesi\/wp-json\/wp\/v2\/pages\/13892\/revisions"}],"predecessor-version":[{"id":13895,"href":"https:\/\/atauni.edu.tr\/eczacilik-fakultesi\/wp-json\/wp\/v2\/pages\/13892\/revisions\/13895"}],"wp:attachment":[{"href":"https:\/\/atauni.edu.tr\/eczacilik-fakultesi\/wp-json\/wp\/v2\/media?parent=13892"}],"curies":[{"name":"wp","href":"https:\/\/api.w.org\/{rel}","templated":true}]}}