{"id":13894,"date":"2025-07-29T15:14:01","date_gmt":"2025-07-29T12:14:01","guid":{"rendered":"https:\/\/birimler.atauni.edu.tr\/eczacilik-fakultesi\/?page_id=13894"},"modified":"2025-07-29T15:14:07","modified_gmt":"2025-07-29T12:14:07","slug":"duyurular","status":"publish","type":"page","link":"https:\/\/atauni.edu.tr\/eczacilik-fakultesi\/duyurular\/","title":{"rendered":"Duyurular"},"content":{"rendered":"<form method=\"get\" class=\"row g-3\" style=\"margin-bottom: 20px;\"><div class=\"col-md-3\"><input type=\"text\" name=\"Duyuru_ara\" class=\"form-control\" placeholder=\"Duyuru ara...\" value=\"\"><\/div><div class=\"col-md-3\"><input type=\"date\" name=\"baslangic_tarihi\" class=\"form-control\" value=\"\"><\/div><div class=\"col-md-3\"><input type=\"date\" name=\"bitis_tarihi\" class=\"form-control\" value=\"\"><\/div><div class=\"col-md-3\"><button type=\"submit\" class=\"btn btn-secondary w-50\">Filtrele<\/button><\/div><\/form><ul class=\"kategori-yazilari-liste\"><li style=\"display: flex; margin-bottom: 10px; align-items: center;\"><div class=\"post-content\" style=\"flex-grow: 1;\"><span class=\"post-date Duyurutarih\" style=\"display: block; font-weight: bold; margin-bottom: 5px;\">3 \u015eubat 2026<\/span><a class=\"Duyurubaslik\" href=\"https:\/\/atauni.edu.tr\/eczacilik-fakultesi\/2026\/02\/03\/2025-2026-egitim-ogretim-yili-bahar-donemi-ders-programi\/\">2025-2026 E\u011fitim \u00d6\u011fretim Y\u0131l\u0131 Bahar D\u00f6nemi Ders Program\u0131<\/a><\/div><\/li><li style=\"display: flex; margin-bottom: 10px; align-items: center;\"><div class=\"post-content\" style=\"flex-grow: 1;\"><span class=\"post-date Duyurutarih\" style=\"display: block; font-weight: bold; margin-bottom: 5px;\">16 Ocak 2026<\/span><a class=\"Duyurubaslik\" href=\"https:\/\/atauni.edu.tr\/eczacilik-fakultesi\/2026\/01\/16\/2025-2026-egitim-ogretim-yili-guz-donemi-butunleme-sinav-programi\/\">2025-2026 E\u011fitim \u00d6\u011fretim Y\u0131l\u0131 G\u00fcz D\u00f6nemi B\u00fct\u00fcnleme S\u0131nav Program\u0131<\/a><\/div><\/li><li style=\"display: flex; margin-bottom: 10px; align-items: center;\"><div class=\"post-content\" style=\"flex-grow: 1;\"><span class=\"post-date Duyurutarih\" style=\"display: block; font-weight: bold; margin-bottom: 5px;\">2 Ocak 2026<\/span><a class=\"Duyurubaslik\" href=\"https:\/\/atauni.edu.tr\/eczacilik-fakultesi\/2026\/01\/02\/2025-2026-egitim-ogretim-yili-guz-donemi-yariyil-sonu-final-sinav-programi\/\">2025-2026 E\u011fitim \u00d6\u011fretim Y\u0131l\u0131 G\u00fcz D\u00f6nemi Yar\u0131y\u0131l Sonu (Final) S\u0131nav Program\u0131<\/a><\/div><\/li><li style=\"display: flex; margin-bottom: 10px; align-items: center;\"><div class=\"post-content\" style=\"flex-grow: 1;\"><span class=\"post-date Duyurutarih\" style=\"display: block; font-weight: bold; margin-bottom: 5px;\">17 Kas\u0131m 2025<\/span><a class=\"Duyurubaslik\" href=\"https:\/\/atauni.edu.tr\/eczacilik-fakultesi\/2025\/11\/17\/2025-2026-egitim-ogretim-yili-guz-donemi-ara-sinav-vize-programi\/\">2025-2026 E\u011fitim \u00d6\u011fretim Y\u0131l\u0131 G\u00fcz D\u00f6nemi Ara S\u0131nav (Vize) Program\u0131\u00a0<\/a><\/div><\/li><li style=\"display: flex; margin-bottom: 10px; align-items: center;\"><div class=\"post-content\" style=\"flex-grow: 1;\"><span class=\"post-date Duyurutarih\" style=\"display: block; font-weight: bold; margin-bottom: 5px;\">23 Eyl\u00fcl 2025<\/span><a class=\"Duyurubaslik\" href=\"https:\/\/atauni.edu.tr\/eczacilik-fakultesi\/2025\/09\/23\/ogrenci-dilekceleri-hakkinda-2\/\">\u00d6\u011frenci Dilek\u00e7eleri Hakk\u0131nda<\/a><\/div><\/li><li style=\"display: flex; margin-bottom: 10px; align-items: center;\"><div class=\"post-content\" style=\"flex-grow: 1;\"><span class=\"post-date Duyurutarih\" style=\"display: block; font-weight: bold; margin-bottom: 5px;\">23 Eyl\u00fcl 2025<\/span><a class=\"Duyurubaslik\" href=\"https:\/\/atauni.edu.tr\/eczacilik-fakultesi\/2025\/09\/23\/2025-2026-egitim-ogretim-yili-guz-donemi-ders-programi\/\">2025-2026 E\u011fitim-\u00d6\u011fretim Y\u0131l\u0131 G\u00fcz D\u00f6nemi Ders Program\u0131<\/a><\/div><\/li><\/ul>\n\n\n\n<p><\/p>\n","protected":false},"excerpt":{"rendered":"","protected":false},"author":1,"featured_media":0,"parent":0,"menu_order":0,"comment_status":"closed","ping_status":"closed","template":"","meta":{"footnotes":""},"class_list":["post-13894","page","type-page","status-publish","hentry"],"_links":{"self":[{"href":"https:\/\/atauni.edu.tr\/eczacilik-fakultesi\/wp-json\/wp\/v2\/pages\/13894","targetHints":{"allow":["GET"]}}],"collection":[{"href":"https:\/\/atauni.edu.tr\/eczacilik-fakultesi\/wp-json\/wp\/v2\/pages"}],"about":[{"href":"https:\/\/atauni.edu.tr\/eczacilik-fakultesi\/wp-json\/wp\/v2\/types\/page"}],"author":[{"embeddable":true,"href":"https:\/\/atauni.edu.tr\/eczacilik-fakultesi\/wp-json\/wp\/v2\/users\/1"}],"replies":[{"embeddable":true,"href":"https:\/\/atauni.edu.tr\/eczacilik-fakultesi\/wp-json\/wp\/v2\/comments?post=13894"}],"version-history":[{"count":1,"href":"https:\/\/atauni.edu.tr\/eczacilik-fakultesi\/wp-json\/wp\/v2\/pages\/13894\/revisions"}],"predecessor-version":[{"id":13898,"href":"https:\/\/atauni.edu.tr\/eczacilik-fakultesi\/wp-json\/wp\/v2\/pages\/13894\/revisions\/13898"}],"wp:attachment":[{"href":"https:\/\/atauni.edu.tr\/eczacilik-fakultesi\/wp-json\/wp\/v2\/media?parent=13894"}],"curies":[{"name":"wp","href":"https:\/\/api.w.org\/{rel}","templated":true}]}}