{"id":14136,"date":"2026-03-12T10:20:05","date_gmt":"2026-03-12T07:20:05","guid":{"rendered":"https:\/\/atauni.edu.tr\/eczacilik-fakultesi\/?page_id=14136"},"modified":"2026-03-12T12:35:53","modified_gmt":"2026-03-12T09:35:53","slug":"ogrenci-dilekceleri","status":"publish","type":"page","link":"https:\/\/atauni.edu.tr\/eczacilik-fakultesi\/ogrenci-dilekceleri\/","title":{"rendered":"\u00d6\u011frenci Dilek\u00e7eleri"},"content":{"rendered":"\t\t<div data-elementor-type=\"wp-page\" data-elementor-id=\"14136\" class=\"elementor elementor-14136\" data-elementor-post-type=\"page\">\n\t\t\t\t\t\t<section class=\"elementor-section elementor-top-section elementor-element elementor-element-807bca3 elementor-section-boxed elementor-section-height-default elementor-section-height-default\" data-id=\"807bca3\" data-element_type=\"section\">\n\t\t\t\t\t\t<div class=\"elementor-container elementor-column-gap-default\">\n\t\t\t\t\t<div class=\"elementor-column elementor-col-100 elementor-top-column elementor-element elementor-element-8c057b8\" data-id=\"8c057b8\" data-element_type=\"column\">\n\t\t\t<div class=\"elementor-widget-wrap elementor-element-populated\">\n\t\t\t\t\t\t<div class=\"elementor-element elementor-element-de879d9 elementor-widget elementor-widget-button\" data-id=\"de879d9\" data-element_type=\"widget\" data-widget_type=\"button.default\">\n\t\t\t\t<div class=\"elementor-widget-container\">\n\t\t\t\t\t\t\t\t\t<div class=\"elementor-button-wrapper\">\n\t\t\t\t\t<a class=\"elementor-button elementor-button-link elementor-size-sm\" href=\"http:\/\/birimler.atauni.edu.tr\/eczacilik-fakultesi\/wp-content\/uploads\/sites\/58\/2020\/07\/Talep-Basvuru-Ekrani-Kilavuzu_07022022.pdf\">\n\t\t\t\t\t\t<span class=\"elementor-button-content-wrapper\">\n\t\t\t\t\t\t\t\t\t<span class=\"elementor-button-text\">Dilek\u00e7e Yazma K\u0131lavuzu i\u00e7in T\u0131klay\u0131n\u0131z<\/span>\n\t\t\t\t\t<\/span>\n\t\t\t\t\t<\/a>\n\t\t\t\t<\/div>\n\t\t\t\t\t\t\t\t<\/div>\n\t\t\t\t<\/div>\n\t\t\t\t<div class=\"elementor-element elementor-element-17fedb2 elementor-widget__width-initial elementor-widget elementor-widget-text-editor\" data-id=\"17fedb2\" data-element_type=\"widget\" data-widget_type=\"text-editor.default\">\n\t\t\t\t<div class=\"elementor-widget-container\">\n\t\t\t\t\t\t\t\t\t<ul><li><span style=\"color: #000000\">\u00d6\u011frencilerimiz Dekanl\u0131\u011fa herhangi bir dilek\u00e7e yazacaklar\u0131 zaman eposta yoluyla atmamal\u0131d\u0131r.<\/span><\/li><li><span style=\"color: #000000\">Dilek\u00e7elerini elden teslim etmelerine gerek yoktur.<\/span><\/li><li style=\"color: #0d1461\" data-elementor-setting-key=\"title\" data-pen-placeholder=\"Buraya Yaz\u0131n...\"><span style=\"color: #000000\">Kendi OBS&#8217;lerinden \u00f6\u011frenim taleplerindeki haz\u0131r dilek\u00e7eleri kullanmal\u0131lar.<\/span><\/li><li style=\"color: #0d1461\" data-elementor-setting-key=\"title\" data-pen-placeholder=\"Buraya Yaz\u0131n...\"><span style=\"color: #000000\">Talebiniz ile ilgili haz\u0131r dilek\u00e7e yoksa kendiniz de dilek\u00e7e yazabilir kan\u0131t ve bir ek ekleyebilirsiniz.\u00a0<\/span><\/li><li data-elementor-setting-key=\"title\" data-pen-placeholder=\"Buraya Yaz\u0131n...\"><span style=\"color: #000000\">Dilek\u00e7enin alt k\u0131sm\u0131nda dilek\u00e7enin t\u00fcr\u00fcne g\u00f6re ilgili y\u00f6netmelik ve dilek\u00e7eye eklenmesi gereken kan\u0131tlar yazmaktad\u0131r.<\/span><\/li><\/ul><p style=\"line-height: 25px;color: #666666\"><span style=\"color: #000000\">D\u0130LEK\u00c7EY\u0130 OBSDEN \u0130ND\u0130R\u0130P, <span style=\"color: #008000\"><strong>DOLDURUP, \u0130MZALADIKTAN SONRA EKLER\u0130N\u0130 DE B\u0130RLE\u015eT\u0130REREK TEK B\u0130R PDF OLARAK<\/strong> <\/span>S\u0130STEME Y\u00dcKLEMEL\u0130S\u0130N\u0130Z. AKS\u0130 TAKT\u0130RDE EKS\u0130K VE HATALAR OLU\u015eTU\u011eUNDAN D\u0130LEK\u00c7E \u0130ADE ED\u0130LMEKTED\u0130R.<\/span><\/p>\t\t\t\t\t\t\t\t<\/div>\n\t\t\t\t<\/div>\n\t\t\t\t\t<\/div>\n\t\t<\/div>\n\t\t\t\t\t<\/div>\n\t\t<\/section>\n\t\t\t\t<\/div>\n\t\t","protected":false},"excerpt":{"rendered":"<p>Dilek\u00e7e Yazma K\u0131lavuzu i\u00e7in T\u0131klay\u0131n\u0131z \u00d6\u011frencilerimiz Dekanl\u0131\u011fa herhangi bir dilek\u00e7e yazacaklar\u0131 zaman eposta yoluyla atmamal\u0131d\u0131r. Dilek\u00e7elerini elden teslim etmelerine gerek yoktur. Kendi OBS&#8217;lerinden \u00f6\u011frenim taleplerindeki haz\u0131r dilek\u00e7eleri kullanmal\u0131lar. Talebiniz ile ilgili haz\u0131r dilek\u00e7e yoksa kendiniz de dilek\u00e7e yazabilir kan\u0131t ve bir ek ekleyebilirsiniz.\u00a0 Dilek\u00e7enin alt k\u0131sm\u0131nda dilek\u00e7enin t\u00fcr\u00fcne g\u00f6re ilgili y\u00f6netmelik ve dilek\u00e7eye eklenmesi gereken [&hellip;]<\/p>\n","protected":false},"author":47,"featured_media":0,"parent":0,"menu_order":0,"comment_status":"closed","ping_status":"closed","template":"","meta":{"footnotes":""},"class_list":["post-14136","page","type-page","status-publish","hentry"],"_links":{"self":[{"href":"https:\/\/atauni.edu.tr\/eczacilik-fakultesi\/wp-json\/wp\/v2\/pages\/14136","targetHints":{"allow":["GET"]}}],"collection":[{"href":"https:\/\/atauni.edu.tr\/eczacilik-fakultesi\/wp-json\/wp\/v2\/pages"}],"about":[{"href":"https:\/\/atauni.edu.tr\/eczacilik-fakultesi\/wp-json\/wp\/v2\/types\/page"}],"author":[{"embeddable":true,"href":"https:\/\/atauni.edu.tr\/eczacilik-fakultesi\/wp-json\/wp\/v2\/users\/47"}],"replies":[{"embeddable":true,"href":"https:\/\/atauni.edu.tr\/eczacilik-fakultesi\/wp-json\/wp\/v2\/comments?post=14136"}],"version-history":[{"count":10,"href":"https:\/\/atauni.edu.tr\/eczacilik-fakultesi\/wp-json\/wp\/v2\/pages\/14136\/revisions"}],"predecessor-version":[{"id":14151,"href":"https:\/\/atauni.edu.tr\/eczacilik-fakultesi\/wp-json\/wp\/v2\/pages\/14136\/revisions\/14151"}],"wp:attachment":[{"href":"https:\/\/atauni.edu.tr\/eczacilik-fakultesi\/wp-json\/wp\/v2\/media?parent=14136"}],"curies":[{"name":"wp","href":"https:\/\/api.w.org\/{rel}","templated":true}]}}