{"id":5674,"date":"2021-07-13T10:47:12","date_gmt":"2021-07-13T07:47:12","guid":{"rendered":"https:\/\/portaltest.atauni.edu.tr\/muhendislik-fakultesi\/?page_id=5674"},"modified":"2024-08-14T16:44:43","modified_gmt":"2024-08-14T13:44:43","slug":"fakulte-kurulu","status":"publish","type":"page","link":"https:\/\/atauni.edu.tr\/eczacilik-fakultesi\/fakulte-kurulu\/","title":{"rendered":"Fak\u00fclte Kurulu"},"content":{"rendered":"\t\t<div data-elementor-type=\"wp-page\" data-elementor-id=\"5674\" class=\"elementor elementor-5674\" data-elementor-post-type=\"page\">\n\t\t\t\t\t\t<section class=\"elementor-section elementor-top-section elementor-element elementor-element-46c2cb5d elementor-section-boxed elementor-section-height-default elementor-section-height-default\" data-id=\"46c2cb5d\" data-element_type=\"section\">\n\t\t\t\t\t\t<div class=\"elementor-container elementor-column-gap-default\">\n\t\t\t\t\t<div class=\"elementor-column elementor-col-100 elementor-top-column elementor-element elementor-element-299813e7\" data-id=\"299813e7\" data-element_type=\"column\">\n\t\t\t<div class=\"elementor-widget-wrap elementor-element-populated\">\n\t\t\t\t\t\t<div class=\"elementor-element elementor-element-3ec495a9 elementor-widget elementor-widget-heading\" data-id=\"3ec495a9\" data-element_type=\"widget\" data-widget_type=\"heading.default\">\n\t\t\t\t<div class=\"elementor-widget-container\">\n\t\t\t\t\t<h2 class=\"elementor-heading-title elementor-size-default\">Fak\u00fclte Kurulu<\/h2>\t\t\t\t<\/div>\n\t\t\t\t<\/div>\n\t\t\t\t<div class=\"elementor-element elementor-element-2092e3b3 elementor-widget-divider--view-line elementor-widget elementor-widget-divider\" data-id=\"2092e3b3\" data-element_type=\"widget\" data-widget_type=\"divider.default\">\n\t\t\t\t<div class=\"elementor-widget-container\">\n\t\t\t\t\t\t\t<div class=\"elementor-divider\">\n\t\t\t<span class=\"elementor-divider-separator\">\n\t\t\t\t\t\t<\/span>\n\t\t<\/div>\n\t\t\t\t\t\t<\/div>\n\t\t\t\t<\/div>\n\t\t\t\t\t<\/div>\n\t\t<\/div>\n\t\t\t\t\t<\/div>\n\t\t<\/section>\n\t\t\t\t<section class=\"elementor-section elementor-top-section elementor-element elementor-element-7727b5a elementor-section-boxed elementor-section-height-default elementor-section-height-default\" data-id=\"7727b5a\" data-element_type=\"section\">\n\t\t\t\t\t\t<div class=\"elementor-container elementor-column-gap-default\">\n\t\t\t\t\t<div class=\"elementor-column elementor-col-100 elementor-top-column elementor-element elementor-element-590a86b\" data-id=\"590a86b\" data-element_type=\"column\">\n\t\t\t<div class=\"elementor-widget-wrap\">\n\t\t\t\t\t\t\t<\/div>\n\t\t<\/div>\n\t\t\t\t\t<\/div>\n\t\t<\/section>\n\t\t\t\t<section class=\"elementor-section elementor-top-section elementor-element elementor-element-eb27376 elementor-section-boxed elementor-section-height-default elementor-section-height-default\" data-id=\"eb27376\" data-element_type=\"section\">\n\t\t\t\t\t\t<div class=\"elementor-container elementor-column-gap-default\">\n\t\t\t\t\t<div class=\"elementor-column elementor-col-100 elementor-top-column elementor-element elementor-element-c5e31c4\" data-id=\"c5e31c4\" data-element_type=\"column\">\n\t\t\t<div class=\"elementor-widget-wrap elementor-element-populated\">\n\t\t\t\t\t\t<div class=\"elementor-element elementor-element-ce272af elementor-widget elementor-widget-text-editor\" data-id=\"ce272af\" data-element_type=\"widget\" data-widget_type=\"text-editor.default\">\n\t\t\t\t<div class=\"elementor-widget-container\">\n\t\t\t\t\t\t\t\t\t<table style=\"margin-left: 5.25pt;margin-right: 5.25pt;border: initial none initial\" border=\"1\" cellspacing=\"0\" cellpadding=\"0\" align=\"left\">\n<tbody>\n<tr>\n<td style=\"width: 239.3pt;border-width: 1pt;border-color: windowtext;padding: 0cm 5.4pt\" valign=\"top\" width=\"399\">\n<p style=\"text-align: justify;line-height: 150%\"><b><span style=\"font-size: 10.0pt;line-height: 150%;font-family: 'Times New Roman',serif\">Prof. Dr. &nbsp;Beyzag\u00fcl ERKAYMAN (Dekan) <\/span><\/b><\/p>\n<\/td>\n<\/tr>\n<tr>\n<td style=\"width: 239.3pt;border-right-width: 1pt;border-bottom-width: 1pt;border-left-width: 1pt;border-right-color: windowtext;border-bottom-color: windowtext;border-left-color: windowtext;border-top: none;padding: 0cm 5.4pt\" valign=\"top\" width=\"399\">\n<p style=\"text-align: justify;line-height: 150%\"><b><span style=\"font-size: 10.0pt;line-height: 150%;font-family: 'Times New Roman',serif\">Prof. Dr. Mine G\u00dcLABO\u011eLU<\/span><\/b><\/p>\n<\/td>\n<\/tr>\n<tr>\n<td style=\"width: 239.3pt;border-right-width: 1pt;border-bottom-width: 1pt;border-left-width: 1pt;border-right-color: windowtext;border-bottom-color: windowtext;border-left-color: windowtext;border-top: none;padding: 0cm 5.4pt\" valign=\"top\" width=\"399\">\n<p style=\"text-align: justify;line-height: 150%\"><b><span style=\"font-size: 10.0pt;line-height: 150%;font-family: 'Times New Roman',serif\">Prof. Dr. Apltu\u011f AT\u0130LA<\/span><\/b><\/p>\n<\/td>\n<\/tr>\n<tr>\n<td style=\"width: 239.3pt;border-right-width: 1pt;border-bottom-width: 1pt;border-left-width: 1pt;border-right-color: windowtext;border-bottom-color: windowtext;border-left-color: windowtext;border-top: none;padding: 0cm 5.4pt\" valign=\"top\" width=\"399\">\n<p style=\"text-align: justify;line-height: 150%\"><b><span style=\"font-size: 10.0pt;line-height: 150%;font-family: 'Times New Roman',serif\">Prof. Dr. Nurcan KILI\u00c7 BAYGUTALP<\/span><\/b><\/p>\n<\/td>\n<\/tr>\n<tr>\n<td style=\"width: 239.3pt;border-right-width: 1pt;border-bottom-width: 1pt;border-left-width: 1pt;border-right-color: windowtext;border-bottom-color: windowtext;border-left-color: windowtext;border-top: none;padding: 0cm 5.4pt\" valign=\"top\" width=\"399\">\n<p style=\"text-align: justify;line-height: 150%\"><b><span style=\"font-size: 10.0pt;line-height: 150%;font-family: 'Times New Roman',serif\">Do\u00e7. Dr. R\u00fcstem An\u0131l U\u011eAN (Dekan Yard\u0131mc\u0131s\u0131)<\/span><\/b><\/p>\n<\/td>\n<\/tr>\n<tr>\n<td style=\"width: 239.3pt;border-right-width: 1pt;border-bottom-width: 1pt;border-left-width: 1pt;border-right-color: windowtext;border-bottom-color: windowtext;border-left-color: windowtext;border-top: none;padding: 0cm 5.4pt\" valign=\"top\" width=\"399\">\n<p style=\"text-align: justify;line-height: 150%\"><b><span style=\"font-size: 10.0pt;line-height: 150%;font-family: 'Times New Roman',serif\">Do\u00e7. Dr. Hilal \u00d6ZBEK<\/span><\/b><\/p>\n<\/td>\n<\/tr>\n<tr>\n<td style=\"width: 239.3pt;border-right-width: 1pt;border-bottom-width: 1pt;border-left-width: 1pt;border-right-color: windowtext;border-bottom-color: windowtext;border-left-color: windowtext;border-top: none;padding: 0cm 5.4pt\" valign=\"top\" width=\"399\">\n<p style=\"text-align: justify;line-height: 150%\"><b><span style=\"font-size: 10.0pt;line-height: 150%;font-family: 'Times New Roman',serif\">Dr. \u00d6\u011fr. \u00dcyesi Elif ULUTA\u015e DEN\u0130Z (Dekan Yard\u0131mc\u0131s\u0131)<\/span><\/b><\/p>\n<\/td>\n<\/tr>\n<tr>\n<td style=\"width: 239.3pt;border-right-width: 1pt;border-bottom-width: 1pt;border-left-width: 1pt;border-right-color: windowtext;border-bottom-color: windowtext;border-left-color: windowtext;border-top: none;padding: 0cm 5.4pt\" valign=\"top\" width=\"399\">\n<p style=\"text-align: justify;line-height: 150%\"><b><span style=\"font-size: 10.0pt;line-height: 150%;font-family: 'Times New Roman',serif\">Prof. Dr. Z\u00fchal G\u00dcVENALP (<\/span><\/b><b style=\"color: var( --e-global-color-text );letter-spacing: 0px;text-align: left\"><span style=\"font-size:10.0pt;line-height:115%;,serif\">Eczac\u0131l\u0131k Meslek Bilimleri B\u00f6l\u00fcm Ba\u015fkan\u0131)<\/span><\/b><\/p>\n<\/td>\n<\/tr>\n<tr>\n<td style=\"width: 239.3pt;border-right-width: 1pt;border-bottom-width: 1pt;border-left-width: 1pt;border-right-color: windowtext;border-bottom-color: windowtext;border-left-color: windowtext;border-top: none;padding: 0cm 5.4pt\" valign=\"top\" width=\"399\">\n<p style=\"text-align: justify;line-height: 150%\"><b><span style=\"font-size: 10.0pt;line-height: 150%;font-family: 'Times New Roman',serif\">Prof. Dr. Bilal YILMAZ (<\/span><\/b><b style=\"color: var( --e-global-color-text );letter-spacing: 0px;text-align: left\"><span style=\"font-size:10.0pt;line-height:115%;,serif\">Temel Eczac\u0131l\u0131k Bilimleri B\u00f6l\u00fcm Ba\u015fkan\u0131)<\/span><\/b><\/p>\n<\/td>\n<\/tr>\n<tr>\n<td style=\"width: 239.3pt;border-right-width: 1pt;border-bottom-width: 1pt;border-left-width: 1pt;border-right-color: windowtext;border-bottom-color: windowtext;border-left-color: windowtext;border-top: none;padding: 0cm 5.4pt\" valign=\"top\" width=\"399\">\n<p style=\"text-align: justify;line-height: 150%\"><b><span style=\"font-size: 10.0pt;line-height: 150%;font-family: 'Times New Roman',serif\">Prof. Dr. Meltem \u00c7ET\u0130N (<\/span><\/b><b style=\"color: var( --e-global-color-text );letter-spacing: 0px;text-align: left\"><span style=\"font-size:10.0pt;line-height:115%;,serif\">Eczac\u0131l\u0131k\nTeknolojisi B\u00f6l\u00fcm Ba\u015fkan\u0131)<\/span><\/b><\/p>\n<\/td>\n<\/tr>\n<tr style=\"height: 23.45pt\">\n<td style=\"width: 239.3pt;border-right-width: 1pt;border-bottom-width: 1pt;border-left-width: 1pt;border-right-color: windowtext;border-bottom-color: windowtext;border-left-color: windowtext;border-top: none;padding: 0cm 3.5pt;height: 23.45pt\" valign=\"top\" width=\"399\">\n<p><b><span style=\"font-size: 10.0pt;line-height: 115%;font-family: 'Times New Roman',serif\">REKT\u00d6RL\u00dcK SENATO \u00dcYES\u0130<\/span><\/b><\/p>\n<\/td>\n<\/tr>\n<tr style=\"height: 16.75pt\">\n<td style=\"width: 239.3pt;border-right-width: 1pt;border-bottom-width: 1pt;border-left-width: 1pt;border-right-color: windowtext;border-bottom-color: windowtext;border-left-color: windowtext;border-top: none;padding: 0cm 3.5pt;height: 16.75pt\" valign=\"top\" width=\"399\">\n<p><b><span style=\"font-size: 10.0pt;line-height: 115%;font-family: 'Times New Roman',serif\">Prof. Dr. Meltem \u00c7ET\u0130N<\/span><\/b><\/p>\n<\/td>\n<\/tr>\n<\/tbody>\n<\/table>\t\t\t\t\t\t\t\t<\/div>\n\t\t\t\t<\/div>\n\t\t\t\t\t<\/div>\n\t\t<\/div>\n\t\t\t\t\t<\/div>\n\t\t<\/section>\n\t\t\t\t<\/div>\n\t\t","protected":false},"excerpt":{"rendered":"<p>Fak\u00fclte Kurulu Prof. Dr. &nbsp;Beyzag\u00fcl ERKAYMAN (Dekan) Prof. Dr. Mine G\u00dcLABO\u011eLU Prof. Dr. Apltu\u011f AT\u0130LA Prof. Dr. Nurcan KILI\u00c7 BAYGUTALP Do\u00e7. Dr. R\u00fcstem An\u0131l U\u011eAN (Dekan Yard\u0131mc\u0131s\u0131) Do\u00e7. Dr. Hilal \u00d6ZBEK Dr. \u00d6\u011fr. \u00dcyesi Elif ULUTA\u015e DEN\u0130Z (Dekan Yard\u0131mc\u0131s\u0131) Prof. Dr. Z\u00fchal G\u00dcVENALP (Eczac\u0131l\u0131k Meslek Bilimleri B\u00f6l\u00fcm Ba\u015fkan\u0131) Prof. Dr. Bilal YILMAZ (Temel Eczac\u0131l\u0131k Bilimleri [&hellip;]<\/p>\n","protected":false},"author":1,"featured_media":0,"parent":0,"menu_order":0,"comment_status":"closed","ping_status":"closed","template":"elementor_header_footer","meta":{"footnotes":""},"class_list":["post-5674","page","type-page","status-publish","hentry"],"_links":{"self":[{"href":"https:\/\/atauni.edu.tr\/eczacilik-fakultesi\/wp-json\/wp\/v2\/pages\/5674","targetHints":{"allow":["GET"]}}],"collection":[{"href":"https:\/\/atauni.edu.tr\/eczacilik-fakultesi\/wp-json\/wp\/v2\/pages"}],"about":[{"href":"https:\/\/atauni.edu.tr\/eczacilik-fakultesi\/wp-json\/wp\/v2\/types\/page"}],"author":[{"embeddable":true,"href":"https:\/\/atauni.edu.tr\/eczacilik-fakultesi\/wp-json\/wp\/v2\/users\/1"}],"replies":[{"embeddable":true,"href":"https:\/\/atauni.edu.tr\/eczacilik-fakultesi\/wp-json\/wp\/v2\/comments?post=5674"}],"version-history":[{"count":35,"href":"https:\/\/atauni.edu.tr\/eczacilik-fakultesi\/wp-json\/wp\/v2\/pages\/5674\/revisions"}],"predecessor-version":[{"id":13556,"href":"https:\/\/atauni.edu.tr\/eczacilik-fakultesi\/wp-json\/wp\/v2\/pages\/5674\/revisions\/13556"}],"wp:attachment":[{"href":"https:\/\/atauni.edu.tr\/eczacilik-fakultesi\/wp-json\/wp\/v2\/media?parent=5674"}],"curies":[{"name":"wp","href":"https:\/\/api.w.org\/{rel}","templated":true}]}}