{"id":5743,"date":"2021-07-13T11:47:21","date_gmt":"2021-07-13T08:47:21","guid":{"rendered":"https:\/\/portaltest.atauni.edu.tr\/muhendislik-fakultesi\/?page_id=5743"},"modified":"2021-10-20T14:37:01","modified_gmt":"2021-10-20T11:37:01","slug":"misyon-vizyon-ve-temel-degerler","status":"publish","type":"page","link":"https:\/\/atauni.edu.tr\/eczacilik-fakultesi\/misyon-vizyon-ve-temel-degerler\/","title":{"rendered":"Misyon, Vizyon ve Temel De\u011ferler"},"content":{"rendered":"\t\t<div data-elementor-type=\"wp-page\" data-elementor-id=\"5743\" class=\"elementor elementor-5743\" data-elementor-post-type=\"page\">\n\t\t\t\t\t\t<section class=\"elementor-section elementor-top-section elementor-element elementor-element-46c2cb5d elementor-section-boxed elementor-section-height-default elementor-section-height-default\" data-id=\"46c2cb5d\" data-element_type=\"section\">\n\t\t\t\t\t\t<div class=\"elementor-container elementor-column-gap-default\">\n\t\t\t\t\t<div class=\"elementor-column elementor-col-100 elementor-top-column elementor-element elementor-element-299813e7\" data-id=\"299813e7\" data-element_type=\"column\">\n\t\t\t<div class=\"elementor-widget-wrap elementor-element-populated\">\n\t\t\t\t\t\t<div class=\"elementor-element elementor-element-3ec495a9 elementor-widget elementor-widget-heading\" data-id=\"3ec495a9\" data-element_type=\"widget\" data-widget_type=\"heading.default\">\n\t\t\t\t<div class=\"elementor-widget-container\">\n\t\t\t\t\t<h2 class=\"elementor-heading-title elementor-size-default\">Misyon, Vizyon ve Temel De\u011ferler<\/h2>\t\t\t\t<\/div>\n\t\t\t\t<\/div>\n\t\t\t\t<div class=\"elementor-element elementor-element-2092e3b3 elementor-widget-divider--view-line elementor-widget elementor-widget-divider\" data-id=\"2092e3b3\" data-element_type=\"widget\" data-widget_type=\"divider.default\">\n\t\t\t\t<div class=\"elementor-widget-container\">\n\t\t\t\t\t\t\t<div class=\"elementor-divider\">\n\t\t\t<span class=\"elementor-divider-separator\">\n\t\t\t\t\t\t<\/span>\n\t\t<\/div>\n\t\t\t\t\t\t<\/div>\n\t\t\t\t<\/div>\n\t\t\t\t\t<\/div>\n\t\t<\/div>\n\t\t\t\t\t<\/div>\n\t\t<\/section>\n\t\t\t\t<section class=\"elementor-section elementor-top-section elementor-element elementor-element-d76d987 elementor-section-boxed elementor-section-height-default elementor-section-height-default\" data-id=\"d76d987\" data-element_type=\"section\">\n\t\t\t\t\t\t<div class=\"elementor-container elementor-column-gap-default\">\n\t\t\t\t\t<div class=\"elementor-column elementor-col-100 elementor-top-column elementor-element elementor-element-acd741f\" data-id=\"acd741f\" data-element_type=\"column\">\n\t\t\t<div class=\"elementor-widget-wrap elementor-element-populated\">\n\t\t\t\t\t\t<div class=\"elementor-element elementor-element-dd538b4 elementor-widget elementor-widget-text-editor\" data-id=\"dd538b4\" data-element_type=\"widget\" data-widget_type=\"text-editor.default\">\n\t\t\t\t<div class=\"elementor-widget-container\">\n\t\t\t\t\t\t\t\t\t<p style=\"margin-bottom: 1rem;line-height: 26px;padding: 0px 12px;font-size: 13px\"><span style=\"font-weight: bolder\">Misyon<\/span><\/p>\n<p style=\"margin-bottom: 1rem;line-height: 26px;padding: 0px 12px;font-size: 13px\">\u201cHayat\u0131n Hizmetinde\u201d<\/p>\n<p style=\"margin-bottom: 1rem;line-height: 26px;padding: 0px 12px;font-size: 13px\">\u0130lac\u0131n ara\u015ft\u0131r\u0131lmas\u0131, geli\u015ftirilmesi ve \u00fcretilmesinden hastaya ula\u015ft\u0131r\u0131lmas\u0131na kadar ge\u00e7en t\u00fcm a\u015famalarda etkin g\u00f6rev ve sorumluluklar alan; &nbsp;kimyasal\/do\u011fal kaynakl\u0131 ila\u00e7 ve ila\u00e7 d\u0131\u015f\u0131 sa\u011fl\u0131k \u00fcr\u00fcnlerinin ak\u0131lc\u0131 kullan\u0131m\u0131 ile sa\u011fl\u0131k konusunda dan\u0131\u015fmanl\u0131k yapan; etik de\u011ferlere ba\u011fl\u0131, &nbsp;geli\u015fmeye ve \u00f6\u011frenmeye a\u00e7\u0131k eczac\u0131lar yeti\u015ftirmek,<\/p>\n<p style=\"margin-bottom: 1rem;line-height: 26px;padding: 0px 12px;font-size: 13px\">\u00dcniversite, toplum ve end\u00fcstri i\u015fbirli\u011fi ile \u00fclkemizde ve b\u00f6lgemizde ihtiya\u00e7 duyulan toplum sa\u011fl\u0131\u011f\u0131na y\u00f6nelik akademik ve sosyal faaliyetlerde bulunmakt\u0131r.<\/p>\n<p style=\"margin-bottom: 1rem;line-height: 26px;padding: 0px 12px;font-size: 13px\"><span style=\"font-weight: bolder\"><br><\/span><\/p><p style=\"margin-bottom: 1rem;line-height: 26px;padding: 0px 12px;font-size: 13px\"><span style=\"font-weight: bolder\">Vizyon<\/span><\/p>\n<p style=\"margin-bottom: 1rem;line-height: 26px;padding: 0px 12px;font-size: 13px\">&nbsp;\u201cHep \u0130leriye\u201d<\/p>\n<p style=\"margin-bottom: 1rem;line-height: 26px;padding: 0px 12px;font-size: 13px\">Uluslararas\u0131 d\u00fczeyde e\u011fitim programlar\u0131n\u0131 fak\u00fcltemizde uygulayarak eczac\u0131l\u0131k alan\u0131nda \u00fclkemizdeki \u00f6nc\u00fc fak\u00fcltelerden birisi olmak<\/p><p style=\"margin-bottom: 1rem;line-height: 26px;padding: 0px 12px;font-size: 13px\"><br><\/p>\n<p style=\"margin-bottom: 1rem;line-height: 26px;padding: 0px 12px;font-size: 13px\"><span style=\"font-weight: bolder\">Hedefler<\/span><\/p>\n<p style=\"margin-bottom: 1rem;line-height: 26px;padding: 0px 12px;font-size: 13px\">Ulusal ve uluslararas\u0131 yetkinli\u011fe sahip, yenilik\u00e7i bir yakla\u015f\u0131mla eczac\u0131l\u0131k e\u011fitimi veren; etkili ileti\u015fim becerilerini kullanan; do\u011fru karar al\u0131p uygulayan; ya\u015fam boyu \u00f6\u011frenme ve \u00f6\u011fretmeyi ilke edinmi\u015f giri\u015fimci eczac\u0131lar yeti\u015ftiren, \u00e7a\u011fda\u015f e\u011fitim ve ara\u015ft\u0131rma stratejileri olu\u015fturan \u00f6nder bir fak\u00fclte olmakt\u0131r.<\/p><p style=\"margin-bottom: 1rem;line-height: 26px;padding: 0px 12px;font-size: 13px\"><br><\/p>\n<p style=\"margin-bottom: 1rem;line-height: 26px;padding: 0px 12px;font-size: 13px\"><span style=\"font-weight: bolder\">Temel De\u011ferler<\/span><\/p>\n<ul style=\"font-size: 13px\">\n<li><span style=\"font-weight: bolder\">Bilimsellik:<\/span>&nbsp;Ald\u0131\u011f\u0131 karar ve uygulamalarda bilimsel kriter ve do\u011frular\u0131 temel al\u0131r.<\/li>\n<li><br><\/li>\n<li><span style=\"font-weight: bolder\">Yenilik\u00e7ilik ve Giri\u015fimcilik:<\/span>&nbsp;Etkinli\u011fini art\u0131racak alanlarda yeni ve farkl\u0131 uygulamalar\u0131 hayata ge\u00e7irir.<\/li>\n<li><br><\/li>\n<li><span style=\"font-weight: bolder\">Kat\u0131l\u0131mc\u0131l\u0131k ve Payla\u015f\u0131mc\u0131l\u0131k:<\/span>&nbsp;Kararlar kat\u0131l\u0131ml\u0131 \u015fekilde al\u0131n\u0131r, bilgiler \u015feffaf \u015fekilde payla\u015f\u0131l\u0131r.<\/li>\n<li><br><\/li>\n<li><span style=\"font-weight: bolder\">\u00d6\u011frenme Odakl\u0131l\u0131k:<\/span>&nbsp;T\u00fcm bireylerin \u00f6\u011frenme deneyimlerini kolayla\u015ft\u0131r\u0131r ve geli\u015ftirir.<\/li>\n<li><br><\/li>\n<li><span style=\"font-weight: bolder\">Eme\u011fe sayg\u0131 g\u00f6sterme ve ba\u015far\u0131y\u0131 takdir etme:<\/span>&nbsp;G\u00f6sterilen \u00e7abalara sayg\u0131 g\u00f6sterilir ve ba\u015far\u0131lar tan\u0131n\u0131r.<\/li>\n<li><br><\/li>\n<li><span style=\"font-weight: bolder\">Ulusal ve evrensel de\u011ferlere ba\u011fl\u0131l\u0131k:<\/span>&nbsp;\u00dclkemizin de\u011ferlerine ba\u011fl\u0131l\u0131\u011f\u0131n yan\u0131nda evrensel de\u011ferlere de sahip \u00e7\u0131k\u0131l\u0131r.<\/li>\n<li><br><\/li>\n<li><span style=\"font-weight: bolder\">Toplumsal, k\u00fclt\u00fcrel, \u00e7evresel ve sanatsal duyarl\u0131l\u0131k:<\/span>&nbsp;Toplumsal alanlardaki sorun ve ihtiya\u00e7lara kar\u015f\u0131 duyarl\u0131 davran\u0131l\u0131r.<\/li>\n<\/ul>\t\t\t\t\t\t\t\t<\/div>\n\t\t\t\t<\/div>\n\t\t\t\t\t<\/div>\n\t\t<\/div>\n\t\t\t\t\t<\/div>\n\t\t<\/section>\n\t\t\t\t<\/div>\n\t\t","protected":false},"excerpt":{"rendered":"<p>Misyon, Vizyon ve Temel De\u011ferler Misyon \u201cHayat\u0131n Hizmetinde\u201d \u0130lac\u0131n ara\u015ft\u0131r\u0131lmas\u0131, geli\u015ftirilmesi ve \u00fcretilmesinden hastaya ula\u015ft\u0131r\u0131lmas\u0131na kadar ge\u00e7en t\u00fcm a\u015famalarda etkin g\u00f6rev ve sorumluluklar alan; &nbsp;kimyasal\/do\u011fal kaynakl\u0131 ila\u00e7 ve ila\u00e7 d\u0131\u015f\u0131 sa\u011fl\u0131k \u00fcr\u00fcnlerinin ak\u0131lc\u0131 kullan\u0131m\u0131 ile sa\u011fl\u0131k konusunda dan\u0131\u015fmanl\u0131k yapan; etik de\u011ferlere ba\u011fl\u0131, &nbsp;geli\u015fmeye ve \u00f6\u011frenmeye a\u00e7\u0131k eczac\u0131lar yeti\u015ftirmek, \u00dcniversite, toplum ve end\u00fcstri i\u015fbirli\u011fi ile \u00fclkemizde [&hellip;]<\/p>\n","protected":false},"author":1,"featured_media":0,"parent":0,"menu_order":0,"comment_status":"closed","ping_status":"closed","template":"elementor_header_footer","meta":{"footnotes":""},"class_list":["post-5743","page","type-page","status-publish","hentry"],"_links":{"self":[{"href":"https:\/\/atauni.edu.tr\/eczacilik-fakultesi\/wp-json\/wp\/v2\/pages\/5743","targetHints":{"allow":["GET"]}}],"collection":[{"href":"https:\/\/atauni.edu.tr\/eczacilik-fakultesi\/wp-json\/wp\/v2\/pages"}],"about":[{"href":"https:\/\/atauni.edu.tr\/eczacilik-fakultesi\/wp-json\/wp\/v2\/types\/page"}],"author":[{"embeddable":true,"href":"https:\/\/atauni.edu.tr\/eczacilik-fakultesi\/wp-json\/wp\/v2\/users\/1"}],"replies":[{"embeddable":true,"href":"https:\/\/atauni.edu.tr\/eczacilik-fakultesi\/wp-json\/wp\/v2\/comments?post=5743"}],"version-history":[{"count":17,"href":"https:\/\/atauni.edu.tr\/eczacilik-fakultesi\/wp-json\/wp\/v2\/pages\/5743\/revisions"}],"predecessor-version":[{"id":6578,"href":"https:\/\/atauni.edu.tr\/eczacilik-fakultesi\/wp-json\/wp\/v2\/pages\/5743\/revisions\/6578"}],"wp:attachment":[{"href":"https:\/\/atauni.edu.tr\/eczacilik-fakultesi\/wp-json\/wp\/v2\/media?parent=5743"}],"curies":[{"name":"wp","href":"https:\/\/api.w.org\/{rel}","templated":true}]}}