{"id":5774,"date":"2021-07-13T13:54:52","date_gmt":"2021-07-13T10:54:52","guid":{"rendered":"https:\/\/portaltest.atauni.edu.tr\/muhendislik-fakultesi\/?page_id=5774"},"modified":"2021-10-20T14:30:15","modified_gmt":"2021-10-20T11:30:15","slug":"tarihce","status":"publish","type":"page","link":"https:\/\/atauni.edu.tr\/eczacilik-fakultesi\/tarihce\/","title":{"rendered":"Tarih\u00e7e"},"content":{"rendered":"\t\t<div data-elementor-type=\"wp-page\" data-elementor-id=\"5774\" class=\"elementor elementor-5774\" data-elementor-post-type=\"page\">\n\t\t\t\t\t\t<section class=\"elementor-section elementor-top-section elementor-element elementor-element-46c2cb5d elementor-section-boxed elementor-section-height-default elementor-section-height-default\" data-id=\"46c2cb5d\" data-element_type=\"section\">\n\t\t\t\t\t\t<div class=\"elementor-container elementor-column-gap-default\">\n\t\t\t\t\t<div class=\"elementor-column elementor-col-100 elementor-top-column elementor-element elementor-element-299813e7\" data-id=\"299813e7\" data-element_type=\"column\">\n\t\t\t<div class=\"elementor-widget-wrap elementor-element-populated\">\n\t\t\t\t\t\t<div class=\"elementor-element elementor-element-3ec495a9 elementor-widget elementor-widget-heading\" data-id=\"3ec495a9\" data-element_type=\"widget\" data-widget_type=\"heading.default\">\n\t\t\t\t<div class=\"elementor-widget-container\">\n\t\t\t\t\t<h2 class=\"elementor-heading-title elementor-size-default\">Tarih\u00e7e<\/h2>\t\t\t\t<\/div>\n\t\t\t\t<\/div>\n\t\t\t\t<div class=\"elementor-element elementor-element-2092e3b3 elementor-widget-divider--view-line elementor-widget elementor-widget-divider\" data-id=\"2092e3b3\" data-element_type=\"widget\" data-widget_type=\"divider.default\">\n\t\t\t\t<div class=\"elementor-widget-container\">\n\t\t\t\t\t\t\t<div class=\"elementor-divider\">\n\t\t\t<span class=\"elementor-divider-separator\">\n\t\t\t\t\t\t<\/span>\n\t\t<\/div>\n\t\t\t\t\t\t<\/div>\n\t\t\t\t<\/div>\n\t\t\t\t\t<\/div>\n\t\t<\/div>\n\t\t\t\t\t<\/div>\n\t\t<\/section>\n\t\t\t\t<section class=\"elementor-section elementor-top-section elementor-element elementor-element-a00ea8d elementor-section-boxed elementor-section-height-default elementor-section-height-default\" data-id=\"a00ea8d\" data-element_type=\"section\">\n\t\t\t\t\t\t<div class=\"elementor-container elementor-column-gap-default\">\n\t\t\t\t\t<div class=\"elementor-column elementor-col-100 elementor-top-column elementor-element elementor-element-0ad1be4\" data-id=\"0ad1be4\" data-element_type=\"column\">\n\t\t\t<div class=\"elementor-widget-wrap elementor-element-populated\">\n\t\t\t\t\t\t<div class=\"elementor-element elementor-element-c133bed elementor-widget elementor-widget-text-editor\" data-id=\"c133bed\" data-element_type=\"widget\" data-widget_type=\"text-editor.default\">\n\t\t\t\t<div class=\"elementor-widget-container\">\n\t\t\t\t\t\t\t\t\t<p align=\"left\" style=\"margin-bottom: 1rem;line-height: 26px;padding: 0px 12px;font-size: 13px\"><span style=\"font-weight: bolder\">&#8212;-&nbsp;<\/span>Fak\u00fcltemizin kurulmas\u0131 Bakanlar Kurulu\u2019nun 30.05.1997 tarih ve &nbsp;97\/9535 say\u0131l\u0131 kararnamesi ile kararla\u015ft\u0131r\u0131lm\u0131\u015f olup, bu karar 04.07.1997 tarih &nbsp;ve 23039 say\u0131l\u0131 Resmi Gazete\u2019de yay\u0131nlanarak y\u00fcr\u00fcrl\u00fc\u011fe girmi\u015ftir. Daha sonra &nbsp;25.08.1997 tarih ve 7890-16213 say\u0131l\u0131 kararname ile Eczac\u0131l\u0131k Fak\u00fcltesi Dekan\u0131 &nbsp;atanm\u0131\u015f, kurulu\u015f \u00e7al\u0131\u015fmalar\u0131na fiilen ba\u015flanm\u0131\u015ft\u0131r. 1998-1999 e\u011fitim-\u00f6\u011fretim &nbsp;y\u0131l\u0131ndan itibaren fak\u00fcltemize \u00f6\u011frenci al\u0131nmaktad\u0131r. 2018 Haziran ay\u0131 itibariyle Eczac\u0131l\u0131k Fak\u00fcltesi 16. mezunlar\u0131n\u0131 vermi\u015ftir.&nbsp;<span style=\"font-weight: bolder\">&#8212;-&nbsp;<\/span>Eczac\u0131l\u0131k Fak\u00fcltesinde Temel &nbsp;Eczac\u0131l\u0131k Bilimleri B\u00f6l\u00fcm\u00fc, Eczac\u0131l\u0131k Meslek Bilimleri B\u00f6l\u00fcm\u00fc ve Eczac\u0131l\u0131k &nbsp;Teknolojisi B\u00f6l\u00fcm\u00fc olmak \u00fczere 3 B\u00f6l\u00fcm ve bunlara ba\u011fl\u0131 olarak Analitik Kimya, &nbsp;Biyokimya, Farmas\u00f6tik Mikrobiyoloji, Farmakognozi, Farmas\u00f6tik Toksikoloji, &nbsp;Farmas\u00f6tik Kimya, Farmakoloji, Farmas\u00f6tik Botanik, Eczac\u0131l\u0131k \u0130\u015fletmecili\u011fi, &nbsp;Klinik Eczac\u0131l\u0131k ve Farmas\u00f6tik Teknoloji Anabilim Dallar\u0131 bulunmaktad\u0131r.&nbsp;<\/p><p align=\"left\" style=\"margin-bottom: 1rem;line-height: 26px;padding: 0px 12px;font-size: 13px\"><span style=\"font-weight: bolder\">&#8212;-&nbsp;<\/span>Atat\u00fcrk \u00dcniversitesi Eczac\u0131l\u0131k Fak\u00fcltesi, Avrupa Birli\u011fi standartlar\u0131nda, Bologna s\u00fcrecini tamamlam\u0131\u015f 5 y\u0131ll\u0131k lisans program\u0131, y\u00fcksek lisans\/doktora programlar\u0131, ara\u015ft\u0131rma-geli\u015ftirme \u00e7al\u0131\u015fmalar\u0131na devam etmektedir. Atat\u00fcrk \u00dcniversitesi Eczac\u0131l\u0131k Fak\u00fcltesi lisans e\u011fitimi i\u00e7in&nbsp;<em>Ocak 2016 tarihinden Ocak 2022 tarihine kadar alt\u0131 y\u0131ll\u0131k Tam Akreditasyon<\/em>&nbsp;almaya hak kazanm\u0131\u015ft\u0131r. T\u00fcrkiye&#8217;de akreditasyon alan ilk 10 Eczac\u0131l\u0131k Fak\u00fcltesinden biridir. Avrupa Birli\u011fi uyum s\u00fcreci i\u00e7inde T\u00fcrkiye Cumhuriyeti Eczac\u0131l\u0131k Fak\u00fclteleri\u2019nin Avrupa Birli\u011fi \u00fcyesi \u00fclkeler ile uyum sa\u011flama \u00e7al\u0131\u015fmalar\u0131 sonucunda e\u011fitim-\u00f6\u011fretimin standardize edilebilmesi i\u00e7in T\u00fcrkiye\u2019deki Eczac\u0131l\u0131k Fak\u00fclteleri Dekanlar\u0131n\u0131n oy birli\u011fi ve Y\u00d6K&#8217;\u00fcn onay\u0131 ile 2015 y\u0131l\u0131nda uygulamaya ba\u015flan\u0131lan \u201cEczac\u0131l\u0131k Fak\u00fclteleri \u00c7ekirdek M\u00fcfredat\u0131 Program\u0131 (EZ\u00c7EP2015 ) ve daha sonra g\u00fcncellenen EZ\u00c7EP2019\u201d\u00e7er\u00e7evesinde e\u011fitim-\u00f6\u011fretim yap\u0131lmaktad\u0131r.&nbsp;<\/p><p align=\"left\" style=\"margin-bottom: 1rem;line-height: 26px;padding: 0px 12px;font-size: 13px\"><span style=\"font-weight: bolder\">&#8212;-<\/span>&nbsp;Fak\u00fcltemiz \u00f6\u011frencilerinin eczane uygulamalar\u0131n\u0131 \u00f6\u011frenebilmeleri amac\u0131yla Mesleki Beceri Laboratuvar\u0131nda Ecz. Hasan Fehmi ALTINTA\u015e Eczanesi ve Ecz. Erdal G\u00dcZEL Eczanesi adlar\u0131nda olmak \u00fczere iki adet Sim\u00fclasyon Eczanesi Temmuz 2018 tarihinde kurulmu\u015ftur. Sim\u00fclasyon Eczanelerimiz sayesinde, 2018-2019 E\u011fitim-\u00d6\u011fretim Y\u0131l\u0131ndan ba\u015flamak \u00fczere \u00f6\u011frencilerimize staj ve di\u011fer eczane uygulamalar\u0131na katk\u0131 sunulmaya ba\u015flanm\u0131\u015ft\u0131r.&nbsp;<\/p>\t\t\t\t\t\t\t\t<\/div>\n\t\t\t\t<\/div>\n\t\t\t\t\t<\/div>\n\t\t<\/div>\n\t\t\t\t\t<\/div>\n\t\t<\/section>\n\t\t\t\t<\/div>\n\t\t","protected":false},"excerpt":{"rendered":"<p>Tarih\u00e7e &#8212;-&nbsp;Fak\u00fcltemizin kurulmas\u0131 Bakanlar Kurulu\u2019nun 30.05.1997 tarih ve &nbsp;97\/9535 say\u0131l\u0131 kararnamesi ile kararla\u015ft\u0131r\u0131lm\u0131\u015f olup, bu karar 04.07.1997 tarih &nbsp;ve 23039 say\u0131l\u0131 Resmi Gazete\u2019de yay\u0131nlanarak y\u00fcr\u00fcrl\u00fc\u011fe girmi\u015ftir. Daha sonra &nbsp;25.08.1997 tarih ve 7890-16213 say\u0131l\u0131 kararname ile Eczac\u0131l\u0131k Fak\u00fcltesi Dekan\u0131 &nbsp;atanm\u0131\u015f, kurulu\u015f \u00e7al\u0131\u015fmalar\u0131na fiilen ba\u015flanm\u0131\u015ft\u0131r. 1998-1999 e\u011fitim-\u00f6\u011fretim &nbsp;y\u0131l\u0131ndan itibaren fak\u00fcltemize \u00f6\u011frenci al\u0131nmaktad\u0131r. 2018 Haziran ay\u0131 itibariyle Eczac\u0131l\u0131k [&hellip;]<\/p>\n","protected":false},"author":1,"featured_media":0,"parent":0,"menu_order":0,"comment_status":"closed","ping_status":"closed","template":"elementor_header_footer","meta":{"footnotes":""},"class_list":["post-5774","page","type-page","status-publish","hentry"],"_links":{"self":[{"href":"https:\/\/atauni.edu.tr\/eczacilik-fakultesi\/wp-json\/wp\/v2\/pages\/5774","targetHints":{"allow":["GET"]}}],"collection":[{"href":"https:\/\/atauni.edu.tr\/eczacilik-fakultesi\/wp-json\/wp\/v2\/pages"}],"about":[{"href":"https:\/\/atauni.edu.tr\/eczacilik-fakultesi\/wp-json\/wp\/v2\/types\/page"}],"author":[{"embeddable":true,"href":"https:\/\/atauni.edu.tr\/eczacilik-fakultesi\/wp-json\/wp\/v2\/users\/1"}],"replies":[{"embeddable":true,"href":"https:\/\/atauni.edu.tr\/eczacilik-fakultesi\/wp-json\/wp\/v2\/comments?post=5774"}],"version-history":[{"count":23,"href":"https:\/\/atauni.edu.tr\/eczacilik-fakultesi\/wp-json\/wp\/v2\/pages\/5774\/revisions"}],"predecessor-version":[{"id":6570,"href":"https:\/\/atauni.edu.tr\/eczacilik-fakultesi\/wp-json\/wp\/v2\/pages\/5774\/revisions\/6570"}],"wp:attachment":[{"href":"https:\/\/atauni.edu.tr\/eczacilik-fakultesi\/wp-json\/wp\/v2\/media?parent=5774"}],"curies":[{"name":"wp","href":"https:\/\/api.w.org\/{rel}","templated":true}]}}