{"id":5789,"date":"2021-07-13T14:10:52","date_gmt":"2021-07-13T11:10:52","guid":{"rendered":"https:\/\/portaltest.atauni.edu.tr\/muhendislik-fakultesi\/?page_id=5789"},"modified":"2023-05-05T13:13:09","modified_gmt":"2023-05-05T10:13:09","slug":"staj","status":"publish","type":"page","link":"https:\/\/atauni.edu.tr\/eczacilik-fakultesi\/staj\/","title":{"rendered":"Eczac\u0131l\u0131k Fak\u00fcltesi Staj Belgeleri"},"content":{"rendered":"\t\t<div data-elementor-type=\"wp-page\" data-elementor-id=\"5789\" class=\"elementor elementor-5789\" data-elementor-post-type=\"page\">\n\t\t\t\t\t\t<section class=\"elementor-section elementor-top-section elementor-element elementor-element-46c2cb5d elementor-section-boxed elementor-section-height-default elementor-section-height-default\" data-id=\"46c2cb5d\" data-element_type=\"section\">\n\t\t\t\t\t\t<div class=\"elementor-container elementor-column-gap-default\">\n\t\t\t\t\t<div class=\"elementor-column elementor-col-100 elementor-top-column elementor-element elementor-element-299813e7\" data-id=\"299813e7\" data-element_type=\"column\">\n\t\t\t<div class=\"elementor-widget-wrap elementor-element-populated\">\n\t\t\t\t\t\t<div class=\"elementor-element elementor-element-3ec495a9 elementor-widget elementor-widget-heading\" data-id=\"3ec495a9\" data-element_type=\"widget\" data-widget_type=\"heading.default\">\n\t\t\t\t<div class=\"elementor-widget-container\">\n\t\t\t\t\t<h2 class=\"elementor-heading-title elementor-size-default\">Staj <\/h2>\t\t\t\t<\/div>\n\t\t\t\t<\/div>\n\t\t\t\t<div class=\"elementor-element elementor-element-2092e3b3 elementor-widget-divider--view-line elementor-widget elementor-widget-divider\" data-id=\"2092e3b3\" data-element_type=\"widget\" data-widget_type=\"divider.default\">\n\t\t\t\t<div class=\"elementor-widget-container\">\n\t\t\t\t\t\t\t<div class=\"elementor-divider\">\n\t\t\t<span class=\"elementor-divider-separator\">\n\t\t\t\t\t\t<\/span>\n\t\t<\/div>\n\t\t\t\t\t\t<\/div>\n\t\t\t\t<\/div>\n\t\t\t\t\t<\/div>\n\t\t<\/div>\n\t\t\t\t\t<\/div>\n\t\t<\/section>\n\t\t\t\t<section class=\"elementor-section elementor-top-section elementor-element elementor-element-55dbe3f elementor-section-boxed elementor-section-height-default elementor-section-height-default\" data-id=\"55dbe3f\" data-element_type=\"section\">\n\t\t\t\t\t\t<div class=\"elementor-container elementor-column-gap-default\">\n\t\t\t\t\t<div class=\"elementor-column elementor-col-100 elementor-top-column elementor-element elementor-element-c38135b\" data-id=\"c38135b\" data-element_type=\"column\">\n\t\t\t<div class=\"elementor-widget-wrap elementor-element-populated\">\n\t\t\t\t\t\t<div class=\"elementor-element elementor-element-70f771c elementor-widget elementor-widget-text-editor\" data-id=\"70f771c\" data-element_type=\"widget\" data-widget_type=\"text-editor.default\">\n\t\t\t\t<div class=\"elementor-widget-container\">\n\t\t\t\t\t\t\t\t\t<p>Sevgili \u00f6\u011frenciler, staj ile ilgili akl\u0131n\u0131za tak\u0131lan yerler olursa \u00f6ncelikle a\u015fa\u011f\u0131daki listede yer alan staj k\u0131lavuzunu ve s\u0131k\u00e7a sorulan sorular\u0131 (SSS) incelemenizi veya arkada\u015f\u0131n\u0131za sorman\u0131z\u0131 \u00f6neririz.\u00a0<\/p><p>Bunun d\u0131\u015f\u0131nda Staj ile ilgili ya\u015fad\u0131\u011f\u0131n\u0131z sorunlar\u0131 <u>ataeczastaj@gmail.com<\/u> adresine yazabilirsiniz.<\/p><p><b>T\u00fcm Staj ba\u015fvuru iptal taleplerinizi<\/b> <u>stajiptali@gmail.com<\/u> adresine g\u00f6nderiniz.\u00a0<\/p><p>Soraca\u011f\u0131n\u0131z sorular\u0131n\u0131z\u0131 ve taleplerinizi l\u00fctfen sadece tek bir yerden ve do\u011fru eposta adresine yaz\u0131n\u0131z.\u00a0<\/p>\t\t\t\t\t\t\t\t<\/div>\n\t\t\t\t<\/div>\n\t\t\t\t\t<\/div>\n\t\t<\/div>\n\t\t\t\t\t<\/div>\n\t\t<\/section>\n\t\t\t\t<section class=\"elementor-section elementor-top-section elementor-element elementor-element-e4d1a0b elementor-section-boxed elementor-section-height-default elementor-section-height-default\" data-id=\"e4d1a0b\" data-element_type=\"section\">\n\t\t\t\t\t\t<div class=\"elementor-container elementor-column-gap-default\">\n\t\t\t\t\t<div class=\"elementor-column elementor-col-100 elementor-top-column elementor-element elementor-element-b8843e0\" data-id=\"b8843e0\" data-element_type=\"column\">\n\t\t\t<div class=\"elementor-widget-wrap elementor-element-populated\">\n\t\t\t\t\t\t<div class=\"elementor-element elementor-element-6d80fc6 elementor-widget elementor-widget-toggle\" data-id=\"6d80fc6\" data-element_type=\"widget\" data-widget_type=\"toggle.default\">\n\t\t\t\t<div class=\"elementor-widget-container\">\n\t\t\t\t\t\t\t<div class=\"elementor-toggle\">\n\t\t\t\t\t\t\t<div class=\"elementor-toggle-item\">\n\t\t\t\t\t<div id=\"elementor-tab-title-1141\" class=\"elementor-tab-title\" data-tab=\"1\" role=\"button\" aria-controls=\"elementor-tab-content-1141\" aria-expanded=\"false\">\n\t\t\t\t\t\t\t\t\t\t\t\t<span class=\"elementor-toggle-icon elementor-toggle-icon-left\" aria-hidden=\"true\">\n\t\t\t\t\t\t\t\t\t\t\t\t\t\t\t<span class=\"elementor-toggle-icon-closed\"><i class=\"fas fa-caret-right\"><\/i><\/span>\n\t\t\t\t\t\t\t\t<span class=\"elementor-toggle-icon-opened\"><i class=\"elementor-toggle-icon-opened fas fa-caret-up\"><\/i><\/span>\n\t\t\t\t\t\t\t\t\t\t\t\t\t<\/span>\n\t\t\t\t\t\t\t\t\t\t\t\t<a class=\"elementor-toggle-title\" tabindex=\"0\">Eczac\u0131l\u0131k Fak\u00fcltesi Staj Belgeleri <\/a>\n\t\t\t\t\t<\/div>\n\n\t\t\t\t\t<div id=\"elementor-tab-content-1141\" class=\"elementor-tab-content elementor-clearfix\" data-tab=\"1\" role=\"region\" aria-labelledby=\"elementor-tab-title-1141\"><p><a href=\"http:\/\/birimler.atauni.edu.tr\/eczacilik-fakultesi\/wp-content\/uploads\/sites\/58\/2020\/07\/Eczcilik-Fakulteleri-Staj-EczCEP2019.pdf\" target=\"_self\">Eczac\u0131l\u0131k Fak\u00fclteleri Staj-Ecz\u00c7EP2019<\/a><\/p>\n<p><a href=\"http:\/\/birimler.atauni.edu.tr\/eczacilik-fakultesi\/wp-content\/uploads\/sites\/58\/2020\/07\/Eczacilik-Fakultesi-Staj-Uygulama-Esaslari.pdf\" target=\"_self\">Eczac\u0131l\u0131k Fak\u00fcltesi Staj Uygulama Esaslar\u0131<\/a><\/p>\n<p><a href=\"http:\/\/birimler.atauni.edu.tr\/eczacilik-fakultesi\/wp-content\/uploads\/sites\/58\/2020\/07\/Ataturk-Univ.Eczacilik-Fak-Staj-Uygulama-Esaslari.pdf\" target=\"_self\">Staj Uygulama Esaslar\u0131<\/a><\/p>\n<p><a href=\"http:\/\/birimler.atauni.edu.tr\/eczacilik-fakultesi\/wp-content\/uploads\/sites\/58\/2020\/07\/ATATURK-UNIVERISTESI-ECZACILIK-FAKULTESI-ZORUNLU-YAZ-STAJI-KILAVUZU-20.06.2022.pdf\">ECZACILIK FAK\u00dcLTES\u0130 ZORUNLU YAZ STAJI KILAVUZU (BA\u015eVURU A\u015eAMASINDA VE D\u00d6N\u00dc\u015eTE YAPILACAKLAR)<\/a><\/p>\n<p><a href=\"http:\/\/birimler.atauni.edu.tr\/eczacilik-fakultesi\/wp-content\/uploads\/sites\/58\/2020\/07\/STAJ-SIKCA-SORULAN-SORULAR-20.06.2022.pdf\">STAJ SIK\u00c7A SORULAN SORULAR (S-SSS)<\/a><br><\/p>\n<p><a href=\"http:\/\/birimler.atauni.edu.tr\/eczacilik-fakultesi\/wp-content\/uploads\/sites\/58\/2020\/07\/Eczaci-staj-degerlendirme-formu-yeni.pdf\" target=\"_blank\">Eczac\u0131 Staj De\u011ferlendirme Formu<\/a><br><\/p>\n<p><span style=\"letter-spacing: 0px\"><a href=\"http:\/\/birimler.atauni.edu.tr\/eczacilik-fakultesi\/wp-content\/uploads\/sites\/58\/2020\/07\/4.-Donem-Staj-Raporu.pdf\">4. D\u00f6nem Staj Raporu<\/a><\/span><br><\/p>\n<p><a href=\"http:\/\/birimler.atauni.edu.tr\/eczacilik-fakultesi\/wp-content\/uploads\/sites\/58\/2020\/07\/4.-Donem-Klinik-Staj-Raporu.pdf\">4. D\u00f6nem Klinik Staj Raporu<\/a><\/p>\n<p><a href=\"http:\/\/birimler.atauni.edu.tr\/eczacilik-fakultesi\/wp-content\/uploads\/sites\/58\/2020\/07\/3.donem-staj-raporu.pdf\" target=\"_self\">3. D\u00f6nem Staj Raporu<\/a><\/p>\n<p><a href=\"http:\/\/birimler.atauni.edu.tr\/eczacilik-fakultesi\/wp-content\/uploads\/sites\/58\/2020\/07\/2.donem-satj-raporu.pdf\" target=\"_self\">2. D\u00f6nem Staj Raporu<\/a><\/p>\n<p><a href=\"http:\/\/birimler.atauni.edu.tr\/eczacilik-fakultesi\/wp-content\/uploads\/sites\/58\/2020\/07\/1.donem-staj-raporu.pdf\" target=\"_self\">1. D\u00f6nem Staj Raporu<\/a><\/p>\n<p><a href=\"http:\/\/birimler.atauni.edu.tr\/eczacilik-fakultesi\/wp-content\/uploads\/sites\/58\/2020\/07\/staj-sorumlusu-ogretim-elemani-denetim-formu-.pdf\" target=\"_self\">Staj Sorumlusu \u00d6\u011fretim Eleman\u0131 Takip Formu<\/a><\/p>\n<p><a href=\"http:\/\/birimler.atauni.edu.tr\/eczacilik-fakultesi\/wp-content\/uploads\/sites\/58\/2020\/07\/Hastanesi-Kliniklerinde-Staj-Yaparken-Uymalari-Gereken-Kurallar-Otomatik-olarak-kaydedildi-1.pdf\" target=\"_self\">Hastane Kliniklerinde Staj Formu<\/a><\/p>\n<p><a href=\"http:\/\/birimler.atauni.edu.tr\/eczacilik-fakultesi\/wp-content\/uploads\/sites\/58\/2020\/07\/Is-yeri-Staj-Sozlesmesi-Ataturk-Universitesi-Eczacilik-Fakultesi.pdf\">\u0130\u015f Yeri Staj S\u00f6zle\u015fmesi<\/a><\/p><\/div>\n\t\t\t\t<\/div>\n\t\t\t\t\t\t\t\t<\/div>\n\t\t\t\t\t\t<\/div>\n\t\t\t\t<\/div>\n\t\t\t\t\t<\/div>\n\t\t<\/div>\n\t\t\t\t\t<\/div>\n\t\t<\/section>\n\t\t\t\t<\/div>\n\t\t","protected":false},"excerpt":{"rendered":"<p>Staj Sevgili \u00f6\u011frenciler, staj ile ilgili akl\u0131n\u0131za tak\u0131lan yerler olursa \u00f6ncelikle a\u015fa\u011f\u0131daki listede yer alan staj k\u0131lavuzunu ve s\u0131k\u00e7a sorulan sorular\u0131 (SSS) incelemenizi veya arkada\u015f\u0131n\u0131za sorman\u0131z\u0131 \u00f6neririz.\u00a0 Bunun d\u0131\u015f\u0131nda Staj ile ilgili ya\u015fad\u0131\u011f\u0131n\u0131z sorunlar\u0131 ataeczastaj@gmail.com adresine yazabilirsiniz. T\u00fcm Staj ba\u015fvuru iptal taleplerinizi stajiptali@gmail.com adresine g\u00f6nderiniz.\u00a0 Soraca\u011f\u0131n\u0131z sorular\u0131n\u0131z\u0131 ve taleplerinizi l\u00fctfen sadece tek bir yerden ve [&hellip;]<\/p>\n","protected":false},"author":1,"featured_media":0,"parent":0,"menu_order":0,"comment_status":"closed","ping_status":"closed","template":"elementor_header_footer","meta":{"footnotes":""},"class_list":["post-5789","page","type-page","status-publish","hentry"],"_links":{"self":[{"href":"https:\/\/atauni.edu.tr\/eczacilik-fakultesi\/wp-json\/wp\/v2\/pages\/5789","targetHints":{"allow":["GET"]}}],"collection":[{"href":"https:\/\/atauni.edu.tr\/eczacilik-fakultesi\/wp-json\/wp\/v2\/pages"}],"about":[{"href":"https:\/\/atauni.edu.tr\/eczacilik-fakultesi\/wp-json\/wp\/v2\/types\/page"}],"author":[{"embeddable":true,"href":"https:\/\/atauni.edu.tr\/eczacilik-fakultesi\/wp-json\/wp\/v2\/users\/1"}],"replies":[{"embeddable":true,"href":"https:\/\/atauni.edu.tr\/eczacilik-fakultesi\/wp-json\/wp\/v2\/comments?post=5789"}],"version-history":[{"count":88,"href":"https:\/\/atauni.edu.tr\/eczacilik-fakultesi\/wp-json\/wp\/v2\/pages\/5789\/revisions"}],"predecessor-version":[{"id":12257,"href":"https:\/\/atauni.edu.tr\/eczacilik-fakultesi\/wp-json\/wp\/v2\/pages\/5789\/revisions\/12257"}],"wp:attachment":[{"href":"https:\/\/atauni.edu.tr\/eczacilik-fakultesi\/wp-json\/wp\/v2\/media?parent=5789"}],"curies":[{"name":"wp","href":"https:\/\/api.w.org\/{rel}","templated":true}]}}