{"id":6611,"date":"2021-10-20T14:59:01","date_gmt":"2021-10-20T11:59:01","guid":{"rendered":"http:\/\/birimler.atauni.edu.tr\/eczacilik-fakultesi\/?page_id=6611"},"modified":"2025-05-25T12:50:32","modified_gmt":"2025-05-25T09:50:32","slug":"eczacilik-fakultesi-birim-etik-kurulu","status":"publish","type":"page","link":"https:\/\/atauni.edu.tr\/eczacilik-fakultesi\/eczacilik-fakultesi-birim-etik-kurulu\/","title":{"rendered":"Eczac\u0131l\u0131k Fak\u00fcltesi Birim Etik Kurulu"},"content":{"rendered":"\t\t<div data-elementor-type=\"wp-page\" data-elementor-id=\"6611\" class=\"elementor elementor-6611\" data-elementor-post-type=\"page\">\n\t\t\t\t\t\t<section class=\"elementor-section elementor-top-section elementor-element elementor-element-b852f13 elementor-section-boxed elementor-section-height-default elementor-section-height-default\" data-id=\"b852f13\" data-element_type=\"section\">\n\t\t\t\t\t\t<div class=\"elementor-container elementor-column-gap-default\">\n\t\t\t\t\t<div class=\"elementor-column elementor-col-100 elementor-top-column elementor-element elementor-element-327d629\" data-id=\"327d629\" data-element_type=\"column\">\n\t\t\t<div class=\"elementor-widget-wrap elementor-element-populated\">\n\t\t\t\t\t\t<div class=\"elementor-element elementor-element-8d81dd3 elementor-widget elementor-widget-text-editor\" data-id=\"8d81dd3\" data-element_type=\"widget\" data-widget_type=\"text-editor.default\">\n\t\t\t\t<div class=\"elementor-widget-container\">\n\t\t\t\t\t\t\t\t\t<table class=\"MsoTableGrid\" style=\"border: initial none initial\" border=\"1\" cellspacing=\"0\" cellpadding=\"0\"><tbody><tr><td style=\"width: 453.1pt;border-top: none;border-left-width: 1pt;border-left-color: white;border-bottom-width: 1pt;border-bottom-color: windowtext;border-right-width: 1pt;border-right-color: white;padding: 0cm 5.4pt\" valign=\"top\" width=\"604\"><h5 style=\"margin-top: 23.35pt;line-height: 28.5pt;background-image: initial;background-position: initial;background-size: initial;background-attachment: initial\"><b><span style=\"font-size: 12.0pt;font-family: 'Times New Roman',serif;color: black\">ECZACILIK FAK\u00dcLTES\u0130 B\u0130R\u0130M ET\u0130K KURUL \u00dcYELER\u0130<\/span><\/b><\/h5><p class=\"MsoNormal\" style=\"margin-bottom: .0001pt;line-height: normal\">\u00a0<\/p><\/td><\/tr><tr><td style=\"width: 453.1pt;border-right-width: 1pt;border-bottom-width: 1pt;border-left-width: 1pt;border-right-color: windowtext;border-bottom-color: windowtext;border-left-color: windowtext;border-top: none;padding: 0cm 5.4pt\" valign=\"top\" width=\"604\"><table style=\"font-size: 16px;width: 1250px;color: #212529\"><tbody><tr><td style=\"border-color: initial;padding: 0.5em\">Prof. Dr. Z\u00fchal G\u00dcVENALP \u2013 Ba\u015fkan<\/td><\/tr><tr><td style=\"border-color: initial;padding: 0.5em\">Prof. Dr. Bilal YILMAZ<\/td><\/tr><tr><td style=\"border-color: initial;padding: 0.5em\">Prof. Dr. Fatma DEM\u0130RKAYA M\u0130LO\u011eLU<\/td><\/tr><tr><td style=\"border-color: initial;padding: 0.5em\">Prof. Dr. Nurcan KILI\u00c7 BAYGUTALP<\/td><\/tr><tr><td style=\"border-color: initial;padding: 0.5em\">Do\u00e7. Dr. Hafize YUCA<\/td><\/tr><\/tbody><\/table><\/td><\/tr><\/tbody><\/table>\t\t\t\t\t\t\t\t<\/div>\n\t\t\t\t<\/div>\n\t\t\t\t<div class=\"elementor-element elementor-element-bd7c286 elementor-widget elementor-widget-text-editor\" data-id=\"bd7c286\" data-element_type=\"widget\" data-widget_type=\"text-editor.default\">\n\t\t\t\t<div class=\"elementor-widget-container\">\n\t\t\t\t\t\t\t\t\t<div class=\"col-md-12 media content p-0\"><div class=\"text sans servis-hedef\">Eczac\u0131l\u0131k Fak\u00fcltesi Birim Etik Ba\u015fvuru dosyalar\u0131n\u0131 a\u015fa\u011f\u0131daki linklerden indirebilirsiniz.<\/div><\/div><div class=\"downloads\"><em><a href=\"http:\/\/birimler.atauni.edu.tr\/eczacilik-fakultesi\/wp-content\/uploads\/sites\/58\/2020\/07\/894fe5aa884b8019866c8d557591ffe5.doc\">Basvuru Dilekcesi-hayvan-insan etik kurulu gereken \u00e7al\u0131\u015fmalar.doc<\/a><\/em><br \/><em><a href=\"http:\/\/birimler.atauni.edu.tr\/eczacilik-fakultesi\/wp-content\/uploads\/sites\/58\/2020\/07\/78e5ad984146f9aca8259d22bb54be2d.doc\">Ba\u015fvuru Dilek\u00e7esi-in vitro \u00e7al\u0131\u015fmalar i\u00e7in.doc<\/a><\/em><br \/><em><a href=\"http:\/\/birimler.atauni.edu.tr\/eczacilik-fakultesi\/wp-content\/uploads\/sites\/58\/2020\/07\/e44d9b36b8c68e81fc46310c1842f30d.doc\">Birim Etik Kurul Ba\u015fvuru Formu.doc<\/a><\/em><br \/><em><a href=\"http:\/\/birimler.atauni.edu.tr\/eczacilik-fakultesi\/wp-content\/uploads\/sites\/58\/2020\/07\/9c722ba2e2de8e40d2eee7219c7a8f79.doc\">Taahh\u00fctname.doc<\/a><\/em><\/div>\t\t\t\t\t\t\t\t<\/div>\n\t\t\t\t<\/div>\n\t\t\t\t\t<\/div>\n\t\t<\/div>\n\t\t\t\t\t<\/div>\n\t\t<\/section>\n\t\t\t\t<\/div>\n\t\t","protected":false},"excerpt":{"rendered":"<p>ECZACILIK FAK\u00dcLTES\u0130 B\u0130R\u0130M ET\u0130K KURUL \u00dcYELER\u0130 \u00a0 Prof. Dr. Z\u00fchal G\u00dcVENALP \u2013 Ba\u015fkan Prof. Dr. Bilal YILMAZ Prof. Dr. Fatma DEM\u0130RKAYA M\u0130LO\u011eLU Prof. Dr. Nurcan KILI\u00c7 BAYGUTALP Do\u00e7. Dr. Hafize YUCA Eczac\u0131l\u0131k Fak\u00fcltesi Birim Etik Ba\u015fvuru dosyalar\u0131n\u0131 a\u015fa\u011f\u0131daki linklerden indirebilirsiniz.Basvuru Dilekcesi-hayvan-insan etik kurulu gereken \u00e7al\u0131\u015fmalar.docBa\u015fvuru Dilek\u00e7esi-in vitro \u00e7al\u0131\u015fmalar i\u00e7in.docBirim Etik Kurul Ba\u015fvuru Formu.docTaahh\u00fctname.doc<\/p>\n","protected":false},"author":47,"featured_media":0,"parent":0,"menu_order":0,"comment_status":"closed","ping_status":"closed","template":"","meta":{"footnotes":""},"class_list":["post-6611","page","type-page","status-publish","hentry"],"_links":{"self":[{"href":"https:\/\/atauni.edu.tr\/eczacilik-fakultesi\/wp-json\/wp\/v2\/pages\/6611","targetHints":{"allow":["GET"]}}],"collection":[{"href":"https:\/\/atauni.edu.tr\/eczacilik-fakultesi\/wp-json\/wp\/v2\/pages"}],"about":[{"href":"https:\/\/atauni.edu.tr\/eczacilik-fakultesi\/wp-json\/wp\/v2\/types\/page"}],"author":[{"embeddable":true,"href":"https:\/\/atauni.edu.tr\/eczacilik-fakultesi\/wp-json\/wp\/v2\/users\/47"}],"replies":[{"embeddable":true,"href":"https:\/\/atauni.edu.tr\/eczacilik-fakultesi\/wp-json\/wp\/v2\/comments?post=6611"}],"version-history":[{"count":19,"href":"https:\/\/atauni.edu.tr\/eczacilik-fakultesi\/wp-json\/wp\/v2\/pages\/6611\/revisions"}],"predecessor-version":[{"id":13784,"href":"https:\/\/atauni.edu.tr\/eczacilik-fakultesi\/wp-json\/wp\/v2\/pages\/6611\/revisions\/13784"}],"wp:attachment":[{"href":"https:\/\/atauni.edu.tr\/eczacilik-fakultesi\/wp-json\/wp\/v2\/media?parent=6611"}],"curies":[{"name":"wp","href":"https:\/\/api.w.org\/{rel}","templated":true}]}}