{"id":6715,"date":"2021-10-20T15:36:29","date_gmt":"2021-10-20T12:36:29","guid":{"rendered":"http:\/\/birimler.atauni.edu.tr\/eczacilik-fakultesi\/?page_id=6715"},"modified":"2021-10-20T17:18:05","modified_gmt":"2021-10-20T14:18:05","slug":"eczasanat","status":"publish","type":"page","link":"https:\/\/atauni.edu.tr\/eczacilik-fakultesi\/eczasanat\/","title":{"rendered":"ECZASANAT"},"content":{"rendered":"\t\t<div data-elementor-type=\"wp-page\" data-elementor-id=\"6715\" class=\"elementor elementor-6715\" data-elementor-post-type=\"page\">\n\t\t\t\t\t\t<section class=\"elementor-section elementor-top-section elementor-element elementor-element-e1fb35a elementor-section-boxed elementor-section-height-default elementor-section-height-default\" data-id=\"e1fb35a\" data-element_type=\"section\">\n\t\t\t\t\t\t<div class=\"elementor-container elementor-column-gap-default\">\n\t\t\t\t\t<div class=\"elementor-column elementor-col-100 elementor-top-column elementor-element elementor-element-a6fb77c\" data-id=\"a6fb77c\" data-element_type=\"column\">\n\t\t\t<div class=\"elementor-widget-wrap elementor-element-populated\">\n\t\t\t\t\t\t<div class=\"elementor-element elementor-element-5f2eb2e elementor-widget elementor-widget-image\" data-id=\"5f2eb2e\" data-element_type=\"widget\" data-widget_type=\"image.default\">\n\t\t\t\t<div class=\"elementor-widget-container\">\n\t\t\t\t\t\t\t\t\t\t\t\t\t\t\t<img fetchpriority=\"high\" decoding=\"async\" width=\"1024\" height=\"810\" src=\"https:\/\/atauni.edu.tr\/eczacilik-fakultesi\/wp-content\/uploads\/sites\/58\/2020\/07\/EczaSanat-1024x810.jpg\" class=\"attachment-large size-large wp-image-6949\" alt=\"\" srcset=\"https:\/\/atauni.edu.tr\/eczacilik-fakultesi\/wp-content\/uploads\/sites\/58\/2020\/07\/EczaSanat-1024x810.jpg 1024w, https:\/\/atauni.edu.tr\/eczacilik-fakultesi\/wp-content\/uploads\/sites\/58\/2020\/07\/EczaSanat-300x237.jpg 300w, https:\/\/atauni.edu.tr\/eczacilik-fakultesi\/wp-content\/uploads\/sites\/58\/2020\/07\/EczaSanat-768x607.jpg 768w, https:\/\/atauni.edu.tr\/eczacilik-fakultesi\/wp-content\/uploads\/sites\/58\/2020\/07\/EczaSanat-600x474.jpg 600w, https:\/\/atauni.edu.tr\/eczacilik-fakultesi\/wp-content\/uploads\/sites\/58\/2020\/07\/EczaSanat-560x443.jpg 560w, https:\/\/atauni.edu.tr\/eczacilik-fakultesi\/wp-content\/uploads\/sites\/58\/2020\/07\/EczaSanat.jpg 1080w\" sizes=\"(max-width: 1024px) 100vw, 1024px\" \/>\t\t\t\t\t\t\t\t\t\t\t\t\t\t\t<\/div>\n\t\t\t\t<\/div>\n\t\t\t\t<div class=\"elementor-element elementor-element-ab71b5d elementor-widget elementor-widget-text-editor\" data-id=\"ab71b5d\" data-element_type=\"widget\" data-widget_type=\"text-editor.default\">\n\t\t\t\t<div class=\"elementor-widget-container\">\n\t\t\t\t\t\t\t\t\t<p><em><strong>Genel Amac\u0131m\u0131z:<\/strong><\/em><\/p><p>Bu y\u00f6nergenin amac\u0131, k\u00fclt\u00fcrel ve sanatsal faaliyetlerle \u00fcniversite \u00f6\u011frencilerinin moral ve ki\u015filik geli\u015fmesini desteklemek, toplum bilincinin olu\u015fmas\u0131n\u0131 sa\u011flamak, bo\u015f zamanlar\u0131n\u0131 de\u011ferlendirmelerini ve dinlenmelerini sa\u011flamak, akademik geli\u015fmelerine katk\u0131da bulunmak.<\/p><p><em><strong>\u00d6zel Ama\u00e7lar\u0131m\u0131z:<\/strong><\/em><\/p><ul><li>\u00d6\u011frencilerin sanat ve esteti\u011fe y\u00f6nelmelerini sa\u011flamak<\/li><li>M\u00fczik ve foto\u011fraf\u00e7\u0131l\u0131k \u00fczerine sanatsal aktiviteler yapmak<\/li><li>Tarihimizi, toplumumuzu ve k\u00fclt\u00fcr\u00fcm\u00fcz\u00fc daha do\u011fru tan\u0131tmak<\/li><li>D\u00fczenlenen foto\u011fraf yar\u0131\u015fmalar\u0131yla \u00f6\u011frencilerin giri\u015fimci olmas\u0131n\u0131 sa\u011flamak<\/li><li>Tiyatro grubu \u00a0kurmak ve faaliyetlerde bulunmak<\/li><li>\u00a0Sinema konusunda film \u00a0g\u00f6sterimi, s\u00f6yle\u015fi vb. faaliyetlerde bulunmak<\/li><\/ul><p><br \/>EczaSanat Kul\u00fcb\u00fc Dan\u0131\u015fman\u0131 : Do\u00e7. Dr. Hilal \u00d6ZBEK<br \/>EczaSanat Kul\u00fcb\u00fc Ba\u015fkan\u0131 :\u00a0Emrah SEYRET<br \/>EczaSanat Kul\u00fcb\u00fc Ba\u015fkan Yard\u0131mc\u0131s\u0131 : Muhammed Emin \u00c7AKIR<\/p>\t\t\t\t\t\t\t\t<\/div>\n\t\t\t\t<\/div>\n\t\t\t\t\t<\/div>\n\t\t<\/div>\n\t\t\t\t\t<\/div>\n\t\t<\/section>\n\t\t\t\t<\/div>\n\t\t","protected":false},"excerpt":{"rendered":"<p>Genel Amac\u0131m\u0131z: Bu y\u00f6nergenin amac\u0131, k\u00fclt\u00fcrel ve sanatsal faaliyetlerle \u00fcniversite \u00f6\u011frencilerinin moral ve ki\u015filik geli\u015fmesini desteklemek, toplum bilincinin olu\u015fmas\u0131n\u0131 sa\u011flamak, bo\u015f zamanlar\u0131n\u0131 de\u011ferlendirmelerini ve dinlenmelerini sa\u011flamak, akademik geli\u015fmelerine katk\u0131da bulunmak. \u00d6zel Ama\u00e7lar\u0131m\u0131z: \u00d6\u011frencilerin sanat ve esteti\u011fe y\u00f6nelmelerini sa\u011flamak M\u00fczik ve foto\u011fraf\u00e7\u0131l\u0131k \u00fczerine sanatsal aktiviteler yapmak Tarihimizi, toplumumuzu ve k\u00fclt\u00fcr\u00fcm\u00fcz\u00fc daha do\u011fru tan\u0131tmak D\u00fczenlenen foto\u011fraf yar\u0131\u015fmalar\u0131yla [&hellip;]<\/p>\n","protected":false},"author":47,"featured_media":0,"parent":0,"menu_order":0,"comment_status":"closed","ping_status":"closed","template":"","meta":{"footnotes":""},"class_list":["post-6715","page","type-page","status-publish","hentry"],"_links":{"self":[{"href":"https:\/\/atauni.edu.tr\/eczacilik-fakultesi\/wp-json\/wp\/v2\/pages\/6715","targetHints":{"allow":["GET"]}}],"collection":[{"href":"https:\/\/atauni.edu.tr\/eczacilik-fakultesi\/wp-json\/wp\/v2\/pages"}],"about":[{"href":"https:\/\/atauni.edu.tr\/eczacilik-fakultesi\/wp-json\/wp\/v2\/types\/page"}],"author":[{"embeddable":true,"href":"https:\/\/atauni.edu.tr\/eczacilik-fakultesi\/wp-json\/wp\/v2\/users\/47"}],"replies":[{"embeddable":true,"href":"https:\/\/atauni.edu.tr\/eczacilik-fakultesi\/wp-json\/wp\/v2\/comments?post=6715"}],"version-history":[{"count":7,"href":"https:\/\/atauni.edu.tr\/eczacilik-fakultesi\/wp-json\/wp\/v2\/pages\/6715\/revisions"}],"predecessor-version":[{"id":6958,"href":"https:\/\/atauni.edu.tr\/eczacilik-fakultesi\/wp-json\/wp\/v2\/pages\/6715\/revisions\/6958"}],"wp:attachment":[{"href":"https:\/\/atauni.edu.tr\/eczacilik-fakultesi\/wp-json\/wp\/v2\/media?parent=6715"}],"curies":[{"name":"wp","href":"https:\/\/api.w.org\/{rel}","templated":true}]}}