{"id":6717,"date":"2021-10-20T15:36:48","date_gmt":"2021-10-20T12:36:48","guid":{"rendered":"http:\/\/birimler.atauni.edu.tr\/eczacilik-fakultesi\/?page_id=6717"},"modified":"2021-10-20T16:45:34","modified_gmt":"2021-10-20T13:45:34","slug":"farmakademi","status":"publish","type":"page","link":"https:\/\/atauni.edu.tr\/eczacilik-fakultesi\/farmakademi\/","title":{"rendered":"FARMAKADEM\u0130"},"content":{"rendered":"\t\t<div data-elementor-type=\"wp-page\" data-elementor-id=\"6717\" class=\"elementor elementor-6717\" data-elementor-post-type=\"page\">\n\t\t\t\t\t\t<section class=\"elementor-section elementor-top-section elementor-element elementor-element-d7d0013 elementor-section-boxed elementor-section-height-default elementor-section-height-default\" data-id=\"d7d0013\" data-element_type=\"section\">\n\t\t\t\t\t\t<div class=\"elementor-container elementor-column-gap-default\">\n\t\t\t\t\t<div class=\"elementor-column elementor-col-100 elementor-top-column elementor-element elementor-element-e84e680\" data-id=\"e84e680\" data-element_type=\"column\">\n\t\t\t<div class=\"elementor-widget-wrap elementor-element-populated\">\n\t\t\t\t\t\t<div class=\"elementor-element elementor-element-6678d39 elementor-widget elementor-widget-image\" data-id=\"6678d39\" data-element_type=\"widget\" data-widget_type=\"image.default\">\n\t\t\t\t<div class=\"elementor-widget-container\">\n\t\t\t\t\t\t\t\t\t\t\t\t\t\t\t<img fetchpriority=\"high\" decoding=\"async\" width=\"1024\" height=\"719\" src=\"https:\/\/atauni.edu.tr\/eczacilik-fakultesi\/wp-content\/uploads\/sites\/58\/2021\/10\/WhatsApp-Image-2021-10-20-at-15.54.28-e1634734656971-1024x719.jpeg\" class=\"attachment-large size-large wp-image-6792\" alt=\"\" srcset=\"https:\/\/atauni.edu.tr\/eczacilik-fakultesi\/wp-content\/uploads\/sites\/58\/2021\/10\/WhatsApp-Image-2021-10-20-at-15.54.28-e1634734656971-1024x719.jpeg 1024w, https:\/\/atauni.edu.tr\/eczacilik-fakultesi\/wp-content\/uploads\/sites\/58\/2021\/10\/WhatsApp-Image-2021-10-20-at-15.54.28-e1634734656971-300x211.jpeg 300w, https:\/\/atauni.edu.tr\/eczacilik-fakultesi\/wp-content\/uploads\/sites\/58\/2021\/10\/WhatsApp-Image-2021-10-20-at-15.54.28-e1634734656971-768x539.jpeg 768w, https:\/\/atauni.edu.tr\/eczacilik-fakultesi\/wp-content\/uploads\/sites\/58\/2021\/10\/WhatsApp-Image-2021-10-20-at-15.54.28-e1634734656971-1536x1078.jpeg 1536w, https:\/\/atauni.edu.tr\/eczacilik-fakultesi\/wp-content\/uploads\/sites\/58\/2021\/10\/WhatsApp-Image-2021-10-20-at-15.54.28-e1634734656971-600x421.jpeg 600w, https:\/\/atauni.edu.tr\/eczacilik-fakultesi\/wp-content\/uploads\/sites\/58\/2021\/10\/WhatsApp-Image-2021-10-20-at-15.54.28-e1634734656971-560x393.jpeg 560w, https:\/\/atauni.edu.tr\/eczacilik-fakultesi\/wp-content\/uploads\/sites\/58\/2021\/10\/WhatsApp-Image-2021-10-20-at-15.54.28-e1634734656971.jpeg 1596w\" sizes=\"(max-width: 1024px) 100vw, 1024px\" \/>\t\t\t\t\t\t\t\t\t\t\t\t\t\t\t<\/div>\n\t\t\t\t<\/div>\n\t\t\t\t<div class=\"elementor-element elementor-element-8c6f456 elementor-widget elementor-widget-text-editor\" data-id=\"8c6f456\" data-element_type=\"widget\" data-widget_type=\"text-editor.default\">\n\t\t\t\t<div class=\"elementor-widget-container\">\n\t\t\t\t\t\t\t\t\t<p><i><b>FARMAKADEM\u0130&#8217;nin Amac\u0131;<\/b><\/i><\/p><p>\u00a0Eczac\u0131l\u0131k mesle\u011finin klinik eczac\u0131l\u0131k, entegre eczac\u0131l\u0131k, n\u00fckleer eczac\u0131l\u0131k, beslenme destek eczac\u0131l\u0131\u011f\u0131, farmas\u00f6tik botanik, farmas\u00f6tik teknoloji gibi alanlar\u0131nda ve Eczac\u0131l\u0131k tarihi hakk\u0131nda \u00f6\u011frencilere y\u00f6nelik faaliyetlerde bulunmaktad\u0131r. Ayr\u0131ca Eczac\u0131l\u0131k mesle\u011fi hakk\u0131nda toplum bilincinin geli\u015ftirilmesi ama\u00e7lanmaktad\u0131r.<\/p><p>FarmAkademi Kul\u00fcb\u00fc\u00a0Dan\u0131\u015fman\u0131 : Prof.\u00a0Dr. Fatma DEM\u0130RKAYA M\u0130LO\u011eLU<br \/>FarmAkademi Kul\u00fcb\u00fc Ba\u015fkan\u0131 : Fatmanur \u0130NCE<br \/>FarmAkademi Kul\u00fcb\u00fc B\u015fk. Yrd. : H\u00fcsne TATLISU<\/p>\t\t\t\t\t\t\t\t<\/div>\n\t\t\t\t<\/div>\n\t\t\t\t\t<\/div>\n\t\t<\/div>\n\t\t\t\t\t<\/div>\n\t\t<\/section>\n\t\t\t\t<\/div>\n\t\t","protected":false},"excerpt":{"rendered":"<p>FARMAKADEM\u0130&#8217;nin Amac\u0131; \u00a0Eczac\u0131l\u0131k mesle\u011finin klinik eczac\u0131l\u0131k, entegre eczac\u0131l\u0131k, n\u00fckleer eczac\u0131l\u0131k, beslenme destek eczac\u0131l\u0131\u011f\u0131, farmas\u00f6tik botanik, farmas\u00f6tik teknoloji gibi alanlar\u0131nda ve Eczac\u0131l\u0131k tarihi hakk\u0131nda \u00f6\u011frencilere y\u00f6nelik faaliyetlerde bulunmaktad\u0131r. Ayr\u0131ca Eczac\u0131l\u0131k mesle\u011fi hakk\u0131nda toplum bilincinin geli\u015ftirilmesi ama\u00e7lanmaktad\u0131r. FarmAkademi Kul\u00fcb\u00fc\u00a0Dan\u0131\u015fman\u0131 : Prof.\u00a0Dr. Fatma DEM\u0130RKAYA M\u0130LO\u011eLUFarmAkademi Kul\u00fcb\u00fc Ba\u015fkan\u0131 : Fatmanur \u0130NCEFarmAkademi Kul\u00fcb\u00fc B\u015fk. Yrd. : H\u00fcsne TATLISU<\/p>\n","protected":false},"author":47,"featured_media":0,"parent":0,"menu_order":0,"comment_status":"closed","ping_status":"closed","template":"","meta":{"footnotes":""},"class_list":["post-6717","page","type-page","status-publish","hentry"],"_links":{"self":[{"href":"https:\/\/atauni.edu.tr\/eczacilik-fakultesi\/wp-json\/wp\/v2\/pages\/6717","targetHints":{"allow":["GET"]}}],"collection":[{"href":"https:\/\/atauni.edu.tr\/eczacilik-fakultesi\/wp-json\/wp\/v2\/pages"}],"about":[{"href":"https:\/\/atauni.edu.tr\/eczacilik-fakultesi\/wp-json\/wp\/v2\/types\/page"}],"author":[{"embeddable":true,"href":"https:\/\/atauni.edu.tr\/eczacilik-fakultesi\/wp-json\/wp\/v2\/users\/47"}],"replies":[{"embeddable":true,"href":"https:\/\/atauni.edu.tr\/eczacilik-fakultesi\/wp-json\/wp\/v2\/comments?post=6717"}],"version-history":[{"count":10,"href":"https:\/\/atauni.edu.tr\/eczacilik-fakultesi\/wp-json\/wp\/v2\/pages\/6717\/revisions"}],"predecessor-version":[{"id":6860,"href":"https:\/\/atauni.edu.tr\/eczacilik-fakultesi\/wp-json\/wp\/v2\/pages\/6717\/revisions\/6860"}],"wp:attachment":[{"href":"https:\/\/atauni.edu.tr\/eczacilik-fakultesi\/wp-json\/wp\/v2\/media?parent=6717"}],"curies":[{"name":"wp","href":"https:\/\/api.w.org\/{rel}","templated":true}]}}