{"id":6722,"date":"2021-10-20T15:37:38","date_gmt":"2021-10-20T12:37:38","guid":{"rendered":"http:\/\/birimler.atauni.edu.tr\/eczacilik-fakultesi\/?page_id=6722"},"modified":"2021-10-21T15:11:20","modified_gmt":"2021-10-21T12:11:20","slug":"spor-kulubu","status":"publish","type":"page","link":"https:\/\/atauni.edu.tr\/eczacilik-fakultesi\/spor-kulubu\/","title":{"rendered":"SPOR KUL\u00dcB\u00dc"},"content":{"rendered":"\t\t<div data-elementor-type=\"wp-page\" data-elementor-id=\"6722\" class=\"elementor elementor-6722\" data-elementor-post-type=\"page\">\n\t\t\t\t\t\t<section class=\"elementor-section elementor-top-section elementor-element elementor-element-82962af elementor-section-boxed elementor-section-height-default elementor-section-height-default\" data-id=\"82962af\" data-element_type=\"section\">\n\t\t\t\t\t\t<div class=\"elementor-container elementor-column-gap-default\">\n\t\t\t\t\t<div class=\"elementor-column elementor-col-100 elementor-top-column elementor-element elementor-element-76e02be\" data-id=\"76e02be\" data-element_type=\"column\">\n\t\t\t<div class=\"elementor-widget-wrap elementor-element-populated\">\n\t\t\t\t\t\t<div class=\"elementor-element elementor-element-ece76f4 elementor-widget elementor-widget-image\" data-id=\"ece76f4\" data-element_type=\"widget\" data-widget_type=\"image.default\">\n\t\t\t\t<div class=\"elementor-widget-container\">\n\t\t\t\t\t\t\t\t\t\t\t\t\t\t\t<img fetchpriority=\"high\" decoding=\"async\" width=\"1024\" height=\"1024\" src=\"https:\/\/atauni.edu.tr\/eczacilik-fakultesi\/wp-content\/uploads\/sites\/58\/2020\/07\/WhatsApp-Image-2021-10-21-at-14.58.07-1.jpeg\" class=\"attachment-large size-large wp-image-7353\" alt=\"\" srcset=\"https:\/\/atauni.edu.tr\/eczacilik-fakultesi\/wp-content\/uploads\/sites\/58\/2020\/07\/WhatsApp-Image-2021-10-21-at-14.58.07-1.jpeg 1024w, https:\/\/atauni.edu.tr\/eczacilik-fakultesi\/wp-content\/uploads\/sites\/58\/2020\/07\/WhatsApp-Image-2021-10-21-at-14.58.07-1-300x300.jpeg 300w, https:\/\/atauni.edu.tr\/eczacilik-fakultesi\/wp-content\/uploads\/sites\/58\/2020\/07\/WhatsApp-Image-2021-10-21-at-14.58.07-1-150x150.jpeg 150w, https:\/\/atauni.edu.tr\/eczacilik-fakultesi\/wp-content\/uploads\/sites\/58\/2020\/07\/WhatsApp-Image-2021-10-21-at-14.58.07-1-768x768.jpeg 768w, https:\/\/atauni.edu.tr\/eczacilik-fakultesi\/wp-content\/uploads\/sites\/58\/2020\/07\/WhatsApp-Image-2021-10-21-at-14.58.07-1-600x600.jpeg 600w, https:\/\/atauni.edu.tr\/eczacilik-fakultesi\/wp-content\/uploads\/sites\/58\/2020\/07\/WhatsApp-Image-2021-10-21-at-14.58.07-1-560x560.jpeg 560w\" sizes=\"(max-width: 1024px) 100vw, 1024px\" \/>\t\t\t\t\t\t\t\t\t\t\t\t\t\t\t<\/div>\n\t\t\t\t<\/div>\n\t\t\t\t<div class=\"elementor-element elementor-element-b19eb68 elementor-widget elementor-widget-text-editor\" data-id=\"b19eb68\" data-element_type=\"widget\" data-widget_type=\"text-editor.default\">\n\t\t\t\t<div class=\"elementor-widget-container\">\n\t\t\t\t\t\t\t\t\t<p>Kul\u00fcb\u00fcm\u00fcz kas\u0131m 2016&#8217;da Atat\u00fcrk \u00dcniversitesi Eczac\u0131l\u0131k Fak\u00fcltesi \u00f6\u011frencileri taraf\u0131ndan kurulmu\u015ftur.<\/p><p>Amac\u0131m\u0131z \u00f6\u011frencilerin spor faaliyetleri kapsam\u0131nda ihtiya\u00e7lar\u0131n\u0131 kar\u015f\u0131lamak, fak\u00fclte tak\u0131mlar\u0131n\u0131n tan\u0131t\u0131m\u0131n\u0131 sa\u011flamak, ilgili \u00f6\u011frencileri y\u00f6nlendirmek, ders d\u0131\u015f\u0131 aktivitelerde her t\u00fcrl\u00fc k\u00fclt\u00fcrel ve sporsal faaliyetlerini yapmakt\u0131r.<\/p><p>Sportif faaliyetlerin yan\u0131 s\u0131ra spor eczac\u0131l\u0131\u011f\u0131, doping ve di\u011fer performans art\u0131r\u0131c\u0131 bile\u015fenler hakk\u0131nda fark\u0131ndal\u0131k olu\u015fturulmas\u0131 ve ilgili \u00f6\u011frencilerin bilin\u00e7lendirilmesi de ama\u00e7lanmaktad\u0131r.<\/p><p>Kul\u00fcp Dan\u0131\u015fman Hocas\u0131: Do\u00e7. Dr. Onur \u015eENOL<\/p><p>Kul\u00fcp Ba\u015fkan\u0131: M\u00fcrsel Mert Kek\u00fcll\u00fco\u011flu<\/p>\t\t\t\t\t\t\t\t<\/div>\n\t\t\t\t<\/div>\n\t\t\t\t\t<\/div>\n\t\t<\/div>\n\t\t\t\t\t<\/div>\n\t\t<\/section>\n\t\t\t\t<\/div>\n\t\t","protected":false},"excerpt":{"rendered":"<p>Kul\u00fcb\u00fcm\u00fcz kas\u0131m 2016&#8217;da Atat\u00fcrk \u00dcniversitesi Eczac\u0131l\u0131k Fak\u00fcltesi \u00f6\u011frencileri taraf\u0131ndan kurulmu\u015ftur. Amac\u0131m\u0131z \u00f6\u011frencilerin spor faaliyetleri kapsam\u0131nda ihtiya\u00e7lar\u0131n\u0131 kar\u015f\u0131lamak, fak\u00fclte tak\u0131mlar\u0131n\u0131n tan\u0131t\u0131m\u0131n\u0131 sa\u011flamak, ilgili \u00f6\u011frencileri y\u00f6nlendirmek, ders d\u0131\u015f\u0131 aktivitelerde her t\u00fcrl\u00fc k\u00fclt\u00fcrel ve sporsal faaliyetlerini yapmakt\u0131r. Sportif faaliyetlerin yan\u0131 s\u0131ra spor eczac\u0131l\u0131\u011f\u0131, doping ve di\u011fer performans art\u0131r\u0131c\u0131 bile\u015fenler hakk\u0131nda fark\u0131ndal\u0131k olu\u015fturulmas\u0131 ve ilgili \u00f6\u011frencilerin bilin\u00e7lendirilmesi de ama\u00e7lanmaktad\u0131r. [&hellip;]<\/p>\n","protected":false},"author":47,"featured_media":0,"parent":0,"menu_order":0,"comment_status":"closed","ping_status":"closed","template":"","meta":{"footnotes":""},"class_list":["post-6722","page","type-page","status-publish","hentry"],"_links":{"self":[{"href":"https:\/\/atauni.edu.tr\/eczacilik-fakultesi\/wp-json\/wp\/v2\/pages\/6722","targetHints":{"allow":["GET"]}}],"collection":[{"href":"https:\/\/atauni.edu.tr\/eczacilik-fakultesi\/wp-json\/wp\/v2\/pages"}],"about":[{"href":"https:\/\/atauni.edu.tr\/eczacilik-fakultesi\/wp-json\/wp\/v2\/types\/page"}],"author":[{"embeddable":true,"href":"https:\/\/atauni.edu.tr\/eczacilik-fakultesi\/wp-json\/wp\/v2\/users\/47"}],"replies":[{"embeddable":true,"href":"https:\/\/atauni.edu.tr\/eczacilik-fakultesi\/wp-json\/wp\/v2\/comments?post=6722"}],"version-history":[{"count":4,"href":"https:\/\/atauni.edu.tr\/eczacilik-fakultesi\/wp-json\/wp\/v2\/pages\/6722\/revisions"}],"predecessor-version":[{"id":7356,"href":"https:\/\/atauni.edu.tr\/eczacilik-fakultesi\/wp-json\/wp\/v2\/pages\/6722\/revisions\/7356"}],"wp:attachment":[{"href":"https:\/\/atauni.edu.tr\/eczacilik-fakultesi\/wp-json\/wp\/v2\/media?parent=6722"}],"curies":[{"name":"wp","href":"https:\/\/api.w.org\/{rel}","templated":true}]}}