{"id":7048,"date":"2021-10-20T17:45:01","date_gmt":"2021-10-20T14:45:01","guid":{"rendered":"http:\/\/birimler.atauni.edu.tr\/eczacilik-fakultesi\/?page_id=7048"},"modified":"2021-10-21T15:03:30","modified_gmt":"2021-10-21T12:03:30","slug":"atupsa","status":"publish","type":"page","link":"https:\/\/atauni.edu.tr\/eczacilik-fakultesi\/atupsa\/","title":{"rendered":"ATUPSA"},"content":{"rendered":"\t\t<div data-elementor-type=\"wp-page\" data-elementor-id=\"7048\" class=\"elementor elementor-7048\" data-elementor-post-type=\"page\">\n\t\t\t\t\t\t<section class=\"elementor-section elementor-top-section elementor-element elementor-element-d9369d4 elementor-section-boxed elementor-section-height-default elementor-section-height-default\" data-id=\"d9369d4\" data-element_type=\"section\">\n\t\t\t\t\t\t<div class=\"elementor-container elementor-column-gap-default\">\n\t\t\t\t\t<div class=\"elementor-column elementor-col-100 elementor-top-column elementor-element elementor-element-2665e17\" data-id=\"2665e17\" data-element_type=\"column\">\n\t\t\t<div class=\"elementor-widget-wrap elementor-element-populated\">\n\t\t\t\t\t\t<div class=\"elementor-element elementor-element-a438407 elementor-widget elementor-widget-image\" data-id=\"a438407\" data-element_type=\"widget\" data-widget_type=\"image.default\">\n\t\t\t\t<div class=\"elementor-widget-container\">\n\t\t\t\t\t\t\t\t\t\t\t\t\t\t\t<img fetchpriority=\"high\" decoding=\"async\" width=\"1024\" height=\"768\" src=\"https:\/\/atauni.edu.tr\/eczacilik-fakultesi\/wp-content\/uploads\/sites\/58\/2021\/10\/Polish_20210730_222940482-1024x768.jpg\" class=\"attachment-large size-large wp-image-7327\" alt=\"\" srcset=\"https:\/\/atauni.edu.tr\/eczacilik-fakultesi\/wp-content\/uploads\/sites\/58\/2021\/10\/Polish_20210730_222940482-1024x768.jpg 1024w, https:\/\/atauni.edu.tr\/eczacilik-fakultesi\/wp-content\/uploads\/sites\/58\/2021\/10\/Polish_20210730_222940482-300x225.jpg 300w, https:\/\/atauni.edu.tr\/eczacilik-fakultesi\/wp-content\/uploads\/sites\/58\/2021\/10\/Polish_20210730_222940482-768x576.jpg 768w, https:\/\/atauni.edu.tr\/eczacilik-fakultesi\/wp-content\/uploads\/sites\/58\/2021\/10\/Polish_20210730_222940482-1536x1152.jpg 1536w, https:\/\/atauni.edu.tr\/eczacilik-fakultesi\/wp-content\/uploads\/sites\/58\/2021\/10\/Polish_20210730_222940482-600x450.jpg 600w, https:\/\/atauni.edu.tr\/eczacilik-fakultesi\/wp-content\/uploads\/sites\/58\/2021\/10\/Polish_20210730_222940482-560x420.jpg 560w, https:\/\/atauni.edu.tr\/eczacilik-fakultesi\/wp-content\/uploads\/sites\/58\/2021\/10\/Polish_20210730_222940482.jpg 2048w\" sizes=\"(max-width: 1024px) 100vw, 1024px\" \/>\t\t\t\t\t\t\t\t\t\t\t\t\t\t\t<\/div>\n\t\t\t\t<\/div>\n\t\t\t\t<div class=\"elementor-element elementor-element-bc01008 elementor-widget elementor-widget-text-editor\" data-id=\"bc01008\" data-element_type=\"widget\" data-widget_type=\"text-editor.default\">\n\t\t\t\t<div class=\"elementor-widget-container\">\n\t\t\t\t\t\t\t\t\t<p><em><strong>Biz Kimiz?<\/strong><\/em><br \/>2006 y\u0131l\u0131nda Dekan ve Dan\u0131\u015fman Hocam\u0131z Prof. Dr. Y\u00fccel KADIO\u011eLU \u00f6nc\u00fcl\u00fc\u011f\u00fcnde kurulan, Atat\u00fcrk \u00dcniversitesi Eczac\u0131l\u0131k Fak\u00fcltesi&#8217;nin ilk \u00f6\u011frenci kul\u00fcb\u00fcy\u00fcz.\u00a0<\/p><p><em><strong>Kul\u00fcp Olarak Amac\u0131m\u0131z Ne?<\/strong><\/em><br \/>ATUPSA&#8217;n\u0131n amac\u0131; Eczac\u0131l\u0131k Fak\u00fcltesi \u00f6\u011frencilerinin Atat\u00fcrk \u0130lke ve \u0130nk\u0131l\u00e2plar\u0131 do\u011frultusunda onlar\u0131n akademik geli\u015fimleri, e\u011fitimleri, bilimsel ara\u015ft\u0131r\u0131c\u0131 ve yarat\u0131c\u0131 niteliklerini geli\u015ftirici faaliyetlerde bulunmalar\u0131n\u0131 sa\u011flamak, yurt i\u00e7inde ve yurt d\u0131\u015f\u0131ndaki di\u011fer eczac\u0131l\u0131k fak\u00fcltesi \u00f6\u011frenci gruplar\u0131yla ileti\u015fimini sa\u011flamak, buralardaki geli\u015fmeleri ve yay\u0131nlar\u0131 fak\u00fclte \u00f6\u011frencilerine ula\u015ft\u0131rmak, \u00f6\u011frencilerin eczac\u0131l\u0131k alan\u0131nda network olu\u015fturmalar\u0131na katk\u0131 sa\u011flamakt\u0131r.\u00a0<\/p><p><em><strong>Bug\u00fcne Kadar Neler Yapt\u0131k?<\/strong>\u00a0\u00a0<\/em><br \/>2020-2021 E\u011fitim \u00d6\u011fretim D\u00f6neminin ba\u015flamas\u0131yla beraber;<\/p><ul><li>FarmAkademi kul\u00fcb\u00fcm\u00fczle ortak \u00e7al\u0131\u015fmalar (\u0130yilik Hareketi-Sokak Hayvanlar\u0131n\u0131 Besleme)<\/li><li>Meme Kanseri Fark\u0131ndal\u0131k Etkinli\u011fi<\/li><li>L\u00f6semili \u00c7ocuklar Haftas\u0131 Etkinli\u011fi, A\u011fa\u00e7 Dikimi Etkinli\u011fi, Sahada aktif olarak sa\u011fl\u0131kla ilgili toplumsal konularda bilgilendirmeler ve bro\u015f\u00fcr da\u011f\u0131t\u0131mlar\u0131<\/li><li>De\u011ferli meslek b\u00fcy\u00fcklerimizle haftal\u0131k canl\u0131 yay\u0131nlar, proje \u00e7al\u0131\u015fmalar\u0131,<\/li><li>ATUPSAFEST ad\u0131 alt\u0131nda hem e\u011flenip hem mesle\u011fimizi \u00f6\u011frendi\u011fimiz bir festival,<\/li><li>ATUPSARx ad\u0131 alt\u0131nda meslek b\u00fcy\u00fcklerimizi a\u011f\u0131rlad\u0131\u011f\u0131m\u0131z &#8216;Kariyer G\u00fcnleri&#8217;<\/li><li>2020 y\u0131l\u0131n\u0131n Kas\u0131m ay\u0131nda yay\u0131n hayat\u0131na ba\u015flayan &#8216;ATUPSA Dergi Say\u0131 1&#8217;<\/li><li>ATUPSA e-spor ad\u0131 alt\u0131nda e\u011flenceli oyun turnuvalar\u0131,<\/li><li>Daha sa\u011fl\u0131kl\u0131 bir ya\u015fama te\u015fvik etmek i\u00e7in y\u00fcr\u00fcy\u00fc\u015fler,<\/li><li>&#8216;Netflix Party&#8217; ad\u0131 alt\u0131nda film geceleri,<\/li><li>&#8216;K\u0130TAPSA&#8217; ad\u0131 alt\u0131nda kitaplar\u0131 yazan yazarlar\u0131m\u0131z\u0131 ve fikirlerini konu\u015ftu\u011fumuz k\u00fclt\u00fcr geceleri gibi geni\u015f portf\u00f6ye sahip bir \u00e7ok etkinli\u011fe imza att\u0131k.<\/li><li>1. ve 2. s\u0131n\u0131f arkada\u015flar\u0131m\u0131zla tan\u0131\u015fma kahvalt\u0131s\u0131nda bulu\u015ftuk.<\/li><li>Kamp\u00fcs\u00fcm\u00fczde bisiklet turu d\u00fczenledik.<\/li><li>D\u00fczenlenen Eczac\u0131l\u0131k Fak\u00fcltesi oryantasyon program\u0131nda aktif rol ald\u0131k.<\/li><\/ul><p>\u2022<em><strong>Yap\u0131lacak Olan Etkinlik ve Projelere Nas\u0131l Dahil Olabilirim?\u00a0<\/strong><\/em><\/p><p>Sosyal medya hesaplar\u0131m\u0131z\u0131, WhatsApp grubundaki duyurular\u0131 takip edebilir veya y\u00f6netim kurulunda yer alan arkada\u015flar\u0131m\u0131zla ileti\u015fim sa\u011flayabilirsiniz.<\/p><p>\u2022<em><strong>Fikirlerimizi Nas\u0131l Payla\u015fabiliriz?\u00a0<\/strong><\/em><\/p><p>\u0130leti\u015fim kanallar\u0131m\u0131z \u00fczerinden bizlere fikirlerinizi ula\u015ft\u0131rabilirsiniz.\u00a0<\/p><p><em>Hedefiniz zirveye ula\u015fmaksa, ATUPSA!\u00a0<\/em><\/p><p><em><strong>Sosyal Medya Hesaplar\u0131m\u0131z:<\/strong><\/em><\/p><p>\u00a0Instagram: https:\/\/instagram.com\/atupsa_sosyal?utm_medium=copy_link<br \/>\u00a0Twitter: https:\/\/mobile.twitter.com\/atupsa_sosyal?s=09<br \/>\u00a0YouTube: https:\/\/youtube.com\/c\/ATUPSA<br \/>\u00a0LinkedIn: https:\/\/www.linkedin.com\/company\/atupsa<\/p><p><br \/>ATUPSA Kul\u00fcb\u00fc Dan\u0131\u015fman\u0131 : Prof. Dr. Y\u00fccel KADIO\u011eLU<br \/>ATUPSA Kul\u00fcb\u00fc Ba\u015fkan\u0131 : Beyzanur DEN\u0130Z<br \/>ATUPSA Kul\u00fcb\u00fc Ba\u015fkan Yrd. : Halime Devrim K\u00dc\u00c7\u00dcK\u00a0<\/p>\t\t\t\t\t\t\t\t<\/div>\n\t\t\t\t<\/div>\n\t\t\t\t\t<\/div>\n\t\t<\/div>\n\t\t\t\t\t<\/div>\n\t\t<\/section>\n\t\t\t\t<\/div>\n\t\t","protected":false},"excerpt":{"rendered":"<p>Biz Kimiz?2006 y\u0131l\u0131nda Dekan ve Dan\u0131\u015fman Hocam\u0131z Prof. Dr. Y\u00fccel KADIO\u011eLU \u00f6nc\u00fcl\u00fc\u011f\u00fcnde kurulan, Atat\u00fcrk \u00dcniversitesi Eczac\u0131l\u0131k Fak\u00fcltesi&#8217;nin ilk \u00f6\u011frenci kul\u00fcb\u00fcy\u00fcz.\u00a0 Kul\u00fcp Olarak Amac\u0131m\u0131z Ne?ATUPSA&#8217;n\u0131n amac\u0131; Eczac\u0131l\u0131k Fak\u00fcltesi \u00f6\u011frencilerinin Atat\u00fcrk \u0130lke ve \u0130nk\u0131l\u00e2plar\u0131 do\u011frultusunda onlar\u0131n akademik geli\u015fimleri, e\u011fitimleri, bilimsel ara\u015ft\u0131r\u0131c\u0131 ve yarat\u0131c\u0131 niteliklerini geli\u015ftirici faaliyetlerde bulunmalar\u0131n\u0131 sa\u011flamak, yurt i\u00e7inde ve yurt d\u0131\u015f\u0131ndaki di\u011fer eczac\u0131l\u0131k fak\u00fcltesi \u00f6\u011frenci [&hellip;]<\/p>\n","protected":false},"author":47,"featured_media":0,"parent":0,"menu_order":0,"comment_status":"closed","ping_status":"closed","template":"","meta":{"footnotes":""},"class_list":["post-7048","page","type-page","status-publish","hentry"],"_links":{"self":[{"href":"https:\/\/atauni.edu.tr\/eczacilik-fakultesi\/wp-json\/wp\/v2\/pages\/7048","targetHints":{"allow":["GET"]}}],"collection":[{"href":"https:\/\/atauni.edu.tr\/eczacilik-fakultesi\/wp-json\/wp\/v2\/pages"}],"about":[{"href":"https:\/\/atauni.edu.tr\/eczacilik-fakultesi\/wp-json\/wp\/v2\/types\/page"}],"author":[{"embeddable":true,"href":"https:\/\/atauni.edu.tr\/eczacilik-fakultesi\/wp-json\/wp\/v2\/users\/47"}],"replies":[{"embeddable":true,"href":"https:\/\/atauni.edu.tr\/eczacilik-fakultesi\/wp-json\/wp\/v2\/comments?post=7048"}],"version-history":[{"count":8,"href":"https:\/\/atauni.edu.tr\/eczacilik-fakultesi\/wp-json\/wp\/v2\/pages\/7048\/revisions"}],"predecessor-version":[{"id":7330,"href":"https:\/\/atauni.edu.tr\/eczacilik-fakultesi\/wp-json\/wp\/v2\/pages\/7048\/revisions\/7330"}],"wp:attachment":[{"href":"https:\/\/atauni.edu.tr\/eczacilik-fakultesi\/wp-json\/wp\/v2\/media?parent=7048"}],"curies":[{"name":"wp","href":"https:\/\/api.w.org\/{rel}","templated":true}]}}