{"id":7220,"date":"2021-10-21T11:44:04","date_gmt":"2021-10-21T08:44:04","guid":{"rendered":"http:\/\/birimler.atauni.edu.tr\/eczacilik-fakultesi\/?page_id=7220"},"modified":"2021-10-21T12:00:24","modified_gmt":"2021-10-21T09:00:24","slug":"7220-2","status":"publish","type":"page","link":"https:\/\/atauni.edu.tr\/eczacilik-fakultesi\/7220-2\/","title":{"rendered":""},"content":{"rendered":"\t\t<div data-elementor-type=\"wp-page\" data-elementor-id=\"7220\" class=\"elementor elementor-7220\" data-elementor-post-type=\"page\">\n\t\t\t\t\t\t<section class=\"elementor-section elementor-top-section elementor-element elementor-element-f18d461 elementor-section-boxed elementor-section-height-default elementor-section-height-default\" data-id=\"f18d461\" data-element_type=\"section\">\n\t\t\t\t\t\t<div class=\"elementor-container elementor-column-gap-default\">\n\t\t\t\t\t<div class=\"elementor-column elementor-col-100 elementor-top-column elementor-element elementor-element-f670325\" data-id=\"f670325\" data-element_type=\"column\">\n\t\t\t<div class=\"elementor-widget-wrap elementor-element-populated\">\n\t\t\t\t\t\t<div class=\"elementor-element elementor-element-be7f217 elementor-widget elementor-widget-heading\" data-id=\"be7f217\" data-element_type=\"widget\" data-widget_type=\"heading.default\">\n\t\t\t\t<div class=\"elementor-widget-container\">\n\t\t\t\t\t<h2 class=\"elementor-heading-title elementor-size-default\">Kul\u00fcplerimiz<\/h2>\t\t\t\t<\/div>\n\t\t\t\t<\/div>\n\t\t\t\t<div class=\"elementor-element elementor-element-64bbc22 elementor-widget-divider--view-line elementor-widget elementor-widget-divider\" data-id=\"64bbc22\" data-element_type=\"widget\" data-widget_type=\"divider.default\">\n\t\t\t\t<div class=\"elementor-widget-container\">\n\t\t\t\t\t\t\t<div class=\"elementor-divider\">\n\t\t\t<span class=\"elementor-divider-separator\">\n\t\t\t\t\t\t<\/span>\n\t\t<\/div>\n\t\t\t\t\t\t<\/div>\n\t\t\t\t<\/div>\n\t\t\t\t\t<\/div>\n\t\t<\/div>\n\t\t\t\t\t<\/div>\n\t\t<\/section>\n\t\t\t\t<section class=\"elementor-section elementor-top-section elementor-element elementor-element-9898c42 elementor-section-boxed elementor-section-height-default elementor-section-height-default\" data-id=\"9898c42\" data-element_type=\"section\">\n\t\t\t\t\t\t<div class=\"elementor-container elementor-column-gap-default\">\n\t\t\t\t\t<div class=\"elementor-column elementor-col-100 elementor-top-column elementor-element elementor-element-d6560f6\" data-id=\"d6560f6\" data-element_type=\"column\">\n\t\t\t<div class=\"elementor-widget-wrap elementor-element-populated\">\n\t\t\t\t\t\t<div class=\"elementor-element elementor-element-1f3ed2a elementor-widget elementor-widget-text-editor\" data-id=\"1f3ed2a\" data-element_type=\"widget\" data-widget_type=\"text-editor.default\">\n\t\t\t\t<div class=\"elementor-widget-container\">\n\t\t\t\t\t\t\t\t\t<p>1997 y\u0131l\u0131nda \u00fclkemizin 8. Eczac\u0131l\u0131k Fak\u00fcltesi olarak kurulan ve 2003 y\u0131l\u0131nda e\u011fitim-\u00f6\u011fretime ba\u015flayan fak\u00fcltemizde sosyal ve akademik faaliyetleri y\u00fcr\u00fcten toplamda 6 \u00f6\u011frenci kul\u00fcb\u00fc bulunmaktad\u0131r. <strong>ATUPSA, FarmAktif, Farmakademi, EczaSanat, Spor Kul\u00fcb\u00fc <\/strong>ve<strong> Farmoni<\/strong> ad\u0131 alt\u0131nda birbirinden ayr\u0131lan bu 6 payda\u015f kul\u00fcp, ba\u011f\u0131ms\u0131z ve ortak olarak bir\u00e7ok proje ve etkinlik d\u00fczenleyerek fak\u00fcltemizin ulusal ve uluslararas\u0131 arenada tan\u0131nmas\u0131na katk\u0131da bulunuyor ve ayn\u0131 zamanda eczac\u0131l\u0131k camias\u0131nda di\u011fer fak\u00fcltelerle de i\u015f birli\u011fi noktas\u0131nda ileti\u015fim kuruyor. Alt\u0131n havan \u00f6d\u00fcl\u00fc ve tam akreditasyonu bulunan, akademik a\u00e7\u0131dan g\u00fc\u00e7l\u00fc kadrosu ve \u00f6\u011frencilere tan\u0131nan bir\u00e7ok f\u0131rsatla \u00f6ne \u00e7\u0131kan Atat\u00fcrk \u00dcniversitesi Eczac\u0131l\u0131k Fak\u00fcltesi, 6 \u00f6\u011frenci kul\u00fcb\u00fcyle de ilgi alanlar\u0131 ve yeteneklere g\u00f6re ayr\u0131 ayr\u0131 \u00e7al\u0131\u015fma ve \u00f6\u011frencilerin kendilerini istedikleri ve sevdikleri alanda geli\u015ftirme imkan\u0131 tan\u0131yor. Kul\u00fcpler ile ilgili detayl\u0131 bilgilere <em>Resmi Web Sitemizde<\/em> yer alan <em>\u00d6\u011frenciler<\/em> sekmesinden ula\u015fabilirsiniz.<\/p>\t\t\t\t\t\t\t\t<\/div>\n\t\t\t\t<\/div>\n\t\t\t\t\t<\/div>\n\t\t<\/div>\n\t\t\t\t\t<\/div>\n\t\t<\/section>\n\t\t\t\t<\/div>\n\t\t","protected":false},"excerpt":{"rendered":"<p>Kul\u00fcplerimiz 1997 y\u0131l\u0131nda \u00fclkemizin 8. Eczac\u0131l\u0131k Fak\u00fcltesi olarak kurulan ve 2003 y\u0131l\u0131nda e\u011fitim-\u00f6\u011fretime ba\u015flayan fak\u00fcltemizde sosyal ve akademik faaliyetleri y\u00fcr\u00fcten toplamda 6 \u00f6\u011frenci kul\u00fcb\u00fc bulunmaktad\u0131r. ATUPSA, FarmAktif, Farmakademi, EczaSanat, Spor Kul\u00fcb\u00fc ve Farmoni ad\u0131 alt\u0131nda birbirinden ayr\u0131lan bu 6 payda\u015f kul\u00fcp, ba\u011f\u0131ms\u0131z ve ortak olarak bir\u00e7ok proje ve etkinlik d\u00fczenleyerek fak\u00fcltemizin ulusal ve uluslararas\u0131 arenada [&hellip;]<\/p>\n","protected":false},"author":47,"featured_media":0,"parent":0,"menu_order":0,"comment_status":"closed","ping_status":"closed","template":"","meta":{"footnotes":""},"class_list":["post-7220","page","type-page","status-publish","hentry"],"_links":{"self":[{"href":"https:\/\/atauni.edu.tr\/eczacilik-fakultesi\/wp-json\/wp\/v2\/pages\/7220","targetHints":{"allow":["GET"]}}],"collection":[{"href":"https:\/\/atauni.edu.tr\/eczacilik-fakultesi\/wp-json\/wp\/v2\/pages"}],"about":[{"href":"https:\/\/atauni.edu.tr\/eczacilik-fakultesi\/wp-json\/wp\/v2\/types\/page"}],"author":[{"embeddable":true,"href":"https:\/\/atauni.edu.tr\/eczacilik-fakultesi\/wp-json\/wp\/v2\/users\/47"}],"replies":[{"embeddable":true,"href":"https:\/\/atauni.edu.tr\/eczacilik-fakultesi\/wp-json\/wp\/v2\/comments?post=7220"}],"version-history":[{"count":13,"href":"https:\/\/atauni.edu.tr\/eczacilik-fakultesi\/wp-json\/wp\/v2\/pages\/7220\/revisions"}],"predecessor-version":[{"id":7250,"href":"https:\/\/atauni.edu.tr\/eczacilik-fakultesi\/wp-json\/wp\/v2\/pages\/7220\/revisions\/7250"}],"wp:attachment":[{"href":"https:\/\/atauni.edu.tr\/eczacilik-fakultesi\/wp-json\/wp\/v2\/media?parent=7220"}],"curies":[{"name":"wp","href":"https:\/\/api.w.org\/{rel}","templated":true}]}}