{"id":7436,"date":"2021-10-21T16:02:22","date_gmt":"2021-10-21T13:02:22","guid":{"rendered":"http:\/\/birimler.atauni.edu.tr\/eczacilik-fakultesi\/?page_id=7436"},"modified":"2021-10-21T16:03:29","modified_gmt":"2021-10-21T13:03:29","slug":"v-ulusal-farmasotik-kimya-kongresi","status":"publish","type":"page","link":"https:\/\/atauni.edu.tr\/eczacilik-fakultesi\/v-ulusal-farmasotik-kimya-kongresi\/","title":{"rendered":"V. ULUSAL FARMAS\u00d6T\u0130K K\u0130MYA KONGRES\u0130"},"content":{"rendered":"\t\t<div data-elementor-type=\"wp-page\" data-elementor-id=\"7436\" class=\"elementor elementor-7436\" data-elementor-post-type=\"page\">\n\t\t\t\t\t\t<section class=\"elementor-section elementor-top-section elementor-element elementor-element-283c9cc elementor-section-boxed elementor-section-height-default elementor-section-height-default\" data-id=\"283c9cc\" data-element_type=\"section\">\n\t\t\t\t\t\t<div class=\"elementor-container elementor-column-gap-default\">\n\t\t\t\t\t<div class=\"elementor-column elementor-col-100 elementor-top-column elementor-element elementor-element-db6e606\" data-id=\"db6e606\" data-element_type=\"column\">\n\t\t\t<div class=\"elementor-widget-wrap elementor-element-populated\">\n\t\t\t\t\t\t<div class=\"elementor-element elementor-element-c87ec04 elementor-widget elementor-widget-image\" data-id=\"c87ec04\" data-element_type=\"widget\" data-widget_type=\"image.default\">\n\t\t\t\t<div class=\"elementor-widget-container\">\n\t\t\t\t\t\t\t\t\t\t\t\t\t\t\t<img fetchpriority=\"high\" decoding=\"async\" width=\"768\" height=\"347\" src=\"https:\/\/atauni.edu.tr\/eczacilik-fakultesi\/wp-content\/uploads\/sites\/58\/2021\/10\/09eb1c9f7fc3793bc0ae1de39d33d65c-768x347.jpg\" class=\"attachment-medium_large size-medium_large wp-image-7441\" alt=\"\" srcset=\"https:\/\/atauni.edu.tr\/eczacilik-fakultesi\/wp-content\/uploads\/sites\/58\/2021\/10\/09eb1c9f7fc3793bc0ae1de39d33d65c-768x347.jpg 768w, https:\/\/atauni.edu.tr\/eczacilik-fakultesi\/wp-content\/uploads\/sites\/58\/2021\/10\/09eb1c9f7fc3793bc0ae1de39d33d65c-300x136.jpg 300w, https:\/\/atauni.edu.tr\/eczacilik-fakultesi\/wp-content\/uploads\/sites\/58\/2021\/10\/09eb1c9f7fc3793bc0ae1de39d33d65c-1024x463.jpg 1024w, https:\/\/atauni.edu.tr\/eczacilik-fakultesi\/wp-content\/uploads\/sites\/58\/2021\/10\/09eb1c9f7fc3793bc0ae1de39d33d65c-600x271.jpg 600w, https:\/\/atauni.edu.tr\/eczacilik-fakultesi\/wp-content\/uploads\/sites\/58\/2021\/10\/09eb1c9f7fc3793bc0ae1de39d33d65c-560x253.jpg 560w, https:\/\/atauni.edu.tr\/eczacilik-fakultesi\/wp-content\/uploads\/sites\/58\/2021\/10\/09eb1c9f7fc3793bc0ae1de39d33d65c.jpg 1078w\" sizes=\"(max-width: 768px) 100vw, 768px\" \/>\t\t\t\t\t\t\t\t\t\t\t\t\t\t\t<\/div>\n\t\t\t\t<\/div>\n\t\t\t\t<div class=\"elementor-element elementor-element-30a08f8 elementor-widget elementor-widget-text-editor\" data-id=\"30a08f8\" data-element_type=\"widget\" data-widget_type=\"text-editor.default\">\n\t\t\t\t<div class=\"elementor-widget-container\">\n\t\t\t\t\t\t\t\t\t<p>28 Nisan-01 May\u0131s 2018 tarihleri aras\u0131nda Atat\u00fcrk \u00dcniversitesi Eczac\u0131l\u0131k Fak\u00fcltesi ev sahipli\u011finde T\u00fcrk Farmas\u00f6tik ve Medisinal Kimya Derne\u011fi taraf\u0131ndan d\u00fczenlenen V. Ulusal Farmas\u00f6tik Kimya Kongresini \u00dcniversitemizde ger\u00e7ekle\u015ftirildi.<\/p>\t\t\t\t\t\t\t\t<\/div>\n\t\t\t\t<\/div>\n\t\t\t\t\t<\/div>\n\t\t<\/div>\n\t\t\t\t\t<\/div>\n\t\t<\/section>\n\t\t\t\t<\/div>\n\t\t","protected":false},"excerpt":{"rendered":"<p>28 Nisan-01 May\u0131s 2018 tarihleri aras\u0131nda Atat\u00fcrk \u00dcniversitesi Eczac\u0131l\u0131k Fak\u00fcltesi ev sahipli\u011finde T\u00fcrk Farmas\u00f6tik ve Medisinal Kimya Derne\u011fi taraf\u0131ndan d\u00fczenlenen V. Ulusal Farmas\u00f6tik Kimya Kongresini \u00dcniversitemizde ger\u00e7ekle\u015ftirildi.<\/p>\n","protected":false},"author":47,"featured_media":0,"parent":0,"menu_order":0,"comment_status":"closed","ping_status":"closed","template":"","meta":{"footnotes":""},"class_list":["post-7436","page","type-page","status-publish","hentry"],"_links":{"self":[{"href":"https:\/\/atauni.edu.tr\/eczacilik-fakultesi\/wp-json\/wp\/v2\/pages\/7436","targetHints":{"allow":["GET"]}}],"collection":[{"href":"https:\/\/atauni.edu.tr\/eczacilik-fakultesi\/wp-json\/wp\/v2\/pages"}],"about":[{"href":"https:\/\/atauni.edu.tr\/eczacilik-fakultesi\/wp-json\/wp\/v2\/types\/page"}],"author":[{"embeddable":true,"href":"https:\/\/atauni.edu.tr\/eczacilik-fakultesi\/wp-json\/wp\/v2\/users\/47"}],"replies":[{"embeddable":true,"href":"https:\/\/atauni.edu.tr\/eczacilik-fakultesi\/wp-json\/wp\/v2\/comments?post=7436"}],"version-history":[{"count":4,"href":"https:\/\/atauni.edu.tr\/eczacilik-fakultesi\/wp-json\/wp\/v2\/pages\/7436\/revisions"}],"predecessor-version":[{"id":7444,"href":"https:\/\/atauni.edu.tr\/eczacilik-fakultesi\/wp-json\/wp\/v2\/pages\/7436\/revisions\/7444"}],"wp:attachment":[{"href":"https:\/\/atauni.edu.tr\/eczacilik-fakultesi\/wp-json\/wp\/v2\/media?parent=7436"}],"curies":[{"name":"wp","href":"https:\/\/api.w.org\/{rel}","templated":true}]}}