{"id":7445,"date":"2021-10-21T16:03:48","date_gmt":"2021-10-21T13:03:48","guid":{"rendered":"http:\/\/birimler.atauni.edu.tr\/eczacilik-fakultesi\/?page_id=7445"},"modified":"2021-10-21T16:30:14","modified_gmt":"2021-10-21T13:30:14","slug":"kozmetik-sempozyumu-agiz-bakim-urunleri","status":"publish","type":"page","link":"https:\/\/atauni.edu.tr\/eczacilik-fakultesi\/kozmetik-sempozyumu-agiz-bakim-urunleri\/","title":{"rendered":"KOZMET\u0130K SEMPOZYUMU (A\u011eIZ BAKIM \u00dcR\u00dcNLER\u0130)"},"content":{"rendered":"\t\t<div data-elementor-type=\"wp-page\" data-elementor-id=\"7445\" class=\"elementor elementor-7445\" data-elementor-post-type=\"page\">\n\t\t\t\t\t\t<section class=\"elementor-section elementor-top-section elementor-element elementor-element-29c8382 elementor-section-boxed elementor-section-height-default elementor-section-height-default\" data-id=\"29c8382\" data-element_type=\"section\">\n\t\t\t\t\t\t<div class=\"elementor-container elementor-column-gap-default\">\n\t\t\t\t\t<div class=\"elementor-column elementor-col-100 elementor-top-column elementor-element elementor-element-784708e\" data-id=\"784708e\" data-element_type=\"column\">\n\t\t\t<div class=\"elementor-widget-wrap elementor-element-populated\">\n\t\t\t\t\t\t<div class=\"elementor-element elementor-element-cdb14b3 elementor-widget elementor-widget-text-editor\" data-id=\"cdb14b3\" data-element_type=\"widget\" data-widget_type=\"text-editor.default\">\n\t\t\t\t<div class=\"elementor-widget-container\">\n\t\t\t\t\t\t\t\t\t<p>Bir etkinli\u011fimizi daha ba\u015far\u0131yla tamamlad\u0131k&#8230; Atat\u00fcrk \u00dcniversitesi Eczac\u0131l\u0131k Fak\u00fcltesi ve Di\u015f Hekimli\u011fi Fak\u00fcltesi taraf\u0131ndan T.C. \u0130la\u00e7 ve T\u0131bbi Cihaz Kurumunun (T\u0130TCK) katk\u0131lar\u0131yla 24 Mart 2017 tarihinde Kozmetik Sempozyumu -A\u011f\u0131z Bak\u0131m \u00dcr\u00fcnleri ger\u00e7ekle\u015ftirildi. Bu sempozyumun ana gayesi Eczac\u0131l\u0131k Fak\u00fcltesi ve Di\u015f Hekimli\u011fi Fak\u00fcltesi \u00f6\u011fretim \u00fcyeleri ve \u00f6\u011frencilerinin A\u011f\u0131z Bak\u0131m \u00dcr\u00fcnlerinin Kozmetik A\u00e7\u0131dan \u00d6nemini Vurgulamak ve T\u0130TCK yetkilileri ile \u00f6\u011fretim \u00fcyeleri ve \u00f6\u011frencilerin bir araya gelerek bilimsel birlikteliklerin sa\u011flanmas\u0131 hedeflenmi\u015ftir.<\/p><p>Sempozyuma kat\u0131lan, T\u0130TCK Ba\u015fkan\u0131 Dr. Hakk\u0131 G\u00dcRS\u00d6Z, Kozmetik Daire Ba\u015fkan\u0131 Do\u00e7. Dr. Evren AL\u011eIN YAPAR, Kemer Burgaz \u00dcniversitesi Eczac\u0131l\u0131k Fak\u00fcltesi Dekan\u0131 Prof. Dr. Akg\u00fcl YE\u015e\u0130LADA, Kemer Burgaz \u00dcniversitesi \u00d6\u011fretim \u00dcyeleri Do\u00e7. Dr.\u00a0<a href=\"https:\/\/www.facebook.com\/buketaksucom?__tn__=%2CdK-R-R&amp;eid=ARB43TKXPvvpdAnIK0FGr0vsHrJmwP8LIGPjD_Gyn9dfPZDydDmDS6APLG29tmQpCjQKZh8kL36u6Emo&amp;fref=mentions\" data-hovercard=\"\/ajax\/hovercard\/user.php?id=100000986270632&amp;extragetparams=%7B%22__tn__%22%3A%22%2CdK-R-R%22%2C%22eid%22%3A%22ARB43TKXPvvpdAnIK0FGr0vsHrJmwP8LIGPjD_Gyn9dfPZDydDmDS6APLG29tmQpCjQKZh8kL36u6Emo%22%2C%22fref%22%3A%22mentions%22%7D\" data-hovercard-prefer-more-content-show=\"1\">Buket<\/a>\u00a0AKSU, Do\u00e7. Dr. \u015eebnem Dirikan \u0130P\u00c7i, Do\u00e7. Dr. G\u00f6kser \u00c7AKAR, ERVAK Ba\u015fkan\u0131 Ecz. Erdal G\u00dcZEL olmak \u00fczere Atat\u00fcrk \u00dcniversitesi Di\u015f Hekimli\u011fi Fak\u00fcltesi ve Eczac\u0131l\u0131k Fak\u00fcltesi \u00d6\u011fretim \u00dcyelerine ve \u00d6\u011frencilerine te\u015fekk\u00fcr ediyoruz.<\/p>\t\t\t\t\t\t\t\t<\/div>\n\t\t\t\t<\/div>\n\t\t\t\t\t<\/div>\n\t\t<\/div>\n\t\t\t\t\t<\/div>\n\t\t<\/section>\n\t\t\t\t<section class=\"elementor-section elementor-top-section elementor-element elementor-element-ebf5e8b elementor-section-boxed elementor-section-height-default elementor-section-height-default\" data-id=\"ebf5e8b\" data-element_type=\"section\">\n\t\t\t\t\t\t<div class=\"elementor-container elementor-column-gap-default\">\n\t\t\t\t\t<div class=\"elementor-column elementor-col-100 elementor-top-column elementor-element elementor-element-3fa1083\" data-id=\"3fa1083\" data-element_type=\"column\">\n\t\t\t<div class=\"elementor-widget-wrap elementor-element-populated\">\n\t\t\t\t\t\t<div class=\"elementor-element elementor-element-cfdbc83 elementor-widget elementor-widget-button\" data-id=\"cfdbc83\" data-element_type=\"widget\" data-widget_type=\"button.default\">\n\t\t\t\t<div class=\"elementor-widget-container\">\n\t\t\t\t\t\t\t\t\t<div class=\"elementor-button-wrapper\">\n\t\t\t\t\t<a class=\"elementor-button elementor-button-link elementor-size-sm elementor-animation-grow\" href=\"http:\/\/birimler.atauni.edu.tr\/eczacilik-fakultesi\/wp-content\/uploads\/sites\/58\/2020\/07\/Kozmetik-Sempozyumu-Programi.pdf\">\n\t\t\t\t\t\t<span class=\"elementor-button-content-wrapper\">\n\t\t\t\t\t\t\t\t\t<span class=\"elementor-button-text\">Kozmetik Sempozyumu Program\u0131 i\u00e7in t\u0131klay\u0131n\u0131z<\/span>\n\t\t\t\t\t<\/span>\n\t\t\t\t\t<\/a>\n\t\t\t\t<\/div>\n\t\t\t\t\t\t\t\t<\/div>\n\t\t\t\t<\/div>\n\t\t\t\t\t<\/div>\n\t\t<\/div>\n\t\t\t\t\t<\/div>\n\t\t<\/section>\n\t\t\t\t<section class=\"elementor-section elementor-top-section elementor-element elementor-element-48046f2 elementor-section-boxed elementor-section-height-default elementor-section-height-default\" data-id=\"48046f2\" data-element_type=\"section\">\n\t\t\t\t\t\t<div class=\"elementor-container elementor-column-gap-default\">\n\t\t\t\t\t<div class=\"elementor-column elementor-col-100 elementor-top-column elementor-element elementor-element-0388fc6\" data-id=\"0388fc6\" data-element_type=\"column\">\n\t\t\t<div class=\"elementor-widget-wrap elementor-element-populated\">\n\t\t\t\t\t\t<div class=\"elementor-element elementor-element-f094c37 elementor-widget elementor-widget-image-gallery\" data-id=\"f094c37\" data-element_type=\"widget\" data-widget_type=\"image-gallery.default\">\n\t\t\t\t<div class=\"elementor-widget-container\">\n\t\t\t\t\t\t\t<div class=\"elementor-image-gallery\">\n\t\t\t\n\t\t<style type=\"text\/css\">\n\t\t\t#gallery-1 {\n\t\t\t\tmargin: auto;\n\t\t\t}\n\t\t\t#gallery-1 .gallery-item {\n\t\t\t\tfloat: left;\n\t\t\t\tmargin-top: 10px;\n\t\t\t\ttext-align: center;\n\t\t\t\twidth: 33%;\n\t\t\t}\n\t\t\t#gallery-1 img {\n\t\t\t\tborder: 2px solid #cfcfcf;\n\t\t\t}\n\t\t\t#gallery-1 .gallery-caption {\n\t\t\t\tmargin-left: 0;\n\t\t\t}\n\t\t\t\/* see gallery_shortcode() in wp-includes\/media.php *\/\n\t\t<\/style>\n\t\t<div id='gallery-1' class='gallery galleryid-7445 gallery-columns-3 gallery-size-medium_large'><dl class='gallery-item'>\n\t\t\t<dt class='gallery-icon landscape'>\n\t\t\t\t<a data-elementor-open-lightbox=\"yes\" data-elementor-lightbox-slideshow=\"f094c37\" data-elementor-lightbox-title=\"dc85e4d988c2858a40bcf1a200701570\" data-e-action-hash=\"#elementor-action%3Aaction%3Dlightbox%26settings%3DeyJpZCI6NzU0NCwidXJsIjoiaHR0cHM6XC9cL2F0YXVuaS5lZHUudHJcL2VjemFjaWxpay1mYWt1bHRlc2lcL3dwLWNvbnRlbnRcL3VwbG9hZHNcL3NpdGVzXC81OFwvMjAyMFwvMDdcL2RjODVlNGQ5ODhjMjg1OGE0MGJjZjFhMjAwNzAxNTcwLmpwZyIsInNsaWRlc2hvdyI6ImYwOTRjMzcifQ%3D%3D\" href='https:\/\/atauni.edu.tr\/eczacilik-fakultesi\/wp-content\/uploads\/sites\/58\/2020\/07\/dc85e4d988c2858a40bcf1a200701570.jpg'><img fetchpriority=\"high\" decoding=\"async\" width=\"768\" height=\"576\" src=\"https:\/\/atauni.edu.tr\/eczacilik-fakultesi\/wp-content\/uploads\/sites\/58\/2020\/07\/dc85e4d988c2858a40bcf1a200701570-768x576.jpg\" class=\"attachment-medium_large size-medium_large\" alt=\"\" srcset=\"https:\/\/atauni.edu.tr\/eczacilik-fakultesi\/wp-content\/uploads\/sites\/58\/2020\/07\/dc85e4d988c2858a40bcf1a200701570-768x576.jpg 768w, https:\/\/atauni.edu.tr\/eczacilik-fakultesi\/wp-content\/uploads\/sites\/58\/2020\/07\/dc85e4d988c2858a40bcf1a200701570-300x225.jpg 300w, https:\/\/atauni.edu.tr\/eczacilik-fakultesi\/wp-content\/uploads\/sites\/58\/2020\/07\/dc85e4d988c2858a40bcf1a200701570-600x450.jpg 600w, https:\/\/atauni.edu.tr\/eczacilik-fakultesi\/wp-content\/uploads\/sites\/58\/2020\/07\/dc85e4d988c2858a40bcf1a200701570-560x420.jpg 560w, https:\/\/atauni.edu.tr\/eczacilik-fakultesi\/wp-content\/uploads\/sites\/58\/2020\/07\/dc85e4d988c2858a40bcf1a200701570.jpg 960w\" sizes=\"(max-width: 768px) 100vw, 768px\" \/><\/a>\n\t\t\t<\/dt><\/dl><dl class='gallery-item'>\n\t\t\t<dt class='gallery-icon landscape'>\n\t\t\t\t<a data-elementor-open-lightbox=\"yes\" data-elementor-lightbox-slideshow=\"f094c37\" data-elementor-lightbox-title=\"d8b25d5cc920dd5165d58e7e19d8da04\" data-e-action-hash=\"#elementor-action%3Aaction%3Dlightbox%26settings%3DeyJpZCI6NzU0MywidXJsIjoiaHR0cHM6XC9cL2F0YXVuaS5lZHUudHJcL2VjemFjaWxpay1mYWt1bHRlc2lcL3dwLWNvbnRlbnRcL3VwbG9hZHNcL3NpdGVzXC81OFwvMjAyMFwvMDdcL2Q4YjI1ZDVjYzkyMGRkNTE2NWQ1OGU3ZTE5ZDhkYTA0LmpwZyIsInNsaWRlc2hvdyI6ImYwOTRjMzcifQ%3D%3D\" href='https:\/\/atauni.edu.tr\/eczacilik-fakultesi\/wp-content\/uploads\/sites\/58\/2020\/07\/d8b25d5cc920dd5165d58e7e19d8da04.jpg'><img decoding=\"async\" width=\"768\" height=\"576\" src=\"https:\/\/atauni.edu.tr\/eczacilik-fakultesi\/wp-content\/uploads\/sites\/58\/2020\/07\/d8b25d5cc920dd5165d58e7e19d8da04-768x576.jpg\" class=\"attachment-medium_large size-medium_large\" alt=\"\" srcset=\"https:\/\/atauni.edu.tr\/eczacilik-fakultesi\/wp-content\/uploads\/sites\/58\/2020\/07\/d8b25d5cc920dd5165d58e7e19d8da04-768x576.jpg 768w, https:\/\/atauni.edu.tr\/eczacilik-fakultesi\/wp-content\/uploads\/sites\/58\/2020\/07\/d8b25d5cc920dd5165d58e7e19d8da04-300x225.jpg 300w, https:\/\/atauni.edu.tr\/eczacilik-fakultesi\/wp-content\/uploads\/sites\/58\/2020\/07\/d8b25d5cc920dd5165d58e7e19d8da04-600x450.jpg 600w, https:\/\/atauni.edu.tr\/eczacilik-fakultesi\/wp-content\/uploads\/sites\/58\/2020\/07\/d8b25d5cc920dd5165d58e7e19d8da04-560x420.jpg 560w, https:\/\/atauni.edu.tr\/eczacilik-fakultesi\/wp-content\/uploads\/sites\/58\/2020\/07\/d8b25d5cc920dd5165d58e7e19d8da04.jpg 960w\" sizes=\"(max-width: 768px) 100vw, 768px\" \/><\/a>\n\t\t\t<\/dt><\/dl><dl class='gallery-item'>\n\t\t\t<dt class='gallery-icon landscape'>\n\t\t\t\t<a data-elementor-open-lightbox=\"yes\" data-elementor-lightbox-slideshow=\"f094c37\" data-elementor-lightbox-title=\"235058fbfed8308da5ed179767b09885\" data-e-action-hash=\"#elementor-action%3Aaction%3Dlightbox%26settings%3DeyJpZCI6NzU0MSwidXJsIjoiaHR0cHM6XC9cL2F0YXVuaS5lZHUudHJcL2VjemFjaWxpay1mYWt1bHRlc2lcL3dwLWNvbnRlbnRcL3VwbG9hZHNcL3NpdGVzXC81OFwvMjAyMFwvMDdcLzIzNTA1OGZiZmVkODMwOGRhNWVkMTc5NzY3YjA5ODg1LmpwZyIsInNsaWRlc2hvdyI6ImYwOTRjMzcifQ%3D%3D\" href='https:\/\/atauni.edu.tr\/eczacilik-fakultesi\/wp-content\/uploads\/sites\/58\/2020\/07\/235058fbfed8308da5ed179767b09885.jpg'><img decoding=\"async\" width=\"768\" height=\"576\" src=\"https:\/\/atauni.edu.tr\/eczacilik-fakultesi\/wp-content\/uploads\/sites\/58\/2020\/07\/235058fbfed8308da5ed179767b09885-768x576.jpg\" class=\"attachment-medium_large size-medium_large\" alt=\"\" srcset=\"https:\/\/atauni.edu.tr\/eczacilik-fakultesi\/wp-content\/uploads\/sites\/58\/2020\/07\/235058fbfed8308da5ed179767b09885-768x576.jpg 768w, https:\/\/atauni.edu.tr\/eczacilik-fakultesi\/wp-content\/uploads\/sites\/58\/2020\/07\/235058fbfed8308da5ed179767b09885-300x225.jpg 300w, https:\/\/atauni.edu.tr\/eczacilik-fakultesi\/wp-content\/uploads\/sites\/58\/2020\/07\/235058fbfed8308da5ed179767b09885-600x450.jpg 600w, https:\/\/atauni.edu.tr\/eczacilik-fakultesi\/wp-content\/uploads\/sites\/58\/2020\/07\/235058fbfed8308da5ed179767b09885-560x420.jpg 560w, https:\/\/atauni.edu.tr\/eczacilik-fakultesi\/wp-content\/uploads\/sites\/58\/2020\/07\/235058fbfed8308da5ed179767b09885.jpg 960w\" sizes=\"(max-width: 768px) 100vw, 768px\" \/><\/a>\n\t\t\t<\/dt><\/dl><br style=\"clear: both\" \/><dl class='gallery-item'>\n\t\t\t<dt class='gallery-icon portrait'>\n\t\t\t\t<a data-elementor-open-lightbox=\"yes\" data-elementor-lightbox-slideshow=\"f094c37\" data-elementor-lightbox-title=\"c68d653bae7ad36c1be5ac79639f2d2f\" data-e-action-hash=\"#elementor-action%3Aaction%3Dlightbox%26settings%3DeyJpZCI6NzU0MiwidXJsIjoiaHR0cHM6XC9cL2F0YXVuaS5lZHUudHJcL2VjemFjaWxpay1mYWt1bHRlc2lcL3dwLWNvbnRlbnRcL3VwbG9hZHNcL3NpdGVzXC81OFwvMjAyMFwvMDdcL2M2OGQ2NTNiYWU3YWQzNmMxYmU1YWM3OTYzOWYyZDJmLmpwZyIsInNsaWRlc2hvdyI6ImYwOTRjMzcifQ%3D%3D\" href='https:\/\/atauni.edu.tr\/eczacilik-fakultesi\/wp-content\/uploads\/sites\/58\/2020\/07\/c68d653bae7ad36c1be5ac79639f2d2f.jpg'><img loading=\"lazy\" decoding=\"async\" width=\"720\" height=\"960\" src=\"https:\/\/atauni.edu.tr\/eczacilik-fakultesi\/wp-content\/uploads\/sites\/58\/2020\/07\/c68d653bae7ad36c1be5ac79639f2d2f.jpg\" class=\"attachment-medium_large size-medium_large\" alt=\"\" srcset=\"https:\/\/atauni.edu.tr\/eczacilik-fakultesi\/wp-content\/uploads\/sites\/58\/2020\/07\/c68d653bae7ad36c1be5ac79639f2d2f.jpg 720w, https:\/\/atauni.edu.tr\/eczacilik-fakultesi\/wp-content\/uploads\/sites\/58\/2020\/07\/c68d653bae7ad36c1be5ac79639f2d2f-225x300.jpg 225w, https:\/\/atauni.edu.tr\/eczacilik-fakultesi\/wp-content\/uploads\/sites\/58\/2020\/07\/c68d653bae7ad36c1be5ac79639f2d2f-450x600.jpg 450w, https:\/\/atauni.edu.tr\/eczacilik-fakultesi\/wp-content\/uploads\/sites\/58\/2020\/07\/c68d653bae7ad36c1be5ac79639f2d2f-420x560.jpg 420w\" sizes=\"(max-width: 720px) 100vw, 720px\" \/><\/a>\n\t\t\t<\/dt><\/dl><dl class='gallery-item'>\n\t\t\t<dt class='gallery-icon portrait'>\n\t\t\t\t<a data-elementor-open-lightbox=\"yes\" data-elementor-lightbox-slideshow=\"f094c37\" data-elementor-lightbox-title=\"a30711270a84b1ed55f3b582a9c4001d\" data-e-action-hash=\"#elementor-action%3Aaction%3Dlightbox%26settings%3DeyJpZCI6NzU0MCwidXJsIjoiaHR0cHM6XC9cL2F0YXVuaS5lZHUudHJcL2VjemFjaWxpay1mYWt1bHRlc2lcL3dwLWNvbnRlbnRcL3VwbG9hZHNcL3NpdGVzXC81OFwvMjAyMFwvMDdcL2EzMDcxMTI3MGE4NGIxZWQ1NWYzYjU4MmE5YzQwMDFkLmpwZyIsInNsaWRlc2hvdyI6ImYwOTRjMzcifQ%3D%3D\" href='https:\/\/atauni.edu.tr\/eczacilik-fakultesi\/wp-content\/uploads\/sites\/58\/2020\/07\/a30711270a84b1ed55f3b582a9c4001d.jpg'><img loading=\"lazy\" decoding=\"async\" width=\"720\" height=\"960\" src=\"https:\/\/atauni.edu.tr\/eczacilik-fakultesi\/wp-content\/uploads\/sites\/58\/2020\/07\/a30711270a84b1ed55f3b582a9c4001d.jpg\" class=\"attachment-medium_large size-medium_large\" alt=\"\" srcset=\"https:\/\/atauni.edu.tr\/eczacilik-fakultesi\/wp-content\/uploads\/sites\/58\/2020\/07\/a30711270a84b1ed55f3b582a9c4001d.jpg 720w, https:\/\/atauni.edu.tr\/eczacilik-fakultesi\/wp-content\/uploads\/sites\/58\/2020\/07\/a30711270a84b1ed55f3b582a9c4001d-225x300.jpg 225w, https:\/\/atauni.edu.tr\/eczacilik-fakultesi\/wp-content\/uploads\/sites\/58\/2020\/07\/a30711270a84b1ed55f3b582a9c4001d-450x600.jpg 450w, https:\/\/atauni.edu.tr\/eczacilik-fakultesi\/wp-content\/uploads\/sites\/58\/2020\/07\/a30711270a84b1ed55f3b582a9c4001d-420x560.jpg 420w\" sizes=\"(max-width: 720px) 100vw, 720px\" \/><\/a>\n\t\t\t<\/dt><\/dl>\n\t\t\t<br style='clear: both' \/>\n\t\t<\/div>\n\t\t<\/div>\n\t\t\t\t\t\t<\/div>\n\t\t\t\t<\/div>\n\t\t\t\t\t<\/div>\n\t\t<\/div>\n\t\t\t\t\t<\/div>\n\t\t<\/section>\n\t\t\t\t<\/div>\n\t\t","protected":false},"excerpt":{"rendered":"<p>Bir etkinli\u011fimizi daha ba\u015far\u0131yla tamamlad\u0131k&#8230; Atat\u00fcrk \u00dcniversitesi Eczac\u0131l\u0131k Fak\u00fcltesi ve Di\u015f Hekimli\u011fi Fak\u00fcltesi taraf\u0131ndan T.C. \u0130la\u00e7 ve T\u0131bbi Cihaz Kurumunun (T\u0130TCK) katk\u0131lar\u0131yla 24 Mart 2017 tarihinde Kozmetik Sempozyumu -A\u011f\u0131z Bak\u0131m \u00dcr\u00fcnleri ger\u00e7ekle\u015ftirildi. Bu sempozyumun ana gayesi Eczac\u0131l\u0131k Fak\u00fcltesi ve Di\u015f Hekimli\u011fi Fak\u00fcltesi \u00f6\u011fretim \u00fcyeleri ve \u00f6\u011frencilerinin A\u011f\u0131z Bak\u0131m \u00dcr\u00fcnlerinin Kozmetik A\u00e7\u0131dan \u00d6nemini Vurgulamak ve T\u0130TCK [&hellip;]<\/p>\n","protected":false},"author":47,"featured_media":0,"parent":0,"menu_order":0,"comment_status":"closed","ping_status":"closed","template":"","meta":{"footnotes":""},"class_list":["post-7445","page","type-page","status-publish","hentry"],"_links":{"self":[{"href":"https:\/\/atauni.edu.tr\/eczacilik-fakultesi\/wp-json\/wp\/v2\/pages\/7445","targetHints":{"allow":["GET"]}}],"collection":[{"href":"https:\/\/atauni.edu.tr\/eczacilik-fakultesi\/wp-json\/wp\/v2\/pages"}],"about":[{"href":"https:\/\/atauni.edu.tr\/eczacilik-fakultesi\/wp-json\/wp\/v2\/types\/page"}],"author":[{"embeddable":true,"href":"https:\/\/atauni.edu.tr\/eczacilik-fakultesi\/wp-json\/wp\/v2\/users\/47"}],"replies":[{"embeddable":true,"href":"https:\/\/atauni.edu.tr\/eczacilik-fakultesi\/wp-json\/wp\/v2\/comments?post=7445"}],"version-history":[{"count":7,"href":"https:\/\/atauni.edu.tr\/eczacilik-fakultesi\/wp-json\/wp\/v2\/pages\/7445\/revisions"}],"predecessor-version":[{"id":7547,"href":"https:\/\/atauni.edu.tr\/eczacilik-fakultesi\/wp-json\/wp\/v2\/pages\/7445\/revisions\/7547"}],"wp:attachment":[{"href":"https:\/\/atauni.edu.tr\/eczacilik-fakultesi\/wp-json\/wp\/v2\/media?parent=7445"}],"curies":[{"name":"wp","href":"https:\/\/api.w.org\/{rel}","templated":true}]}}