{"id":7454,"date":"2021-10-21T16:06:23","date_gmt":"2021-10-21T13:06:23","guid":{"rendered":"http:\/\/birimler.atauni.edu.tr\/eczacilik-fakultesi\/?page_id=7454"},"modified":"2021-10-21T16:10:02","modified_gmt":"2021-10-21T13:10:02","slug":"drd-2017-kongresi","status":"publish","type":"page","link":"https:\/\/atauni.edu.tr\/eczacilik-fakultesi\/drd-2017-kongresi\/","title":{"rendered":"DRD 2017 KONGRES\u0130"},"content":{"rendered":"\t\t<div data-elementor-type=\"wp-page\" data-elementor-id=\"7454\" class=\"elementor elementor-7454\" data-elementor-post-type=\"page\">\n\t\t\t\t\t\t<section class=\"elementor-section elementor-top-section elementor-element elementor-element-8f442e0 elementor-section-boxed elementor-section-height-default elementor-section-height-default\" data-id=\"8f442e0\" data-element_type=\"section\">\n\t\t\t\t\t\t<div class=\"elementor-container elementor-column-gap-default\">\n\t\t\t\t\t<div class=\"elementor-column elementor-col-100 elementor-top-column elementor-element elementor-element-fae4c95\" data-id=\"fae4c95\" data-element_type=\"column\">\n\t\t\t<div class=\"elementor-widget-wrap elementor-element-populated\">\n\t\t\t\t\t\t<div class=\"elementor-element elementor-element-7865821 elementor-widget elementor-widget-text-editor\" data-id=\"7865821\" data-element_type=\"widget\" data-widget_type=\"text-editor.default\">\n\t\t\t\t<div class=\"elementor-widget-container\">\n\t\t\t\t\t\t\t\t\t<p>5-7 Ekim 2017 tarihlerinde ILARUD ve Atat\u00fcrk \u00dcniversitesi Eczac\u0131l\u0131k Fak\u00fcltesi i\u015fbirli\u011fiyle Kardiyovask\u00fcler \u0130la\u00e7lar ana temal\u0131 \u201cInternational Multidisiplinary Symposium on Drug Research and Development (DRD 2017)\u201d Uluslararas\u0131 Eczac\u0131l\u0131k Sempozyumu Atat\u00fcrk \u00dcniversitesi Nenehatun Kongre Merkezi&#8217;nde ger\u00e7ekle\u015ftirildi.<\/p><p>2011\u2019den beri T\u00fcrkiye\u2019nin d\u00f6rt bir yan\u0131ndan ve yurt d\u0131\u015f\u0131ndan ara\u015ft\u0131rmac\u0131lar\u0131, akademisyenleri, eczac\u0131l\u0131k fak\u00fcltesinde okuyan \u00f6\u011frencileri, profesyonelleri, sekt\u00f6r\u00fcn de\u011ferli payda\u015flar\u0131n\u0131 ve mesle\u011fe ilgi duyan herkesi bir araya getirerek hem sosyal hem de akademik anlamda bilgi al\u0131\u015fveri\u015fi sa\u011flamak amac\u0131yla ILARUD her iki y\u0131lda bir farkl\u0131 \u00fcniversitelerdeki Eczac\u0131l\u0131k Fak\u00fclteleri ile birlikte \u201cInternational Multidisciplinary Symposium on Drug Research and Development (DRD)\u201d kongresini d\u00fczenlemektedir. \u00a0Erzurum\u2019da 3.s\u00fc ger\u00e7ekle\u015ftirilen kongrenin hedefi ila\u00e7lar\u0131n ara\u015ft\u0131r\u0131lmas\u0131, geli\u015ftirilmesi ve uygulama faaliyetlerinin geli\u015ftirilmesi olup bu konularda T\u00fcrkiye\u2019de ve yurt d\u0131\u015f\u0131nda \u00e7al\u0131\u015fan t\u00fcm \u00f6\u011fretim elemanlar\u0131n\u0131 ve \u00f6\u011frencilerini bir araya getirmeyi ve Erzurum\u2019un tarih\u00ee ve k\u00fclt\u00fcrel zenginliklerini tan\u0131tmay\u0131 ama\u00e7lanm\u0131\u015ft\u0131.<\/p>\t\t\t\t\t\t\t\t<\/div>\n\t\t\t\t<\/div>\n\t\t\t\t\t<\/div>\n\t\t<\/div>\n\t\t\t\t\t<\/div>\n\t\t<\/section>\n\t\t\t\t<section class=\"elementor-section elementor-top-section elementor-element elementor-element-01f2a70 elementor-section-boxed elementor-section-height-default elementor-section-height-default\" data-id=\"01f2a70\" data-element_type=\"section\">\n\t\t\t\t\t\t<div class=\"elementor-container elementor-column-gap-default\">\n\t\t\t\t\t<div class=\"elementor-column elementor-col-100 elementor-top-column elementor-element elementor-element-69cf0a2\" data-id=\"69cf0a2\" data-element_type=\"column\">\n\t\t\t<div class=\"elementor-widget-wrap elementor-element-populated\">\n\t\t\t\t\t\t<div class=\"elementor-element elementor-element-73d88e3 elementor-widget elementor-widget-button\" data-id=\"73d88e3\" data-element_type=\"widget\" data-widget_type=\"button.default\">\n\t\t\t\t<div class=\"elementor-widget-container\">\n\t\t\t\t\t\t\t\t\t<div class=\"elementor-button-wrapper\">\n\t\t\t\t\t<a class=\"elementor-button elementor-button-link elementor-size-sm elementor-animation-grow\" href=\"http:\/\/birimler.atauni.edu.tr\/eczacilik-fakultesi\/wp-content\/uploads\/sites\/58\/2020\/07\/program.pdf\">\n\t\t\t\t\t\t<span class=\"elementor-button-content-wrapper\">\n\t\t\t\t\t\t\t\t\t<span class=\"elementor-button-text\">DRD Kongresi Program\u0131 i\u00e7in t\u0131klay\u0131n\u0131z<\/span>\n\t\t\t\t\t<\/span>\n\t\t\t\t\t<\/a>\n\t\t\t\t<\/div>\n\t\t\t\t\t\t\t\t<\/div>\n\t\t\t\t<\/div>\n\t\t\t\t\t<\/div>\n\t\t<\/div>\n\t\t\t\t\t<\/div>\n\t\t<\/section>\n\t\t\t\t<section class=\"elementor-section elementor-top-section elementor-element elementor-element-0d73e9a elementor-section-boxed elementor-section-height-default elementor-section-height-default\" data-id=\"0d73e9a\" data-element_type=\"section\">\n\t\t\t\t\t\t<div class=\"elementor-container elementor-column-gap-default\">\n\t\t\t\t\t<div class=\"elementor-column elementor-col-100 elementor-top-column elementor-element elementor-element-423f305\" data-id=\"423f305\" data-element_type=\"column\">\n\t\t\t<div class=\"elementor-widget-wrap elementor-element-populated\">\n\t\t\t\t\t\t<div class=\"elementor-element elementor-element-f12ab97 elementor-arrows-position-inside elementor-pagination-position-outside elementor-widget elementor-widget-image-carousel\" data-id=\"f12ab97\" data-element_type=\"widget\" data-settings=\"{&quot;navigation&quot;:&quot;both&quot;,&quot;autoplay&quot;:&quot;yes&quot;,&quot;pause_on_hover&quot;:&quot;yes&quot;,&quot;pause_on_interaction&quot;:&quot;yes&quot;,&quot;autoplay_speed&quot;:5000,&quot;infinite&quot;:&quot;yes&quot;,&quot;speed&quot;:500}\" data-widget_type=\"image-carousel.default\">\n\t\t\t\t<div class=\"elementor-widget-container\">\n\t\t\t\t\t\t\t<div class=\"elementor-image-carousel-wrapper swiper\" role=\"region\" aria-roledescription=\"carousel\" aria-label=\"Resim D\u00f6ng\u00fcs\u00fc\" dir=\"ltr\">\n\t\t\t<div class=\"elementor-image-carousel swiper-wrapper\" aria-live=\"off\">\n\t\t\t\t\t\t\t\t<div class=\"swiper-slide\" role=\"group\" aria-roledescription=\"slide\" aria-label=\"1 \/ 4\"><figure class=\"swiper-slide-inner\"><img decoding=\"async\" class=\"swiper-slide-image\" src=\"https:\/\/atauni.edu.tr\/eczacilik-fakultesi\/wp-content\/uploads\/sites\/58\/2020\/07\/d45909443eb4e4e1d84ea98b45c37912-768x394.jpg\" alt=\"d45909443eb4e4e1d84ea98b45c37912\" \/><\/figure><\/div><div class=\"swiper-slide\" role=\"group\" aria-roledescription=\"slide\" aria-label=\"2 \/ 4\"><figure class=\"swiper-slide-inner\"><img decoding=\"async\" class=\"swiper-slide-image\" src=\"https:\/\/atauni.edu.tr\/eczacilik-fakultesi\/wp-content\/uploads\/sites\/58\/2020\/07\/ea6c6b7f81b27b18cf6fba87ae38e6a8-768x507.jpg\" alt=\"ea6c6b7f81b27b18cf6fba87ae38e6a8\" \/><\/figure><\/div><div class=\"swiper-slide\" role=\"group\" aria-roledescription=\"slide\" aria-label=\"3 \/ 4\"><figure class=\"swiper-slide-inner\"><img decoding=\"async\" class=\"swiper-slide-image\" src=\"https:\/\/atauni.edu.tr\/eczacilik-fakultesi\/wp-content\/uploads\/sites\/58\/2020\/07\/3a18a2c0dbd26661bce156f5a6b81e4f-768x505.jpg\" alt=\"3a18a2c0dbd26661bce156f5a6b81e4f\" \/><\/figure><\/div><div class=\"swiper-slide\" role=\"group\" aria-roledescription=\"slide\" aria-label=\"4 \/ 4\"><figure class=\"swiper-slide-inner\"><img decoding=\"async\" class=\"swiper-slide-image\" src=\"https:\/\/atauni.edu.tr\/eczacilik-fakultesi\/wp-content\/uploads\/sites\/58\/2020\/07\/e76f1eba18c337a5b155d38de3eee7fa-768x1137.jpg\" alt=\"e76f1eba18c337a5b155d38de3eee7fa\" \/><\/figure><\/div>\t\t\t<\/div>\n\t\t\t\t\t\t\t\t\t\t\t\t<div class=\"elementor-swiper-button elementor-swiper-button-prev\" role=\"button\" tabindex=\"0\">\n\t\t\t\t\t\t<i aria-hidden=\"true\" class=\"eicon-chevron-left\"><\/i>\t\t\t\t\t<\/div>\n\t\t\t\t\t<div class=\"elementor-swiper-button elementor-swiper-button-next\" role=\"button\" tabindex=\"0\">\n\t\t\t\t\t\t<i aria-hidden=\"true\" class=\"eicon-chevron-right\"><\/i>\t\t\t\t\t<\/div>\n\t\t\t\t\n\t\t\t\t\t\t\t\t\t<div class=\"swiper-pagination\"><\/div>\n\t\t\t\t\t\t\t\t\t<\/div>\n\t\t\t\t\t\t<\/div>\n\t\t\t\t<\/div>\n\t\t\t\t\t<\/div>\n\t\t<\/div>\n\t\t\t\t\t<\/div>\n\t\t<\/section>\n\t\t\t\t<\/div>\n\t\t","protected":false},"excerpt":{"rendered":"<p>5-7 Ekim 2017 tarihlerinde ILARUD ve Atat\u00fcrk \u00dcniversitesi Eczac\u0131l\u0131k Fak\u00fcltesi i\u015fbirli\u011fiyle Kardiyovask\u00fcler \u0130la\u00e7lar ana temal\u0131 \u201cInternational Multidisiplinary Symposium on Drug Research and Development (DRD 2017)\u201d Uluslararas\u0131 Eczac\u0131l\u0131k Sempozyumu Atat\u00fcrk \u00dcniversitesi Nenehatun Kongre Merkezi&#8217;nde ger\u00e7ekle\u015ftirildi. 2011\u2019den beri T\u00fcrkiye\u2019nin d\u00f6rt bir yan\u0131ndan ve yurt d\u0131\u015f\u0131ndan ara\u015ft\u0131rmac\u0131lar\u0131, akademisyenleri, eczac\u0131l\u0131k fak\u00fcltesinde okuyan \u00f6\u011frencileri, profesyonelleri, sekt\u00f6r\u00fcn de\u011ferli payda\u015flar\u0131n\u0131 ve mesle\u011fe [&hellip;]<\/p>\n","protected":false},"author":47,"featured_media":0,"parent":0,"menu_order":0,"comment_status":"closed","ping_status":"closed","template":"","meta":{"footnotes":""},"class_list":["post-7454","page","type-page","status-publish","hentry"],"_links":{"self":[{"href":"https:\/\/atauni.edu.tr\/eczacilik-fakultesi\/wp-json\/wp\/v2\/pages\/7454","targetHints":{"allow":["GET"]}}],"collection":[{"href":"https:\/\/atauni.edu.tr\/eczacilik-fakultesi\/wp-json\/wp\/v2\/pages"}],"about":[{"href":"https:\/\/atauni.edu.tr\/eczacilik-fakultesi\/wp-json\/wp\/v2\/types\/page"}],"author":[{"embeddable":true,"href":"https:\/\/atauni.edu.tr\/eczacilik-fakultesi\/wp-json\/wp\/v2\/users\/47"}],"replies":[{"embeddable":true,"href":"https:\/\/atauni.edu.tr\/eczacilik-fakultesi\/wp-json\/wp\/v2\/comments?post=7454"}],"version-history":[{"count":7,"href":"https:\/\/atauni.edu.tr\/eczacilik-fakultesi\/wp-json\/wp\/v2\/pages\/7454\/revisions"}],"predecessor-version":[{"id":7468,"href":"https:\/\/atauni.edu.tr\/eczacilik-fakultesi\/wp-json\/wp\/v2\/pages\/7454\/revisions\/7468"}],"wp:attachment":[{"href":"https:\/\/atauni.edu.tr\/eczacilik-fakultesi\/wp-json\/wp\/v2\/media?parent=7454"}],"curies":[{"name":"wp","href":"https:\/\/api.w.org\/{rel}","templated":true}]}}