{"id":7469,"date":"2021-10-21T16:11:36","date_gmt":"2021-10-21T13:11:36","guid":{"rendered":"http:\/\/birimler.atauni.edu.tr\/eczacilik-fakultesi\/?page_id=7469"},"modified":"2021-10-21T16:13:02","modified_gmt":"2021-10-21T13:13:02","slug":"farmakon-2017-ogrenci-kongresi","status":"publish","type":"page","link":"https:\/\/atauni.edu.tr\/eczacilik-fakultesi\/farmakon-2017-ogrenci-kongresi\/","title":{"rendered":"FARMAKON 2017 \u00d6\u011eRENC\u0130 KONGRES\u0130"},"content":{"rendered":"\t\t<div data-elementor-type=\"wp-page\" data-elementor-id=\"7469\" class=\"elementor elementor-7469\" data-elementor-post-type=\"page\">\n\t\t\t\t\t\t<section class=\"elementor-section elementor-top-section elementor-element elementor-element-4d0d07a elementor-section-boxed elementor-section-height-default elementor-section-height-default\" data-id=\"4d0d07a\" data-element_type=\"section\">\n\t\t\t\t\t\t<div class=\"elementor-container elementor-column-gap-default\">\n\t\t\t\t\t<div class=\"elementor-column elementor-col-100 elementor-top-column elementor-element elementor-element-61721a3\" data-id=\"61721a3\" data-element_type=\"column\">\n\t\t\t<div class=\"elementor-widget-wrap elementor-element-populated\">\n\t\t\t\t\t\t<div class=\"elementor-element elementor-element-e8fcab8 elementor-widget elementor-widget-text-editor\" data-id=\"e8fcab8\" data-element_type=\"widget\" data-widget_type=\"text-editor.default\">\n\t\t\t\t<div class=\"elementor-widget-container\">\n\t\t\t\t\t\t\t\t\t<p>17-19 Mart 2017 tarihlerinde fak\u00fcltemiz \u00f6\u011frencileri taraf\u0131ndan &#8220;Farmakon 2017 Eczac\u0131l\u0131k \u00d6\u011frenci Kongresi&#8221; d\u00fczenlendi. Kongremize ba\u015fta \u00fclkemizin d\u00f6rt bir yan\u0131ndaki Eczac\u0131l\u0131k Fak\u00fcltelerinden \u00f6\u011frencilerimiz olmak \u00fczere kamu ve \u00f6zel sekt\u00f6rde g\u00f6rev yapan eczac\u0131lar, sekt\u00f6r temsilcileri, \u00fcreticiler, sekt\u00f6re hizmet veren ki\u015fi ve kurumlar\u0131n yan\u0131 s\u0131ra \u00fcniversitelerimizde eczac\u0131l\u0131k alan\u0131nda ara\u015ft\u0131rma yapan de\u011ferli bilim insanlar\u0131n\u0131n kat\u0131l\u0131m\u0131yla ger\u00e7ekle\u015ftirildi. Alan\u0131nda uzman olan konuklar\u0131m\u0131z\u0131 \u00fclkemizin eczac\u0131l\u0131k alan\u0131nda gelece\u011fi olan \u00f6\u011frencilerimiz ile bir araya getirerek fikir payla\u015f\u0131mlar\u0131nda bulunmalar\u0131n\u0131 sa\u011flamaktan mutluluk duymaktay\u0131z.<\/p><p>Kongremize kat\u0131lma nezaketini g\u00f6steren konu\u015fmac\u0131lar\u0131m\u0131z ba\u015fta olmak \u00fczere, T.C. Sa\u011fl\u0131k Bakanl\u0131\u011f\u0131 T\u00fcrkiye \u0130la\u00e7 ve T\u0131bbi Cihaz Kurumu yetkililerine, de\u011ferli akademisyenlerimize, ila\u00e7 sekt\u00f6r\u00fcn\u00fcn k\u0131ymetli temsilcilerine \u00e7ok te\u015fekk\u00fcr ediyoruz. Ayr\u0131ca, kongremizi olu\u015ftururken \u00f6zveri ile \u00e7al\u0131\u015fan t\u00fcm Atat\u00fcrk \u00dcniversitesi Eczac\u0131l\u0131k Fak\u00fcltesi ailesine, akademisyen arkada\u015flar\u0131m\u0131za ve \u00f6\u011frencilerimize de te\u015fekk\u00fcrlerimizi sunuyoruz.<\/p>\t\t\t\t\t\t\t\t<\/div>\n\t\t\t\t<\/div>\n\t\t\t\t\t<\/div>\n\t\t<\/div>\n\t\t\t\t\t<\/div>\n\t\t<\/section>\n\t\t\t\t<section class=\"elementor-section elementor-top-section elementor-element elementor-element-ab37884 elementor-section-boxed elementor-section-height-default elementor-section-height-default\" data-id=\"ab37884\" data-element_type=\"section\">\n\t\t\t\t\t\t<div class=\"elementor-container elementor-column-gap-default\">\n\t\t\t\t\t<div class=\"elementor-column elementor-col-100 elementor-top-column elementor-element elementor-element-38042ef\" data-id=\"38042ef\" data-element_type=\"column\">\n\t\t\t<div class=\"elementor-widget-wrap elementor-element-populated\">\n\t\t\t\t\t\t<div class=\"elementor-element elementor-element-b53e324 elementor-widget elementor-widget-image-gallery\" data-id=\"b53e324\" data-element_type=\"widget\" data-widget_type=\"image-gallery.default\">\n\t\t\t\t<div class=\"elementor-widget-container\">\n\t\t\t\t\t\t\t<div class=\"elementor-image-gallery\">\n\t\t\t\n\t\t<style type=\"text\/css\">\n\t\t\t#gallery-1 {\n\t\t\t\tmargin: auto;\n\t\t\t}\n\t\t\t#gallery-1 .gallery-item {\n\t\t\t\tfloat: left;\n\t\t\t\tmargin-top: 10px;\n\t\t\t\ttext-align: center;\n\t\t\t\twidth: 33%;\n\t\t\t}\n\t\t\t#gallery-1 img {\n\t\t\t\tborder: 2px solid #cfcfcf;\n\t\t\t}\n\t\t\t#gallery-1 .gallery-caption {\n\t\t\t\tmargin-left: 0;\n\t\t\t}\n\t\t\t\/* see gallery_shortcode() in wp-includes\/media.php *\/\n\t\t<\/style>\n\t\t<div id='gallery-1' class='gallery galleryid-7469 gallery-columns-3 gallery-size-medium_large'><dl class='gallery-item'>\n\t\t\t<dt class='gallery-icon landscape'>\n\t\t\t\t<a data-elementor-open-lightbox=\"yes\" data-elementor-lightbox-slideshow=\"b53e324\" data-elementor-lightbox-title=\"4ce190d181ac68e9ef8153ffa1e27cb4\" data-e-action-hash=\"#elementor-action%3Aaction%3Dlightbox%26settings%3DeyJpZCI6NzQ3MSwidXJsIjoiaHR0cHM6XC9cL2F0YXVuaS5lZHUudHJcL2VjemFjaWxpay1mYWt1bHRlc2lcL3dwLWNvbnRlbnRcL3VwbG9hZHNcL3NpdGVzXC81OFwvMjAyMFwvMDdcLzRjZTE5MGQxODFhYzY4ZTllZjgxNTNmZmExZTI3Y2I0LmpwZyIsInNsaWRlc2hvdyI6ImI1M2UzMjQifQ%3D%3D\" href='https:\/\/atauni.edu.tr\/eczacilik-fakultesi\/wp-content\/uploads\/sites\/58\/2020\/07\/4ce190d181ac68e9ef8153ffa1e27cb4.jpg'><img fetchpriority=\"high\" decoding=\"async\" width=\"768\" height=\"549\" src=\"https:\/\/atauni.edu.tr\/eczacilik-fakultesi\/wp-content\/uploads\/sites\/58\/2020\/07\/4ce190d181ac68e9ef8153ffa1e27cb4-768x549.jpg\" class=\"attachment-medium_large size-medium_large\" alt=\"\" srcset=\"https:\/\/atauni.edu.tr\/eczacilik-fakultesi\/wp-content\/uploads\/sites\/58\/2020\/07\/4ce190d181ac68e9ef8153ffa1e27cb4-768x549.jpg 768w, https:\/\/atauni.edu.tr\/eczacilik-fakultesi\/wp-content\/uploads\/sites\/58\/2020\/07\/4ce190d181ac68e9ef8153ffa1e27cb4-300x214.jpg 300w, https:\/\/atauni.edu.tr\/eczacilik-fakultesi\/wp-content\/uploads\/sites\/58\/2020\/07\/4ce190d181ac68e9ef8153ffa1e27cb4-600x429.jpg 600w, https:\/\/atauni.edu.tr\/eczacilik-fakultesi\/wp-content\/uploads\/sites\/58\/2020\/07\/4ce190d181ac68e9ef8153ffa1e27cb4-560x400.jpg 560w, https:\/\/atauni.edu.tr\/eczacilik-fakultesi\/wp-content\/uploads\/sites\/58\/2020\/07\/4ce190d181ac68e9ef8153ffa1e27cb4.jpg 960w\" sizes=\"(max-width: 768px) 100vw, 768px\" \/><\/a>\n\t\t\t<\/dt><\/dl><dl class='gallery-item'>\n\t\t\t<dt class='gallery-icon landscape'>\n\t\t\t\t<a data-elementor-open-lightbox=\"yes\" data-elementor-lightbox-slideshow=\"b53e324\" data-elementor-lightbox-title=\"2dce49e6724a833ff738fedaf3045cc3\" data-e-action-hash=\"#elementor-action%3Aaction%3Dlightbox%26settings%3DeyJpZCI6NzQ3MiwidXJsIjoiaHR0cHM6XC9cL2F0YXVuaS5lZHUudHJcL2VjemFjaWxpay1mYWt1bHRlc2lcL3dwLWNvbnRlbnRcL3VwbG9hZHNcL3NpdGVzXC81OFwvMjAyMFwvMDdcLzJkY2U0OWU2NzI0YTgzM2ZmNzM4ZmVkYWYzMDQ1Y2MzLmpwZyIsInNsaWRlc2hvdyI6ImI1M2UzMjQifQ%3D%3D\" href='https:\/\/atauni.edu.tr\/eczacilik-fakultesi\/wp-content\/uploads\/sites\/58\/2020\/07\/2dce49e6724a833ff738fedaf3045cc3.jpg'><img decoding=\"async\" width=\"362\" height=\"270\" src=\"https:\/\/atauni.edu.tr\/eczacilik-fakultesi\/wp-content\/uploads\/sites\/58\/2020\/07\/2dce49e6724a833ff738fedaf3045cc3.jpg\" class=\"attachment-medium_large size-medium_large\" alt=\"\" srcset=\"https:\/\/atauni.edu.tr\/eczacilik-fakultesi\/wp-content\/uploads\/sites\/58\/2020\/07\/2dce49e6724a833ff738fedaf3045cc3.jpg 362w, https:\/\/atauni.edu.tr\/eczacilik-fakultesi\/wp-content\/uploads\/sites\/58\/2020\/07\/2dce49e6724a833ff738fedaf3045cc3-300x224.jpg 300w\" sizes=\"(max-width: 362px) 100vw, 362px\" \/><\/a>\n\t\t\t<\/dt><\/dl><dl class='gallery-item'>\n\t\t\t<dt class='gallery-icon landscape'>\n\t\t\t\t<a data-elementor-open-lightbox=\"yes\" data-elementor-lightbox-slideshow=\"b53e324\" data-elementor-lightbox-title=\"8d36ca4393b94da107e357d1f8ca5f92\" data-e-action-hash=\"#elementor-action%3Aaction%3Dlightbox%26settings%3DeyJpZCI6NzQ3MywidXJsIjoiaHR0cHM6XC9cL2F0YXVuaS5lZHUudHJcL2VjemFjaWxpay1mYWt1bHRlc2lcL3dwLWNvbnRlbnRcL3VwbG9hZHNcL3NpdGVzXC81OFwvMjAyMFwvMDdcLzhkMzZjYTQzOTNiOTRkYTEwN2UzNTdkMWY4Y2E1ZjkyLXNjYWxlZC5qcGciLCJzbGlkZXNob3ciOiJiNTNlMzI0In0%3D\" href='https:\/\/atauni.edu.tr\/eczacilik-fakultesi\/wp-content\/uploads\/sites\/58\/2020\/07\/8d36ca4393b94da107e357d1f8ca5f92-scaled.jpg'><img decoding=\"async\" width=\"768\" height=\"576\" src=\"https:\/\/atauni.edu.tr\/eczacilik-fakultesi\/wp-content\/uploads\/sites\/58\/2020\/07\/8d36ca4393b94da107e357d1f8ca5f92-768x576.jpg\" class=\"attachment-medium_large size-medium_large\" alt=\"\" srcset=\"https:\/\/atauni.edu.tr\/eczacilik-fakultesi\/wp-content\/uploads\/sites\/58\/2020\/07\/8d36ca4393b94da107e357d1f8ca5f92-768x576.jpg 768w, https:\/\/atauni.edu.tr\/eczacilik-fakultesi\/wp-content\/uploads\/sites\/58\/2020\/07\/8d36ca4393b94da107e357d1f8ca5f92-300x225.jpg 300w, https:\/\/atauni.edu.tr\/eczacilik-fakultesi\/wp-content\/uploads\/sites\/58\/2020\/07\/8d36ca4393b94da107e357d1f8ca5f92-1024x768.jpg 1024w, https:\/\/atauni.edu.tr\/eczacilik-fakultesi\/wp-content\/uploads\/sites\/58\/2020\/07\/8d36ca4393b94da107e357d1f8ca5f92-1536x1152.jpg 1536w, https:\/\/atauni.edu.tr\/eczacilik-fakultesi\/wp-content\/uploads\/sites\/58\/2020\/07\/8d36ca4393b94da107e357d1f8ca5f92-2048x1536.jpg 2048w, https:\/\/atauni.edu.tr\/eczacilik-fakultesi\/wp-content\/uploads\/sites\/58\/2020\/07\/8d36ca4393b94da107e357d1f8ca5f92-600x450.jpg 600w, https:\/\/atauni.edu.tr\/eczacilik-fakultesi\/wp-content\/uploads\/sites\/58\/2020\/07\/8d36ca4393b94da107e357d1f8ca5f92-560x420.jpg 560w\" sizes=\"(max-width: 768px) 100vw, 768px\" \/><\/a>\n\t\t\t<\/dt><\/dl><br style=\"clear: both\" \/>\n\t\t<\/div>\n\t\t<\/div>\n\t\t\t\t\t\t<\/div>\n\t\t\t\t<\/div>\n\t\t\t\t\t<\/div>\n\t\t<\/div>\n\t\t\t\t\t<\/div>\n\t\t<\/section>\n\t\t\t\t<\/div>\n\t\t","protected":false},"excerpt":{"rendered":"<p>17-19 Mart 2017 tarihlerinde fak\u00fcltemiz \u00f6\u011frencileri taraf\u0131ndan &#8220;Farmakon 2017 Eczac\u0131l\u0131k \u00d6\u011frenci Kongresi&#8221; d\u00fczenlendi. Kongremize ba\u015fta \u00fclkemizin d\u00f6rt bir yan\u0131ndaki Eczac\u0131l\u0131k Fak\u00fcltelerinden \u00f6\u011frencilerimiz olmak \u00fczere kamu ve \u00f6zel sekt\u00f6rde g\u00f6rev yapan eczac\u0131lar, sekt\u00f6r temsilcileri, \u00fcreticiler, sekt\u00f6re hizmet veren ki\u015fi ve kurumlar\u0131n yan\u0131 s\u0131ra \u00fcniversitelerimizde eczac\u0131l\u0131k alan\u0131nda ara\u015ft\u0131rma yapan de\u011ferli bilim insanlar\u0131n\u0131n kat\u0131l\u0131m\u0131yla ger\u00e7ekle\u015ftirildi. Alan\u0131nda uzman olan [&hellip;]<\/p>\n","protected":false},"author":47,"featured_media":0,"parent":0,"menu_order":0,"comment_status":"closed","ping_status":"closed","template":"","meta":{"footnotes":""},"class_list":["post-7469","page","type-page","status-publish","hentry"],"_links":{"self":[{"href":"https:\/\/atauni.edu.tr\/eczacilik-fakultesi\/wp-json\/wp\/v2\/pages\/7469","targetHints":{"allow":["GET"]}}],"collection":[{"href":"https:\/\/atauni.edu.tr\/eczacilik-fakultesi\/wp-json\/wp\/v2\/pages"}],"about":[{"href":"https:\/\/atauni.edu.tr\/eczacilik-fakultesi\/wp-json\/wp\/v2\/types\/page"}],"author":[{"embeddable":true,"href":"https:\/\/atauni.edu.tr\/eczacilik-fakultesi\/wp-json\/wp\/v2\/users\/47"}],"replies":[{"embeddable":true,"href":"https:\/\/atauni.edu.tr\/eczacilik-fakultesi\/wp-json\/wp\/v2\/comments?post=7469"}],"version-history":[{"count":4,"href":"https:\/\/atauni.edu.tr\/eczacilik-fakultesi\/wp-json\/wp\/v2\/pages\/7469\/revisions"}],"predecessor-version":[{"id":7476,"href":"https:\/\/atauni.edu.tr\/eczacilik-fakultesi\/wp-json\/wp\/v2\/pages\/7469\/revisions\/7476"}],"wp:attachment":[{"href":"https:\/\/atauni.edu.tr\/eczacilik-fakultesi\/wp-json\/wp\/v2\/media?parent=7469"}],"curies":[{"name":"wp","href":"https:\/\/api.w.org\/{rel}","templated":true}]}}