{"id":7634,"date":"2021-10-21T16:58:26","date_gmt":"2021-10-21T13:58:26","guid":{"rendered":"http:\/\/birimler.atauni.edu.tr\/eczacilik-fakultesi\/?page_id=7634"},"modified":"2021-10-21T16:59:22","modified_gmt":"2021-10-21T13:59:22","slug":"14-mayis-2018-eczacilik-gunu-kutlamasi","status":"publish","type":"page","link":"https:\/\/atauni.edu.tr\/eczacilik-fakultesi\/14-mayis-2018-eczacilik-gunu-kutlamasi\/","title":{"rendered":"14 MAYIS 2018 ECZACILIK G\u00dcN\u00dc KUTLAMASI"},"content":{"rendered":"\t\t<div data-elementor-type=\"wp-page\" data-elementor-id=\"7634\" class=\"elementor elementor-7634\" data-elementor-post-type=\"page\">\n\t\t\t\t\t\t<section class=\"elementor-section elementor-top-section elementor-element elementor-element-d1b0347 elementor-section-boxed elementor-section-height-default elementor-section-height-default\" data-id=\"d1b0347\" data-element_type=\"section\">\n\t\t\t\t\t\t<div class=\"elementor-container elementor-column-gap-default\">\n\t\t\t\t\t<div class=\"elementor-column elementor-col-100 elementor-top-column elementor-element elementor-element-41a2566\" data-id=\"41a2566\" data-element_type=\"column\">\n\t\t\t<div class=\"elementor-widget-wrap elementor-element-populated\">\n\t\t\t\t\t\t<div class=\"elementor-element elementor-element-0b5a7f3 elementor-widget elementor-widget-text-editor\" data-id=\"0b5a7f3\" data-element_type=\"widget\" data-widget_type=\"text-editor.default\">\n\t\t\t\t<div class=\"elementor-widget-container\">\n\t\t\t\t\t\t\t\t\t<p>14 May\u0131s 2018 tarihinde Eczac\u0131l\u0131k G\u00fcn\u00fc Kutlamas\u0131 yap\u0131ld\u0131. Eczac\u0131l\u0131k G\u00fcn\u00fc kutlamas\u0131nda 2017 y\u0131l\u0131nda akademik unvan kazanan \u00f6\u011fretim \u00fcyelerine c\u00fcbbe giydirme, fak\u00fcltemiz y\u00fcksek onur \u00f6\u011frencilerine ba\u015far\u0131 belgesi takdimi yap\u0131ld\u0131. Daha sonra Prof. Dr. Y\u0131lmaz \u00c7APAN \u2018End\u00fcstri ve Akademik Eczac\u0131l\u0131k\u2019, Eczac\u0131 Erdal G\u00dcZEL \u2018Serbest Eczac\u0131l\u0131k\u2019,\u00a0\u00a0Ecz. Hilal B\u00dcT\u00dcN \u2018Sosyal G\u00fcvenlik Kurumunda Eczac\u0131l\u0131k\u2019 temal\u0131 panel d\u00fczenlendi.\u00a0<\/p>\t\t\t\t\t\t\t\t<\/div>\n\t\t\t\t<\/div>\n\t\t\t\t\t<\/div>\n\t\t<\/div>\n\t\t\t\t\t<\/div>\n\t\t<\/section>\n\t\t\t\t<section class=\"elementor-section elementor-top-section elementor-element elementor-element-65d4265 elementor-section-boxed elementor-section-height-default elementor-section-height-default\" data-id=\"65d4265\" data-element_type=\"section\">\n\t\t\t\t\t\t<div class=\"elementor-container elementor-column-gap-default\">\n\t\t\t\t\t<div class=\"elementor-column elementor-col-100 elementor-top-column elementor-element elementor-element-6061181\" data-id=\"6061181\" data-element_type=\"column\">\n\t\t\t<div class=\"elementor-widget-wrap elementor-element-populated\">\n\t\t\t\t\t\t<div class=\"elementor-element elementor-element-c944a39 elementor-widget elementor-widget-image-gallery\" data-id=\"c944a39\" data-element_type=\"widget\" data-widget_type=\"image-gallery.default\">\n\t\t\t\t<div class=\"elementor-widget-container\">\n\t\t\t\t\t\t\t<div class=\"elementor-image-gallery\">\n\t\t\t\n\t\t<style type=\"text\/css\">\n\t\t\t#gallery-1 {\n\t\t\t\tmargin: auto;\n\t\t\t}\n\t\t\t#gallery-1 .gallery-item {\n\t\t\t\tfloat: left;\n\t\t\t\tmargin-top: 10px;\n\t\t\t\ttext-align: center;\n\t\t\t\twidth: 50%;\n\t\t\t}\n\t\t\t#gallery-1 img {\n\t\t\t\tborder: 2px solid #cfcfcf;\n\t\t\t}\n\t\t\t#gallery-1 .gallery-caption {\n\t\t\t\tmargin-left: 0;\n\t\t\t}\n\t\t\t\/* see gallery_shortcode() in wp-includes\/media.php *\/\n\t\t<\/style>\n\t\t<div id='gallery-1' class='gallery galleryid-7634 gallery-columns-2 gallery-size-medium_large'><dl class='gallery-item'>\n\t\t\t<dt class='gallery-icon landscape'>\n\t\t\t\t<a data-elementor-open-lightbox=\"yes\" data-elementor-lightbox-slideshow=\"c944a39\" data-elementor-lightbox-title=\"e0dc4b71a22644835b3d02646dc962fe\" data-e-action-hash=\"#elementor-action%3Aaction%3Dlightbox%26settings%3DeyJpZCI6NzYzNiwidXJsIjoiaHR0cHM6XC9cL2F0YXVuaS5lZHUudHJcL2VjemFjaWxpay1mYWt1bHRlc2lcL3dwLWNvbnRlbnRcL3VwbG9hZHNcL3NpdGVzXC81OFwvMjAyMFwvMDdcL2UwZGM0YjcxYTIyNjQ0ODM1YjNkMDI2NDZkYzk2MmZlLmpwZyIsInNsaWRlc2hvdyI6ImM5NDRhMzkifQ%3D%3D\" href='https:\/\/atauni.edu.tr\/eczacilik-fakultesi\/wp-content\/uploads\/sites\/58\/2020\/07\/e0dc4b71a22644835b3d02646dc962fe.jpg'><img fetchpriority=\"high\" decoding=\"async\" width=\"768\" height=\"343\" src=\"https:\/\/atauni.edu.tr\/eczacilik-fakultesi\/wp-content\/uploads\/sites\/58\/2020\/07\/e0dc4b71a22644835b3d02646dc962fe-768x343.jpg\" class=\"attachment-medium_large size-medium_large\" alt=\"\" srcset=\"https:\/\/atauni.edu.tr\/eczacilik-fakultesi\/wp-content\/uploads\/sites\/58\/2020\/07\/e0dc4b71a22644835b3d02646dc962fe-768x343.jpg 768w, https:\/\/atauni.edu.tr\/eczacilik-fakultesi\/wp-content\/uploads\/sites\/58\/2020\/07\/e0dc4b71a22644835b3d02646dc962fe-300x134.jpg 300w, https:\/\/atauni.edu.tr\/eczacilik-fakultesi\/wp-content\/uploads\/sites\/58\/2020\/07\/e0dc4b71a22644835b3d02646dc962fe-1024x457.jpg 1024w, https:\/\/atauni.edu.tr\/eczacilik-fakultesi\/wp-content\/uploads\/sites\/58\/2020\/07\/e0dc4b71a22644835b3d02646dc962fe-600x268.jpg 600w, https:\/\/atauni.edu.tr\/eczacilik-fakultesi\/wp-content\/uploads\/sites\/58\/2020\/07\/e0dc4b71a22644835b3d02646dc962fe-560x250.jpg 560w, https:\/\/atauni.edu.tr\/eczacilik-fakultesi\/wp-content\/uploads\/sites\/58\/2020\/07\/e0dc4b71a22644835b3d02646dc962fe.jpg 1386w\" sizes=\"(max-width: 768px) 100vw, 768px\" \/><\/a>\n\t\t\t<\/dt><\/dl><dl class='gallery-item'>\n\t\t\t<dt class='gallery-icon landscape'>\n\t\t\t\t<a data-elementor-open-lightbox=\"yes\" data-elementor-lightbox-slideshow=\"c944a39\" data-elementor-lightbox-title=\"f134206474a443f45d0c1ea1e7d823bf\" data-e-action-hash=\"#elementor-action%3Aaction%3Dlightbox%26settings%3DeyJpZCI6NzYzNywidXJsIjoiaHR0cHM6XC9cL2F0YXVuaS5lZHUudHJcL2VjemFjaWxpay1mYWt1bHRlc2lcL3dwLWNvbnRlbnRcL3VwbG9hZHNcL3NpdGVzXC81OFwvMjAyMFwvMDdcL2YxMzQyMDY0NzRhNDQzZjQ1ZDBjMWVhMWU3ZDgyM2JmLmpwZyIsInNsaWRlc2hvdyI6ImM5NDRhMzkifQ%3D%3D\" href='https:\/\/atauni.edu.tr\/eczacilik-fakultesi\/wp-content\/uploads\/sites\/58\/2020\/07\/f134206474a443f45d0c1ea1e7d823bf.jpg'><img decoding=\"async\" width=\"768\" height=\"257\" src=\"https:\/\/atauni.edu.tr\/eczacilik-fakultesi\/wp-content\/uploads\/sites\/58\/2020\/07\/f134206474a443f45d0c1ea1e7d823bf-768x257.jpg\" class=\"attachment-medium_large size-medium_large\" alt=\"\" srcset=\"https:\/\/atauni.edu.tr\/eczacilik-fakultesi\/wp-content\/uploads\/sites\/58\/2020\/07\/f134206474a443f45d0c1ea1e7d823bf-768x257.jpg 768w, https:\/\/atauni.edu.tr\/eczacilik-fakultesi\/wp-content\/uploads\/sites\/58\/2020\/07\/f134206474a443f45d0c1ea1e7d823bf-300x100.jpg 300w, https:\/\/atauni.edu.tr\/eczacilik-fakultesi\/wp-content\/uploads\/sites\/58\/2020\/07\/f134206474a443f45d0c1ea1e7d823bf-1024x343.jpg 1024w, https:\/\/atauni.edu.tr\/eczacilik-fakultesi\/wp-content\/uploads\/sites\/58\/2020\/07\/f134206474a443f45d0c1ea1e7d823bf-600x201.jpg 600w, https:\/\/atauni.edu.tr\/eczacilik-fakultesi\/wp-content\/uploads\/sites\/58\/2020\/07\/f134206474a443f45d0c1ea1e7d823bf-560x188.jpg 560w, https:\/\/atauni.edu.tr\/eczacilik-fakultesi\/wp-content\/uploads\/sites\/58\/2020\/07\/f134206474a443f45d0c1ea1e7d823bf.jpg 1526w\" sizes=\"(max-width: 768px) 100vw, 768px\" \/><\/a>\n\t\t\t<\/dt><\/dl><br style=\"clear: both\" \/>\n\t\t<\/div>\n\t\t<\/div>\n\t\t\t\t\t\t<\/div>\n\t\t\t\t<\/div>\n\t\t\t\t\t<\/div>\n\t\t<\/div>\n\t\t\t\t\t<\/div>\n\t\t<\/section>\n\t\t\t\t<\/div>\n\t\t","protected":false},"excerpt":{"rendered":"<p>14 May\u0131s 2018 tarihinde Eczac\u0131l\u0131k G\u00fcn\u00fc Kutlamas\u0131 yap\u0131ld\u0131. Eczac\u0131l\u0131k G\u00fcn\u00fc kutlamas\u0131nda 2017 y\u0131l\u0131nda akademik unvan kazanan \u00f6\u011fretim \u00fcyelerine c\u00fcbbe giydirme, fak\u00fcltemiz y\u00fcksek onur \u00f6\u011frencilerine ba\u015far\u0131 belgesi takdimi yap\u0131ld\u0131. Daha sonra Prof. Dr. Y\u0131lmaz \u00c7APAN \u2018End\u00fcstri ve Akademik Eczac\u0131l\u0131k\u2019, Eczac\u0131 Erdal G\u00dcZEL \u2018Serbest Eczac\u0131l\u0131k\u2019,\u00a0\u00a0Ecz. Hilal B\u00dcT\u00dcN \u2018Sosyal G\u00fcvenlik Kurumunda Eczac\u0131l\u0131k\u2019 temal\u0131 panel d\u00fczenlendi.\u00a0 #gallery-1 { margin: [&hellip;]<\/p>\n","protected":false},"author":47,"featured_media":0,"parent":0,"menu_order":0,"comment_status":"closed","ping_status":"closed","template":"","meta":{"footnotes":""},"class_list":["post-7634","page","type-page","status-publish","hentry"],"_links":{"self":[{"href":"https:\/\/atauni.edu.tr\/eczacilik-fakultesi\/wp-json\/wp\/v2\/pages\/7634","targetHints":{"allow":["GET"]}}],"collection":[{"href":"https:\/\/atauni.edu.tr\/eczacilik-fakultesi\/wp-json\/wp\/v2\/pages"}],"about":[{"href":"https:\/\/atauni.edu.tr\/eczacilik-fakultesi\/wp-json\/wp\/v2\/types\/page"}],"author":[{"embeddable":true,"href":"https:\/\/atauni.edu.tr\/eczacilik-fakultesi\/wp-json\/wp\/v2\/users\/47"}],"replies":[{"embeddable":true,"href":"https:\/\/atauni.edu.tr\/eczacilik-fakultesi\/wp-json\/wp\/v2\/comments?post=7634"}],"version-history":[{"count":4,"href":"https:\/\/atauni.edu.tr\/eczacilik-fakultesi\/wp-json\/wp\/v2\/pages\/7634\/revisions"}],"predecessor-version":[{"id":7640,"href":"https:\/\/atauni.edu.tr\/eczacilik-fakultesi\/wp-json\/wp\/v2\/pages\/7634\/revisions\/7640"}],"wp:attachment":[{"href":"https:\/\/atauni.edu.tr\/eczacilik-fakultesi\/wp-json\/wp\/v2\/media?parent=7634"}],"curies":[{"name":"wp","href":"https:\/\/api.w.org\/{rel}","templated":true}]}}