{"id":7641,"date":"2021-10-21T16:59:39","date_gmt":"2021-10-21T13:59:39","guid":{"rendered":"http:\/\/birimler.atauni.edu.tr\/eczacilik-fakultesi\/?page_id=7641"},"modified":"2021-10-21T17:03:05","modified_gmt":"2021-10-21T14:03:05","slug":"14-mayis-2019-etkinligi","status":"publish","type":"page","link":"https:\/\/atauni.edu.tr\/eczacilik-fakultesi\/14-mayis-2019-etkinligi\/","title":{"rendered":"14 MAYIS 2019 ETK\u0130NL\u0130\u011e\u0130"},"content":{"rendered":"\t\t<div data-elementor-type=\"wp-page\" data-elementor-id=\"7641\" class=\"elementor elementor-7641\" data-elementor-post-type=\"page\">\n\t\t\t\t\t\t<section class=\"elementor-section elementor-top-section elementor-element elementor-element-c12edda elementor-section-boxed elementor-section-height-default elementor-section-height-default\" data-id=\"c12edda\" data-element_type=\"section\">\n\t\t\t\t\t\t<div class=\"elementor-container elementor-column-gap-default\">\n\t\t\t\t\t<div class=\"elementor-column elementor-col-100 elementor-top-column elementor-element elementor-element-5cf3cc9\" data-id=\"5cf3cc9\" data-element_type=\"column\">\n\t\t\t<div class=\"elementor-widget-wrap elementor-element-populated\">\n\t\t\t\t\t\t<div class=\"elementor-element elementor-element-7e4c5dc elementor-widget elementor-widget-text-editor\" data-id=\"7e4c5dc\" data-element_type=\"widget\" data-widget_type=\"text-editor.default\">\n\t\t\t\t<div class=\"elementor-widget-container\">\n\t\t\t\t\t\t\t\t\t<p>14 May\u0131s 2019 \u00a0Rekt\u00f6r Yard\u0131mc\u0131s\u0131 Prof. Dr. Ayhan \u00c7EL\u0130K ve 13. B\u00f6lge Erzurum Ecza Odas\u0131 Yetkilileri, ERVAK Ba\u015fkan\u0131 Eczac\u0131 Erdal G\u00dcZEL, Eczac\u0131 Yavuz SAATC\u0130O\u011eLU, Akademisyenler ve \u00d6\u011frencilerin kat\u0131l\u0131m\u0131yla 14 May\u0131s Eczac\u0131l\u0131k G\u00fcn\u00fc kutlama t\u00f6reni yap\u0131ld\u0131. T\u00f6rende a\u00e7\u0131l\u0131\u015f konu\u015fmalar\u0131ndan sonra Eczac\u0131l\u0131k Fak\u00fcltesinde Akademik Y\u00fckselen \u00d6\u011fretim \u00dcyelerine C\u00fcppeleri Giydirildi.<br \/>Fak\u00fcltemizde 20 y\u0131l\u0131n\u0131 dolduran \u00f6\u011fretim \u00fcyelerine (Prof. Dr. Y\u00fccel KADIO\u011eLU, Prof. Dr. H. \u0130nci G\u00dcL, Prof. Dr. Z\u00fchal G\u00dcVENALP, Prof. Dr. Meltem \u00c7ET\u0130N) Plaket Takdimi Yap\u0131ld\u0131.\u00a0<\/p>\t\t\t\t\t\t\t\t<\/div>\n\t\t\t\t<\/div>\n\t\t\t\t\t<\/div>\n\t\t<\/div>\n\t\t\t\t\t<\/div>\n\t\t<\/section>\n\t\t\t\t<section class=\"elementor-section elementor-top-section elementor-element elementor-element-32b7236 elementor-section-boxed elementor-section-height-default elementor-section-height-default\" data-id=\"32b7236\" data-element_type=\"section\">\n\t\t\t\t\t\t<div class=\"elementor-container elementor-column-gap-default\">\n\t\t\t\t\t<div class=\"elementor-column elementor-col-100 elementor-top-column elementor-element elementor-element-7fd845a\" data-id=\"7fd845a\" data-element_type=\"column\">\n\t\t\t<div class=\"elementor-widget-wrap elementor-element-populated\">\n\t\t\t\t\t\t<div class=\"elementor-element elementor-element-880ab38 elementor-arrows-position-inside elementor-pagination-position-outside elementor-widget elementor-widget-image-carousel\" data-id=\"880ab38\" data-element_type=\"widget\" data-settings=\"{&quot;navigation&quot;:&quot;both&quot;,&quot;autoplay&quot;:&quot;yes&quot;,&quot;pause_on_hover&quot;:&quot;yes&quot;,&quot;pause_on_interaction&quot;:&quot;yes&quot;,&quot;autoplay_speed&quot;:5000,&quot;infinite&quot;:&quot;yes&quot;,&quot;speed&quot;:500}\" data-widget_type=\"image-carousel.default\">\n\t\t\t\t<div class=\"elementor-widget-container\">\n\t\t\t\t\t\t\t<div class=\"elementor-image-carousel-wrapper swiper\" role=\"region\" aria-roledescription=\"carousel\" aria-label=\"Resim D\u00f6ng\u00fcs\u00fc\" dir=\"ltr\">\n\t\t\t<div class=\"elementor-image-carousel swiper-wrapper\" aria-live=\"off\">\n\t\t\t\t\t\t\t\t<div class=\"swiper-slide\" role=\"group\" aria-roledescription=\"slide\" aria-label=\"1 \/ 9\"><figure class=\"swiper-slide-inner\"><img decoding=\"async\" class=\"swiper-slide-image\" src=\"https:\/\/atauni.edu.tr\/eczacilik-fakultesi\/wp-content\/uploads\/sites\/58\/2020\/07\/fc953cb6bef0d9a58763ac6a3f57925c-768x512.jpg\" alt=\"fc953cb6bef0d9a58763ac6a3f57925c\" \/><\/figure><\/div><div class=\"swiper-slide\" role=\"group\" aria-roledescription=\"slide\" aria-label=\"2 \/ 9\"><figure class=\"swiper-slide-inner\"><img decoding=\"async\" class=\"swiper-slide-image\" src=\"https:\/\/atauni.edu.tr\/eczacilik-fakultesi\/wp-content\/uploads\/sites\/58\/2020\/07\/4c4bbce9c192c01b09469335dee05dd3-768x512.jpg\" alt=\"4c4bbce9c192c01b09469335dee05dd3\" \/><\/figure><\/div><div class=\"swiper-slide\" role=\"group\" aria-roledescription=\"slide\" aria-label=\"3 \/ 9\"><figure class=\"swiper-slide-inner\"><img decoding=\"async\" class=\"swiper-slide-image\" src=\"https:\/\/atauni.edu.tr\/eczacilik-fakultesi\/wp-content\/uploads\/sites\/58\/2020\/07\/fd8a334bba2ddf22ee2a7b8d060cecf4-768x512.jpg\" alt=\"fd8a334bba2ddf22ee2a7b8d060cecf4\" \/><\/figure><\/div><div class=\"swiper-slide\" role=\"group\" aria-roledescription=\"slide\" aria-label=\"4 \/ 9\"><figure class=\"swiper-slide-inner\"><img decoding=\"async\" class=\"swiper-slide-image\" src=\"https:\/\/atauni.edu.tr\/eczacilik-fakultesi\/wp-content\/uploads\/sites\/58\/2020\/07\/c4430dc7a705284a9a41f71208853184-768x512.jpg\" alt=\"c4430dc7a705284a9a41f71208853184\" \/><\/figure><\/div><div class=\"swiper-slide\" role=\"group\" aria-roledescription=\"slide\" aria-label=\"5 \/ 9\"><figure class=\"swiper-slide-inner\"><img decoding=\"async\" class=\"swiper-slide-image\" src=\"https:\/\/atauni.edu.tr\/eczacilik-fakultesi\/wp-content\/uploads\/sites\/58\/2020\/07\/ad2f7ba03f75949878d923c0d2af90b3-768x512.jpg\" alt=\"ad2f7ba03f75949878d923c0d2af90b3\" \/><\/figure><\/div><div class=\"swiper-slide\" role=\"group\" aria-roledescription=\"slide\" aria-label=\"6 \/ 9\"><figure class=\"swiper-slide-inner\"><img decoding=\"async\" class=\"swiper-slide-image\" src=\"https:\/\/atauni.edu.tr\/eczacilik-fakultesi\/wp-content\/uploads\/sites\/58\/2020\/07\/d5d76dacb1b075694d4788e3cbdbd42e-768x512.jpg\" alt=\"d5d76dacb1b075694d4788e3cbdbd42e\" \/><\/figure><\/div><div class=\"swiper-slide\" role=\"group\" aria-roledescription=\"slide\" aria-label=\"7 \/ 9\"><figure class=\"swiper-slide-inner\"><img decoding=\"async\" class=\"swiper-slide-image\" src=\"https:\/\/atauni.edu.tr\/eczacilik-fakultesi\/wp-content\/uploads\/sites\/58\/2020\/07\/cff51d014865ca407125ccb4c69f09c4-768x512.jpg\" alt=\"cff51d014865ca407125ccb4c69f09c4\" \/><\/figure><\/div><div class=\"swiper-slide\" role=\"group\" aria-roledescription=\"slide\" aria-label=\"8 \/ 9\"><figure class=\"swiper-slide-inner\"><img decoding=\"async\" class=\"swiper-slide-image\" src=\"https:\/\/atauni.edu.tr\/eczacilik-fakultesi\/wp-content\/uploads\/sites\/58\/2020\/07\/0570d0214496697455615daf48a373b3-768x512.jpg\" alt=\"0570d0214496697455615daf48a373b3\" \/><\/figure><\/div><div class=\"swiper-slide\" role=\"group\" aria-roledescription=\"slide\" aria-label=\"9 \/ 9\"><figure class=\"swiper-slide-inner\"><img decoding=\"async\" class=\"swiper-slide-image\" src=\"https:\/\/atauni.edu.tr\/eczacilik-fakultesi\/wp-content\/uploads\/sites\/58\/2020\/07\/db0822970dad80983c1070096e224ac0-768x1152.jpg\" alt=\"db0822970dad80983c1070096e224ac0\" \/><\/figure><\/div>\t\t\t<\/div>\n\t\t\t\t\t\t\t\t\t\t\t\t<div class=\"elementor-swiper-button elementor-swiper-button-prev\" role=\"button\" tabindex=\"0\">\n\t\t\t\t\t\t<i aria-hidden=\"true\" class=\"eicon-chevron-left\"><\/i>\t\t\t\t\t<\/div>\n\t\t\t\t\t<div class=\"elementor-swiper-button elementor-swiper-button-next\" role=\"button\" tabindex=\"0\">\n\t\t\t\t\t\t<i aria-hidden=\"true\" class=\"eicon-chevron-right\"><\/i>\t\t\t\t\t<\/div>\n\t\t\t\t\n\t\t\t\t\t\t\t\t\t<div class=\"swiper-pagination\"><\/div>\n\t\t\t\t\t\t\t\t\t<\/div>\n\t\t\t\t\t\t<\/div>\n\t\t\t\t<\/div>\n\t\t\t\t\t<\/div>\n\t\t<\/div>\n\t\t\t\t\t<\/div>\n\t\t<\/section>\n\t\t\t\t<\/div>\n\t\t","protected":false},"excerpt":{"rendered":"<p>14 May\u0131s 2019 \u00a0Rekt\u00f6r Yard\u0131mc\u0131s\u0131 Prof. Dr. Ayhan \u00c7EL\u0130K ve 13. B\u00f6lge Erzurum Ecza Odas\u0131 Yetkilileri, ERVAK Ba\u015fkan\u0131 Eczac\u0131 Erdal G\u00dcZEL, Eczac\u0131 Yavuz SAATC\u0130O\u011eLU, Akademisyenler ve \u00d6\u011frencilerin kat\u0131l\u0131m\u0131yla 14 May\u0131s Eczac\u0131l\u0131k G\u00fcn\u00fc kutlama t\u00f6reni yap\u0131ld\u0131. T\u00f6rende a\u00e7\u0131l\u0131\u015f konu\u015fmalar\u0131ndan sonra Eczac\u0131l\u0131k Fak\u00fcltesinde Akademik Y\u00fckselen \u00d6\u011fretim \u00dcyelerine C\u00fcppeleri Giydirildi.Fak\u00fcltemizde 20 y\u0131l\u0131n\u0131 dolduran \u00f6\u011fretim \u00fcyelerine (Prof. Dr. Y\u00fccel [&hellip;]<\/p>\n","protected":false},"author":47,"featured_media":0,"parent":0,"menu_order":0,"comment_status":"closed","ping_status":"closed","template":"","meta":{"footnotes":""},"class_list":["post-7641","page","type-page","status-publish","hentry"],"_links":{"self":[{"href":"https:\/\/atauni.edu.tr\/eczacilik-fakultesi\/wp-json\/wp\/v2\/pages\/7641","targetHints":{"allow":["GET"]}}],"collection":[{"href":"https:\/\/atauni.edu.tr\/eczacilik-fakultesi\/wp-json\/wp\/v2\/pages"}],"about":[{"href":"https:\/\/atauni.edu.tr\/eczacilik-fakultesi\/wp-json\/wp\/v2\/types\/page"}],"author":[{"embeddable":true,"href":"https:\/\/atauni.edu.tr\/eczacilik-fakultesi\/wp-json\/wp\/v2\/users\/47"}],"replies":[{"embeddable":true,"href":"https:\/\/atauni.edu.tr\/eczacilik-fakultesi\/wp-json\/wp\/v2\/comments?post=7641"}],"version-history":[{"count":4,"href":"https:\/\/atauni.edu.tr\/eczacilik-fakultesi\/wp-json\/wp\/v2\/pages\/7641\/revisions"}],"predecessor-version":[{"id":7655,"href":"https:\/\/atauni.edu.tr\/eczacilik-fakultesi\/wp-json\/wp\/v2\/pages\/7641\/revisions\/7655"}],"wp:attachment":[{"href":"https:\/\/atauni.edu.tr\/eczacilik-fakultesi\/wp-json\/wp\/v2\/media?parent=7641"}],"curies":[{"name":"wp","href":"https:\/\/api.w.org\/{rel}","templated":true}]}}